{"id":2574,"date":"2014-07-09T21:26:36","date_gmt":"2014-07-09T21:26:36","guid":{"rendered":"http:\/\/thememotive.com\/converio\/?page_id=2574"},"modified":"2020-03-23T18:20:44","modified_gmt":"2020-03-23T16:20:44","slug":"homepage","status":"publish","type":"page","link":"https:\/\/www.didactiaweb.com\/es\/","title":{"rendered":"Inici"},"content":{"rendered":"<div class=\"full-width-bg light-gray\" style=\"padding-top: 8px;padding-bottom: 10px;\"><div class=\"content-container\">\n<section class=\"columns\">\n<article class=\"col col2\">\n<h3 class=\"light\">Sobre nosotros<\/h3>\n<p><strong>Somos un equipo experto en servicios integrales.<br \/>\nNo s\u00f3lo vendemos productos, ofrecemos soluciones completas<br \/>\n<\/strong><\/p>\n<p>Didacta es una empresa familiar que nace en 2004 con la intenci\u00f3n de unificar servicios, especialmente seleccionados para los sectores educativo y deportivo; y para los ayuntamientos y empresas.<br \/>\nDisponemos de una amplia gama de art\u00edculos y servicios. Nuestros productos est\u00e1n homologados, y cumplen las normativas m\u00e1s exigentes. Trabajamos con una gran red de fabricantes y proveedores. Somos el puente entre ellos y los diferentes clientes. Con un solo interlocutor podr\u00e1s resolver diferentes gestiones y, as\u00ed, ahorrar tiempo y dinero. Podemos desplazarnos a tu centro y aconsejarte personalmente para resolver tus necesidades de forma \u00e1gil.<\/p><\/article>\n<article class=\"col col2\">\n<h3 class=\"light\">CONFIAR EN DIDACTA ES TENER:<\/h3>\n\n<ul class=\"checklist tick3\">\n<li>La mejor soluci\u00f3n a cada necesidad<\/li>\n<li>Gran variedad de productos y servicios<\/li>\n<li>Asesoramiento personalizado<\/li>\n<li>Servicios unificados en un solo interlocutor<\/li>\n<li>Elaboraci\u00f3n de proyectos y su ejecuci\u00f3n y puesta en marcha<\/li>\n<li>Servicio postventa, reparaci\u00f3n y mantenimiento<\/li>\n<li>Garant\u00eda de satisfacci\u00f3n<\/li>\n<\/ul><\/article>\n<\/section>\n<\/div><\/div>","protected":false},"excerpt":{"rendered":"[columns] Sobre nosaltres Som un equip expert en serveis integrals. No nom\u00e9s venem productes, oferim solucions completes. Didactia \u00e9s una empresa familiar que neix el 2004 amb la intenci\u00f3 d\u2019unificar serveis, especialment seleccionats per als sectors educatiu i esportiu; i per a ajuntaments i empreses. Disposem d'una \u00e0mplia gamma d'articles i serveis. Els nostres productes [...]","protected":false},"author":1,"featured_media":0,"parent":0,"menu_order":0,"comment_status":"closed","ping_status":"open","template":"","meta":{"footnotes":""},"class_list":["post-2574","page","type-page","status-publish","hentry"],"yoast_head":"<!-- This site is optimized with the Yoast SEO plugin v26.8 - https:\/\/yoast.com\/product\/yoast-seo-wordpress\/ -->\n<title>Inici - Didactia<\/title>\n<meta name=\"robots\" content=\"index, follow, max-snippet:-1, max-image-preview:large, max-video-preview:-1\" \/>\n<link rel=\"canonical\" href=\"https:\/\/www.didactiaweb.com\/es\/\" \/>\n<meta property=\"og:locale\" content=\"es_ES\" \/>\n<meta property=\"og:type\" content=\"article\" \/>\n<meta property=\"og:title\" content=\"Inici - Didactia\" \/>\n<meta property=\"og:url\" content=\"https:\/\/www.didactiaweb.com\/es\/\" \/>\n<meta property=\"og:site_name\" content=\"Didactia\" \/>\n<meta property=\"article:modified_time\" content=\"2020-03-23T16:20:44+00:00\" \/>\n<meta name=\"twitter:card\" content=\"summary_large_image\" \/>\n<meta name=\"twitter:label1\" content=\"Tiempo de lectura\" \/>\n\t<meta name=\"twitter:data1\" content=\"1 minuto\" \/>\n<script type=\"application\/ld+json\" class=\"yoast-schema-graph\">{\"@context\":\"https:\/\/schema.org\",\"@graph\":[{\"@type\":\"WebPage\",\"@id\":\"https:\/\/www.didactiaweb.com\/\",\"url\":\"https:\/\/www.didactiaweb.com\/\",\"name\":\"Inici - Didactia\",\"isPartOf\":{\"@id\":\"https:\/\/www.didactiaweb.com\/#website\"},\"datePublished\":\"2014-07-09T21:26:36+00:00\",\"dateModified\":\"2020-03-23T16:20:44+00:00\",\"breadcrumb\":{\"@id\":\"https:\/\/www.didactiaweb.com\/#breadcrumb\"},\"inLanguage\":\"es\",\"potentialAction\":[{\"@type\":\"ReadAction\",\"target\":[\"https:\/\/www.didactiaweb.com\/\"]}]},{\"@type\":\"BreadcrumbList\",\"@id\":\"https:\/\/www.didactiaweb.com\/#breadcrumb\",\"itemListElement\":[{\"@type\":\"ListItem\",\"position\":1,\"name\":\"Inici\",\"item\":\"https:\/\/www.didactiaweb.com\/\"},{\"@type\":\"ListItem\",\"position\":2,\"name\":\"Inici\"}]},{\"@type\":\"WebSite\",\"@id\":\"https:\/\/www.didactiaweb.com\/#website\",\"url\":\"https:\/\/www.didactiaweb.com\/\",\"name\":\"Didactia\",\"description\":\"Prove\u00efdor Integral\",\"publisher\":{\"@id\":\"https:\/\/www.didactiaweb.com\/#organization\"},\"potentialAction\":[{\"@type\":\"SearchAction\",\"target\":{\"@type\":\"EntryPoint\",\"urlTemplate\":\"https:\/\/www.didactiaweb.com\/?s={search_term_string}\"},\"query-input\":{\"@type\":\"PropertyValueSpecification\",\"valueRequired\":true,\"valueName\":\"search_term_string\"}}],\"inLanguage\":\"es\"},{\"@type\":\"Organization\",\"@id\":\"https:\/\/www.didactiaweb.com\/#organization\",\"name\":\"Didactia Proveedor Integral S.L.\",\"url\":\"https:\/\/www.didactiaweb.com\/\",\"logo\":{\"@type\":\"ImageObject\",\"inLanguage\":\"es\",\"@id\":\"https:\/\/www.didactiaweb.com\/#\/schema\/logo\/image\/\",\"url\":\"https:\/\/www.didactiaweb.com\/wp-content\/uploads\/2020\/03\/logo.png\",\"contentUrl\":\"https:\/\/www.didactiaweb.com\/wp-content\/uploads\/2020\/03\/logo.png\",\"width\":230,\"height\":63,\"caption\":\"Didactia Proveedor Integral S.L.\"},\"image\":{\"@id\":\"https:\/\/www.didactiaweb.com\/#\/schema\/logo\/image\/\"}}]}<\/script>\n<!-- \/ Yoast SEO plugin. -->","yoast_head_json":{"title":"Inici - Didactia","robots":{"index":"index","follow":"follow","max-snippet":"max-snippet:-1","max-image-preview":"max-image-preview:large","max-video-preview":"max-video-preview:-1"},"canonical":"https:\/\/www.didactiaweb.com\/es\/","og_locale":"es_ES","og_type":"article","og_title":"Inici - Didactia","og_url":"https:\/\/www.didactiaweb.com\/es\/","og_site_name":"Didactia","article_modified_time":"2020-03-23T16:20:44+00:00","twitter_card":"summary_large_image","twitter_misc":{"Tiempo de lectura":"1 minuto"},"schema":{"@context":"https:\/\/schema.org","@graph":[{"@type":"WebPage","@id":"https:\/\/www.didactiaweb.com\/","url":"https:\/\/www.didactiaweb.com\/","name":"Inici - Didactia","isPartOf":{"@id":"https:\/\/www.didactiaweb.com\/#website"},"datePublished":"2014-07-09T21:26:36+00:00","dateModified":"2020-03-23T16:20:44+00:00","breadcrumb":{"@id":"https:\/\/www.didactiaweb.com\/#breadcrumb"},"inLanguage":"es","potentialAction":[{"@type":"ReadAction","target":["https:\/\/www.didactiaweb.com\/"]}]},{"@type":"BreadcrumbList","@id":"https:\/\/www.didactiaweb.com\/#breadcrumb","itemListElement":[{"@type":"ListItem","position":1,"name":"Inici","item":"https:\/\/www.didactiaweb.com\/"},{"@type":"ListItem","position":2,"name":"Inici"}]},{"@type":"WebSite","@id":"https:\/\/www.didactiaweb.com\/#website","url":"https:\/\/www.didactiaweb.com\/","name":"Didactia","description":"Prove\u00efdor Integral","publisher":{"@id":"https:\/\/www.didactiaweb.com\/#organization"},"potentialAction":[{"@type":"SearchAction","target":{"@type":"EntryPoint","urlTemplate":"https:\/\/www.didactiaweb.com\/?s={search_term_string}"},"query-input":{"@type":"PropertyValueSpecification","valueRequired":true,"valueName":"search_term_string"}}],"inLanguage":"es"},{"@type":"Organization","@id":"https:\/\/www.didactiaweb.com\/#organization","name":"Didactia Proveedor Integral S.L.","url":"https:\/\/www.didactiaweb.com\/","logo":{"@type":"ImageObject","inLanguage":"es","@id":"https:\/\/www.didactiaweb.com\/#\/schema\/logo\/image\/","url":"https:\/\/www.didactiaweb.com\/wp-content\/uploads\/2020\/03\/logo.png","contentUrl":"https:\/\/www.didactiaweb.com\/wp-content\/uploads\/2020\/03\/logo.png","width":230,"height":63,"caption":"Didactia Proveedor Integral S.L."},"image":{"@id":"https:\/\/www.didactiaweb.com\/#\/schema\/logo\/image\/"}}]}},"_links":{"self":[{"href":"https:\/\/www.didactiaweb.com\/es\/wp-json\/wp\/v2\/pages\/2574","targetHints":{"allow":["GET"]}}],"collection":[{"href":"https:\/\/www.didactiaweb.com\/es\/wp-json\/wp\/v2\/pages"}],"about":[{"href":"https:\/\/www.didactiaweb.com\/es\/wp-json\/wp\/v2\/types\/page"}],"author":[{"embeddable":true,"href":"https:\/\/www.didactiaweb.com\/es\/wp-json\/wp\/v2\/users\/1"}],"replies":[{"embeddable":true,"href":"https:\/\/www.didactiaweb.com\/es\/wp-json\/wp\/v2\/comments?post=2574"}],"version-history":[{"count":7,"href":"https:\/\/www.didactiaweb.com\/es\/wp-json\/wp\/v2\/pages\/2574\/revisions"}],"predecessor-version":[{"id":3545,"href":"https:\/\/www.didactiaweb.com\/es\/wp-json\/wp\/v2\/pages\/2574\/revisions\/3545"}],"wp:attachment":[{"href":"https:\/\/www.didactiaweb.com\/es\/wp-json\/wp\/v2\/media?parent=2574"}],"curies":[{"name":"wp","href":"https:\/\/api.w.org\/{rel}","templated":true}]}}