{"id":3622,"date":"2020-04-03T19:22:30","date_gmt":"2020-04-03T17:22:30","guid":{"rendered":"https:\/\/www.didactiaweb.com\/?page_id=3622"},"modified":"2024-03-11T12:07:40","modified_gmt":"2024-03-11T10:07:40","slug":"material-personalitzat","status":"publish","type":"page","link":"https:\/\/www.didactiaweb.com\/es\/material\/material-personalitzat\/","title":{"rendered":"Material personalitzat"},"content":{"rendered":"<div class=\"vc_row wpb_row vc_row-fluid\"><div class=\"wpb_column vc_column_container vc_col-sm-12\"><div class=\"vc_column-inner\"><div class=\"wpb_wrapper\"><div class=\"vc_empty_space\"   style=\"height: 52px\"><span class=\"vc_empty_space_inner\"><\/span><\/div><\/div><\/div><\/div><\/div><div class=\"vc_row wpb_row vc_row-fluid vc_custom_1587375469391\"><div class=\"wpb_column vc_column_container vc_col-sm-3\"><div class=\"vc_column-inner\"><div class=\"wpb_wrapper\">\n\t<div class=\"wpb_text_column wpb_content_element\" >\n\t\t<div class=\"wpb_wrapper\">\n\t\t\t\t<div class=\"wpb_category_n_menu_accordion wpb_wmca_accordion_wrapper_theme_dark\" data-accordion=\"false\" data-indicator_icon=\"+\" data-iconclass=\"\">\n\t\t<ul id=\"menu-productes\" class=\"wpb_category_n_menu_accordion_list\"><li id=\"menu-item-3641\" class=\"menu-item menu-item-type-post_type menu-item-object-page menu-item-has-children menu-item-3641\"><a href=\"https:\/\/www.didactiaweb.com\/es\/material\/material-personalitzat\/\">MATERIAL PERSONALIZADO<\/a>\n<ul class=\"sub-menu\">\n\t<li id=\"menu-item-3642\" class=\"menu-item menu-item-type-custom menu-item-object-custom menu-item-3642\"><a href=\"https:\/\/www.didactiaweb.com\/es\/material-personalitzat\/#agendes\">Agendas<\/a><\/li>\n\t<li id=\"menu-item-3637\" class=\"menu-item menu-item-type-custom menu-item-object-custom menu-item-3637\"><a href=\"https:\/\/www.didactiaweb.com\/es\/material-personalitzat\/#carpetes\">Carpetas<\/a><\/li>\n\t<li id=\"menu-item-3638\" class=\"menu-item menu-item-type-custom menu-item-object-custom menu-item-3638\"><a href=\"https:\/\/www.didactiaweb.com\/es\/material-personalitzat\/#llibretes\">Libretas y cuadernos<\/a><\/li>\n\t<li id=\"menu-item-3639\" class=\"menu-item menu-item-type-custom menu-item-object-custom menu-item-3639\"><a href=\"https:\/\/www.didactiaweb.com\/es\/material-personalitzat\/#corporatius\">Productos corporativos<\/a><\/li>\n<\/ul>\n<\/li>\n<li id=\"menu-item-3666\" class=\"menu-item menu-item-type-post_type menu-item-object-page menu-item-has-children menu-item-3666\"><a href=\"https:\/\/www.didactiaweb.com\/es\/material\/escolar-i-oficina\/\">ESCOLAR Y OFICINA<\/a>\n<ul class=\"sub-menu\">\n\t<li id=\"menu-item-3634\" class=\"menu-item menu-item-type-custom menu-item-object-custom menu-item-3634\"><a href=\"https:\/\/www.didactiaweb.com\/es\/material\/escolar-i-oficina\/\">Escritura<\/a><\/li>\n\t<li id=\"menu-item-3667\" class=\"menu-item menu-item-type-custom menu-item-object-custom menu-item-3667\"><a href=\"https:\/\/www.didactiaweb.com\/es\/material\/escolar-i-oficina\/\">Manualidades<\/a><\/li>\n\t<li id=\"menu-item-3668\" class=\"menu-item menu-item-type-custom menu-item-object-custom menu-item-3668\"><a href=\"https:\/\/www.didactiaweb.com\/es\/material\/escolar-i-oficina\/\">Sobremesa y archivo<\/a><\/li>\n<\/ul>\n<\/li>\n<li id=\"menu-item-3689\" class=\"menu-item menu-item-type-post_type menu-item-object-page menu-item-has-children menu-item-3689\"><a href=\"https:\/\/www.didactiaweb.com\/es\/material\/material-didactic\/\">MATERIAL DID\u00c1CTICO<\/a>\n<ul class=\"sub-menu\">\n\t<li id=\"menu-item-3734\" class=\"menu-item menu-item-type-custom menu-item-object-custom menu-item-3734\"><a href=\"https:\/\/www.didactiaweb.com\/es\/material\/material-didactic\/#joc-simbolic\">Juego simb\u00f3lico<\/a><\/li>\n\t<li id=\"menu-item-3733\" class=\"menu-item menu-item-type-custom menu-item-object-custom menu-item-3733\"><a href=\"https:\/\/www.didactiaweb.com\/es\/material\/material-didactic\/#joc-aprenentatge\">Joc d&#8217;aprenentatge<\/a><\/li>\n\t<li id=\"menu-item-3732\" class=\"menu-item menu-item-type-custom menu-item-object-custom menu-item-3732\"><a href=\"https:\/\/www.didactiaweb.com\/es\/material\/material-didactic\/#llenguatge\">Lenguaje y comunicaci\u00f3n<\/a><\/li>\n\t<li id=\"menu-item-3731\" class=\"menu-item menu-item-type-custom menu-item-object-custom menu-item-3731\"><a href=\"https:\/\/www.didactiaweb.com\/es\/material\/material-didactic\/#logica\">L\u00f3gica y matem\u00e1tica<\/a><\/li>\n\t<li id=\"menu-item-3730\" class=\"menu-item menu-item-type-custom menu-item-object-custom menu-item-3730\"><a href=\"https:\/\/www.didactiaweb.com\/es\/material\/material-didactic\/#pedagogies\">Pedagog\u00edas Montessori y Waldorf<\/a><\/li>\n\t<li id=\"menu-item-3729\" class=\"menu-item menu-item-type-custom menu-item-object-custom menu-item-3729\"><a href=\"https:\/\/www.didactiaweb.com\/es\/material\/material-didactic\/#experimentacio\">Experimentaci\u00f3n<\/a><\/li>\n\t<li id=\"menu-item-3728\" class=\"menu-item menu-item-type-custom menu-item-object-custom menu-item-3728\"><a href=\"https:\/\/www.didactiaweb.com\/es\/material\/material-didactic\/#jocs-exterior\">Jocs exterior<\/a><\/li>\n\t<li id=\"menu-item-3727\" class=\"menu-item menu-item-type-custom menu-item-object-custom menu-item-3727\"><a href=\"https:\/\/www.didactiaweb.com\/es\/material\/material-didactic\/#musica\">M\u00fasica<\/a><\/li>\n<\/ul>\n<\/li>\n<li id=\"menu-item-3742\" class=\"menu-item menu-item-type-post_type menu-item-object-page menu-item-has-children menu-item-3742\"><a href=\"https:\/\/www.didactiaweb.com\/es\/material\/robotica\/\">ROB\u00d3TICA<\/a>\n<ul class=\"sub-menu\">\n\t<li id=\"menu-item-3764\" class=\"menu-item menu-item-type-post_type menu-item-object-page menu-item-3764\"><a href=\"https:\/\/www.didactiaweb.com\/es\/material\/robotica\/\">Infantil<\/a><\/li>\n\t<li id=\"menu-item-3765\" class=\"menu-item menu-item-type-post_type menu-item-object-page menu-item-3765\"><a href=\"https:\/\/www.didactiaweb.com\/es\/material\/robotica\/\">Primaria<\/a><\/li>\n\t<li id=\"menu-item-3766\" class=\"menu-item menu-item-type-post_type menu-item-object-page menu-item-3766\"><a href=\"https:\/\/www.didactiaweb.com\/es\/material\/robotica\/\">Secundaria<\/a><\/li>\n<\/ul>\n<\/li>\n<li id=\"menu-item-3763\" class=\"menu-item menu-item-type-post_type menu-item-object-page menu-item-has-children menu-item-3763\"><a href=\"https:\/\/www.didactiaweb.com\/es\/laboratori-i-ciencies\/\">LABORATORIO Y CIENCIAS<\/a>\n<ul class=\"sub-menu\">\n\t<li id=\"menu-item-3767\" class=\"menu-item menu-item-type-post_type menu-item-object-page menu-item-3767\"><a href=\"https:\/\/www.didactiaweb.com\/es\/laboratori-i-ciencies\/\">Ciencias de la naturaleza<\/a><\/li>\n\t<li id=\"menu-item-3768\" class=\"menu-item menu-item-type-post_type menu-item-object-page menu-item-3768\"><a href=\"https:\/\/www.didactiaweb.com\/es\/laboratori-i-ciencies\/\">Tecnologia<\/a><\/li>\n\t<li id=\"menu-item-3769\" class=\"menu-item menu-item-type-post_type menu-item-object-page menu-item-3769\"><a href=\"https:\/\/www.didactiaweb.com\/es\/laboratori-i-ciencies\/\">Qu\u00edmica<\/a><\/li>\n<\/ul>\n<\/li>\n<li id=\"menu-item-3782\" class=\"menu-item menu-item-type-post_type menu-item-object-page menu-item-has-children menu-item-3782\"><a href=\"https:\/\/www.didactiaweb.com\/es\/material\/esportiu-4\/\">DEPORTIVO<\/a>\n<ul class=\"sub-menu\">\n\t<li id=\"menu-item-3783\" class=\"menu-item menu-item-type-custom menu-item-object-custom menu-item-3783\"><a href=\"https:\/\/www.didactiaweb.com\/es\/esportiu\/#entrenament\">Entrenamiento<\/a><\/li>\n\t<li id=\"menu-item-3784\" class=\"menu-item menu-item-type-custom menu-item-object-custom menu-item-3784\"><a href=\"https:\/\/www.didactiaweb.com\/es\/esportiu\/#psicomotricitat\">Psicomotricidad<\/a><\/li>\n<\/ul>\n<\/li>\n<\/ul>\t<\/div>\n\n\n\t\t<\/div>\n\t<\/div>\n<\/div><\/div><\/div><div class=\"wpb_column vc_column_container vc_col-sm-9\"><div class=\"vc_column-inner vc_custom_1586172072836\"><div class=\"wpb_wrapper\"><div id=\"agendes\" class=\"vc_row wpb_row vc_inner vc_row-fluid vc_custom_1587375476895\"><div class=\"wpb_column vc_column_container vc_col-sm-6\"><div class=\"vc_column-inner\"><div class=\"wpb_wrapper\">\n\t<div class=\"wpb_text_column wpb_content_element\" >\n\t\t<div class=\"wpb_wrapper\">\n\t\t\t<h3>AGENDAS<\/h3>\n<p>Para todas las etapas<br \/>\nPersonalizaci\u00f3n de portada y \/ o contraportada<br \/>\nDiferentes modelos a escoger<br \/>\nContenido adaptable<\/p>\n\n\t\t<\/div>\n\t<\/div>\n<\/div><\/div><\/div><div class=\"wpb_column vc_column_container vc_col-sm-6\"><div class=\"vc_column-inner\"><div class=\"wpb_wrapper\">\n\t<div  class=\"wpb_single_image wpb_content_element vc_align_left\">\n\t\t\n\t\t<figure class=\"wpb_wrapper vc_figure\">\n\t\t\t<div class=\"vc_single_image-wrapper   vc_box_border_grey\"><img loading=\"lazy\" decoding=\"async\" class=\"vc_single_image-img\" src=\"https:\/\/www.didactiaweb.com\/wp-content\/uploads\/2024\/03\/agendes-NOVA.png\" width=\"600\" height=\"295\" alt=\"models d&#039;agendes\" title=\"agendes - NOVA\" \/><\/div>\n\t\t<\/figure>\n\t<\/div>\n<\/div><\/div><\/div><\/div><div class=\"vc_separator wpb_content_element vc_separator_align_center vc_sep_width_100 vc_sep_pos_align_center vc_separator_no_text vc_sep_color_grey vc_custom_1587375400047  vc_custom_1587375400047\" ><span class=\"vc_sep_holder vc_sep_holder_l\"><span  class=\"vc_sep_line\"><\/span><\/span><span class=\"vc_sep_holder vc_sep_holder_r\"><span  class=\"vc_sep_line\"><\/span><\/span>\n<\/div><div id=\"carpetes\" class=\"vc_row wpb_row vc_inner vc_row-fluid vc_custom_1586172613522\"><div class=\"wpb_column vc_column_container vc_col-sm-6\"><div class=\"vc_column-inner\"><div class=\"wpb_wrapper\">\n\t<div  class=\"wpb_single_image wpb_content_element vc_align_left\">\n\t\t\n\t\t<figure class=\"wpb_wrapper vc_figure\">\n\t\t\t<div class=\"vc_single_image-wrapper   vc_box_border_grey\"><img loading=\"lazy\" decoding=\"async\" class=\"vc_single_image-img\" src=\"https:\/\/www.didactiaweb.com\/wp-content\/uploads\/2024\/03\/carpetes-nova.png\" width=\"600\" height=\"295\" alt=\"Carpetes personalitzades\" title=\"carpetes - nova\" \/><\/div>\n\t\t<\/figure>\n\t<\/div>\n<\/div><\/div><\/div><div class=\"wpb_column vc_column_container vc_col-sm-6\"><div class=\"vc_column-inner\"><div class=\"wpb_wrapper\">\n\t<div class=\"wpb_text_column wpb_content_element\" >\n\t\t<div class=\"wpb_wrapper\">\n\t\t\t<h3>CARPETAS<\/h3>\n<p>Con personalizaci\u00f3n de dise\u00f1o total hecho por el cliente<br \/>\nOpci\u00f3n de diferentes colores y con marcaje de logotipo<br \/>\nDiferentes modelos: solapas, clasificadoras, aros y dossiers<\/p>\n\n\t\t<\/div>\n\t<\/div>\n<\/div><\/div><\/div><\/div><div class=\"vc_separator wpb_content_element vc_separator_align_center vc_sep_width_100 vc_sep_pos_align_center vc_separator_no_text vc_sep_color_grey vc_custom_1587375407894  vc_custom_1587375407894\" ><span class=\"vc_sep_holder vc_sep_holder_l\"><span  class=\"vc_sep_line\"><\/span><\/span><span class=\"vc_sep_holder vc_sep_holder_r\"><span  class=\"vc_sep_line\"><\/span><\/span>\n<\/div><div id=\"llibretes\" class=\"vc_row wpb_row vc_inner vc_row-fluid vc_custom_1587739717925\"><div class=\"wpb_column vc_column_container vc_col-sm-6\"><div class=\"vc_column-inner\"><div class=\"wpb_wrapper\">\n\t<div class=\"wpb_text_column wpb_content_element\" >\n\t\t<div class=\"wpb_wrapper\">\n\t\t\t<h3>LIBRETAS Y CUADERNOS<\/h3>\n<p>Diferentes formatos: Cuadernos de espiral, libretas grapadas, en tama\u00f1o A4 o A5<br \/>\nDise\u00f1os en diferentes colores con el logotipo o con dise\u00f1o propio de portada<br \/>\nRayados a elegir<\/p>\n\n\t\t<\/div>\n\t<\/div>\n<\/div><\/div><\/div><div class=\"wpb_column vc_column_container vc_col-sm-6\"><div class=\"vc_column-inner\"><div class=\"wpb_wrapper\">\n\t<div  class=\"wpb_single_image wpb_content_element vc_align_left\">\n\t\t\n\t\t<figure class=\"wpb_wrapper vc_figure\">\n\t\t\t<div class=\"vc_single_image-wrapper   vc_box_border_grey\"><img loading=\"lazy\" decoding=\"async\" class=\"vc_single_image-img\" src=\"https:\/\/www.didactiaweb.com\/wp-content\/uploads\/2024\/03\/llibretes.png\" width=\"600\" height=\"295\" alt=\"Llibretes, quaderns i ratllats\" title=\"llibretes\" \/><\/div>\n\t\t<\/figure>\n\t<\/div>\n<\/div><\/div><\/div><\/div><div class=\"vc_separator wpb_content_element vc_separator_align_center vc_sep_width_100 vc_sep_pos_align_center vc_separator_no_text vc_sep_color_grey vc_custom_1587375420246  vc_custom_1587375420246\" ><span class=\"vc_sep_holder vc_sep_holder_l\"><span  class=\"vc_sep_line\"><\/span><\/span><span class=\"vc_sep_holder vc_sep_holder_r\"><span  class=\"vc_sep_line\"><\/span><\/span>\n<\/div><div id=\"corporatius\" class=\"vc_row wpb_row vc_inner vc_row-fluid vc_custom_1587739724685\"><div class=\"wpb_column vc_column_container vc_col-sm-6\"><div class=\"vc_column-inner\"><div class=\"wpb_wrapper\">\n\t<div  class=\"wpb_single_image wpb_content_element vc_align_left\">\n\t\t\n\t\t<figure class=\"wpb_wrapper vc_figure\">\n\t\t\t<div class=\"vc_single_image-wrapper   vc_box_border_grey\"><img loading=\"lazy\" decoding=\"async\" class=\"vc_single_image-img\" src=\"https:\/\/www.didactiaweb.com\/wp-content\/uploads\/2024\/03\/productes-personalitzats.png\" width=\"600\" height=\"295\" alt=\"Productes personalitzats\" title=\"productes-personalitzats\" \/><\/div>\n\t\t<\/figure>\n\t<\/div>\n<\/div><\/div><\/div><div class=\"wpb_column vc_column_container vc_col-sm-6\"><div class=\"vc_column-inner\"><div class=\"wpb_wrapper\">\n\t<div class=\"wpb_text_column wpb_content_element\" >\n\t\t<div class=\"wpb_wrapper\">\n\t\t\t<h3>PRODUCTOS CORPORATIVOS<\/h3>\n<p>Podemos poner tu logo en cualquier art\u00edculo.<br \/>\nDiferentes tipos de estampaci\u00f3n: a un color o a todo color.<br \/>\nSobre material textil, pl\u00e1stico o metal.<br \/>\n\u00bfBuscas alg\u00fan art\u00edculo en concreto? \u00a1Nosotros lo buscamos por ti!<\/p>\n\n\t\t<\/div>\n\t<\/div>\n<\/div><\/div><\/div><\/div><div class=\"vc_separator wpb_content_element vc_separator_align_center vc_sep_width_100 vc_sep_pos_align_center vc_separator_no_text vc_sep_color_grey vc_custom_1587375420246  vc_custom_1587375420246\" ><span class=\"vc_sep_holder vc_sep_holder_l\"><span  class=\"vc_sep_line\"><\/span><\/span><span class=\"vc_sep_holder vc_sep_holder_r\"><span  class=\"vc_sep_line\"><\/span><\/span>\n<\/div><div class=\"vc_row wpb_row vc_inner vc_row-fluid vc_custom_1710150830036 vc_row-has-fill\"><div class=\"wpb_column vc_column_container vc_col-sm-8\"><div class=\"vc_column-inner\"><div class=\"wpb_wrapper\">\n\t<div class=\"wpb_text_column wpb_content_element\" >\n\t\t<div class=\"wpb_wrapper\">\n\t\t\t<h3 style=\"text-align: center;\">\u00bfQuieres ver los cat\u00e1logos de nuestro material personalizado?<\/h3>\n\n\t\t<\/div>\n\t<\/div>\n<\/div><\/div><\/div><div class=\"wpb_column vc_column_container vc_col-sm-4\"><div class=\"vc_column-inner\"><div class=\"wpb_wrapper\"><div class=\"vc_btn3-container vc_btn3-center\" ><a class=\"vc_general vc_btn3 vc_btn3-size-md vc_btn3-shape-rounded vc_btn3-style-modern vc_btn3-color-white\" href=\"https:\/\/www.didactiaweb.com\/es\/zona-privada-login\/\" title=\"\">LOS ENCONTRARAS AQU\u00cd<\/a><\/div><\/div><\/div><\/div><\/div><div class=\"vc_empty_space\"   style=\"height: 92px\"><span class=\"vc_empty_space_inner\"><\/span><\/div><\/div><\/div><\/div><\/div>","protected":false},"excerpt":{"rendered":"MATERIAL PERSONALITZAT Agendes Carpetes Llibretes i quaderns Productes corporatius ESCOLAR I OFICINA Escriptura Manualitats Sobretaula i arxiu MATERIAL DID\u00c0CTIC Joc simb\u00f2lic Joc d&#8217;aprenentatge Llenguatge i comunicaci\u00f3 L\u00f2gica i matem\u00e0tica Pedagogies Montessori i Waldorf Experimentaci\u00f3 Jocs exterior M\u00fasica ROB\u00d2TICA Infantil Prim\u00e0ria Secund\u00e0ria LABORATORI I CI\u00c8NCIES Coneixement del medi Tecnologia Qu\u00edmica ESPORTIU Entrenament Psicomotricitat AGENDES Per a [...]","protected":false},"author":1,"featured_media":0,"parent":2902,"menu_order":0,"comment_status":"closed","ping_status":"closed","template":"","meta":{"footnotes":""},"class_list":["post-3622","page","type-page","status-publish","hentry"],"yoast_head":"<!-- This site is optimized with the Yoast SEO plugin v26.8 - https:\/\/yoast.com\/product\/yoast-seo-wordpress\/ -->\n<title>Material personalitzat - Didactia<\/title>\n<meta name=\"description\" content=\"Agendes per a totes les etapes. Carpetes, llibretes i quaderns de diferents models. Personalitzaci\u00f3 amb logotip o disseny et pel client.\" \/>\n<meta name=\"robots\" content=\"index, follow, max-snippet:-1, max-image-preview:large, max-video-preview:-1\" \/>\n<link rel=\"canonical\" href=\"https:\/\/www.didactiaweb.com\/es\/material\/material-personalitzat\/\" \/>\n<meta property=\"og:locale\" content=\"es_ES\" \/>\n<meta property=\"og:type\" content=\"article\" \/>\n<meta property=\"og:title\" content=\"Material personalitzat - Didactia\" \/>\n<meta property=\"og:description\" content=\"Agendes per a totes les etapes. Carpetes, llibretes i quaderns de diferents models. Personalitzaci\u00f3 amb logotip o disseny et pel client.\" \/>\n<meta property=\"og:url\" content=\"https:\/\/www.didactiaweb.com\/es\/material\/material-personalitzat\/\" \/>\n<meta property=\"og:site_name\" content=\"Didactia\" \/>\n<meta property=\"article:modified_time\" content=\"2024-03-11T10:07:40+00:00\" \/>\n<meta name=\"twitter:card\" content=\"summary_large_image\" \/>\n<meta name=\"twitter:label1\" content=\"Tiempo de lectura\" \/>\n\t<meta name=\"twitter:data1\" content=\"2 minutos\" \/>\n<script type=\"application\/ld+json\" class=\"yoast-schema-graph\">{\"@context\":\"https:\/\/schema.org\",\"@graph\":[{\"@type\":\"WebPage\",\"@id\":\"https:\/\/www.didactiaweb.com\/material\/material-personalitzat\/\",\"url\":\"https:\/\/www.didactiaweb.com\/material\/material-personalitzat\/\",\"name\":\"Material personalitzat - Didactia\",\"isPartOf\":{\"@id\":\"https:\/\/www.didactiaweb.com\/#website\"},\"datePublished\":\"2020-04-03T17:22:30+00:00\",\"dateModified\":\"2024-03-11T10:07:40+00:00\",\"description\":\"Agendes per a totes les etapes. Carpetes, llibretes i quaderns de diferents models. Personalitzaci\u00f3 amb logotip o disseny et pel client.\",\"breadcrumb\":{\"@id\":\"https:\/\/www.didactiaweb.com\/material\/material-personalitzat\/#breadcrumb\"},\"inLanguage\":\"es\",\"potentialAction\":[{\"@type\":\"ReadAction\",\"target\":[\"https:\/\/www.didactiaweb.com\/material\/material-personalitzat\/\"]}]},{\"@type\":\"BreadcrumbList\",\"@id\":\"https:\/\/www.didactiaweb.com\/material\/material-personalitzat\/#breadcrumb\",\"itemListElement\":[{\"@type\":\"ListItem\",\"position\":1,\"name\":\"Inici\",\"item\":\"https:\/\/www.didactiaweb.com\/\"},{\"@type\":\"ListItem\",\"position\":2,\"name\":\"Material\",\"item\":\"https:\/\/www.didactiaweb.com\/material\/\"},{\"@type\":\"ListItem\",\"position\":3,\"name\":\"Material personalitzat\"}]},{\"@type\":\"WebSite\",\"@id\":\"https:\/\/www.didactiaweb.com\/#website\",\"url\":\"https:\/\/www.didactiaweb.com\/\",\"name\":\"Didactia\",\"description\":\"Prove\u00efdor Integral\",\"publisher\":{\"@id\":\"https:\/\/www.didactiaweb.com\/#organization\"},\"potentialAction\":[{\"@type\":\"SearchAction\",\"target\":{\"@type\":\"EntryPoint\",\"urlTemplate\":\"https:\/\/www.didactiaweb.com\/?s={search_term_string}\"},\"query-input\":{\"@type\":\"PropertyValueSpecification\",\"valueRequired\":true,\"valueName\":\"search_term_string\"}}],\"inLanguage\":\"es\"},{\"@type\":\"Organization\",\"@id\":\"https:\/\/www.didactiaweb.com\/#organization\",\"name\":\"Didactia Proveedor Integral S.L.\",\"url\":\"https:\/\/www.didactiaweb.com\/\",\"logo\":{\"@type\":\"ImageObject\",\"inLanguage\":\"es\",\"@id\":\"https:\/\/www.didactiaweb.com\/#\/schema\/logo\/image\/\",\"url\":\"https:\/\/www.didactiaweb.com\/wp-content\/uploads\/2020\/03\/logo.png\",\"contentUrl\":\"https:\/\/www.didactiaweb.com\/wp-content\/uploads\/2020\/03\/logo.png\",\"width\":230,\"height\":63,\"caption\":\"Didactia Proveedor Integral S.L.\"},\"image\":{\"@id\":\"https:\/\/www.didactiaweb.com\/#\/schema\/logo\/image\/\"}}]}<\/script>\n<!-- \/ Yoast SEO plugin. -->","yoast_head_json":{"title":"Material personalitzat - Didactia","description":"Agendes per a totes les etapes. Carpetes, llibretes i quaderns de diferents models. Personalitzaci\u00f3 amb logotip o disseny et pel client.","robots":{"index":"index","follow":"follow","max-snippet":"max-snippet:-1","max-image-preview":"max-image-preview:large","max-video-preview":"max-video-preview:-1"},"canonical":"https:\/\/www.didactiaweb.com\/es\/material\/material-personalitzat\/","og_locale":"es_ES","og_type":"article","og_title":"Material personalitzat - Didactia","og_description":"Agendes per a totes les etapes. Carpetes, llibretes i quaderns de diferents models. Personalitzaci\u00f3 amb logotip o disseny et pel client.","og_url":"https:\/\/www.didactiaweb.com\/es\/material\/material-personalitzat\/","og_site_name":"Didactia","article_modified_time":"2024-03-11T10:07:40+00:00","twitter_card":"summary_large_image","twitter_misc":{"Tiempo de lectura":"2 minutos"},"schema":{"@context":"https:\/\/schema.org","@graph":[{"@type":"WebPage","@id":"https:\/\/www.didactiaweb.com\/material\/material-personalitzat\/","url":"https:\/\/www.didactiaweb.com\/material\/material-personalitzat\/","name":"Material personalitzat - Didactia","isPartOf":{"@id":"https:\/\/www.didactiaweb.com\/#website"},"datePublished":"2020-04-03T17:22:30+00:00","dateModified":"2024-03-11T10:07:40+00:00","description":"Agendes per a totes les etapes. Carpetes, llibretes i quaderns de diferents models. Personalitzaci\u00f3 amb logotip o disseny et pel client.","breadcrumb":{"@id":"https:\/\/www.didactiaweb.com\/material\/material-personalitzat\/#breadcrumb"},"inLanguage":"es","potentialAction":[{"@type":"ReadAction","target":["https:\/\/www.didactiaweb.com\/material\/material-personalitzat\/"]}]},{"@type":"BreadcrumbList","@id":"https:\/\/www.didactiaweb.com\/material\/material-personalitzat\/#breadcrumb","itemListElement":[{"@type":"ListItem","position":1,"name":"Inici","item":"https:\/\/www.didactiaweb.com\/"},{"@type":"ListItem","position":2,"name":"Material","item":"https:\/\/www.didactiaweb.com\/material\/"},{"@type":"ListItem","position":3,"name":"Material personalitzat"}]},{"@type":"WebSite","@id":"https:\/\/www.didactiaweb.com\/#website","url":"https:\/\/www.didactiaweb.com\/","name":"Didactia","description":"Prove\u00efdor Integral","publisher":{"@id":"https:\/\/www.didactiaweb.com\/#organization"},"potentialAction":[{"@type":"SearchAction","target":{"@type":"EntryPoint","urlTemplate":"https:\/\/www.didactiaweb.com\/?s={search_term_string}"},"query-input":{"@type":"PropertyValueSpecification","valueRequired":true,"valueName":"search_term_string"}}],"inLanguage":"es"},{"@type":"Organization","@id":"https:\/\/www.didactiaweb.com\/#organization","name":"Didactia Proveedor Integral S.L.","url":"https:\/\/www.didactiaweb.com\/","logo":{"@type":"ImageObject","inLanguage":"es","@id":"https:\/\/www.didactiaweb.com\/#\/schema\/logo\/image\/","url":"https:\/\/www.didactiaweb.com\/wp-content\/uploads\/2020\/03\/logo.png","contentUrl":"https:\/\/www.didactiaweb.com\/wp-content\/uploads\/2020\/03\/logo.png","width":230,"height":63,"caption":"Didactia Proveedor Integral S.L."},"image":{"@id":"https:\/\/www.didactiaweb.com\/#\/schema\/logo\/image\/"}}]}},"_links":{"self":[{"href":"https:\/\/www.didactiaweb.com\/es\/wp-json\/wp\/v2\/pages\/3622","targetHints":{"allow":["GET"]}}],"collection":[{"href":"https:\/\/www.didactiaweb.com\/es\/wp-json\/wp\/v2\/pages"}],"about":[{"href":"https:\/\/www.didactiaweb.com\/es\/wp-json\/wp\/v2\/types\/page"}],"author":[{"embeddable":true,"href":"https:\/\/www.didactiaweb.com\/es\/wp-json\/wp\/v2\/users\/1"}],"replies":[{"embeddable":true,"href":"https:\/\/www.didactiaweb.com\/es\/wp-json\/wp\/v2\/comments?post=3622"}],"version-history":[{"count":36,"href":"https:\/\/www.didactiaweb.com\/es\/wp-json\/wp\/v2\/pages\/3622\/revisions"}],"predecessor-version":[{"id":6276,"href":"https:\/\/www.didactiaweb.com\/es\/wp-json\/wp\/v2\/pages\/3622\/revisions\/6276"}],"up":[{"embeddable":true,"href":"https:\/\/www.didactiaweb.com\/es\/wp-json\/wp\/v2\/pages\/2902"}],"wp:attachment":[{"href":"https:\/\/www.didactiaweb.com\/es\/wp-json\/wp\/v2\/media?parent=3622"}],"curies":[{"name":"wp","href":"https:\/\/api.w.org\/{rel}","templated":true}]}}