{"id":3739,"date":"2020-04-06T18:26:40","date_gmt":"2020-04-06T16:26:40","guid":{"rendered":"https:\/\/www.didactiaweb.com\/?page_id=3739"},"modified":"2024-03-11T16:30:32","modified_gmt":"2024-03-11T14:30:32","slug":"robotica","status":"publish","type":"page","link":"https:\/\/www.didactiaweb.com\/es\/material\/robotica\/","title":{"rendered":"Rob\u00f3tica"},"content":{"rendered":"<div class=\"vc_row wpb_row vc_row-fluid\"><div class=\"wpb_column vc_column_container vc_col-sm-12\"><div class=\"vc_column-inner\"><div class=\"wpb_wrapper\"><div class=\"vc_empty_space\"   style=\"height: 52px\"><span class=\"vc_empty_space_inner\"><\/span><\/div><\/div><\/div><\/div><\/div><div class=\"vc_row wpb_row vc_row-fluid\"><div class=\"wpb_column vc_column_container vc_col-sm-3\"><div class=\"vc_column-inner\"><div class=\"wpb_wrapper\">\n\t<div class=\"wpb_text_column wpb_content_element\" >\n\t\t<div class=\"wpb_wrapper\">\n\t\t\t\t<div class=\"wpb_category_n_menu_accordion wpb_wmca_accordion_wrapper_theme_dark\" data-accordion=\"false\" data-indicator_icon=\"+\" data-iconclass=\"\">\n\t\t<ul id=\"menu-productes\" class=\"wpb_category_n_menu_accordion_list\"><li id=\"menu-item-3641\" class=\"menu-item menu-item-type-post_type menu-item-object-page menu-item-has-children menu-item-3641\"><a href=\"https:\/\/www.didactiaweb.com\/es\/material\/material-personalitzat\/\">MATERIAL PERSONALIZADO<\/a>\n<ul class=\"sub-menu\">\n\t<li id=\"menu-item-3642\" class=\"menu-item menu-item-type-custom menu-item-object-custom menu-item-3642\"><a href=\"https:\/\/www.didactiaweb.com\/es\/material-personalitzat\/#agendes\">Agendas<\/a><\/li>\n\t<li id=\"menu-item-3637\" class=\"menu-item menu-item-type-custom menu-item-object-custom menu-item-3637\"><a href=\"https:\/\/www.didactiaweb.com\/es\/material-personalitzat\/#carpetes\">Carpetas<\/a><\/li>\n\t<li id=\"menu-item-3638\" class=\"menu-item menu-item-type-custom menu-item-object-custom menu-item-3638\"><a href=\"https:\/\/www.didactiaweb.com\/es\/material-personalitzat\/#llibretes\">Libretas y cuadernos<\/a><\/li>\n\t<li id=\"menu-item-3639\" class=\"menu-item menu-item-type-custom menu-item-object-custom menu-item-3639\"><a href=\"https:\/\/www.didactiaweb.com\/es\/material-personalitzat\/#corporatius\">Productos corporativos<\/a><\/li>\n<\/ul>\n<\/li>\n<li id=\"menu-item-3666\" class=\"menu-item menu-item-type-post_type menu-item-object-page menu-item-has-children menu-item-3666\"><a href=\"https:\/\/www.didactiaweb.com\/es\/material\/escolar-i-oficina\/\">ESCOLAR Y OFICINA<\/a>\n<ul class=\"sub-menu\">\n\t<li id=\"menu-item-3634\" class=\"menu-item menu-item-type-custom menu-item-object-custom menu-item-3634\"><a href=\"https:\/\/www.didactiaweb.com\/es\/material\/escolar-i-oficina\/\">Escritura<\/a><\/li>\n\t<li id=\"menu-item-3667\" class=\"menu-item menu-item-type-custom menu-item-object-custom menu-item-3667\"><a href=\"https:\/\/www.didactiaweb.com\/es\/material\/escolar-i-oficina\/\">Manualidades<\/a><\/li>\n\t<li id=\"menu-item-3668\" class=\"menu-item menu-item-type-custom menu-item-object-custom menu-item-3668\"><a href=\"https:\/\/www.didactiaweb.com\/es\/material\/escolar-i-oficina\/\">Sobremesa y archivo<\/a><\/li>\n<\/ul>\n<\/li>\n<li id=\"menu-item-3689\" class=\"menu-item menu-item-type-post_type menu-item-object-page menu-item-has-children menu-item-3689\"><a href=\"https:\/\/www.didactiaweb.com\/es\/material\/material-didactic\/\">MATERIAL DID\u00c1CTICO<\/a>\n<ul class=\"sub-menu\">\n\t<li id=\"menu-item-3734\" class=\"menu-item menu-item-type-custom menu-item-object-custom menu-item-3734\"><a href=\"https:\/\/www.didactiaweb.com\/es\/material\/material-didactic\/#joc-simbolic\">Juego simb\u00f3lico<\/a><\/li>\n\t<li id=\"menu-item-3733\" class=\"menu-item menu-item-type-custom menu-item-object-custom menu-item-3733\"><a href=\"https:\/\/www.didactiaweb.com\/es\/material\/material-didactic\/#joc-aprenentatge\">Joc d&#8217;aprenentatge<\/a><\/li>\n\t<li id=\"menu-item-3732\" class=\"menu-item menu-item-type-custom menu-item-object-custom menu-item-3732\"><a href=\"https:\/\/www.didactiaweb.com\/es\/material\/material-didactic\/#llenguatge\">Lenguaje y comunicaci\u00f3n<\/a><\/li>\n\t<li id=\"menu-item-3731\" class=\"menu-item menu-item-type-custom menu-item-object-custom menu-item-3731\"><a href=\"https:\/\/www.didactiaweb.com\/es\/material\/material-didactic\/#logica\">L\u00f3gica y matem\u00e1tica<\/a><\/li>\n\t<li id=\"menu-item-3730\" class=\"menu-item menu-item-type-custom menu-item-object-custom menu-item-3730\"><a href=\"https:\/\/www.didactiaweb.com\/es\/material\/material-didactic\/#pedagogies\">Pedagog\u00edas Montessori y Waldorf<\/a><\/li>\n\t<li id=\"menu-item-3729\" class=\"menu-item menu-item-type-custom menu-item-object-custom menu-item-3729\"><a href=\"https:\/\/www.didactiaweb.com\/es\/material\/material-didactic\/#experimentacio\">Experimentaci\u00f3n<\/a><\/li>\n\t<li id=\"menu-item-3728\" class=\"menu-item menu-item-type-custom menu-item-object-custom menu-item-3728\"><a href=\"https:\/\/www.didactiaweb.com\/es\/material\/material-didactic\/#jocs-exterior\">Jocs exterior<\/a><\/li>\n\t<li id=\"menu-item-3727\" class=\"menu-item menu-item-type-custom menu-item-object-custom menu-item-3727\"><a href=\"https:\/\/www.didactiaweb.com\/es\/material\/material-didactic\/#musica\">M\u00fasica<\/a><\/li>\n<\/ul>\n<\/li>\n<li id=\"menu-item-3742\" class=\"menu-item menu-item-type-post_type menu-item-object-page menu-item-has-children menu-item-3742\"><a href=\"https:\/\/www.didactiaweb.com\/es\/material\/robotica\/\">ROB\u00d3TICA<\/a>\n<ul class=\"sub-menu\">\n\t<li id=\"menu-item-3764\" class=\"menu-item menu-item-type-post_type menu-item-object-page menu-item-3764\"><a href=\"https:\/\/www.didactiaweb.com\/es\/material\/robotica\/\">Infantil<\/a><\/li>\n\t<li id=\"menu-item-3765\" class=\"menu-item menu-item-type-post_type menu-item-object-page menu-item-3765\"><a href=\"https:\/\/www.didactiaweb.com\/es\/material\/robotica\/\">Primaria<\/a><\/li>\n\t<li id=\"menu-item-3766\" class=\"menu-item menu-item-type-post_type menu-item-object-page menu-item-3766\"><a href=\"https:\/\/www.didactiaweb.com\/es\/material\/robotica\/\">Secundaria<\/a><\/li>\n<\/ul>\n<\/li>\n<li id=\"menu-item-3763\" class=\"menu-item menu-item-type-post_type menu-item-object-page menu-item-has-children menu-item-3763\"><a href=\"https:\/\/www.didactiaweb.com\/es\/laboratori-i-ciencies\/\">LABORATORIO Y CIENCIAS<\/a>\n<ul class=\"sub-menu\">\n\t<li id=\"menu-item-3767\" class=\"menu-item menu-item-type-post_type menu-item-object-page menu-item-3767\"><a href=\"https:\/\/www.didactiaweb.com\/es\/laboratori-i-ciencies\/\">Ciencias de la naturaleza<\/a><\/li>\n\t<li id=\"menu-item-3768\" class=\"menu-item menu-item-type-post_type menu-item-object-page menu-item-3768\"><a href=\"https:\/\/www.didactiaweb.com\/es\/laboratori-i-ciencies\/\">Tecnologia<\/a><\/li>\n\t<li id=\"menu-item-3769\" class=\"menu-item menu-item-type-post_type menu-item-object-page menu-item-3769\"><a href=\"https:\/\/www.didactiaweb.com\/es\/laboratori-i-ciencies\/\">Qu\u00edmica<\/a><\/li>\n<\/ul>\n<\/li>\n<li id=\"menu-item-3782\" class=\"menu-item menu-item-type-post_type menu-item-object-page menu-item-has-children menu-item-3782\"><a href=\"https:\/\/www.didactiaweb.com\/es\/material\/esportiu-4\/\">DEPORTIVO<\/a>\n<ul class=\"sub-menu\">\n\t<li id=\"menu-item-3783\" class=\"menu-item menu-item-type-custom menu-item-object-custom menu-item-3783\"><a href=\"https:\/\/www.didactiaweb.com\/es\/esportiu\/#entrenament\">Entrenamiento<\/a><\/li>\n\t<li id=\"menu-item-3784\" class=\"menu-item menu-item-type-custom menu-item-object-custom menu-item-3784\"><a href=\"https:\/\/www.didactiaweb.com\/es\/esportiu\/#psicomotricitat\">Psicomotricidad<\/a><\/li>\n<\/ul>\n<\/li>\n<\/ul>\t<\/div>\n\n\n\t\t<\/div>\n\t<\/div>\n<\/div><\/div><\/div><div class=\"wpb_column vc_column_container vc_col-sm-9\"><div class=\"vc_column-inner vc_custom_1586172072836\"><div class=\"wpb_wrapper\">\n\t<div class=\"wpb_text_column wpb_content_element\" >\n\t\t<div class=\"wpb_wrapper\">\n\t\t\t<p>La finalidad de la rob\u00f3tica es desarrollar las capacidades creativas y de organizaci\u00f3n de los alumnos adem\u00e1s de fomentar el trabajo en equipo, el liderazgo o la emprendedora. Son habilidades y competencias b\u00e1sicas que les ser\u00e1n muy \u00fatiles en su futuro personal y profesional. Adem\u00e1s, la rob\u00f3tica permite trabajar la gesti\u00f3n de las emociones, el aprendizaje de los errores y el pensamiento cr\u00edtico.<\/p>\n\n\t\t<\/div>\n\t<\/div>\n<div class=\"vc_row wpb_row vc_inner vc_row-fluid\"><div class=\"wpb_column vc_column_container vc_col-sm-4\"><div class=\"vc_column-inner\"><div class=\"wpb_wrapper\">\n\t<div  class=\"wpb_single_image wpb_content_element vc_align_left\">\n\t\t\n\t\t<figure class=\"wpb_wrapper vc_figure\">\n\t\t\t<div class=\"vc_single_image-wrapper   vc_box_border_grey\"><img loading=\"lazy\" decoding=\"async\" width=\"388\" height=\"299\" src=\"https:\/\/www.didactiaweb.com\/wp-content\/uploads\/2020\/04\/infantil.png\" class=\"vc_single_image-img attachment-full\" alt=\"rob\u00f2tica infantil\" srcset=\"https:\/\/www.didactiaweb.com\/wp-content\/uploads\/2020\/04\/infantil.png 388w, https:\/\/www.didactiaweb.com\/wp-content\/uploads\/2020\/04\/infantil-300x231.png 300w, https:\/\/www.didactiaweb.com\/wp-content\/uploads\/2020\/04\/infantil-117x90.png 117w\" sizes=\"auto, (max-width: 388px) 100vw, 388px\" \/><\/div>\n\t\t<\/figure>\n\t<\/div>\n\n\t<div class=\"wpb_text_column wpb_content_element\" >\n\t\t<div class=\"wpb_wrapper\">\n\t\t\t<h4>Infantil<\/h4>\n<p>Primeras m\u00e1quinas simples<br \/>\nBee-Bot<br \/>\nCode &amp; Go<br \/>\nLet\u2019s go code<br \/>\nCubetto<br \/>\nCoding express<br \/>\nGlow and Go Bot<br \/>\nSteam Park<br \/>\nVEX 123<br \/>\nPrimeros recorridos codificados<\/p>\n\n\t\t<\/div>\n\t<\/div>\n<\/div><\/div><\/div><div class=\"wpb_column vc_column_container vc_col-sm-4\"><div class=\"vc_column-inner\"><div class=\"wpb_wrapper\">\n\t<div  class=\"wpb_single_image wpb_content_element vc_align_left\">\n\t\t\n\t\t<figure class=\"wpb_wrapper vc_figure\">\n\t\t\t<div class=\"vc_single_image-wrapper   vc_box_border_grey\"><img loading=\"lazy\" decoding=\"async\" width=\"388\" height=\"299\" src=\"https:\/\/www.didactiaweb.com\/wp-content\/uploads\/2020\/04\/primaria.png\" class=\"vc_single_image-img attachment-full\" alt=\"rob\u00f2tica per prim\u00e0ria\" srcset=\"https:\/\/www.didactiaweb.com\/wp-content\/uploads\/2020\/04\/primaria.png 388w, https:\/\/www.didactiaweb.com\/wp-content\/uploads\/2020\/04\/primaria-300x231.png 300w, https:\/\/www.didactiaweb.com\/wp-content\/uploads\/2020\/04\/primaria-117x90.png 117w\" sizes=\"auto, (max-width: 388px) 100vw, 388px\" \/><\/div>\n\t\t<\/figure>\n\t<\/div>\n\n\t<div class=\"wpb_text_column wpb_content_element\" >\n\t\t<div class=\"wpb_wrapper\">\n\t\t\t<h4>Primaria<\/h4>\n<p>M\u00e1quinas simples y motorizadas<br \/>\nBotley<br \/>\nEdison<br \/>\nMakey Makey<br \/>\nM.Bot<br \/>\nBlue-Bot<br \/>\nBric Q Essential<br \/>\nSpike Essential<br \/>\nJovi Art 2 Bit<br \/>\nVex Go<\/p>\n\n\t\t<\/div>\n\t<\/div>\n<\/div><\/div><\/div><div class=\"wpb_column vc_column_container vc_col-sm-4\"><div class=\"vc_column-inner\"><div class=\"wpb_wrapper\">\n\t<div  class=\"wpb_single_image wpb_content_element vc_align_left\">\n\t\t\n\t\t<figure class=\"wpb_wrapper vc_figure\">\n\t\t\t<div class=\"vc_single_image-wrapper   vc_box_border_grey\"><img loading=\"lazy\" decoding=\"async\" width=\"388\" height=\"299\" src=\"https:\/\/www.didactiaweb.com\/wp-content\/uploads\/2020\/04\/secundaria.png\" class=\"vc_single_image-img attachment-full\" alt=\"rob\u00f2tica per secund\u00e0ria\" srcset=\"https:\/\/www.didactiaweb.com\/wp-content\/uploads\/2020\/04\/secundaria.png 388w, https:\/\/www.didactiaweb.com\/wp-content\/uploads\/2020\/04\/secundaria-300x231.png 300w, https:\/\/www.didactiaweb.com\/wp-content\/uploads\/2020\/04\/secundaria-117x90.png 117w\" sizes=\"auto, (max-width: 388px) 100vw, 388px\" \/><\/div>\n\t\t<\/figure>\n\t<\/div>\n\n\t<div class=\"wpb_text_column wpb_content_element\" >\n\t\t<div class=\"wpb_wrapper\">\n\t\t\t<h4>Secundaria<\/h4>\n<p>Spike Prime<br \/>\nBric Q Prime<br \/>\nArduino Starter Kit<br \/>\nMindstorms<br \/>\nVex EXP<br \/>\nVex V5<\/p>\n\n\t\t<\/div>\n\t<\/div>\n<\/div><\/div><\/div><\/div><div class=\"vc_separator wpb_content_element vc_separator_align_center vc_sep_width_100 vc_sep_pos_align_center vc_separator_no_text vc_sep_color_grey\" ><span class=\"vc_sep_holder vc_sep_holder_l\"><span  class=\"vc_sep_line\"><\/span><\/span><span class=\"vc_sep_holder vc_sep_holder_r\"><span  class=\"vc_sep_line\"><\/span><\/span>\n<\/div><\/div><\/div><\/div><\/div><div class=\"vc_row wpb_row vc_row-fluid\"><div class=\"wpb_column vc_column_container vc_col-sm-3\"><div class=\"vc_column-inner\"><div class=\"wpb_wrapper\"><div class=\"vc_empty_space\"   style=\"height: 32px\"><span class=\"vc_empty_space_inner\"><\/span><\/div><\/div><\/div><\/div><div class=\"wpb_column vc_column_container vc_col-sm-9\"><div class=\"vc_column-inner vc_custom_1586172072836\"><div class=\"wpb_wrapper\">\n\t<div class=\"wpb_text_column wpb_content_element\" >\n\t\t<div class=\"wpb_wrapper\">\n\t\t\t<p>El mundo de la rob\u00f3tica educativa es un mundo apasionante en el que no s\u00f3lo se trabajar\u00e1 aspectos te\u00f3ricos y t\u00e9cnicos. En cada una de las propuestas rob\u00f3ticas encontrar\u00e1 un proyecto educativo detr\u00e1s, donde aparte de trabajar los conocimientos STEM (Science, Technology, Engineering and Mathematics), se busca el trabajo en equipo, la motivaci\u00f3n y la consecuci\u00f3n de objetivos, entre otras muchas habilidades educativas.<\/p>\n<p><strong>Cada proyecto rob\u00f3tico est\u00e1 pensado para ser din\u00e1mico, f\u00e1cil y divertido. <\/strong><strong>Su metodolog\u00eda puede impartirse sin experiencia previa.<\/strong><\/p>\n<p>A trav\u00e9s de ingenieros y especialistas en educaci\u00f3n, <strong>VEX Rob\u00f3tics<\/strong> ha creado un proyecto escolar de rob\u00f3tica que va desde la infancia a la universidad.<\/p>\n<p><strong>Ofrecemos formaci\u00f3n y acompa\u00f1amiento en la implementaci\u00f3n en tu centro.<\/strong><\/p>\n\n\t\t<\/div>\n\t<\/div>\n<div class=\"vc_row wpb_row vc_inner vc_row-fluid\"><div class=\"wpb_column vc_column_container vc_col-sm-3\"><div class=\"vc_column-inner\"><div class=\"wpb_wrapper\">\n\t<div  class=\"wpb_single_image wpb_content_element vc_align_left  vc_custom_1710157479176\">\n\t\t\n\t\t<figure class=\"wpb_wrapper vc_figure\">\n\t\t\t<div class=\"vc_single_image-wrapper   vc_box_border_grey\"><img loading=\"lazy\" decoding=\"async\" width=\"300\" height=\"147\" src=\"https:\/\/www.didactiaweb.com\/wp-content\/uploads\/2024\/03\/vex_robotics_logo-300x147.png\" class=\"vc_single_image-img attachment-medium\" alt=\"Logo vex robotics\" srcset=\"https:\/\/www.didactiaweb.com\/wp-content\/uploads\/2024\/03\/vex_robotics_logo-300x147.png 300w, https:\/\/www.didactiaweb.com\/wp-content\/uploads\/2024\/03\/vex_robotics_logo-18x9.png 18w, https:\/\/www.didactiaweb.com\/wp-content\/uploads\/2024\/03\/vex_robotics_logo-120x59.png 120w, https:\/\/www.didactiaweb.com\/wp-content\/uploads\/2024\/03\/vex_robotics_logo.png 521w\" sizes=\"auto, (max-width: 300px) 100vw, 300px\" \/><\/div>\n\t\t<\/figure>\n\t<\/div>\n<\/div><\/div><\/div><div class=\"wpb_column vc_column_container vc_col-sm-9\"><div class=\"vc_column-inner\"><div class=\"wpb_wrapper\">\n\t<div class=\"wpb_text_column wpb_content_element\" >\n\t\t<div class=\"wpb_wrapper\">\n\t\t\t<ul>\n<li>Vex ofrece material rob\u00f3tico adaptado a cada ciclo escolar<\/li>\n<li>Hay muchos recursos para docentes facilitando la implementaci\u00f3n de la rob\u00f3tica en el aula<\/li>\n<li>Con la compra de cualquier lote escolar <strong>se incluyen 2h de formacion gratuita para docentes<\/strong><\/li>\n<li>S&#8217;organitzen competicions col\u00b7laboratives de rob\u00f2tica per a motivar m\u00e9s els estudiants i potenciar al 100% el companyerisme i l&#8217;intercanvi d&#8217;informaci\u00f3<\/li>\n<\/ul>\n\n\t\t<\/div>\n\t<\/div>\n<\/div><\/div><\/div><\/div><div class=\"vc_separator wpb_content_element vc_separator_align_center vc_sep_width_100 vc_sep_pos_align_center vc_separator_no_text vc_sep_color_grey\" ><span class=\"vc_sep_holder vc_sep_holder_l\"><span  class=\"vc_sep_line\"><\/span><\/span><span class=\"vc_sep_holder vc_sep_holder_r\"><span  class=\"vc_sep_line\"><\/span><\/span>\n<\/div><div class=\"vc_row wpb_row vc_inner vc_row-fluid vc_custom_1710153443302 vc_row-has-fill\"><div class=\"wpb_column vc_column_container vc_col-sm-8\"><div class=\"vc_column-inner\"><div class=\"wpb_wrapper\">\n\t<div class=\"wpb_text_column wpb_content_element  vc_custom_1710153522127\" >\n\t\t<div class=\"wpb_wrapper\">\n\t\t\t<h3 style=\"text-align: center;\">\u00bfQuieres ver nuestros catalogos de robotica?<\/h3>\n\n\t\t<\/div>\n\t<\/div>\n<\/div><\/div><\/div><div class=\"wpb_column vc_column_container vc_col-sm-4\"><div class=\"vc_column-inner\"><div class=\"wpb_wrapper\"><div class=\"vc_btn3-container vc_btn3-inline\" ><a class=\"vc_general vc_btn3 vc_btn3-size-md vc_btn3-shape-rounded vc_btn3-style-modern vc_btn3-color-grey\" href=\"https:\/\/www.didactiaweb.com\/es\/zona-privada-login\/\" title=\"\">LOS ENCONTRARAS AQU\u00cd<\/a><\/div><\/div><\/div><\/div><\/div><div class=\"vc_empty_space\"   style=\"height: 32px\"><span class=\"vc_empty_space_inner\"><\/span><\/div><\/div><\/div><\/div><\/div>","protected":false},"excerpt":{"rendered":"MATERIAL PERSONALITZAT Agendes Carpetes Llibretes i quaderns Productes corporatius ESCOLAR I OFICINA Escriptura Manualitats Sobretaula i arxiu MATERIAL DID\u00c0CTIC Joc simb\u00f2lic Joc d&#8217;aprenentatge Llenguatge i comunicaci\u00f3 L\u00f2gica i matem\u00e0tica Pedagogies Montessori i Waldorf Experimentaci\u00f3 Jocs exterior M\u00fasica ROB\u00d2TICA Infantil Prim\u00e0ria Secund\u00e0ria LABORATORI I CI\u00c8NCIES Coneixement del medi Tecnologia Qu\u00edmica ESPORTIU Entrenament Psicomotricitat La finalitat de [...]","protected":false},"author":1,"featured_media":0,"parent":2902,"menu_order":0,"comment_status":"closed","ping_status":"closed","template":"","meta":{"footnotes":""},"class_list":["post-3739","page","type-page","status-publish","hentry"],"yoast_head":"<!-- This site is optimized with the Yoast SEO plugin v26.8 - https:\/\/yoast.com\/product\/yoast-seo-wordpress\/ -->\n<title>Rob\u00f2tica - Didactia<\/title>\n<meta name=\"description\" content=\"Propostes rob\u00f2tiques STEM amb un projecte educatiu. No cal experi\u00e8ncia pr\u00e8via, fem formaci\u00f3 i acompanyament en l&#039;implementaci\u00f3 2h gratis.\" \/>\n<meta name=\"robots\" content=\"index, follow, max-snippet:-1, max-image-preview:large, max-video-preview:-1\" \/>\n<link rel=\"canonical\" href=\"https:\/\/www.didactiaweb.com\/es\/material\/robotica\/\" \/>\n<meta property=\"og:locale\" content=\"es_ES\" \/>\n<meta property=\"og:type\" content=\"article\" \/>\n<meta property=\"og:title\" content=\"Rob\u00f2tica - Didactia\" \/>\n<meta property=\"og:description\" content=\"Propostes rob\u00f2tiques STEM amb un projecte educatiu. No cal experi\u00e8ncia pr\u00e8via, fem formaci\u00f3 i acompanyament en l&#039;implementaci\u00f3 2h gratis.\" \/>\n<meta property=\"og:url\" content=\"https:\/\/www.didactiaweb.com\/es\/material\/robotica\/\" \/>\n<meta property=\"og:site_name\" content=\"Didactia\" \/>\n<meta property=\"article:modified_time\" content=\"2024-03-11T14:30:32+00:00\" \/>\n<meta name=\"twitter:card\" content=\"summary_large_image\" \/>\n<meta name=\"twitter:label1\" content=\"Tiempo de lectura\" \/>\n\t<meta name=\"twitter:data1\" content=\"2 minutos\" \/>\n<script type=\"application\/ld+json\" class=\"yoast-schema-graph\">{\"@context\":\"https:\/\/schema.org\",\"@graph\":[{\"@type\":\"WebPage\",\"@id\":\"https:\/\/www.didactiaweb.com\/material\/robotica\/\",\"url\":\"https:\/\/www.didactiaweb.com\/material\/robotica\/\",\"name\":\"Rob\u00f2tica - Didactia\",\"isPartOf\":{\"@id\":\"https:\/\/www.didactiaweb.com\/#website\"},\"datePublished\":\"2020-04-06T16:26:40+00:00\",\"dateModified\":\"2024-03-11T14:30:32+00:00\",\"description\":\"Propostes rob\u00f2tiques STEM amb un projecte educatiu. No cal experi\u00e8ncia pr\u00e8via, fem formaci\u00f3 i acompanyament en l'implementaci\u00f3 2h gratis.\",\"breadcrumb\":{\"@id\":\"https:\/\/www.didactiaweb.com\/material\/robotica\/#breadcrumb\"},\"inLanguage\":\"es\",\"potentialAction\":[{\"@type\":\"ReadAction\",\"target\":[\"https:\/\/www.didactiaweb.com\/material\/robotica\/\"]}]},{\"@type\":\"BreadcrumbList\",\"@id\":\"https:\/\/www.didactiaweb.com\/material\/robotica\/#breadcrumb\",\"itemListElement\":[{\"@type\":\"ListItem\",\"position\":1,\"name\":\"Inici\",\"item\":\"https:\/\/www.didactiaweb.com\/\"},{\"@type\":\"ListItem\",\"position\":2,\"name\":\"Material\",\"item\":\"https:\/\/www.didactiaweb.com\/material\/\"},{\"@type\":\"ListItem\",\"position\":3,\"name\":\"Rob\u00f2tica\"}]},{\"@type\":\"WebSite\",\"@id\":\"https:\/\/www.didactiaweb.com\/#website\",\"url\":\"https:\/\/www.didactiaweb.com\/\",\"name\":\"Didactia\",\"description\":\"Prove\u00efdor Integral\",\"publisher\":{\"@id\":\"https:\/\/www.didactiaweb.com\/#organization\"},\"potentialAction\":[{\"@type\":\"SearchAction\",\"target\":{\"@type\":\"EntryPoint\",\"urlTemplate\":\"https:\/\/www.didactiaweb.com\/?s={search_term_string}\"},\"query-input\":{\"@type\":\"PropertyValueSpecification\",\"valueRequired\":true,\"valueName\":\"search_term_string\"}}],\"inLanguage\":\"es\"},{\"@type\":\"Organization\",\"@id\":\"https:\/\/www.didactiaweb.com\/#organization\",\"name\":\"Didactia Proveedor Integral S.L.\",\"url\":\"https:\/\/www.didactiaweb.com\/\",\"logo\":{\"@type\":\"ImageObject\",\"inLanguage\":\"es\",\"@id\":\"https:\/\/www.didactiaweb.com\/#\/schema\/logo\/image\/\",\"url\":\"https:\/\/www.didactiaweb.com\/wp-content\/uploads\/2020\/03\/logo.png\",\"contentUrl\":\"https:\/\/www.didactiaweb.com\/wp-content\/uploads\/2020\/03\/logo.png\",\"width\":230,\"height\":63,\"caption\":\"Didactia Proveedor Integral S.L.\"},\"image\":{\"@id\":\"https:\/\/www.didactiaweb.com\/#\/schema\/logo\/image\/\"}}]}<\/script>\n<!-- \/ Yoast SEO plugin. -->","yoast_head_json":{"title":"Rob\u00f2tica - Didactia","description":"Propostes rob\u00f2tiques STEM amb un projecte educatiu. No cal experi\u00e8ncia pr\u00e8via, fem formaci\u00f3 i acompanyament en l'implementaci\u00f3 2h gratis.","robots":{"index":"index","follow":"follow","max-snippet":"max-snippet:-1","max-image-preview":"max-image-preview:large","max-video-preview":"max-video-preview:-1"},"canonical":"https:\/\/www.didactiaweb.com\/es\/material\/robotica\/","og_locale":"es_ES","og_type":"article","og_title":"Rob\u00f2tica - Didactia","og_description":"Propostes rob\u00f2tiques STEM amb un projecte educatiu. No cal experi\u00e8ncia pr\u00e8via, fem formaci\u00f3 i acompanyament en l'implementaci\u00f3 2h gratis.","og_url":"https:\/\/www.didactiaweb.com\/es\/material\/robotica\/","og_site_name":"Didactia","article_modified_time":"2024-03-11T14:30:32+00:00","twitter_card":"summary_large_image","twitter_misc":{"Tiempo de lectura":"2 minutos"},"schema":{"@context":"https:\/\/schema.org","@graph":[{"@type":"WebPage","@id":"https:\/\/www.didactiaweb.com\/material\/robotica\/","url":"https:\/\/www.didactiaweb.com\/material\/robotica\/","name":"Rob\u00f2tica - Didactia","isPartOf":{"@id":"https:\/\/www.didactiaweb.com\/#website"},"datePublished":"2020-04-06T16:26:40+00:00","dateModified":"2024-03-11T14:30:32+00:00","description":"Propostes rob\u00f2tiques STEM amb un projecte educatiu. No cal experi\u00e8ncia pr\u00e8via, fem formaci\u00f3 i acompanyament en l'implementaci\u00f3 2h gratis.","breadcrumb":{"@id":"https:\/\/www.didactiaweb.com\/material\/robotica\/#breadcrumb"},"inLanguage":"es","potentialAction":[{"@type":"ReadAction","target":["https:\/\/www.didactiaweb.com\/material\/robotica\/"]}]},{"@type":"BreadcrumbList","@id":"https:\/\/www.didactiaweb.com\/material\/robotica\/#breadcrumb","itemListElement":[{"@type":"ListItem","position":1,"name":"Inici","item":"https:\/\/www.didactiaweb.com\/"},{"@type":"ListItem","position":2,"name":"Material","item":"https:\/\/www.didactiaweb.com\/material\/"},{"@type":"ListItem","position":3,"name":"Rob\u00f2tica"}]},{"@type":"WebSite","@id":"https:\/\/www.didactiaweb.com\/#website","url":"https:\/\/www.didactiaweb.com\/","name":"Didactia","description":"Prove\u00efdor Integral","publisher":{"@id":"https:\/\/www.didactiaweb.com\/#organization"},"potentialAction":[{"@type":"SearchAction","target":{"@type":"EntryPoint","urlTemplate":"https:\/\/www.didactiaweb.com\/?s={search_term_string}"},"query-input":{"@type":"PropertyValueSpecification","valueRequired":true,"valueName":"search_term_string"}}],"inLanguage":"es"},{"@type":"Organization","@id":"https:\/\/www.didactiaweb.com\/#organization","name":"Didactia Proveedor Integral S.L.","url":"https:\/\/www.didactiaweb.com\/","logo":{"@type":"ImageObject","inLanguage":"es","@id":"https:\/\/www.didactiaweb.com\/#\/schema\/logo\/image\/","url":"https:\/\/www.didactiaweb.com\/wp-content\/uploads\/2020\/03\/logo.png","contentUrl":"https:\/\/www.didactiaweb.com\/wp-content\/uploads\/2020\/03\/logo.png","width":230,"height":63,"caption":"Didactia Proveedor Integral S.L."},"image":{"@id":"https:\/\/www.didactiaweb.com\/#\/schema\/logo\/image\/"}}]}},"_links":{"self":[{"href":"https:\/\/www.didactiaweb.com\/es\/wp-json\/wp\/v2\/pages\/3739","targetHints":{"allow":["GET"]}}],"collection":[{"href":"https:\/\/www.didactiaweb.com\/es\/wp-json\/wp\/v2\/pages"}],"about":[{"href":"https:\/\/www.didactiaweb.com\/es\/wp-json\/wp\/v2\/types\/page"}],"author":[{"embeddable":true,"href":"https:\/\/www.didactiaweb.com\/es\/wp-json\/wp\/v2\/users\/1"}],"replies":[{"embeddable":true,"href":"https:\/\/www.didactiaweb.com\/es\/wp-json\/wp\/v2\/comments?post=3739"}],"version-history":[{"count":20,"href":"https:\/\/www.didactiaweb.com\/es\/wp-json\/wp\/v2\/pages\/3739\/revisions"}],"predecessor-version":[{"id":6308,"href":"https:\/\/www.didactiaweb.com\/es\/wp-json\/wp\/v2\/pages\/3739\/revisions\/6308"}],"up":[{"embeddable":true,"href":"https:\/\/www.didactiaweb.com\/es\/wp-json\/wp\/v2\/pages\/2902"}],"wp:attachment":[{"href":"https:\/\/www.didactiaweb.com\/es\/wp-json\/wp\/v2\/media?parent=3739"}],"curies":[{"name":"wp","href":"https:\/\/api.w.org\/{rel}","templated":true}]}}