{"id":3771,"date":"2020-04-06T19:16:56","date_gmt":"2020-04-06T17:16:56","guid":{"rendered":"https:\/\/www.didactiaweb.com\/?page_id=3771"},"modified":"2024-03-13T11:12:59","modified_gmt":"2024-03-13T09:12:59","slug":"esportiu-4","status":"publish","type":"page","link":"https:\/\/www.didactiaweb.com\/es\/material\/esportiu-4\/","title":{"rendered":"Deportivo"},"content":{"rendered":"<div class=\"vc_row wpb_row vc_row-fluid\"><div class=\"wpb_column vc_column_container vc_col-sm-12\"><div class=\"vc_column-inner\"><div class=\"wpb_wrapper\"><div class=\"vc_empty_space\"   style=\"height: 52px\"><span class=\"vc_empty_space_inner\"><\/span><\/div><\/div><\/div><\/div><\/div><div class=\"vc_row wpb_row vc_row-fluid\"><div class=\"wpb_column vc_column_container vc_col-sm-3\"><div class=\"vc_column-inner\"><div class=\"wpb_wrapper\">\n\t<div class=\"wpb_text_column wpb_content_element\" >\n\t\t<div class=\"wpb_wrapper\">\n\t\t\t\t<div class=\"wpb_category_n_menu_accordion wpb_wmca_accordion_wrapper_theme_dark\" data-accordion=\"false\" data-indicator_icon=\"+\" data-iconclass=\"\">\n\t\t<ul id=\"menu-productes\" class=\"wpb_category_n_menu_accordion_list\"><li id=\"menu-item-3641\" class=\"menu-item menu-item-type-post_type menu-item-object-page menu-item-has-children menu-item-3641\"><a href=\"https:\/\/www.didactiaweb.com\/es\/material\/material-personalitzat\/\">MATERIAL PERSONALIZADO<\/a>\n<ul class=\"sub-menu\">\n\t<li id=\"menu-item-3642\" class=\"menu-item menu-item-type-custom menu-item-object-custom menu-item-3642\"><a href=\"https:\/\/www.didactiaweb.com\/es\/material-personalitzat\/#agendes\">Agendas<\/a><\/li>\n\t<li id=\"menu-item-3637\" class=\"menu-item menu-item-type-custom menu-item-object-custom menu-item-3637\"><a href=\"https:\/\/www.didactiaweb.com\/es\/material-personalitzat\/#carpetes\">Carpetas<\/a><\/li>\n\t<li id=\"menu-item-3638\" class=\"menu-item menu-item-type-custom menu-item-object-custom menu-item-3638\"><a href=\"https:\/\/www.didactiaweb.com\/es\/material-personalitzat\/#llibretes\">Libretas y cuadernos<\/a><\/li>\n\t<li id=\"menu-item-3639\" class=\"menu-item menu-item-type-custom menu-item-object-custom menu-item-3639\"><a href=\"https:\/\/www.didactiaweb.com\/es\/material-personalitzat\/#corporatius\">Productos corporativos<\/a><\/li>\n<\/ul>\n<\/li>\n<li id=\"menu-item-3666\" class=\"menu-item menu-item-type-post_type menu-item-object-page menu-item-has-children menu-item-3666\"><a href=\"https:\/\/www.didactiaweb.com\/es\/material\/escolar-i-oficina\/\">ESCOLAR Y OFICINA<\/a>\n<ul class=\"sub-menu\">\n\t<li id=\"menu-item-3634\" class=\"menu-item menu-item-type-custom menu-item-object-custom menu-item-3634\"><a href=\"https:\/\/www.didactiaweb.com\/es\/material\/escolar-i-oficina\/\">Escritura<\/a><\/li>\n\t<li id=\"menu-item-3667\" class=\"menu-item menu-item-type-custom menu-item-object-custom menu-item-3667\"><a href=\"https:\/\/www.didactiaweb.com\/es\/material\/escolar-i-oficina\/\">Manualidades<\/a><\/li>\n\t<li id=\"menu-item-3668\" class=\"menu-item menu-item-type-custom menu-item-object-custom menu-item-3668\"><a href=\"https:\/\/www.didactiaweb.com\/es\/material\/escolar-i-oficina\/\">Sobremesa y archivo<\/a><\/li>\n<\/ul>\n<\/li>\n<li id=\"menu-item-3689\" class=\"menu-item menu-item-type-post_type menu-item-object-page menu-item-has-children menu-item-3689\"><a href=\"https:\/\/www.didactiaweb.com\/es\/material\/material-didactic\/\">MATERIAL DID\u00c1CTICO<\/a>\n<ul class=\"sub-menu\">\n\t<li id=\"menu-item-3734\" class=\"menu-item menu-item-type-custom menu-item-object-custom menu-item-3734\"><a href=\"https:\/\/www.didactiaweb.com\/es\/material\/material-didactic\/#joc-simbolic\">Juego simb\u00f3lico<\/a><\/li>\n\t<li id=\"menu-item-3733\" class=\"menu-item menu-item-type-custom menu-item-object-custom menu-item-3733\"><a href=\"https:\/\/www.didactiaweb.com\/es\/material\/material-didactic\/#joc-aprenentatge\">Joc d&#8217;aprenentatge<\/a><\/li>\n\t<li id=\"menu-item-3732\" class=\"menu-item menu-item-type-custom menu-item-object-custom menu-item-3732\"><a href=\"https:\/\/www.didactiaweb.com\/es\/material\/material-didactic\/#llenguatge\">Lenguaje y comunicaci\u00f3n<\/a><\/li>\n\t<li id=\"menu-item-3731\" class=\"menu-item menu-item-type-custom menu-item-object-custom menu-item-3731\"><a href=\"https:\/\/www.didactiaweb.com\/es\/material\/material-didactic\/#logica\">L\u00f3gica y matem\u00e1tica<\/a><\/li>\n\t<li id=\"menu-item-3730\" class=\"menu-item menu-item-type-custom menu-item-object-custom menu-item-3730\"><a href=\"https:\/\/www.didactiaweb.com\/es\/material\/material-didactic\/#pedagogies\">Pedagog\u00edas Montessori y Waldorf<\/a><\/li>\n\t<li id=\"menu-item-3729\" class=\"menu-item menu-item-type-custom menu-item-object-custom menu-item-3729\"><a href=\"https:\/\/www.didactiaweb.com\/es\/material\/material-didactic\/#experimentacio\">Experimentaci\u00f3n<\/a><\/li>\n\t<li id=\"menu-item-3728\" class=\"menu-item menu-item-type-custom menu-item-object-custom menu-item-3728\"><a href=\"https:\/\/www.didactiaweb.com\/es\/material\/material-didactic\/#jocs-exterior\">Jocs exterior<\/a><\/li>\n\t<li id=\"menu-item-3727\" class=\"menu-item menu-item-type-custom menu-item-object-custom menu-item-3727\"><a href=\"https:\/\/www.didactiaweb.com\/es\/material\/material-didactic\/#musica\">M\u00fasica<\/a><\/li>\n<\/ul>\n<\/li>\n<li id=\"menu-item-3742\" class=\"menu-item menu-item-type-post_type menu-item-object-page menu-item-has-children menu-item-3742\"><a href=\"https:\/\/www.didactiaweb.com\/es\/material\/robotica\/\">ROB\u00d3TICA<\/a>\n<ul class=\"sub-menu\">\n\t<li id=\"menu-item-3764\" class=\"menu-item menu-item-type-post_type menu-item-object-page menu-item-3764\"><a href=\"https:\/\/www.didactiaweb.com\/es\/material\/robotica\/\">Infantil<\/a><\/li>\n\t<li id=\"menu-item-3765\" class=\"menu-item menu-item-type-post_type menu-item-object-page menu-item-3765\"><a href=\"https:\/\/www.didactiaweb.com\/es\/material\/robotica\/\">Primaria<\/a><\/li>\n\t<li id=\"menu-item-3766\" class=\"menu-item menu-item-type-post_type menu-item-object-page menu-item-3766\"><a href=\"https:\/\/www.didactiaweb.com\/es\/material\/robotica\/\">Secundaria<\/a><\/li>\n<\/ul>\n<\/li>\n<li id=\"menu-item-3763\" class=\"menu-item menu-item-type-post_type menu-item-object-page menu-item-has-children menu-item-3763\"><a href=\"https:\/\/www.didactiaweb.com\/es\/laboratori-i-ciencies\/\">LABORATORIO Y CIENCIAS<\/a>\n<ul class=\"sub-menu\">\n\t<li id=\"menu-item-3767\" class=\"menu-item menu-item-type-post_type menu-item-object-page menu-item-3767\"><a href=\"https:\/\/www.didactiaweb.com\/es\/laboratori-i-ciencies\/\">Ciencias de la naturaleza<\/a><\/li>\n\t<li id=\"menu-item-3768\" class=\"menu-item menu-item-type-post_type menu-item-object-page menu-item-3768\"><a href=\"https:\/\/www.didactiaweb.com\/es\/laboratori-i-ciencies\/\">Tecnologia<\/a><\/li>\n\t<li id=\"menu-item-3769\" class=\"menu-item menu-item-type-post_type menu-item-object-page menu-item-3769\"><a href=\"https:\/\/www.didactiaweb.com\/es\/laboratori-i-ciencies\/\">Qu\u00edmica<\/a><\/li>\n<\/ul>\n<\/li>\n<li id=\"menu-item-3782\" class=\"menu-item menu-item-type-post_type menu-item-object-page menu-item-has-children menu-item-3782\"><a href=\"https:\/\/www.didactiaweb.com\/es\/material\/esportiu-4\/\">DEPORTIVO<\/a>\n<ul class=\"sub-menu\">\n\t<li id=\"menu-item-3783\" class=\"menu-item menu-item-type-custom menu-item-object-custom menu-item-3783\"><a href=\"https:\/\/www.didactiaweb.com\/es\/esportiu\/#entrenament\">Entrenamiento<\/a><\/li>\n\t<li id=\"menu-item-3784\" class=\"menu-item menu-item-type-custom menu-item-object-custom menu-item-3784\"><a href=\"https:\/\/www.didactiaweb.com\/es\/esportiu\/#psicomotricitat\">Psicomotricidad<\/a><\/li>\n<\/ul>\n<\/li>\n<\/ul>\t<\/div>\n\n\n\t\t<\/div>\n\t<\/div>\n<\/div><\/div><\/div><div class=\"wpb_column vc_column_container vc_col-sm-9\"><div class=\"vc_column-inner vc_custom_1586172072836\"><div class=\"wpb_wrapper\">\n\t<div class=\"wpb_text_column wpb_content_element\" >\n\t\t<div class=\"wpb_wrapper\">\n\t\t\t<p>El deporte es sin\u00f3nimo de movimiento, de energ\u00eda, de alegr\u00eda, de vida. Hacer actividad f\u00edsica no s\u00f3lo es importante a nivel motriz, sino que el deporte fomenta, potencia y complementa la transmisi\u00f3n de diferentes valores y h\u00e1bitos como la solidaridad, la tolerancia, la responsabilidad y la igualdad.<\/p>\n\n\t\t<\/div>\n\t<\/div>\n<div class=\"vc_row wpb_row vc_inner vc_row-fluid\"><div class=\"wpb_column vc_column_container vc_col-sm-4\"><div class=\"vc_column-inner\"><div class=\"wpb_wrapper\">\n\t<div class=\"wpb_text_column wpb_content_element\" >\n\t\t<div class=\"wpb_wrapper\">\n\t\t\t<ul>\n<li>F\u00fatbol<\/li>\n<li>Baloncesto<\/li>\n<li>Volei<\/li>\n<li>Balonmano<\/li>\n<\/ul>\n\n\t\t<\/div>\n\t<\/div>\n<\/div><\/div><\/div><div class=\"wpb_column vc_column_container vc_col-sm-4\"><div class=\"vc_column-inner\"><div class=\"wpb_wrapper\">\n\t<div class=\"wpb_text_column wpb_content_element\" >\n\t\t<div class=\"wpb_wrapper\">\n\t\t\t<ul>\n<li>Tenis<\/li>\n<li>Badminton<\/li>\n<li>Gimnasia deportiva<\/li>\n<li>Gimnasia r\u00edtmica<\/li>\n<\/ul>\n\n\t\t<\/div>\n\t<\/div>\n<\/div><\/div><\/div><div class=\"wpb_column vc_column_container vc_col-sm-4\"><div class=\"vc_column-inner\"><div class=\"wpb_wrapper\">\n\t<div class=\"wpb_text_column wpb_content_element\" >\n\t\t<div class=\"wpb_wrapper\">\n\t\t\t<ul>\n<li>Judo<\/li>\n<li>Atletismo<\/li>\n<li>Patinaje<\/li>\n<li>Hockey<\/li>\n<\/ul>\n\n\t\t<\/div>\n\t<\/div>\n<\/div><\/div><\/div><\/div>\n\t<div  class=\"wpb_single_image wpb_content_element vc_align_left\">\n\t\t\n\t\t<figure class=\"wpb_wrapper vc_figure\">\n\t\t\t<div class=\"vc_single_image-wrapper   vc_box_border_grey\"><img loading=\"lazy\" decoding=\"async\" width=\"1015\" height=\"289\" src=\"https:\/\/www.didactiaweb.com\/wp-content\/uploads\/2020\/04\/esports.png\" class=\"vc_single_image-img attachment-full\" alt=\"material esportiu\" srcset=\"https:\/\/www.didactiaweb.com\/wp-content\/uploads\/2020\/04\/esports.png 1015w, https:\/\/www.didactiaweb.com\/wp-content\/uploads\/2020\/04\/esports-300x85.png 300w, https:\/\/www.didactiaweb.com\/wp-content\/uploads\/2020\/04\/esports-768x219.png 768w, https:\/\/www.didactiaweb.com\/wp-content\/uploads\/2020\/04\/esports-810x231.png 810w, https:\/\/www.didactiaweb.com\/wp-content\/uploads\/2020\/04\/esports-560x159.png 560w, https:\/\/www.didactiaweb.com\/wp-content\/uploads\/2020\/04\/esports-120x34.png 120w\" sizes=\"auto, (max-width: 1015px) 100vw, 1015px\" \/><\/div>\n\t\t<\/figure>\n\t<\/div>\n<div class=\"vc_separator wpb_content_element vc_separator_align_center vc_sep_width_100 vc_sep_pos_align_center vc_separator_no_text vc_sep_color_grey vc_custom_1587376974188  vc_custom_1587376974188\" id=\"entrenament\"><span class=\"vc_sep_holder vc_sep_holder_l\"><span  class=\"vc_sep_line\"><\/span><\/span><span class=\"vc_sep_holder vc_sep_holder_r\"><span  class=\"vc_sep_line\"><\/span><\/span>\n<\/div><div class=\"vc_row wpb_row vc_inner vc_row-fluid vc_custom_1586193848969\"><div class=\"wpb_column vc_column_container vc_col-sm-4\"><div class=\"vc_column-inner\"><div class=\"wpb_wrapper\">\n\t<div class=\"wpb_text_column wpb_content_element\" >\n\t\t<div class=\"wpb_wrapper\">\n\t\t\t<h3>ENTRENAMIENTO<\/h3>\n<p>Carros de transporte y almacenamiento<br \/>\nRedes para guardar pelotas<br \/>\nPizarras magn\u00e9ticas<br \/>\nSilbatos<br \/>\nPetos<br \/>\nConos<\/p>\n\n\t\t<\/div>\n\t<\/div>\n<\/div><\/div><\/div><div class=\"wpb_column vc_column_container vc_col-sm-4\"><div class=\"vc_column-inner\"><div class=\"wpb_wrapper\">\n\t<div  class=\"wpb_single_image wpb_content_element vc_align_left\">\n\t\t\n\t\t<figure class=\"wpb_wrapper vc_figure\">\n\t\t\t<div class=\"vc_single_image-wrapper   vc_box_border_grey\"><img loading=\"lazy\" decoding=\"async\" width=\"470\" height=\"310\" src=\"https:\/\/www.didactiaweb.com\/wp-content\/uploads\/2020\/04\/material-entreno-2.png\" class=\"vc_single_image-img attachment-full\" alt=\"\" srcset=\"https:\/\/www.didactiaweb.com\/wp-content\/uploads\/2020\/04\/material-entreno-2.png 470w, https:\/\/www.didactiaweb.com\/wp-content\/uploads\/2020\/04\/material-entreno-2-300x198.png 300w, https:\/\/www.didactiaweb.com\/wp-content\/uploads\/2020\/04\/material-entreno-2-240x158.png 240w, https:\/\/www.didactiaweb.com\/wp-content\/uploads\/2020\/04\/material-entreno-2-120x79.png 120w\" sizes=\"auto, (max-width: 470px) 100vw, 470px\" \/><\/div>\n\t\t<\/figure>\n\t<\/div>\n<\/div><\/div><\/div><div class=\"wpb_column vc_column_container vc_col-sm-4\"><div class=\"vc_column-inner\"><div class=\"wpb_wrapper\">\n\t<div  class=\"wpb_single_image wpb_content_element vc_align_left\">\n\t\t\n\t\t<figure class=\"wpb_wrapper vc_figure\">\n\t\t\t<div class=\"vc_single_image-wrapper   vc_box_border_grey\"><img loading=\"lazy\" decoding=\"async\" width=\"400\" height=\"310\" src=\"https:\/\/www.didactiaweb.com\/wp-content\/uploads\/2020\/04\/material-entreno.png\" class=\"vc_single_image-img attachment-full\" alt=\"material entrenament\" srcset=\"https:\/\/www.didactiaweb.com\/wp-content\/uploads\/2020\/04\/material-entreno.png 400w, https:\/\/www.didactiaweb.com\/wp-content\/uploads\/2020\/04\/material-entreno-300x233.png 300w, https:\/\/www.didactiaweb.com\/wp-content\/uploads\/2020\/04\/material-entreno-116x90.png 116w\" sizes=\"auto, (max-width: 400px) 100vw, 400px\" \/><\/div>\n\t\t<\/figure>\n\t<\/div>\n<\/div><\/div><\/div><\/div><div class=\"vc_separator wpb_content_element vc_separator_align_center vc_sep_width_100 vc_sep_pos_align_center vc_separator_no_text vc_sep_color_grey vc_custom_1587376982485  vc_custom_1587376982485\" id=\"psicomotricitat\"><span class=\"vc_sep_holder vc_sep_holder_l\"><span  class=\"vc_sep_line\"><\/span><\/span><span class=\"vc_sep_holder vc_sep_holder_r\"><span  class=\"vc_sep_line\"><\/span><\/span>\n<\/div><div class=\"vc_row wpb_row vc_inner vc_row-fluid\"><div class=\"wpb_column vc_column_container vc_col-sm-12\"><div class=\"vc_column-inner\"><div class=\"wpb_wrapper\">\n\t<div class=\"wpb_text_column wpb_content_element\" >\n\t\t<div class=\"wpb_wrapper\">\n\t\t\t<h3>PSICOMOTRICIDAD<\/h3>\n<p>Estructuras de foam<br \/>\nJuegos de equilibrio<br \/>\nT\u00faneles<\/p>\n\n\t\t<\/div>\n\t<\/div>\n<\/div><\/div><\/div><\/div><div class=\"vc_row wpb_row vc_inner vc_row-fluid\"><div class=\"wpb_column vc_column_container vc_col-sm-4\"><div class=\"vc_column-inner\"><div class=\"wpb_wrapper\">\n\t<div  class=\"wpb_single_image wpb_content_element vc_align_left\">\n\t\t\n\t\t<figure class=\"wpb_wrapper vc_figure\">\n\t\t\t<div class=\"vc_single_image-wrapper   vc_box_border_grey\"><img loading=\"lazy\" decoding=\"async\" width=\"300\" height=\"237\" src=\"https:\/\/www.didactiaweb.com\/wp-content\/uploads\/2020\/04\/equilibri.png\" class=\"vc_single_image-img attachment-full\" alt=\"circuits d&#039;equilibri\" srcset=\"https:\/\/www.didactiaweb.com\/wp-content\/uploads\/2020\/04\/equilibri.png 300w, https:\/\/www.didactiaweb.com\/wp-content\/uploads\/2020\/04\/equilibri-114x90.png 114w\" sizes=\"auto, (max-width: 300px) 100vw, 300px\" \/><\/div>\n\t\t<\/figure>\n\t<\/div>\n<\/div><\/div><\/div><div class=\"wpb_column vc_column_container vc_col-sm-4\"><div class=\"vc_column-inner\"><div class=\"wpb_wrapper\">\n\t<div  class=\"wpb_single_image wpb_content_element vc_align_left\">\n\t\t\n\t\t<figure class=\"wpb_wrapper vc_figure\">\n\t\t\t<div class=\"vc_single_image-wrapper   vc_box_border_grey\"><img loading=\"lazy\" decoding=\"async\" width=\"300\" height=\"237\" src=\"https:\/\/www.didactiaweb.com\/wp-content\/uploads\/2020\/04\/psico-1.png\" class=\"vc_single_image-img attachment-full\" alt=\"peces espuma psicomotricitat\" srcset=\"https:\/\/www.didactiaweb.com\/wp-content\/uploads\/2020\/04\/psico-1.png 300w, https:\/\/www.didactiaweb.com\/wp-content\/uploads\/2020\/04\/psico-1-114x90.png 114w\" sizes=\"auto, (max-width: 300px) 100vw, 300px\" \/><\/div>\n\t\t<\/figure>\n\t<\/div>\n<\/div><\/div><\/div><div class=\"wpb_column vc_column_container vc_col-sm-4\"><div class=\"vc_column-inner\"><div class=\"wpb_wrapper\">\n\t<div  class=\"wpb_single_image wpb_content_element vc_align_left\">\n\t\t\n\t\t<figure class=\"wpb_wrapper vc_figure\">\n\t\t\t<div class=\"vc_single_image-wrapper   vc_box_border_grey\"><img loading=\"lazy\" decoding=\"async\" width=\"300\" height=\"237\" src=\"https:\/\/www.didactiaweb.com\/wp-content\/uploads\/2020\/04\/psico-2.png\" class=\"vc_single_image-img attachment-full\" alt=\"estructures de fusta psicomotricitat\" srcset=\"https:\/\/www.didactiaweb.com\/wp-content\/uploads\/2020\/04\/psico-2.png 300w, https:\/\/www.didactiaweb.com\/wp-content\/uploads\/2020\/04\/psico-2-114x90.png 114w\" sizes=\"auto, (max-width: 300px) 100vw, 300px\" \/><\/div>\n\t\t<\/figure>\n\t<\/div>\n<\/div><\/div><\/div><\/div><div class=\"vc_separator wpb_content_element vc_separator_align_center vc_sep_width_100 vc_sep_pos_align_center vc_separator_no_text vc_sep_color_grey\" ><span class=\"vc_sep_holder vc_sep_holder_l\"><span  class=\"vc_sep_line\"><\/span><\/span><span class=\"vc_sep_holder vc_sep_holder_r\"><span  class=\"vc_sep_line\"><\/span><\/span>\n<\/div><div class=\"vc_row wpb_row vc_inner vc_row-fluid vc_custom_1710321121540 vc_row-has-fill\"><div class=\"wpb_column vc_column_container vc_col-sm-8\"><div class=\"vc_column-inner\"><div class=\"wpb_wrapper\">\n\t<div class=\"wpb_text_column wpb_content_element\" >\n\t\t<div class=\"wpb_wrapper\">\n\t\t\t<h3 style=\"text-align: center;\">\u00bfQuieres ver nuestros catalogos de material deportivo?<\/h3>\n\n\t\t<\/div>\n\t<\/div>\n<\/div><\/div><\/div><div class=\"wpb_column vc_column_container vc_col-sm-4\"><div class=\"vc_column-inner\"><div class=\"wpb_wrapper\"><div class=\"vc_btn3-container vc_btn3-inline\" ><a class=\"vc_general vc_btn3 vc_btn3-size-md vc_btn3-shape-rounded vc_btn3-style-modern vc_btn3-color-grey\" href=\"https:\/\/www.didactiaweb.com\/es\/zona-privada-login\/\" title=\"\">LOS ENCONTRARAS AQU\u00cd<\/a><\/div><\/div><\/div><\/div><\/div><\/div><\/div><\/div><\/div><div class=\"vc_row wpb_row vc_row-fluid\"><div class=\"wpb_column vc_column_container vc_col-sm-12\"><div class=\"vc_column-inner\"><div class=\"wpb_wrapper\"><div class=\"vc_empty_space\"   style=\"height: 32px\"><span class=\"vc_empty_space_inner\"><\/span><\/div><\/div><\/div><\/div><\/div>","protected":false},"excerpt":{"rendered":"MATERIAL PERSONALITZAT Agendes Carpetes Llibretes i quaderns Productes corporatius ESCOLAR I OFICINA Escriptura Manualitats Sobretaula i arxiu MATERIAL DID\u00c0CTIC Joc simb\u00f2lic Joc d&#8217;aprenentatge Llenguatge i comunicaci\u00f3 L\u00f2gica i matem\u00e0tica Pedagogies Montessori i Waldorf Experimentaci\u00f3 Jocs exterior M\u00fasica ROB\u00d2TICA Infantil Prim\u00e0ria Secund\u00e0ria LABORATORI I CI\u00c8NCIES Coneixement del medi Tecnologia Qu\u00edmica ESPORTIU Entrenament Psicomotricitat L\u2019esport \u00e9s sin\u00f2nim [...]","protected":false},"author":1,"featured_media":0,"parent":2902,"menu_order":5,"comment_status":"closed","ping_status":"closed","template":"","meta":{"footnotes":""},"class_list":["post-3771","page","type-page","status-publish","hentry"],"yoast_head":"<!-- This site is optimized with the Yoast SEO plugin v26.8 - https:\/\/yoast.com\/product\/yoast-seo-wordpress\/ -->\n<title>Esportiu - Didactia<\/title>\n<meta name=\"robots\" content=\"index, follow, max-snippet:-1, max-image-preview:large, max-video-preview:-1\" \/>\n<link rel=\"canonical\" href=\"https:\/\/www.didactiaweb.com\/es\/material\/esportiu-4\/\" \/>\n<meta property=\"og:locale\" content=\"es_ES\" \/>\n<meta property=\"og:type\" content=\"article\" \/>\n<meta property=\"og:title\" content=\"Esportiu - Didactia\" \/>\n<meta property=\"og:url\" content=\"https:\/\/www.didactiaweb.com\/es\/material\/esportiu-4\/\" \/>\n<meta property=\"og:site_name\" content=\"Didactia\" \/>\n<meta property=\"article:modified_time\" content=\"2024-03-13T09:12:59+00:00\" \/>\n<meta name=\"twitter:card\" content=\"summary_large_image\" \/>\n<meta name=\"twitter:label1\" content=\"Tiempo de lectura\" \/>\n\t<meta name=\"twitter:data1\" content=\"1 minuto\" \/>\n<script type=\"application\/ld+json\" class=\"yoast-schema-graph\">{\"@context\":\"https:\/\/schema.org\",\"@graph\":[{\"@type\":\"WebPage\",\"@id\":\"https:\/\/www.didactiaweb.com\/material\/esportiu-4\/\",\"url\":\"https:\/\/www.didactiaweb.com\/material\/esportiu-4\/\",\"name\":\"Esportiu - Didactia\",\"isPartOf\":{\"@id\":\"https:\/\/www.didactiaweb.com\/#website\"},\"datePublished\":\"2020-04-06T17:16:56+00:00\",\"dateModified\":\"2024-03-13T09:12:59+00:00\",\"breadcrumb\":{\"@id\":\"https:\/\/www.didactiaweb.com\/material\/esportiu-4\/#breadcrumb\"},\"inLanguage\":\"es\",\"potentialAction\":[{\"@type\":\"ReadAction\",\"target\":[\"https:\/\/www.didactiaweb.com\/material\/esportiu-4\/\"]}]},{\"@type\":\"BreadcrumbList\",\"@id\":\"https:\/\/www.didactiaweb.com\/material\/esportiu-4\/#breadcrumb\",\"itemListElement\":[{\"@type\":\"ListItem\",\"position\":1,\"name\":\"Inici\",\"item\":\"https:\/\/www.didactiaweb.com\/\"},{\"@type\":\"ListItem\",\"position\":2,\"name\":\"Material\",\"item\":\"https:\/\/www.didactiaweb.com\/material\/\"},{\"@type\":\"ListItem\",\"position\":3,\"name\":\"Esportiu\"}]},{\"@type\":\"WebSite\",\"@id\":\"https:\/\/www.didactiaweb.com\/#website\",\"url\":\"https:\/\/www.didactiaweb.com\/\",\"name\":\"Didactia\",\"description\":\"Prove\u00efdor Integral\",\"publisher\":{\"@id\":\"https:\/\/www.didactiaweb.com\/#organization\"},\"potentialAction\":[{\"@type\":\"SearchAction\",\"target\":{\"@type\":\"EntryPoint\",\"urlTemplate\":\"https:\/\/www.didactiaweb.com\/?s={search_term_string}\"},\"query-input\":{\"@type\":\"PropertyValueSpecification\",\"valueRequired\":true,\"valueName\":\"search_term_string\"}}],\"inLanguage\":\"es\"},{\"@type\":\"Organization\",\"@id\":\"https:\/\/www.didactiaweb.com\/#organization\",\"name\":\"Didactia Proveedor Integral S.L.\",\"url\":\"https:\/\/www.didactiaweb.com\/\",\"logo\":{\"@type\":\"ImageObject\",\"inLanguage\":\"es\",\"@id\":\"https:\/\/www.didactiaweb.com\/#\/schema\/logo\/image\/\",\"url\":\"https:\/\/www.didactiaweb.com\/wp-content\/uploads\/2020\/03\/logo.png\",\"contentUrl\":\"https:\/\/www.didactiaweb.com\/wp-content\/uploads\/2020\/03\/logo.png\",\"width\":230,\"height\":63,\"caption\":\"Didactia Proveedor Integral S.L.\"},\"image\":{\"@id\":\"https:\/\/www.didactiaweb.com\/#\/schema\/logo\/image\/\"}}]}<\/script>\n<!-- \/ Yoast SEO plugin. -->","yoast_head_json":{"title":"Esportiu - Didactia","robots":{"index":"index","follow":"follow","max-snippet":"max-snippet:-1","max-image-preview":"max-image-preview:large","max-video-preview":"max-video-preview:-1"},"canonical":"https:\/\/www.didactiaweb.com\/es\/material\/esportiu-4\/","og_locale":"es_ES","og_type":"article","og_title":"Esportiu - Didactia","og_url":"https:\/\/www.didactiaweb.com\/es\/material\/esportiu-4\/","og_site_name":"Didactia","article_modified_time":"2024-03-13T09:12:59+00:00","twitter_card":"summary_large_image","twitter_misc":{"Tiempo de lectura":"1 minuto"},"schema":{"@context":"https:\/\/schema.org","@graph":[{"@type":"WebPage","@id":"https:\/\/www.didactiaweb.com\/material\/esportiu-4\/","url":"https:\/\/www.didactiaweb.com\/material\/esportiu-4\/","name":"Esportiu - Didactia","isPartOf":{"@id":"https:\/\/www.didactiaweb.com\/#website"},"datePublished":"2020-04-06T17:16:56+00:00","dateModified":"2024-03-13T09:12:59+00:00","breadcrumb":{"@id":"https:\/\/www.didactiaweb.com\/material\/esportiu-4\/#breadcrumb"},"inLanguage":"es","potentialAction":[{"@type":"ReadAction","target":["https:\/\/www.didactiaweb.com\/material\/esportiu-4\/"]}]},{"@type":"BreadcrumbList","@id":"https:\/\/www.didactiaweb.com\/material\/esportiu-4\/#breadcrumb","itemListElement":[{"@type":"ListItem","position":1,"name":"Inici","item":"https:\/\/www.didactiaweb.com\/"},{"@type":"ListItem","position":2,"name":"Material","item":"https:\/\/www.didactiaweb.com\/material\/"},{"@type":"ListItem","position":3,"name":"Esportiu"}]},{"@type":"WebSite","@id":"https:\/\/www.didactiaweb.com\/#website","url":"https:\/\/www.didactiaweb.com\/","name":"Didactia","description":"Prove\u00efdor Integral","publisher":{"@id":"https:\/\/www.didactiaweb.com\/#organization"},"potentialAction":[{"@type":"SearchAction","target":{"@type":"EntryPoint","urlTemplate":"https:\/\/www.didactiaweb.com\/?s={search_term_string}"},"query-input":{"@type":"PropertyValueSpecification","valueRequired":true,"valueName":"search_term_string"}}],"inLanguage":"es"},{"@type":"Organization","@id":"https:\/\/www.didactiaweb.com\/#organization","name":"Didactia Proveedor Integral S.L.","url":"https:\/\/www.didactiaweb.com\/","logo":{"@type":"ImageObject","inLanguage":"es","@id":"https:\/\/www.didactiaweb.com\/#\/schema\/logo\/image\/","url":"https:\/\/www.didactiaweb.com\/wp-content\/uploads\/2020\/03\/logo.png","contentUrl":"https:\/\/www.didactiaweb.com\/wp-content\/uploads\/2020\/03\/logo.png","width":230,"height":63,"caption":"Didactia Proveedor Integral S.L."},"image":{"@id":"https:\/\/www.didactiaweb.com\/#\/schema\/logo\/image\/"}}]}},"_links":{"self":[{"href":"https:\/\/www.didactiaweb.com\/es\/wp-json\/wp\/v2\/pages\/3771","targetHints":{"allow":["GET"]}}],"collection":[{"href":"https:\/\/www.didactiaweb.com\/es\/wp-json\/wp\/v2\/pages"}],"about":[{"href":"https:\/\/www.didactiaweb.com\/es\/wp-json\/wp\/v2\/types\/page"}],"author":[{"embeddable":true,"href":"https:\/\/www.didactiaweb.com\/es\/wp-json\/wp\/v2\/users\/1"}],"replies":[{"embeddable":true,"href":"https:\/\/www.didactiaweb.com\/es\/wp-json\/wp\/v2\/comments?post=3771"}],"version-history":[{"count":12,"href":"https:\/\/www.didactiaweb.com\/es\/wp-json\/wp\/v2\/pages\/3771\/revisions"}],"predecessor-version":[{"id":6331,"href":"https:\/\/www.didactiaweb.com\/es\/wp-json\/wp\/v2\/pages\/3771\/revisions\/6331"}],"up":[{"embeddable":true,"href":"https:\/\/www.didactiaweb.com\/es\/wp-json\/wp\/v2\/pages\/2902"}],"wp:attachment":[{"href":"https:\/\/www.didactiaweb.com\/es\/wp-json\/wp\/v2\/media?parent=3771"}],"curies":[{"name":"wp","href":"https:\/\/api.w.org\/{rel}","templated":true}]}}