{"id":3804,"date":"2020-04-08T18:30:08","date_gmt":"2020-04-08T16:30:08","guid":{"rendered":"https:\/\/www.didactiaweb.com\/?page_id=3804"},"modified":"2024-03-13T13:08:47","modified_gmt":"2024-03-13T11:08:47","slug":"equipament-1a-etapa","status":"publish","type":"page","link":"https:\/\/www.didactiaweb.com\/es\/equipament\/equipament-1a-etapa\/","title":{"rendered":"Primera etapa"},"content":{"rendered":"<div class=\"vc_row wpb_row vc_row-fluid\"><div class=\"wpb_column vc_column_container vc_col-sm-12\"><div class=\"vc_column-inner\"><div class=\"wpb_wrapper\"><div class=\"vc_empty_space\"   style=\"height: 52px\"><span class=\"vc_empty_space_inner\"><\/span><\/div><\/div><\/div><\/div><\/div><div class=\"vc_row wpb_row vc_row-fluid\"><div class=\"wpb_column vc_column_container vc_col-sm-3\"><div class=\"vc_column-inner\"><div class=\"wpb_wrapper\">\n\t<div class=\"wpb_text_column wpb_content_element\" >\n\t\t<div class=\"wpb_wrapper\">\n\t\t\t\t<div class=\"wpb_category_n_menu_accordion wpb_wmca_accordion_wrapper_theme_dark\" data-accordion=\"false\" data-indicator_icon=\"+\" data-iconclass=\"\">\n\t\t<ul id=\"menu-equipaments\" class=\"wpb_category_n_menu_accordion_list\"><li id=\"menu-item-4011\" class=\"menu-item menu-item-type-post_type menu-item-object-page menu-item-4011\"><a href=\"https:\/\/www.didactiaweb.com\/es\/equipament\/equipament-1a-etapa\/\">PRIMERA ETAPA<\/a><\/li>\n<li id=\"menu-item-4010\" class=\"menu-item menu-item-type-post_type menu-item-object-page menu-item-4010\"><a href=\"https:\/\/www.didactiaweb.com\/es\/equipament\/equipament-aula\/\">AULA<\/a><\/li>\n<li id=\"menu-item-4009\" class=\"menu-item menu-item-type-post_type menu-item-object-page menu-item-4009\"><a href=\"https:\/\/www.didactiaweb.com\/es\/equipament\/equipament-mobiliari-interior\/\">MOBILIARIO INTERIOR<\/a><\/li>\n<li id=\"menu-item-4018\" class=\"menu-item menu-item-type-post_type menu-item-object-page menu-item-4018\"><a href=\"https:\/\/www.didactiaweb.com\/es\/equipament\/maquines-doficina\/\">M\u00c1QUINAS DE OFICINA<\/a><\/li>\n<li id=\"menu-item-4037\" class=\"menu-item menu-item-type-post_type menu-item-object-page menu-item-4037\"><a href=\"https:\/\/www.didactiaweb.com\/es\/equipament\/proteccions\/\">PROTECCIONES<\/a><\/li>\n<li id=\"menu-item-4084\" class=\"menu-item menu-item-type-post_type menu-item-object-page menu-item-4084\"><a href=\"https:\/\/www.didactiaweb.com\/es\/equipament\/mobiliari-urba\/\">MOBILIARIO URBANO<\/a><\/li>\n<li id=\"menu-item-4099\" class=\"menu-item menu-item-type-post_type menu-item-object-page menu-item-4099\"><a href=\"https:\/\/www.didactiaweb.com\/es\/equipament\/parcs-infantils\/\">PARQUES INFANTILES<\/a><\/li>\n<li id=\"menu-item-4161\" class=\"menu-item menu-item-type-post_type menu-item-object-page menu-item-4161\"><a href=\"https:\/\/www.didactiaweb.com\/es\/equipament\/terra-de-seguretat\/\">SUELO DE SEGURIDAD<\/a><\/li>\n<li id=\"menu-item-4184\" class=\"menu-item menu-item-type-post_type menu-item-object-page menu-item-4184\"><a href=\"https:\/\/www.didactiaweb.com\/es\/equipament\/installacions-esportives\/\">INSTALACIONES DEPORTIVAS<\/a><\/li>\n<\/ul>\t<\/div>\n\n\n\t\t<\/div>\n\t<\/div>\n<\/div><\/div><\/div><div class=\"wpb_column vc_column_container vc_col-sm-9\"><div class=\"vc_column-inner vc_custom_1586172072836\"><div class=\"wpb_wrapper\">\n\t<div class=\"wpb_text_column wpb_content_element\" >\n\t\t<div class=\"wpb_wrapper\">\n\t\t\t<p>Las ni\u00f1as y ni\u00f1os necesitan espacios adecuados y materiales atractivos donde sus necesidades de socializaci\u00f3n, de afecto y de juego se tengan en cuenta.<br \/>\nEl mobiliario para guarder\u00edas debe cumplir con los requisitos normativos que hacen de las aulas un lugar seguro en el que los educadores puedan trabajar con los ni\u00f1os en esta etapa tan importante en su desarrollo ps\u00edquico y motor.<\/p>\n\n\t\t<\/div>\n\t<\/div>\n<div id=\"espaisjoc\" class=\"vc_row wpb_row vc_inner vc_row-fluid vc_custom_1586363734726\"><div class=\"wpb_column vc_column_container vc_col-sm-4\"><div class=\"vc_column-inner\"><div class=\"wpb_wrapper\">\n\t<div class=\"wpb_text_column wpb_content_element\" >\n\t\t<div class=\"wpb_wrapper\">\n\t\t\t<h3>ESPACIOS DE JUEGO<\/h3>\n<p>Estructuras<br \/>\nPaneles did\u00e1cticos<br \/>\nSeparadores y vallas<\/p>\n\n\t\t<\/div>\n\t<\/div>\n<\/div><\/div><\/div><div class=\"wpb_column vc_column_container vc_col-sm-4\"><div class=\"vc_column-inner\"><div class=\"wpb_wrapper\"><div class=\"vc_empty_space\"   style=\"height: 32px\"><span class=\"vc_empty_space_inner\"><\/span><\/div>\n\t<div  class=\"wpb_single_image wpb_content_element vc_align_left\">\n\t\t\n\t\t<figure class=\"wpb_wrapper vc_figure\">\n\t\t\t<div class=\"vc_single_image-wrapper   vc_box_border_grey\"><img loading=\"lazy\" decoding=\"async\" width=\"424\" height=\"238\" src=\"https:\/\/www.didactiaweb.com\/wp-content\/uploads\/2020\/04\/separadors.png\" class=\"vc_single_image-img attachment-full\" alt=\"\" srcset=\"https:\/\/www.didactiaweb.com\/wp-content\/uploads\/2020\/04\/separadors.png 424w, https:\/\/www.didactiaweb.com\/wp-content\/uploads\/2020\/04\/separadors-300x168.png 300w, https:\/\/www.didactiaweb.com\/wp-content\/uploads\/2020\/04\/separadors-120x67.png 120w\" sizes=\"auto, (max-width: 424px) 100vw, 424px\" \/><\/div>\n\t\t<\/figure>\n\t<\/div>\n<\/div><\/div><\/div><div class=\"wpb_column vc_column_container vc_col-sm-4\"><div class=\"vc_column-inner\"><div class=\"wpb_wrapper\">\n\t<div  class=\"wpb_single_image wpb_content_element vc_align_left\">\n\t\t\n\t\t<figure class=\"wpb_wrapper vc_figure\">\n\t\t\t<div class=\"vc_single_image-wrapper   vc_box_border_grey\"><img loading=\"lazy\" decoding=\"async\" width=\"417\" height=\"388\" src=\"https:\/\/www.didactiaweb.com\/wp-content\/uploads\/2024\/03\/ESTRUCTURA-FUSTA.jpg\" class=\"vc_single_image-img attachment-full\" alt=\"estructura de joc de fusta\" srcset=\"https:\/\/www.didactiaweb.com\/wp-content\/uploads\/2024\/03\/ESTRUCTURA-FUSTA.jpg 417w, https:\/\/www.didactiaweb.com\/wp-content\/uploads\/2024\/03\/ESTRUCTURA-FUSTA-300x279.jpg 300w, https:\/\/www.didactiaweb.com\/wp-content\/uploads\/2024\/03\/ESTRUCTURA-FUSTA-13x12.jpg 13w, https:\/\/www.didactiaweb.com\/wp-content\/uploads\/2024\/03\/ESTRUCTURA-FUSTA-97x90.jpg 97w\" sizes=\"auto, (max-width: 417px) 100vw, 417px\" \/><\/div>\n\t\t<\/figure>\n\t<\/div>\n<\/div><\/div><\/div><\/div><div class=\"vc_separator wpb_content_element vc_separator_align_center vc_sep_width_100 vc_sep_pos_align_center vc_separator_no_text vc_sep_color_grey vc_custom_1587377578077  vc_custom_1587377578077\" ><span class=\"vc_sep_holder vc_sep_holder_l\"><span  class=\"vc_sep_line\"><\/span><\/span><span class=\"vc_sep_holder vc_sep_holder_r\"><span  class=\"vc_sep_line\"><\/span><\/span>\n<\/div><div id=\"alimentacio\" class=\"vc_row wpb_row vc_inner vc_row-fluid vc_custom_1587739680045\"><div class=\"wpb_column vc_column_container vc_col-sm-4\"><div class=\"vc_column-inner\"><div class=\"wpb_wrapper\">\n\t<div class=\"wpb_text_column wpb_content_element\" >\n\t\t<div class=\"wpb_wrapper\">\n\t\t\t<h3>ALIMENTACI\u00d3N<\/h3>\n<p>Sillas<br \/>\nTronas<br \/>\nPlatos y cubiertos<br \/>\nBiberones y accesorios<br \/>\nBaberos<\/p>\n\n\t\t<\/div>\n\t<\/div>\n<\/div><\/div><\/div><div class=\"wpb_column vc_column_container vc_col-sm-4\"><div class=\"vc_column-inner\"><div class=\"wpb_wrapper\">\n\t<div  class=\"wpb_single_image wpb_content_element vc_align_center\">\n\t\t\n\t\t<figure class=\"wpb_wrapper vc_figure\">\n\t\t\t<div class=\"vc_single_image-wrapper   vc_box_border_grey\"><img loading=\"lazy\" decoding=\"async\" width=\"425\" height=\"395\" src=\"https:\/\/www.didactiaweb.com\/wp-content\/uploads\/2024\/03\/PLATS-I-COBERTS.jpg\" class=\"vc_single_image-img attachment-full\" alt=\"Plats i coberts infantils\" srcset=\"https:\/\/www.didactiaweb.com\/wp-content\/uploads\/2024\/03\/PLATS-I-COBERTS.jpg 425w, https:\/\/www.didactiaweb.com\/wp-content\/uploads\/2024\/03\/PLATS-I-COBERTS-300x279.jpg 300w, https:\/\/www.didactiaweb.com\/wp-content\/uploads\/2024\/03\/PLATS-I-COBERTS-13x12.jpg 13w, https:\/\/www.didactiaweb.com\/wp-content\/uploads\/2024\/03\/PLATS-I-COBERTS-97x90.jpg 97w\" sizes=\"auto, (max-width: 425px) 100vw, 425px\" \/><\/div>\n\t\t<\/figure>\n\t<\/div>\n<\/div><\/div><\/div><div class=\"wpb_column vc_column_container vc_col-sm-4\"><div class=\"vc_column-inner\"><div class=\"wpb_wrapper\">\n\t<div  class=\"wpb_single_image wpb_content_element vc_align_left\">\n\t\t\n\t\t<figure class=\"wpb_wrapper vc_figure\">\n\t\t\t<div class=\"vc_single_image-wrapper   vc_box_border_grey\"><img loading=\"lazy\" decoding=\"async\" width=\"450\" height=\"330\" src=\"https:\/\/www.didactiaweb.com\/wp-content\/uploads\/2024\/03\/TRONA-MIDA-BONA.png\" class=\"vc_single_image-img attachment-full\" alt=\"Trona infantil m\u00faltiple\" srcset=\"https:\/\/www.didactiaweb.com\/wp-content\/uploads\/2024\/03\/TRONA-MIDA-BONA.png 450w, https:\/\/www.didactiaweb.com\/wp-content\/uploads\/2024\/03\/TRONA-MIDA-BONA-300x220.png 300w, https:\/\/www.didactiaweb.com\/wp-content\/uploads\/2024\/03\/TRONA-MIDA-BONA-16x12.png 16w, https:\/\/www.didactiaweb.com\/wp-content\/uploads\/2024\/03\/TRONA-MIDA-BONA-120x88.png 120w\" sizes=\"auto, (max-width: 450px) 100vw, 450px\" \/><\/div>\n\t\t<\/figure>\n\t<\/div>\n<\/div><\/div><\/div><\/div><div class=\"vc_separator wpb_content_element vc_separator_align_center vc_sep_width_100 vc_sep_pos_align_center vc_separator_no_text vc_sep_color_grey vc_custom_1587377588228  vc_custom_1587377588228\" ><span class=\"vc_sep_holder vc_sep_holder_l\"><span  class=\"vc_sep_line\"><\/span><\/span><span class=\"vc_sep_holder vc_sep_holder_r\"><span  class=\"vc_sep_line\"><\/span><\/span>\n<\/div><div id=\"descans\" class=\"vc_row wpb_row vc_inner vc_row-fluid vc_custom_1587739675093\"><div class=\"wpb_column vc_column_container vc_col-sm-4\"><div class=\"vc_column-inner\"><div class=\"wpb_wrapper\">\n\t<div class=\"wpb_text_column wpb_content_element\" >\n\t\t<div class=\"wpb_wrapper\">\n\t\t\t<h3>DESCANSO<\/h3>\n<p>Cunas<br \/>\nColchones<br \/>\nCamitas apilables<br \/>\nS\u00e1banas y mantas<br \/>\nHamacas<br \/>\nVigila bebes<\/p>\n\n\t\t<\/div>\n\t<\/div>\n<\/div><\/div><\/div><div class=\"wpb_column vc_column_container vc_col-sm-4\"><div class=\"vc_column-inner\"><div class=\"wpb_wrapper\"><div class=\"vc_empty_space\"   style=\"height: 32px\"><span class=\"vc_empty_space_inner\"><\/span><\/div>\n\t<div  class=\"wpb_single_image wpb_content_element vc_align_left\">\n\t\t\n\t\t<figure class=\"wpb_wrapper vc_figure\">\n\t\t\t<div class=\"vc_single_image-wrapper   vc_box_border_grey\"><img loading=\"lazy\" decoding=\"async\" width=\"628\" height=\"253\" src=\"https:\/\/www.didactiaweb.com\/wp-content\/uploads\/2020\/04\/descans.png\" class=\"vc_single_image-img attachment-full\" alt=\"\" srcset=\"https:\/\/www.didactiaweb.com\/wp-content\/uploads\/2020\/04\/descans.png 628w, https:\/\/www.didactiaweb.com\/wp-content\/uploads\/2020\/04\/descans-300x121.png 300w, https:\/\/www.didactiaweb.com\/wp-content\/uploads\/2020\/04\/descans-560x226.png 560w, https:\/\/www.didactiaweb.com\/wp-content\/uploads\/2020\/04\/descans-120x48.png 120w\" sizes=\"auto, (max-width: 628px) 100vw, 628px\" \/><\/div>\n\t\t<\/figure>\n\t<\/div>\n<\/div><\/div><\/div><div class=\"wpb_column vc_column_container vc_col-sm-4\"><div class=\"vc_column-inner\"><div class=\"wpb_wrapper\">\n\t<div  class=\"wpb_single_image wpb_content_element vc_align_center\">\n\t\t\n\t\t<figure class=\"wpb_wrapper vc_figure\">\n\t\t\t<div class=\"vc_single_image-wrapper   vc_box_border_grey\"><img loading=\"lazy\" decoding=\"async\" width=\"481\" height=\"386\" src=\"https:\/\/www.didactiaweb.com\/wp-content\/uploads\/2020\/04\/descans-2.png\" class=\"vc_single_image-img attachment-full\" alt=\"\" srcset=\"https:\/\/www.didactiaweb.com\/wp-content\/uploads\/2020\/04\/descans-2.png 481w, https:\/\/www.didactiaweb.com\/wp-content\/uploads\/2020\/04\/descans-2-300x241.png 300w, https:\/\/www.didactiaweb.com\/wp-content\/uploads\/2020\/04\/descans-2-112x90.png 112w\" sizes=\"auto, (max-width: 481px) 100vw, 481px\" \/><\/div>\n\t\t<\/figure>\n\t<\/div>\n<\/div><\/div><\/div><\/div><div class=\"vc_separator wpb_content_element vc_separator_align_center vc_sep_width_100 vc_sep_pos_align_center vc_separator_no_text vc_sep_color_grey vc_custom_1587377596836  vc_custom_1587377596836\" ><span class=\"vc_sep_holder vc_sep_holder_l\"><span  class=\"vc_sep_line\"><\/span><\/span><span class=\"vc_sep_holder vc_sep_holder_r\"><span  class=\"vc_sep_line\"><\/span><\/span>\n<\/div><div id=\"higiene\" class=\"vc_row wpb_row vc_inner vc_row-fluid vc_custom_1587739668726\"><div class=\"wpb_column vc_column_container vc_col-sm-4\"><div class=\"vc_column-inner\"><div class=\"wpb_wrapper\">\n\t<div class=\"wpb_text_column wpb_content_element\" >\n\t\t<div class=\"wpb_wrapper\">\n\t\t\t<h3>HIGIENE<\/h3>\n<p>Cambiadores<br \/>\nContenedores de pa\u00f1ales<br \/>\nOrinales<br \/>\nDispensadores<\/p>\n\n\t\t<\/div>\n\t<\/div>\n<\/div><\/div><\/div><div class=\"wpb_column vc_column_container vc_col-sm-4\"><div class=\"vc_column-inner\"><div class=\"wpb_wrapper\">\n\t<div  class=\"wpb_single_image wpb_content_element vc_align_center\">\n\t\t\n\t\t<figure class=\"wpb_wrapper vc_figure\">\n\t\t\t<div class=\"vc_single_image-wrapper   vc_box_border_grey\"><img loading=\"lazy\" decoding=\"async\" width=\"322\" height=\"405\" src=\"https:\/\/www.didactiaweb.com\/wp-content\/uploads\/2020\/04\/higene2.png\" class=\"vc_single_image-img attachment-full\" alt=\"\" srcset=\"https:\/\/www.didactiaweb.com\/wp-content\/uploads\/2020\/04\/higene2.png 322w, https:\/\/www.didactiaweb.com\/wp-content\/uploads\/2020\/04\/higene2-239x300.png 239w, https:\/\/www.didactiaweb.com\/wp-content\/uploads\/2020\/04\/higene2-72x90.png 72w\" sizes=\"auto, (max-width: 322px) 100vw, 322px\" \/><\/div>\n\t\t<\/figure>\n\t<\/div>\n<\/div><\/div><\/div><div class=\"wpb_column vc_column_container vc_col-sm-4\"><div class=\"vc_column-inner\"><div class=\"wpb_wrapper\">\n\t<div  class=\"wpb_single_image wpb_content_element vc_align_left\">\n\t\t\n\t\t<figure class=\"wpb_wrapper vc_figure\">\n\t\t\t<div class=\"vc_single_image-wrapper   vc_box_border_grey\"><img loading=\"lazy\" decoding=\"async\" width=\"322\" height=\"405\" src=\"https:\/\/www.didactiaweb.com\/wp-content\/uploads\/2020\/04\/higene.png\" class=\"vc_single_image-img attachment-full\" alt=\"\" srcset=\"https:\/\/www.didactiaweb.com\/wp-content\/uploads\/2020\/04\/higene.png 322w, https:\/\/www.didactiaweb.com\/wp-content\/uploads\/2020\/04\/higene-239x300.png 239w, https:\/\/www.didactiaweb.com\/wp-content\/uploads\/2020\/04\/higene-72x90.png 72w\" sizes=\"auto, (max-width: 322px) 100vw, 322px\" \/><\/div>\n\t\t<\/figure>\n\t<\/div>\n<\/div><\/div><\/div><\/div><div class=\"vc_separator wpb_content_element vc_separator_align_center vc_sep_width_100 vc_sep_pos_align_center vc_separator_no_text vc_sep_color_grey vc_custom_1587377596836  vc_custom_1587377596836\" ><span class=\"vc_sep_holder vc_sep_holder_l\"><span  class=\"vc_sep_line\"><\/span><\/span><span class=\"vc_sep_holder vc_sep_holder_r\"><span  class=\"vc_sep_line\"><\/span><\/span>\n<\/div><div class=\"vc_row wpb_row vc_inner vc_row-fluid vc_custom_1710327284745 vc_row-has-fill\"><div class=\"wpb_column vc_column_container vc_col-sm-8\"><div class=\"vc_column-inner\"><div class=\"wpb_wrapper\">\n\t<div class=\"wpb_text_column wpb_content_element\" >\n\t\t<div class=\"wpb_wrapper\">\n\t\t\t<h3 style=\"text-align: center;\">\u00bfQuieres ver los catalogos de equipamiento para primera etapa?<\/h3>\n\n\t\t<\/div>\n\t<\/div>\n<\/div><\/div><\/div><div class=\"wpb_column vc_column_container vc_col-sm-4\"><div class=\"vc_column-inner\"><div class=\"wpb_wrapper\"><div class=\"vc_btn3-container vc_btn3-center\" ><a class=\"vc_general vc_btn3 vc_btn3-size-md vc_btn3-shape-rounded vc_btn3-style-modern vc_btn3-color-white\" href=\"https:\/\/www.didactiaweb.com\/es\/zona-privada-login\/\" title=\"\" target=\"_blank\">LOS ENCONTRARAS AQU\u00cd<\/a><\/div><\/div><\/div><\/div><\/div><\/div><\/div><\/div><\/div><div class=\"vc_row wpb_row vc_row-fluid\"><div class=\"wpb_column vc_column_container vc_col-sm-12\"><div class=\"vc_column-inner\"><div class=\"wpb_wrapper\"><div class=\"vc_empty_space\"   style=\"height: 32px\"><span class=\"vc_empty_space_inner\"><\/span><\/div><\/div><\/div><\/div><\/div>","protected":false},"excerpt":{"rendered":"PRIMERA ETAPA AULA MOBILIARI INTERIOR M\u00c0QUINES D&#8217;OFICINA PROTECCIONS MOBILIARI URB\u00c0 PARCS INFANTILS TERRA DE SEGURETAT INSTAL\u00b7LACIONS ESPORTIVES Les nenes i nens necessiten espais adients i materials atractius en els quals les seves necessitats de socialitzaci\u00f3, d\u2019afecte i de joc es tinguin en compte. El mobiliari per a les llars d\u2019infants ha de complir amb els [...]","protected":false},"author":1,"featured_media":0,"parent":3523,"menu_order":0,"comment_status":"closed","ping_status":"closed","template":"","meta":{"footnotes":""},"class_list":["post-3804","page","type-page","status-publish","hentry"],"yoast_head":"<!-- This site is optimized with the Yoast SEO plugin v26.8 - https:\/\/yoast.com\/product\/yoast-seo-wordpress\/ -->\n<title>Primera etapa - Didactia<\/title>\n<meta name=\"description\" content=\"Espais adients i atractius de joc. Equipament per a l&#039;alimentaci\u00f3, el descans i la higiene. Mobiliari adequat per als educadors i els infants\" \/>\n<meta name=\"robots\" content=\"index, follow, max-snippet:-1, max-image-preview:large, max-video-preview:-1\" \/>\n<link rel=\"canonical\" href=\"https:\/\/www.didactiaweb.com\/es\/equipament\/equipament-1a-etapa\/\" \/>\n<meta property=\"og:locale\" content=\"es_ES\" \/>\n<meta property=\"og:type\" content=\"article\" \/>\n<meta property=\"og:title\" content=\"Primera etapa - Didactia\" \/>\n<meta property=\"og:description\" content=\"Espais adients i atractius de joc. Equipament per a l&#039;alimentaci\u00f3, el descans i la higiene. Mobiliari adequat per als educadors i els infants\" \/>\n<meta property=\"og:url\" content=\"https:\/\/www.didactiaweb.com\/es\/equipament\/equipament-1a-etapa\/\" \/>\n<meta property=\"og:site_name\" content=\"Didactia\" \/>\n<meta property=\"article:modified_time\" content=\"2024-03-13T11:08:47+00:00\" \/>\n<meta name=\"twitter:card\" content=\"summary_large_image\" \/>\n<meta name=\"twitter:label1\" content=\"Tiempo de lectura\" \/>\n\t<meta name=\"twitter:data1\" content=\"2 minutos\" \/>\n<script type=\"application\/ld+json\" class=\"yoast-schema-graph\">{\"@context\":\"https:\/\/schema.org\",\"@graph\":[{\"@type\":\"WebPage\",\"@id\":\"https:\/\/www.didactiaweb.com\/equipament\/equipament-1a-etapa\/\",\"url\":\"https:\/\/www.didactiaweb.com\/equipament\/equipament-1a-etapa\/\",\"name\":\"Primera etapa - Didactia\",\"isPartOf\":{\"@id\":\"https:\/\/www.didactiaweb.com\/#website\"},\"datePublished\":\"2020-04-08T16:30:08+00:00\",\"dateModified\":\"2024-03-13T11:08:47+00:00\",\"description\":\"Espais adients i atractius de joc. Equipament per a l'alimentaci\u00f3, el descans i la higiene. Mobiliari adequat per als educadors i els infants\",\"breadcrumb\":{\"@id\":\"https:\/\/www.didactiaweb.com\/equipament\/equipament-1a-etapa\/#breadcrumb\"},\"inLanguage\":\"es\",\"potentialAction\":[{\"@type\":\"ReadAction\",\"target\":[\"https:\/\/www.didactiaweb.com\/equipament\/equipament-1a-etapa\/\"]}]},{\"@type\":\"BreadcrumbList\",\"@id\":\"https:\/\/www.didactiaweb.com\/equipament\/equipament-1a-etapa\/#breadcrumb\",\"itemListElement\":[{\"@type\":\"ListItem\",\"position\":1,\"name\":\"Inici\",\"item\":\"https:\/\/www.didactiaweb.com\/\"},{\"@type\":\"ListItem\",\"position\":2,\"name\":\"Equipament\",\"item\":\"https:\/\/www.didactiaweb.com\/equipament\/\"},{\"@type\":\"ListItem\",\"position\":3,\"name\":\"Primera etapa\"}]},{\"@type\":\"WebSite\",\"@id\":\"https:\/\/www.didactiaweb.com\/#website\",\"url\":\"https:\/\/www.didactiaweb.com\/\",\"name\":\"Didactia\",\"description\":\"Prove\u00efdor Integral\",\"publisher\":{\"@id\":\"https:\/\/www.didactiaweb.com\/#organization\"},\"potentialAction\":[{\"@type\":\"SearchAction\",\"target\":{\"@type\":\"EntryPoint\",\"urlTemplate\":\"https:\/\/www.didactiaweb.com\/?s={search_term_string}\"},\"query-input\":{\"@type\":\"PropertyValueSpecification\",\"valueRequired\":true,\"valueName\":\"search_term_string\"}}],\"inLanguage\":\"es\"},{\"@type\":\"Organization\",\"@id\":\"https:\/\/www.didactiaweb.com\/#organization\",\"name\":\"Didactia Proveedor Integral S.L.\",\"url\":\"https:\/\/www.didactiaweb.com\/\",\"logo\":{\"@type\":\"ImageObject\",\"inLanguage\":\"es\",\"@id\":\"https:\/\/www.didactiaweb.com\/#\/schema\/logo\/image\/\",\"url\":\"https:\/\/www.didactiaweb.com\/wp-content\/uploads\/2020\/03\/logo.png\",\"contentUrl\":\"https:\/\/www.didactiaweb.com\/wp-content\/uploads\/2020\/03\/logo.png\",\"width\":230,\"height\":63,\"caption\":\"Didactia Proveedor Integral S.L.\"},\"image\":{\"@id\":\"https:\/\/www.didactiaweb.com\/#\/schema\/logo\/image\/\"}}]}<\/script>\n<!-- \/ Yoast SEO plugin. -->","yoast_head_json":{"title":"Primera etapa - Didactia","description":"Espais adients i atractius de joc. Equipament per a l'alimentaci\u00f3, el descans i la higiene. Mobiliari adequat per als educadors i els infants","robots":{"index":"index","follow":"follow","max-snippet":"max-snippet:-1","max-image-preview":"max-image-preview:large","max-video-preview":"max-video-preview:-1"},"canonical":"https:\/\/www.didactiaweb.com\/es\/equipament\/equipament-1a-etapa\/","og_locale":"es_ES","og_type":"article","og_title":"Primera etapa - Didactia","og_description":"Espais adients i atractius de joc. Equipament per a l'alimentaci\u00f3, el descans i la higiene. Mobiliari adequat per als educadors i els infants","og_url":"https:\/\/www.didactiaweb.com\/es\/equipament\/equipament-1a-etapa\/","og_site_name":"Didactia","article_modified_time":"2024-03-13T11:08:47+00:00","twitter_card":"summary_large_image","twitter_misc":{"Tiempo de lectura":"2 minutos"},"schema":{"@context":"https:\/\/schema.org","@graph":[{"@type":"WebPage","@id":"https:\/\/www.didactiaweb.com\/equipament\/equipament-1a-etapa\/","url":"https:\/\/www.didactiaweb.com\/equipament\/equipament-1a-etapa\/","name":"Primera etapa - Didactia","isPartOf":{"@id":"https:\/\/www.didactiaweb.com\/#website"},"datePublished":"2020-04-08T16:30:08+00:00","dateModified":"2024-03-13T11:08:47+00:00","description":"Espais adients i atractius de joc. Equipament per a l'alimentaci\u00f3, el descans i la higiene. Mobiliari adequat per als educadors i els infants","breadcrumb":{"@id":"https:\/\/www.didactiaweb.com\/equipament\/equipament-1a-etapa\/#breadcrumb"},"inLanguage":"es","potentialAction":[{"@type":"ReadAction","target":["https:\/\/www.didactiaweb.com\/equipament\/equipament-1a-etapa\/"]}]},{"@type":"BreadcrumbList","@id":"https:\/\/www.didactiaweb.com\/equipament\/equipament-1a-etapa\/#breadcrumb","itemListElement":[{"@type":"ListItem","position":1,"name":"Inici","item":"https:\/\/www.didactiaweb.com\/"},{"@type":"ListItem","position":2,"name":"Equipament","item":"https:\/\/www.didactiaweb.com\/equipament\/"},{"@type":"ListItem","position":3,"name":"Primera etapa"}]},{"@type":"WebSite","@id":"https:\/\/www.didactiaweb.com\/#website","url":"https:\/\/www.didactiaweb.com\/","name":"Didactia","description":"Prove\u00efdor Integral","publisher":{"@id":"https:\/\/www.didactiaweb.com\/#organization"},"potentialAction":[{"@type":"SearchAction","target":{"@type":"EntryPoint","urlTemplate":"https:\/\/www.didactiaweb.com\/?s={search_term_string}"},"query-input":{"@type":"PropertyValueSpecification","valueRequired":true,"valueName":"search_term_string"}}],"inLanguage":"es"},{"@type":"Organization","@id":"https:\/\/www.didactiaweb.com\/#organization","name":"Didactia Proveedor Integral S.L.","url":"https:\/\/www.didactiaweb.com\/","logo":{"@type":"ImageObject","inLanguage":"es","@id":"https:\/\/www.didactiaweb.com\/#\/schema\/logo\/image\/","url":"https:\/\/www.didactiaweb.com\/wp-content\/uploads\/2020\/03\/logo.png","contentUrl":"https:\/\/www.didactiaweb.com\/wp-content\/uploads\/2020\/03\/logo.png","width":230,"height":63,"caption":"Didactia Proveedor Integral S.L."},"image":{"@id":"https:\/\/www.didactiaweb.com\/#\/schema\/logo\/image\/"}}]}},"_links":{"self":[{"href":"https:\/\/www.didactiaweb.com\/es\/wp-json\/wp\/v2\/pages\/3804","targetHints":{"allow":["GET"]}}],"collection":[{"href":"https:\/\/www.didactiaweb.com\/es\/wp-json\/wp\/v2\/pages"}],"about":[{"href":"https:\/\/www.didactiaweb.com\/es\/wp-json\/wp\/v2\/types\/page"}],"author":[{"embeddable":true,"href":"https:\/\/www.didactiaweb.com\/es\/wp-json\/wp\/v2\/users\/1"}],"replies":[{"embeddable":true,"href":"https:\/\/www.didactiaweb.com\/es\/wp-json\/wp\/v2\/comments?post=3804"}],"version-history":[{"count":26,"href":"https:\/\/www.didactiaweb.com\/es\/wp-json\/wp\/v2\/pages\/3804\/revisions"}],"predecessor-version":[{"id":6343,"href":"https:\/\/www.didactiaweb.com\/es\/wp-json\/wp\/v2\/pages\/3804\/revisions\/6343"}],"up":[{"embeddable":true,"href":"https:\/\/www.didactiaweb.com\/es\/wp-json\/wp\/v2\/pages\/3523"}],"wp:attachment":[{"href":"https:\/\/www.didactiaweb.com\/es\/wp-json\/wp\/v2\/media?parent=3804"}],"curies":[{"name":"wp","href":"https:\/\/api.w.org\/{rel}","templated":true}]}}