{"id":4015,"date":"2020-04-20T17:23:49","date_gmt":"2020-04-20T15:23:49","guid":{"rendered":"https:\/\/www.didactiaweb.com\/?page_id=4015"},"modified":"2024-03-15T15:57:17","modified_gmt":"2024-03-15T13:57:17","slug":"maquines-doficina","status":"publish","type":"page","link":"https:\/\/www.didactiaweb.com\/es\/equipament\/maquines-doficina\/","title":{"rendered":"M\u00e0quines d&#8217;oficina"},"content":{"rendered":"<div class=\"vc_row wpb_row vc_row-fluid\"><div class=\"wpb_column vc_column_container vc_col-sm-12\"><div class=\"vc_column-inner\"><div class=\"wpb_wrapper\"><div class=\"vc_empty_space\"   style=\"height: 52px\"><span class=\"vc_empty_space_inner\"><\/span><\/div><\/div><\/div><\/div><\/div><div class=\"vc_row wpb_row vc_row-fluid\"><div class=\"wpb_column vc_column_container vc_col-sm-3\"><div class=\"vc_column-inner\"><div class=\"wpb_wrapper\">\n\t<div class=\"wpb_text_column wpb_content_element\" >\n\t\t<div class=\"wpb_wrapper\">\n\t\t\t\t<div class=\"wpb_category_n_menu_accordion wpb_wmca_accordion_wrapper_theme_dark\" data-accordion=\"false\" data-indicator_icon=\"+\" data-iconclass=\"\">\n\t\t<ul id=\"menu-equipaments\" class=\"wpb_category_n_menu_accordion_list\"><li id=\"menu-item-4011\" class=\"menu-item menu-item-type-post_type menu-item-object-page menu-item-4011\"><a href=\"https:\/\/www.didactiaweb.com\/es\/equipament\/equipament-1a-etapa\/\">PRIMERA ETAPA<\/a><\/li>\n<li id=\"menu-item-4010\" class=\"menu-item menu-item-type-post_type menu-item-object-page menu-item-4010\"><a href=\"https:\/\/www.didactiaweb.com\/es\/equipament\/equipament-aula\/\">AULA<\/a><\/li>\n<li id=\"menu-item-4009\" class=\"menu-item menu-item-type-post_type menu-item-object-page menu-item-4009\"><a href=\"https:\/\/www.didactiaweb.com\/es\/equipament\/equipament-mobiliari-interior\/\">MOBILIARIO INTERIOR<\/a><\/li>\n<li id=\"menu-item-4018\" class=\"menu-item menu-item-type-post_type menu-item-object-page menu-item-4018\"><a href=\"https:\/\/www.didactiaweb.com\/es\/equipament\/maquines-doficina\/\">M\u00c1QUINAS DE OFICINA<\/a><\/li>\n<li id=\"menu-item-4037\" class=\"menu-item menu-item-type-post_type menu-item-object-page menu-item-4037\"><a href=\"https:\/\/www.didactiaweb.com\/es\/equipament\/proteccions\/\">PROTECCIONES<\/a><\/li>\n<li id=\"menu-item-4084\" class=\"menu-item menu-item-type-post_type menu-item-object-page menu-item-4084\"><a href=\"https:\/\/www.didactiaweb.com\/es\/equipament\/mobiliari-urba\/\">MOBILIARIO URBANO<\/a><\/li>\n<li id=\"menu-item-4099\" class=\"menu-item menu-item-type-post_type menu-item-object-page menu-item-4099\"><a href=\"https:\/\/www.didactiaweb.com\/es\/equipament\/parcs-infantils\/\">PARQUES INFANTILES<\/a><\/li>\n<li id=\"menu-item-4161\" class=\"menu-item menu-item-type-post_type menu-item-object-page menu-item-4161\"><a href=\"https:\/\/www.didactiaweb.com\/es\/equipament\/terra-de-seguretat\/\">SUELO DE SEGURIDAD<\/a><\/li>\n<li id=\"menu-item-4184\" class=\"menu-item menu-item-type-post_type menu-item-object-page menu-item-4184\"><a href=\"https:\/\/www.didactiaweb.com\/es\/equipament\/installacions-esportives\/\">INSTALACIONES DEPORTIVAS<\/a><\/li>\n<\/ul>\t<\/div>\n\n\n\t\t<\/div>\n\t<\/div>\n<\/div><\/div><\/div><div class=\"wpb_column vc_column_container vc_col-sm-9\"><div class=\"vc_column-inner vc_custom_1586172072836\"><div class=\"wpb_wrapper\">\n\t<div class=\"wpb_text_column wpb_content_element\" >\n\t\t<div class=\"wpb_wrapper\">\n\t\t\t<p>Las m\u00e1quinas de oficina son esenciales para el buen funcionamiento de las escuelas y empresas. Nos dan comodidad y seguridad cuando hay que destruir documentos, encuadernar informes, plastificar papel, etc.<\/p>\n<p>Son herramientas que pueden ayudar a reducir costes y ahorrar tiempo. Tenemos maquinaria adecuada a cada tipo de actividad para hacer que tu trabajo sea m\u00e1s productivo.<\/p>\n\n\t\t<\/div>\n\t<\/div>\n<div class=\"vc_row wpb_row vc_inner vc_row-fluid\"><div class=\"wpb_column vc_column_container vc_col-sm-4\"><div class=\"vc_column-inner\"><div class=\"wpb_wrapper\">\n\t<div class=\"wpb_text_column wpb_content_element\" >\n\t\t<div class=\"wpb_wrapper\">\n\t\t\t<h3 style=\"text-align: center;\">ENCUADERNADORAS<\/h3>\n\n\t\t<\/div>\n\t<\/div>\n\n\t<div  class=\"wpb_single_image wpb_content_element vc_align_left\">\n\t\t\n\t\t<figure class=\"wpb_wrapper vc_figure\">\n\t\t\t<div class=\"vc_single_image-wrapper   vc_box_border_grey\"><img loading=\"lazy\" decoding=\"async\" width=\"387\" height=\"328\" src=\"https:\/\/www.didactiaweb.com\/wp-content\/uploads\/2020\/04\/encuadernadora.jpg\" class=\"vc_single_image-img attachment-full\" alt=\"\" srcset=\"https:\/\/www.didactiaweb.com\/wp-content\/uploads\/2020\/04\/encuadernadora.jpg 387w, https:\/\/www.didactiaweb.com\/wp-content\/uploads\/2020\/04\/encuadernadora-300x254.jpg 300w, https:\/\/www.didactiaweb.com\/wp-content\/uploads\/2020\/04\/encuadernadora-106x90.jpg 106w\" sizes=\"auto, (max-width: 387px) 100vw, 387px\" \/><\/div>\n\t\t<\/figure>\n\t<\/div>\n<\/div><\/div><\/div><div class=\"wpb_column vc_column_container vc_col-sm-4\"><div class=\"vc_column-inner\"><div class=\"wpb_wrapper\">\n\t<div class=\"wpb_text_column wpb_content_element\" >\n\t\t<div class=\"wpb_wrapper\">\n\t\t\t<h3 style=\"text-align: center;\">PLASTIFICADORAS<\/h3>\n\n\t\t<\/div>\n\t<\/div>\n\n\t<div  class=\"wpb_single_image wpb_content_element vc_align_left\">\n\t\t\n\t\t<figure class=\"wpb_wrapper vc_figure\">\n\t\t\t<div class=\"vc_single_image-wrapper   vc_box_border_grey\"><img loading=\"lazy\" decoding=\"async\" width=\"399\" height=\"328\" src=\"https:\/\/www.didactiaweb.com\/wp-content\/uploads\/2020\/04\/plastificadora.jpg\" class=\"vc_single_image-img attachment-full\" alt=\"\" srcset=\"https:\/\/www.didactiaweb.com\/wp-content\/uploads\/2020\/04\/plastificadora.jpg 399w, https:\/\/www.didactiaweb.com\/wp-content\/uploads\/2020\/04\/plastificadora-300x247.jpg 300w, https:\/\/www.didactiaweb.com\/wp-content\/uploads\/2020\/04\/plastificadora-109x90.jpg 109w\" sizes=\"auto, (max-width: 399px) 100vw, 399px\" \/><\/div>\n\t\t<\/figure>\n\t<\/div>\n<\/div><\/div><\/div><div class=\"wpb_column vc_column_container vc_col-sm-4\"><div class=\"vc_column-inner\"><div class=\"wpb_wrapper\">\n\t<div class=\"wpb_text_column wpb_content_element\" >\n\t\t<div class=\"wpb_wrapper\">\n\t\t\t<h3 style=\"text-align: center;\">CIZALLAS Y GUILLOTINAS<\/h3>\n\n\t\t<\/div>\n\t<\/div>\n\n\t<div  class=\"wpb_single_image wpb_content_element vc_align_left\">\n\t\t\n\t\t<figure class=\"wpb_wrapper vc_figure\">\n\t\t\t<div class=\"vc_single_image-wrapper   vc_box_border_grey\"><img loading=\"lazy\" decoding=\"async\" width=\"459\" height=\"284\" src=\"https:\/\/www.didactiaweb.com\/wp-content\/uploads\/2020\/04\/guillotina-i-cisalla.jpg\" class=\"vc_single_image-img attachment-full\" alt=\"\" srcset=\"https:\/\/www.didactiaweb.com\/wp-content\/uploads\/2020\/04\/guillotina-i-cisalla.jpg 459w, https:\/\/www.didactiaweb.com\/wp-content\/uploads\/2020\/04\/guillotina-i-cisalla-300x186.jpg 300w, https:\/\/www.didactiaweb.com\/wp-content\/uploads\/2020\/04\/guillotina-i-cisalla-120x74.jpg 120w\" sizes=\"auto, (max-width: 459px) 100vw, 459px\" \/><\/div>\n\t\t<\/figure>\n\t<\/div>\n<\/div><\/div><\/div><\/div><div class=\"vc_separator wpb_content_element vc_separator_align_center vc_sep_width_100 vc_sep_pos_align_center vc_separator_no_text vc_sep_color_grey vc_custom_1587394000431  vc_custom_1587394000431\" ><span class=\"vc_sep_holder vc_sep_holder_l\"><span  class=\"vc_sep_line\"><\/span><\/span><span class=\"vc_sep_holder vc_sep_holder_r\"><span  class=\"vc_sep_line\"><\/span><\/span>\n<\/div>\n\t<div class=\"wpb_text_column wpb_content_element\" >\n\t\t<div class=\"wpb_wrapper\">\n\t\t\t<h2 class=\"rgpd\">ADAPTACI\u00d3N AL RGPD<\/h2>\n<h4>(REGLAMENTO GENERAL PARA LA PROTECCI\u00d3N DE DATOS)<\/h4>\n\n\t\t<\/div>\n\t<\/div>\n<div class=\"vc_empty_space\"   style=\"height: 32px\"><span class=\"vc_empty_space_inner\"><\/span><\/div><div class=\"vc_row wpb_row vc_inner vc_row-fluid\"><div class=\"wpb_column vc_column_container vc_col-sm-8\"><div class=\"vc_column-inner\"><div class=\"wpb_wrapper\">\n\t<div class=\"wpb_text_column wpb_content_element\" >\n\t\t<div class=\"wpb_wrapper\">\n\t\t\t<h3>DESTRUCTORAS DE PAPEL<\/h3>\n<p>Desde la llegada de la nueva RGPD es obligatorio destruir, y no s\u00f3lo tirar, los documentos que tengan datos sensibles de personas o empresas. Es por ello que disponemos de diferentes niveles de seguridad adecuados a cada necesidad: destructoras m\u00e1s peque\u00f1as para uso individual en despacho o con m\u00e1s capacidad para oficinas.<\/p>\n\n\t\t<\/div>\n\t<\/div>\n<\/div><\/div><\/div><div class=\"wpb_column vc_column_container vc_col-sm-4\"><div class=\"vc_column-inner\"><div class=\"wpb_wrapper\">\n\t<div  class=\"wpb_single_image wpb_content_element vc_align_left\">\n\t\t\n\t\t<figure class=\"wpb_wrapper vc_figure\">\n\t\t\t<div class=\"vc_single_image-wrapper   vc_box_border_grey\"><img loading=\"lazy\" decoding=\"async\" width=\"523\" height=\"356\" src=\"https:\/\/www.didactiaweb.com\/wp-content\/uploads\/2020\/04\/destructora.jpg\" class=\"vc_single_image-img attachment-full\" alt=\"\" srcset=\"https:\/\/www.didactiaweb.com\/wp-content\/uploads\/2020\/04\/destructora.jpg 523w, https:\/\/www.didactiaweb.com\/wp-content\/uploads\/2020\/04\/destructora-300x204.jpg 300w, https:\/\/www.didactiaweb.com\/wp-content\/uploads\/2020\/04\/destructora-120x82.jpg 120w\" sizes=\"auto, (max-width: 523px) 100vw, 523px\" \/><\/div>\n\t\t<\/figure>\n\t<\/div>\n<\/div><\/div><\/div><\/div><div class=\"vc_row wpb_row vc_inner vc_row-fluid\"><div class=\"wpb_column vc_column_container vc_col-sm-8\"><div class=\"vc_column-inner\"><div class=\"wpb_wrapper\">\n\t<div class=\"wpb_text_column wpb_content_element\" >\n\t\t<div class=\"wpb_wrapper\">\n\t\t\t<h3>ESC\u00c1NERS DE GESTI\u00d3N DOCUMENTAL<\/h3>\n<p>Permiten tener toda la documentaci\u00f3n centralizada en la red inform\u00e1tica de la empresa ahorrando una gran cantidad de espacio f\u00edsico. Estos esc\u00e1neres tienen alimentadores de entrada que permiten procesar una gran cantidad de documentos en muy poco tiempo.<\/p>\n\n\t\t<\/div>\n\t<\/div>\n<\/div><\/div><\/div><div class=\"wpb_column vc_column_container vc_col-sm-4\"><div class=\"vc_column-inner\"><div class=\"wpb_wrapper\">\n\t<div  class=\"wpb_single_image wpb_content_element vc_align_left\">\n\t\t\n\t\t<figure class=\"wpb_wrapper vc_figure\">\n\t\t\t<div class=\"vc_single_image-wrapper   vc_box_border_grey\"><img loading=\"lazy\" decoding=\"async\" width=\"523\" height=\"356\" src=\"https:\/\/www.didactiaweb.com\/wp-content\/uploads\/2020\/04\/escanner.jpg\" class=\"vc_single_image-img attachment-full\" alt=\"\" srcset=\"https:\/\/www.didactiaweb.com\/wp-content\/uploads\/2020\/04\/escanner.jpg 523w, https:\/\/www.didactiaweb.com\/wp-content\/uploads\/2020\/04\/escanner-300x204.jpg 300w, https:\/\/www.didactiaweb.com\/wp-content\/uploads\/2020\/04\/escanner-120x82.jpg 120w\" sizes=\"auto, (max-width: 523px) 100vw, 523px\" \/><\/div>\n\t\t<\/figure>\n\t<\/div>\n<\/div><\/div><\/div><\/div>\n\t<div class=\"wpb_text_column wpb_content_element\" >\n\t\t<div class=\"wpb_wrapper\">\n\t\t\t<h3>IMPRESORAS Y FOTOCOPIADORAS<\/h3>\n<p>Aseg\u00farate de que la informaci\u00f3n confidencial no se quede en la impresora, de modo que todo el mundo pueda verla, mediante el uso de las funciones de seguridad de nuestras impresoras.<\/p>\n\n\t\t<\/div>\n\t<\/div>\n<div class=\"vc_row wpb_row vc_inner vc_row-fluid\"><div class=\"wpb_column vc_column_container vc_col-sm-4\"><div class=\"vc_column-inner\"><div class=\"wpb_wrapper\">\n\t<div  class=\"wpb_single_image wpb_content_element vc_align_left\">\n\t\t\n\t\t<figure class=\"wpb_wrapper vc_figure\">\n\t\t\t<div class=\"vc_single_image-wrapper   vc_box_border_grey\"><img loading=\"lazy\" decoding=\"async\" width=\"365\" height=\"298\" src=\"https:\/\/www.didactiaweb.com\/wp-content\/uploads\/2020\/04\/impresorapetita.jpg\" class=\"vc_single_image-img attachment-full\" alt=\"\" srcset=\"https:\/\/www.didactiaweb.com\/wp-content\/uploads\/2020\/04\/impresorapetita.jpg 365w, https:\/\/www.didactiaweb.com\/wp-content\/uploads\/2020\/04\/impresorapetita-300x245.jpg 300w, https:\/\/www.didactiaweb.com\/wp-content\/uploads\/2020\/04\/impresorapetita-110x90.jpg 110w\" sizes=\"auto, (max-width: 365px) 100vw, 365px\" \/><\/div>\n\t\t<\/figure>\n\t<\/div>\n<\/div><\/div><\/div><div class=\"wpb_column vc_column_container vc_col-sm-4\"><div class=\"vc_column-inner\"><div class=\"wpb_wrapper\">\n\t<div  class=\"wpb_single_image wpb_content_element vc_align_left\">\n\t\t\n\t\t<figure class=\"wpb_wrapper vc_figure\">\n\t\t\t<div class=\"vc_single_image-wrapper   vc_box_border_grey\"><img loading=\"lazy\" decoding=\"async\" width=\"365\" height=\"298\" src=\"https:\/\/www.didactiaweb.com\/wp-content\/uploads\/2020\/04\/impresora-gran.jpg\" class=\"vc_single_image-img attachment-full\" alt=\"\" srcset=\"https:\/\/www.didactiaweb.com\/wp-content\/uploads\/2020\/04\/impresora-gran.jpg 365w, https:\/\/www.didactiaweb.com\/wp-content\/uploads\/2020\/04\/impresora-gran-300x245.jpg 300w, https:\/\/www.didactiaweb.com\/wp-content\/uploads\/2020\/04\/impresora-gran-110x90.jpg 110w\" sizes=\"auto, (max-width: 365px) 100vw, 365px\" \/><\/div>\n\t\t<\/figure>\n\t<\/div>\n<\/div><\/div><\/div><div class=\"wpb_column vc_column_container vc_col-sm-4\"><div class=\"vc_column-inner\"><div class=\"wpb_wrapper\">\n\t<div  class=\"wpb_single_image wpb_content_element vc_align_left\">\n\t\t\n\t\t<figure class=\"wpb_wrapper vc_figure\">\n\t\t\t<div class=\"vc_single_image-wrapper   vc_box_border_grey\"><img loading=\"lazy\" decoding=\"async\" width=\"365\" height=\"298\" src=\"https:\/\/www.didactiaweb.com\/wp-content\/uploads\/2020\/04\/fotocopiadora.jpg\" class=\"vc_single_image-img attachment-full\" alt=\"\" srcset=\"https:\/\/www.didactiaweb.com\/wp-content\/uploads\/2020\/04\/fotocopiadora.jpg 365w, https:\/\/www.didactiaweb.com\/wp-content\/uploads\/2020\/04\/fotocopiadora-300x245.jpg 300w, https:\/\/www.didactiaweb.com\/wp-content\/uploads\/2020\/04\/fotocopiadora-110x90.jpg 110w\" sizes=\"auto, (max-width: 365px) 100vw, 365px\" \/><\/div>\n\t\t<\/figure>\n\t<\/div>\n<\/div><\/div><\/div><div class=\"wpb_column vc_column_container vc_col-sm-12\"><div class=\"vc_column-inner\"><div class=\"wpb_wrapper\"><div class=\"vc_separator wpb_content_element vc_separator_align_center vc_sep_width_100 vc_sep_pos_align_center vc_separator_no_text vc_sep_color_grey\" ><span class=\"vc_sep_holder vc_sep_holder_l\"><span  class=\"vc_sep_line\"><\/span><\/span><span class=\"vc_sep_holder vc_sep_holder_r\"><span  class=\"vc_sep_line\"><\/span><\/span>\n<\/div><\/div><\/div><\/div><\/div><div class=\"vc_row wpb_row vc_inner vc_row-fluid vc_custom_1710511029728 vc_row-has-fill\"><div class=\"wpb_column vc_column_container vc_col-sm-8\"><div class=\"vc_column-inner\"><div class=\"wpb_wrapper\">\n\t<div class=\"wpb_text_column wpb_content_element\" >\n\t\t<div class=\"wpb_wrapper\">\n\t\t\t<h3 style=\"text-align: center;\">\u00bfQuieres ver los catalogos de nuestras m\u00e1quinas de oficina?<\/h3>\n\n\t\t<\/div>\n\t<\/div>\n<\/div><\/div><\/div><div class=\"wpb_column vc_column_container vc_col-sm-4\"><div class=\"vc_column-inner\"><div class=\"wpb_wrapper\"><div class=\"vc_btn3-container vc_btn3-center\" ><a class=\"vc_general vc_btn3 vc_btn3-size-md vc_btn3-shape-rounded vc_btn3-style-modern vc_btn3-color-white\" href=\"https:\/\/www.didactiaweb.com\/es\/zona-privada-login\/\" title=\"\">LOS ENCONTRARAS AQU\u00cd<\/a><\/div><\/div><\/div><\/div><\/div><div class=\"vc_empty_space\"   style=\"height: 32px\"><span class=\"vc_empty_space_inner\"><\/span><\/div><\/div><\/div><\/div><\/div><div class=\"vc_row wpb_row vc_row-fluid\"><div class=\"wpb_column vc_column_container vc_col-sm-12\"><div class=\"vc_column-inner\"><div class=\"wpb_wrapper\"><\/div><\/div><\/div><\/div>","protected":false},"excerpt":{"rendered":"PRIMERA ETAPA AULA MOBILIARI INTERIOR M\u00c0QUINES D&#8217;OFICINA PROTECCIONS MOBILIARI URB\u00c0 PARCS INFANTILS TERRA DE SEGURETAT INSTAL\u00b7LACIONS ESPORTIVES Les m\u00e0quines d\u2019oficina s\u00f3n essencials per al bon funcionament de les escoles i empreses. Ens donen comoditat i seguretat a l'hora de destruir documents, enquadernar informes, plastificar paper, etc S\u00f3n eines que poden ajudar a reduir costos i [...]","protected":false},"author":1,"featured_media":0,"parent":3523,"menu_order":0,"comment_status":"closed","ping_status":"closed","template":"","meta":{"footnotes":""},"class_list":["post-4015","page","type-page","status-publish","hentry"],"yoast_head":"<!-- This site is optimized with the Yoast SEO plugin v26.8 - https:\/\/yoast.com\/product\/yoast-seo-wordpress\/ -->\n<title>M\u00e0quines d&#039;oficina - Didactia<\/title>\n<meta name=\"robots\" content=\"index, follow, max-snippet:-1, max-image-preview:large, max-video-preview:-1\" \/>\n<link rel=\"canonical\" href=\"https:\/\/www.didactiaweb.com\/es\/equipament\/maquines-doficina\/\" \/>\n<meta property=\"og:locale\" content=\"es_ES\" \/>\n<meta property=\"og:type\" content=\"article\" \/>\n<meta property=\"og:title\" content=\"M\u00e0quines d&#039;oficina - Didactia\" \/>\n<meta property=\"og:url\" content=\"https:\/\/www.didactiaweb.com\/es\/equipament\/maquines-doficina\/\" \/>\n<meta property=\"og:site_name\" content=\"Didactia\" \/>\n<meta property=\"article:modified_time\" content=\"2024-03-15T13:57:17+00:00\" \/>\n<meta name=\"twitter:card\" content=\"summary_large_image\" \/>\n<meta name=\"twitter:label1\" content=\"Tiempo de lectura\" \/>\n\t<meta name=\"twitter:data1\" content=\"2 minutos\" \/>\n<script type=\"application\/ld+json\" class=\"yoast-schema-graph\">{\"@context\":\"https:\/\/schema.org\",\"@graph\":[{\"@type\":\"WebPage\",\"@id\":\"https:\/\/www.didactiaweb.com\/equipament\/maquines-doficina\/\",\"url\":\"https:\/\/www.didactiaweb.com\/equipament\/maquines-doficina\/\",\"name\":\"M\u00e0quines d'oficina - Didactia\",\"isPartOf\":{\"@id\":\"https:\/\/www.didactiaweb.com\/#website\"},\"datePublished\":\"2020-04-20T15:23:49+00:00\",\"dateModified\":\"2024-03-15T13:57:17+00:00\",\"breadcrumb\":{\"@id\":\"https:\/\/www.didactiaweb.com\/equipament\/maquines-doficina\/#breadcrumb\"},\"inLanguage\":\"es\",\"potentialAction\":[{\"@type\":\"ReadAction\",\"target\":[\"https:\/\/www.didactiaweb.com\/equipament\/maquines-doficina\/\"]}]},{\"@type\":\"BreadcrumbList\",\"@id\":\"https:\/\/www.didactiaweb.com\/equipament\/maquines-doficina\/#breadcrumb\",\"itemListElement\":[{\"@type\":\"ListItem\",\"position\":1,\"name\":\"Inici\",\"item\":\"https:\/\/www.didactiaweb.com\/\"},{\"@type\":\"ListItem\",\"position\":2,\"name\":\"Equipament\",\"item\":\"https:\/\/www.didactiaweb.com\/equipament\/\"},{\"@type\":\"ListItem\",\"position\":3,\"name\":\"M\u00e0quines d&#8217;oficina\"}]},{\"@type\":\"WebSite\",\"@id\":\"https:\/\/www.didactiaweb.com\/#website\",\"url\":\"https:\/\/www.didactiaweb.com\/\",\"name\":\"Didactia\",\"description\":\"Prove\u00efdor Integral\",\"publisher\":{\"@id\":\"https:\/\/www.didactiaweb.com\/#organization\"},\"potentialAction\":[{\"@type\":\"SearchAction\",\"target\":{\"@type\":\"EntryPoint\",\"urlTemplate\":\"https:\/\/www.didactiaweb.com\/?s={search_term_string}\"},\"query-input\":{\"@type\":\"PropertyValueSpecification\",\"valueRequired\":true,\"valueName\":\"search_term_string\"}}],\"inLanguage\":\"es\"},{\"@type\":\"Organization\",\"@id\":\"https:\/\/www.didactiaweb.com\/#organization\",\"name\":\"Didactia Proveedor Integral S.L.\",\"url\":\"https:\/\/www.didactiaweb.com\/\",\"logo\":{\"@type\":\"ImageObject\",\"inLanguage\":\"es\",\"@id\":\"https:\/\/www.didactiaweb.com\/#\/schema\/logo\/image\/\",\"url\":\"https:\/\/www.didactiaweb.com\/wp-content\/uploads\/2020\/03\/logo.png\",\"contentUrl\":\"https:\/\/www.didactiaweb.com\/wp-content\/uploads\/2020\/03\/logo.png\",\"width\":230,\"height\":63,\"caption\":\"Didactia Proveedor Integral S.L.\"},\"image\":{\"@id\":\"https:\/\/www.didactiaweb.com\/#\/schema\/logo\/image\/\"}}]}<\/script>\n<!-- \/ Yoast SEO plugin. -->","yoast_head_json":{"title":"M\u00e0quines d'oficina - Didactia","robots":{"index":"index","follow":"follow","max-snippet":"max-snippet:-1","max-image-preview":"max-image-preview:large","max-video-preview":"max-video-preview:-1"},"canonical":"https:\/\/www.didactiaweb.com\/es\/equipament\/maquines-doficina\/","og_locale":"es_ES","og_type":"article","og_title":"M\u00e0quines d'oficina - Didactia","og_url":"https:\/\/www.didactiaweb.com\/es\/equipament\/maquines-doficina\/","og_site_name":"Didactia","article_modified_time":"2024-03-15T13:57:17+00:00","twitter_card":"summary_large_image","twitter_misc":{"Tiempo de lectura":"2 minutos"},"schema":{"@context":"https:\/\/schema.org","@graph":[{"@type":"WebPage","@id":"https:\/\/www.didactiaweb.com\/equipament\/maquines-doficina\/","url":"https:\/\/www.didactiaweb.com\/equipament\/maquines-doficina\/","name":"M\u00e0quines d'oficina - Didactia","isPartOf":{"@id":"https:\/\/www.didactiaweb.com\/#website"},"datePublished":"2020-04-20T15:23:49+00:00","dateModified":"2024-03-15T13:57:17+00:00","breadcrumb":{"@id":"https:\/\/www.didactiaweb.com\/equipament\/maquines-doficina\/#breadcrumb"},"inLanguage":"es","potentialAction":[{"@type":"ReadAction","target":["https:\/\/www.didactiaweb.com\/equipament\/maquines-doficina\/"]}]},{"@type":"BreadcrumbList","@id":"https:\/\/www.didactiaweb.com\/equipament\/maquines-doficina\/#breadcrumb","itemListElement":[{"@type":"ListItem","position":1,"name":"Inici","item":"https:\/\/www.didactiaweb.com\/"},{"@type":"ListItem","position":2,"name":"Equipament","item":"https:\/\/www.didactiaweb.com\/equipament\/"},{"@type":"ListItem","position":3,"name":"M\u00e0quines d&#8217;oficina"}]},{"@type":"WebSite","@id":"https:\/\/www.didactiaweb.com\/#website","url":"https:\/\/www.didactiaweb.com\/","name":"Didactia","description":"Prove\u00efdor Integral","publisher":{"@id":"https:\/\/www.didactiaweb.com\/#organization"},"potentialAction":[{"@type":"SearchAction","target":{"@type":"EntryPoint","urlTemplate":"https:\/\/www.didactiaweb.com\/?s={search_term_string}"},"query-input":{"@type":"PropertyValueSpecification","valueRequired":true,"valueName":"search_term_string"}}],"inLanguage":"es"},{"@type":"Organization","@id":"https:\/\/www.didactiaweb.com\/#organization","name":"Didactia Proveedor Integral S.L.","url":"https:\/\/www.didactiaweb.com\/","logo":{"@type":"ImageObject","inLanguage":"es","@id":"https:\/\/www.didactiaweb.com\/#\/schema\/logo\/image\/","url":"https:\/\/www.didactiaweb.com\/wp-content\/uploads\/2020\/03\/logo.png","contentUrl":"https:\/\/www.didactiaweb.com\/wp-content\/uploads\/2020\/03\/logo.png","width":230,"height":63,"caption":"Didactia Proveedor Integral S.L."},"image":{"@id":"https:\/\/www.didactiaweb.com\/#\/schema\/logo\/image\/"}}]}},"_links":{"self":[{"href":"https:\/\/www.didactiaweb.com\/es\/wp-json\/wp\/v2\/pages\/4015","targetHints":{"allow":["GET"]}}],"collection":[{"href":"https:\/\/www.didactiaweb.com\/es\/wp-json\/wp\/v2\/pages"}],"about":[{"href":"https:\/\/www.didactiaweb.com\/es\/wp-json\/wp\/v2\/types\/page"}],"author":[{"embeddable":true,"href":"https:\/\/www.didactiaweb.com\/es\/wp-json\/wp\/v2\/users\/1"}],"replies":[{"embeddable":true,"href":"https:\/\/www.didactiaweb.com\/es\/wp-json\/wp\/v2\/comments?post=4015"}],"version-history":[{"count":19,"href":"https:\/\/www.didactiaweb.com\/es\/wp-json\/wp\/v2\/pages\/4015\/revisions"}],"predecessor-version":[{"id":6380,"href":"https:\/\/www.didactiaweb.com\/es\/wp-json\/wp\/v2\/pages\/4015\/revisions\/6380"}],"up":[{"embeddable":true,"href":"https:\/\/www.didactiaweb.com\/es\/wp-json\/wp\/v2\/pages\/3523"}],"wp:attachment":[{"href":"https:\/\/www.didactiaweb.com\/es\/wp-json\/wp\/v2\/media?parent=4015"}],"curies":[{"name":"wp","href":"https:\/\/api.w.org\/{rel}","templated":true}]}}