{"id":4081,"date":"2020-04-20T18:35:38","date_gmt":"2020-04-20T16:35:38","guid":{"rendered":"https:\/\/www.didactiaweb.com\/?page_id=4081"},"modified":"2024-03-15T16:08:32","modified_gmt":"2024-03-15T14:08:32","slug":"mobiliari-urba","status":"publish","type":"page","link":"https:\/\/www.didactiaweb.com\/es\/equipament\/mobiliari-urba\/","title":{"rendered":"Mobiliario urbano"},"content":{"rendered":"<div class=\"vc_row wpb_row vc_row-fluid\"><div class=\"wpb_column vc_column_container vc_col-sm-12\"><div class=\"vc_column-inner\"><div class=\"wpb_wrapper\"><div class=\"vc_empty_space\"   style=\"height: 52px\"><span class=\"vc_empty_space_inner\"><\/span><\/div><\/div><\/div><\/div><\/div><div class=\"vc_row wpb_row vc_row-fluid\"><div class=\"wpb_column vc_column_container vc_col-sm-3\"><div class=\"vc_column-inner\"><div class=\"wpb_wrapper\">\n\t<div class=\"wpb_text_column wpb_content_element\" >\n\t\t<div class=\"wpb_wrapper\">\n\t\t\t\t<div class=\"wpb_category_n_menu_accordion wpb_wmca_accordion_wrapper_theme_dark\" data-accordion=\"false\" data-indicator_icon=\"+\" data-iconclass=\"\">\n\t\t<ul id=\"menu-equipaments\" class=\"wpb_category_n_menu_accordion_list\"><li id=\"menu-item-4011\" class=\"menu-item menu-item-type-post_type menu-item-object-page menu-item-4011\"><a href=\"https:\/\/www.didactiaweb.com\/es\/equipament\/equipament-1a-etapa\/\">PRIMERA ETAPA<\/a><\/li>\n<li id=\"menu-item-4010\" class=\"menu-item menu-item-type-post_type menu-item-object-page menu-item-4010\"><a href=\"https:\/\/www.didactiaweb.com\/es\/equipament\/equipament-aula\/\">AULA<\/a><\/li>\n<li id=\"menu-item-4009\" class=\"menu-item menu-item-type-post_type menu-item-object-page menu-item-4009\"><a href=\"https:\/\/www.didactiaweb.com\/es\/equipament\/equipament-mobiliari-interior\/\">MOBILIARIO INTERIOR<\/a><\/li>\n<li id=\"menu-item-4018\" class=\"menu-item menu-item-type-post_type menu-item-object-page menu-item-4018\"><a href=\"https:\/\/www.didactiaweb.com\/es\/equipament\/maquines-doficina\/\">M\u00c1QUINAS DE OFICINA<\/a><\/li>\n<li id=\"menu-item-4037\" class=\"menu-item menu-item-type-post_type menu-item-object-page menu-item-4037\"><a href=\"https:\/\/www.didactiaweb.com\/es\/equipament\/proteccions\/\">PROTECCIONES<\/a><\/li>\n<li id=\"menu-item-4084\" class=\"menu-item menu-item-type-post_type menu-item-object-page menu-item-4084\"><a href=\"https:\/\/www.didactiaweb.com\/es\/equipament\/mobiliari-urba\/\">MOBILIARIO URBANO<\/a><\/li>\n<li id=\"menu-item-4099\" class=\"menu-item menu-item-type-post_type menu-item-object-page menu-item-4099\"><a href=\"https:\/\/www.didactiaweb.com\/es\/equipament\/parcs-infantils\/\">PARQUES INFANTILES<\/a><\/li>\n<li id=\"menu-item-4161\" class=\"menu-item menu-item-type-post_type menu-item-object-page menu-item-4161\"><a href=\"https:\/\/www.didactiaweb.com\/es\/equipament\/terra-de-seguretat\/\">SUELO DE SEGURIDAD<\/a><\/li>\n<li id=\"menu-item-4184\" class=\"menu-item menu-item-type-post_type menu-item-object-page menu-item-4184\"><a href=\"https:\/\/www.didactiaweb.com\/es\/equipament\/installacions-esportives\/\">INSTALACIONES DEPORTIVAS<\/a><\/li>\n<\/ul>\t<\/div>\n\n\n\t\t<\/div>\n\t<\/div>\n<\/div><\/div><\/div><div class=\"wpb_column vc_column_container vc_col-sm-9\"><div class=\"vc_column-inner vc_custom_1586172072836\"><div class=\"wpb_wrapper\">\n\t<div class=\"wpb_text_column wpb_content_element\" >\n\t\t<div class=\"wpb_wrapper\">\n\t\t\t<p>Disponemos de todo tipo de mobiliario urbano. Teniendo en cuenta tanto la funcionalidad como la est\u00e9tica, podemos ofrecer diversos materiales que se adecuan a cada espacio: madera, acero, pl\u00e1stico reciclado, polipropileno y fundici\u00f3n d\u00factil, etc; todos ellos con tratamientos especiales para resistir la intemperie y minimizar los actos vand\u00e1licos.<\/p>\n\n\t\t<\/div>\n\t<\/div>\n<div class=\"vc_row wpb_row vc_inner vc_row-fluid\"><div class=\"wpb_column vc_column_container vc_col-sm-4\"><div class=\"vc_column-inner\"><div class=\"wpb_wrapper\">\n\t<div  class=\"wpb_single_image wpb_content_element vc_align_center\">\n\t\t\n\t\t<figure class=\"wpb_wrapper vc_figure\">\n\t\t\t<div class=\"vc_single_image-wrapper   vc_box_border_grey\"><img loading=\"lazy\" decoding=\"async\" width=\"350\" height=\"300\" src=\"https:\/\/www.didactiaweb.com\/wp-content\/uploads\/2020\/04\/escocells-.jpg\" class=\"vc_single_image-img attachment-full\" alt=\"\" srcset=\"https:\/\/www.didactiaweb.com\/wp-content\/uploads\/2020\/04\/escocells-.jpg 350w, https:\/\/www.didactiaweb.com\/wp-content\/uploads\/2020\/04\/escocells--300x257.jpg 300w, https:\/\/www.didactiaweb.com\/wp-content\/uploads\/2020\/04\/escocells--105x90.jpg 105w\" sizes=\"auto, (max-width: 350px) 100vw, 350px\" \/><\/div>\n\t\t<\/figure>\n\t<\/div>\n\n\t<div class=\"wpb_text_column wpb_content_element\" >\n\t\t<div class=\"wpb_wrapper\">\n\t\t\t<div class=\"titol\">Alcorques<\/div>\n<div class=\"subtitol\">Diferentes tama\u00f1os y dise\u00f1os<\/div>\n\n\t\t<\/div>\n\t<\/div>\n<\/div><\/div><\/div><div class=\"wpb_column vc_column_container vc_col-sm-4\"><div class=\"vc_column-inner\"><div class=\"wpb_wrapper\">\n\t<div  class=\"wpb_single_image wpb_content_element vc_align_center\">\n\t\t\n\t\t<figure class=\"wpb_wrapper vc_figure\">\n\t\t\t<div class=\"vc_single_image-wrapper   vc_box_border_grey\"><img loading=\"lazy\" decoding=\"async\" width=\"350\" height=\"300\" src=\"https:\/\/www.didactiaweb.com\/wp-content\/uploads\/2020\/04\/bancs.jpg\" class=\"vc_single_image-img attachment-full\" alt=\"\" srcset=\"https:\/\/www.didactiaweb.com\/wp-content\/uploads\/2020\/04\/bancs.jpg 350w, https:\/\/www.didactiaweb.com\/wp-content\/uploads\/2020\/04\/bancs-300x257.jpg 300w, https:\/\/www.didactiaweb.com\/wp-content\/uploads\/2020\/04\/bancs-105x90.jpg 105w\" sizes=\"auto, (max-width: 350px) 100vw, 350px\" \/><\/div>\n\t\t<\/figure>\n\t<\/div>\n\n\t<div class=\"wpb_text_column wpb_content_element\" >\n\t\t<div class=\"wpb_wrapper\">\n\t\t\t<div class=\"titol\">Bancos<\/div>\n<div class=\"subtitol\">En fusta, polipropil\u00e8 i acer<\/div>\n\n\t\t<\/div>\n\t<\/div>\n<\/div><\/div><\/div><div class=\"wpb_column vc_column_container vc_col-sm-4\"><div class=\"vc_column-inner\"><div class=\"wpb_wrapper\">\n\t<div  class=\"wpb_single_image wpb_content_element vc_align_center\">\n\t\t\n\t\t<figure class=\"wpb_wrapper vc_figure\">\n\t\t\t<div class=\"vc_single_image-wrapper   vc_box_border_grey\"><img loading=\"lazy\" decoding=\"async\" width=\"350\" height=\"300\" src=\"https:\/\/www.didactiaweb.com\/wp-content\/uploads\/2020\/04\/jardinera.jpg\" class=\"vc_single_image-img attachment-full\" alt=\"\" srcset=\"https:\/\/www.didactiaweb.com\/wp-content\/uploads\/2020\/04\/jardinera.jpg 350w, https:\/\/www.didactiaweb.com\/wp-content\/uploads\/2020\/04\/jardinera-300x257.jpg 300w, https:\/\/www.didactiaweb.com\/wp-content\/uploads\/2020\/04\/jardinera-105x90.jpg 105w\" sizes=\"auto, (max-width: 350px) 100vw, 350px\" \/><\/div>\n\t\t<\/figure>\n\t<\/div>\n\n\t<div class=\"wpb_text_column wpb_content_element\" >\n\t\t<div class=\"wpb_wrapper\">\n\t\t\t<div class=\"titol\">Jardineras<\/div>\n<div class=\"subtitol\">De madera y de fundici\u00f3n d\u00factil<\/div>\n\n\t\t<\/div>\n\t<\/div>\n<\/div><\/div><\/div><\/div><div class=\"vc_row wpb_row vc_inner vc_row-fluid\"><div class=\"wpb_column vc_column_container vc_col-sm-4\"><div class=\"vc_column-inner\"><div class=\"wpb_wrapper\">\n\t<div  class=\"wpb_single_image wpb_content_element vc_align_center\">\n\t\t\n\t\t<figure class=\"wpb_wrapper vc_figure\">\n\t\t\t<div class=\"vc_single_image-wrapper   vc_box_border_grey\"><img loading=\"lazy\" decoding=\"async\" width=\"350\" height=\"300\" src=\"https:\/\/www.didactiaweb.com\/wp-content\/uploads\/2020\/04\/papereres.jpg\" class=\"vc_single_image-img attachment-full\" alt=\"\" srcset=\"https:\/\/www.didactiaweb.com\/wp-content\/uploads\/2020\/04\/papereres.jpg 350w, https:\/\/www.didactiaweb.com\/wp-content\/uploads\/2020\/04\/papereres-300x257.jpg 300w, https:\/\/www.didactiaweb.com\/wp-content\/uploads\/2020\/04\/papereres-105x90.jpg 105w\" sizes=\"auto, (max-width: 350px) 100vw, 350px\" \/><\/div>\n\t\t<\/figure>\n\t<\/div>\n\n\t<div class=\"wpb_text_column wpb_content_element\" >\n\t\t<div class=\"wpb_wrapper\">\n\t\t\t<div class=\"titol\">Papeleras<\/div>\n<div class=\"subtitol\">Diferentes modelos y materiales<\/div>\n\n\t\t<\/div>\n\t<\/div>\n<\/div><\/div><\/div><div class=\"wpb_column vc_column_container vc_col-sm-4\"><div class=\"vc_column-inner\"><div class=\"wpb_wrapper\">\n\t<div  class=\"wpb_single_image wpb_content_element vc_align_center\">\n\t\t\n\t\t<figure class=\"wpb_wrapper vc_figure\">\n\t\t\t<div class=\"vc_single_image-wrapper   vc_box_border_grey\"><img loading=\"lazy\" decoding=\"async\" width=\"350\" height=\"300\" src=\"https:\/\/www.didactiaweb.com\/wp-content\/uploads\/2020\/04\/pilones.jpg\" class=\"vc_single_image-img attachment-full\" alt=\"\" srcset=\"https:\/\/www.didactiaweb.com\/wp-content\/uploads\/2020\/04\/pilones.jpg 350w, https:\/\/www.didactiaweb.com\/wp-content\/uploads\/2020\/04\/pilones-300x257.jpg 300w, https:\/\/www.didactiaweb.com\/wp-content\/uploads\/2020\/04\/pilones-105x90.jpg 105w\" sizes=\"auto, (max-width: 350px) 100vw, 350px\" \/><\/div>\n\t\t<\/figure>\n\t<\/div>\n\n\t<div class=\"wpb_text_column wpb_content_element\" >\n\t\t<div class=\"wpb_wrapper\">\n\t\t\t<div class=\"titol\">Pilonas<\/div>\n<div class=\"subtitol\">Diferentes tama\u00f1os y dise\u00f1os<\/div>\n\n\t\t<\/div>\n\t<\/div>\n<\/div><\/div><\/div><div class=\"wpb_column vc_column_container vc_col-sm-4\"><div class=\"vc_column-inner\"><div class=\"wpb_wrapper\">\n\t<div  class=\"wpb_single_image wpb_content_element vc_align_center\">\n\t\t\n\t\t<figure class=\"wpb_wrapper vc_figure\">\n\t\t\t<div class=\"vc_single_image-wrapper   vc_box_border_grey\"><img loading=\"lazy\" decoding=\"async\" width=\"350\" height=\"300\" src=\"https:\/\/www.didactiaweb.com\/wp-content\/uploads\/2020\/04\/urba2.jpg\" class=\"vc_single_image-img attachment-full\" alt=\"\" srcset=\"https:\/\/www.didactiaweb.com\/wp-content\/uploads\/2020\/04\/urba2.jpg 350w, https:\/\/www.didactiaweb.com\/wp-content\/uploads\/2020\/04\/urba2-300x257.jpg 300w, https:\/\/www.didactiaweb.com\/wp-content\/uploads\/2020\/04\/urba2-105x90.jpg 105w\" sizes=\"auto, (max-width: 350px) 100vw, 350px\" \/><\/div>\n\t\t<\/figure>\n\t<\/div>\n\n\t<div class=\"wpb_text_column wpb_content_element\" >\n\t\t<div class=\"wpb_wrapper\">\n\t\t\t<div class=\"titol\">Aparcamientos<\/div>\n<div class=\"subtitol\">Para bicis y patinetes<\/div>\n\n\t\t<\/div>\n\t<\/div>\n<\/div><\/div><\/div><\/div><div class=\"vc_row wpb_row vc_inner vc_row-fluid\"><div class=\"wpb_column vc_column_container vc_col-sm-4\"><div class=\"vc_column-inner\"><div class=\"wpb_wrapper\">\n\t<div  class=\"wpb_single_image wpb_content_element vc_align_center\">\n\t\t\n\t\t<figure class=\"wpb_wrapper vc_figure\">\n\t\t\t<div class=\"vc_single_image-wrapper   vc_box_border_grey\"><img loading=\"lazy\" decoding=\"async\" width=\"350\" height=\"300\" src=\"https:\/\/www.didactiaweb.com\/wp-content\/uploads\/2020\/04\/valla.jpg\" class=\"vc_single_image-img attachment-full\" alt=\"\" srcset=\"https:\/\/www.didactiaweb.com\/wp-content\/uploads\/2020\/04\/valla.jpg 350w, https:\/\/www.didactiaweb.com\/wp-content\/uploads\/2020\/04\/valla-300x257.jpg 300w, https:\/\/www.didactiaweb.com\/wp-content\/uploads\/2020\/04\/valla-105x90.jpg 105w\" sizes=\"auto, (max-width: 350px) 100vw, 350px\" \/><\/div>\n\t\t<\/figure>\n\t<\/div>\n\n\t<div class=\"wpb_text_column wpb_content_element\" >\n\t\t<div class=\"wpb_wrapper\">\n\t\t\t<div class=\"titol\">Vallas<\/div>\n<div class=\"subtitol\">De madera o polipropileno, diferentes colores y dise\u00f1os<\/div>\n\n\t\t<\/div>\n\t<\/div>\n<\/div><\/div><\/div><div class=\"wpb_column vc_column_container vc_col-sm-4\"><div class=\"vc_column-inner\"><div class=\"wpb_wrapper\">\n\t<div  class=\"wpb_single_image wpb_content_element vc_align_center\">\n\t\t\n\t\t<figure class=\"wpb_wrapper vc_figure\">\n\t\t\t<div class=\"vc_single_image-wrapper   vc_box_border_grey\"><img loading=\"lazy\" decoding=\"async\" width=\"350\" height=\"300\" src=\"https:\/\/www.didactiaweb.com\/wp-content\/uploads\/2020\/04\/piquenique.jpg\" class=\"vc_single_image-img attachment-full\" alt=\"\" srcset=\"https:\/\/www.didactiaweb.com\/wp-content\/uploads\/2020\/04\/piquenique.jpg 350w, https:\/\/www.didactiaweb.com\/wp-content\/uploads\/2020\/04\/piquenique-300x257.jpg 300w, https:\/\/www.didactiaweb.com\/wp-content\/uploads\/2020\/04\/piquenique-105x90.jpg 105w\" sizes=\"auto, (max-width: 350px) 100vw, 350px\" \/><\/div>\n\t\t<\/figure>\n\t<\/div>\n\n\t<div class=\"wpb_text_column wpb_content_element\" >\n\t\t<div class=\"wpb_wrapper\">\n\t\t\t<div class=\"titol\">Mesas de picnic<\/div>\n<div class=\"subtitol\">Especiales para exterior<\/div>\n\n\t\t<\/div>\n\t<\/div>\n<\/div><\/div><\/div><div class=\"wpb_column vc_column_container vc_col-sm-4\"><div class=\"vc_column-inner\"><div class=\"wpb_wrapper\">\n\t<div  class=\"wpb_single_image wpb_content_element vc_align_center\">\n\t\t\n\t\t<figure class=\"wpb_wrapper vc_figure\">\n\t\t\t<div class=\"vc_single_image-wrapper   vc_box_border_grey\"><img loading=\"lazy\" decoding=\"async\" width=\"350\" height=\"300\" src=\"https:\/\/www.didactiaweb.com\/wp-content\/uploads\/2020\/04\/hort-urba.jpg\" class=\"vc_single_image-img attachment-full\" alt=\"\" srcset=\"https:\/\/www.didactiaweb.com\/wp-content\/uploads\/2020\/04\/hort-urba.jpg 350w, https:\/\/www.didactiaweb.com\/wp-content\/uploads\/2020\/04\/hort-urba-300x257.jpg 300w, https:\/\/www.didactiaweb.com\/wp-content\/uploads\/2020\/04\/hort-urba-105x90.jpg 105w\" sizes=\"auto, (max-width: 350px) 100vw, 350px\" \/><\/div>\n\t\t<\/figure>\n\t<\/div>\n\n\t<div class=\"wpb_text_column wpb_content_element\" >\n\t\t<div class=\"wpb_wrapper\">\n\t\t\t<div class=\"titol\">Huerto urbano<\/div>\n<div class=\"subtitol\">De madera o de acero galvanizado<\/div>\n\n\t\t<\/div>\n\t<\/div>\n<\/div><\/div><\/div><\/div><div class=\"vc_separator wpb_content_element vc_separator_align_center vc_sep_width_100 vc_sep_pos_align_center vc_separator_no_text vc_sep_color_grey\" ><span class=\"vc_sep_holder vc_sep_holder_l\"><span  class=\"vc_sep_line\"><\/span><\/span><span class=\"vc_sep_holder vc_sep_holder_r\"><span  class=\"vc_sep_line\"><\/span><\/span>\n<\/div><div class=\"vc_row wpb_row vc_inner vc_row-fluid vc_custom_1710511704856 vc_row-has-fill\"><div class=\"wpb_column vc_column_container vc_col-sm-8\"><div class=\"vc_column-inner\"><div class=\"wpb_wrapper\">\n\t<div class=\"wpb_text_column wpb_content_element\" >\n\t\t<div class=\"wpb_wrapper\">\n\t\t\t<div class=\"titol\">\n<h3 style=\"text-align: center;\">\u00bfQuieres ver los catalogos de nuestro mobiliario urbano?<\/h3>\n<\/div>\n\n\t\t<\/div>\n\t<\/div>\n<\/div><\/div><\/div><div class=\"wpb_column vc_column_container vc_col-sm-4\"><div class=\"vc_column-inner\"><div class=\"wpb_wrapper\"><div class=\"vc_btn3-container vc_btn3-center\" ><a class=\"vc_general vc_btn3 vc_btn3-size-md vc_btn3-shape-rounded vc_btn3-style-modern vc_btn3-color-white\" href=\"https:\/\/www.didactiaweb.com\/es\/zona-privada-login\/\" title=\"\">LOS ENCONTRARAS AQU\u00cd<\/a><\/div><\/div><\/div><\/div><\/div><div class=\"vc_empty_space\"   style=\"height: 32px\"><span class=\"vc_empty_space_inner\"><\/span><\/div><\/div><\/div><\/div><\/div>","protected":false},"excerpt":{"rendered":"PRIMERA ETAPA AULA MOBILIARI INTERIOR M\u00c0QUINES D&#8217;OFICINA PROTECCIONS MOBILIARI URB\u00c0 PARCS INFANTILS TERRA DE SEGURETAT INSTAL\u00b7LACIONS ESPORTIVES Disposem de tot tipus de mobiliari urb\u00e0. Tenint en compte tant la funcionalitat com l\u2019est\u00e8tica, podem oferir diversos materials que s\u2019adeq\u00fcen a cada espai: fusta, acer, pl\u00e0stic reciclat, polipropil\u00e8 i fundici\u00f3 d\u00factil, etc; tots ells amb tractaments especials [...]","protected":false},"author":1,"featured_media":0,"parent":3523,"menu_order":0,"comment_status":"closed","ping_status":"closed","template":"","meta":{"footnotes":""},"class_list":["post-4081","page","type-page","status-publish","hentry"],"yoast_head":"<!-- This site is optimized with the Yoast SEO plugin v26.8 - https:\/\/yoast.com\/product\/yoast-seo-wordpress\/ -->\n<title>Mobiliari urb\u00e0 - Didactia<\/title>\n<meta name=\"robots\" content=\"index, follow, max-snippet:-1, max-image-preview:large, max-video-preview:-1\" \/>\n<link rel=\"canonical\" href=\"https:\/\/www.didactiaweb.com\/es\/equipament\/mobiliari-urba\/\" \/>\n<meta property=\"og:locale\" content=\"es_ES\" \/>\n<meta property=\"og:type\" content=\"article\" \/>\n<meta property=\"og:title\" content=\"Mobiliari urb\u00e0 - Didactia\" \/>\n<meta property=\"og:url\" content=\"https:\/\/www.didactiaweb.com\/es\/equipament\/mobiliari-urba\/\" \/>\n<meta property=\"og:site_name\" content=\"Didactia\" \/>\n<meta property=\"article:modified_time\" content=\"2024-03-15T14:08:32+00:00\" \/>\n<meta name=\"twitter:card\" content=\"summary_large_image\" \/>\n<meta name=\"twitter:label1\" content=\"Tiempo de lectura\" \/>\n\t<meta name=\"twitter:data1\" content=\"1 minuto\" \/>\n<script type=\"application\/ld+json\" class=\"yoast-schema-graph\">{\"@context\":\"https:\/\/schema.org\",\"@graph\":[{\"@type\":\"WebPage\",\"@id\":\"https:\/\/www.didactiaweb.com\/equipament\/mobiliari-urba\/\",\"url\":\"https:\/\/www.didactiaweb.com\/equipament\/mobiliari-urba\/\",\"name\":\"Mobiliari urb\u00e0 - Didactia\",\"isPartOf\":{\"@id\":\"https:\/\/www.didactiaweb.com\/#website\"},\"datePublished\":\"2020-04-20T16:35:38+00:00\",\"dateModified\":\"2024-03-15T14:08:32+00:00\",\"breadcrumb\":{\"@id\":\"https:\/\/www.didactiaweb.com\/equipament\/mobiliari-urba\/#breadcrumb\"},\"inLanguage\":\"es\",\"potentialAction\":[{\"@type\":\"ReadAction\",\"target\":[\"https:\/\/www.didactiaweb.com\/equipament\/mobiliari-urba\/\"]}]},{\"@type\":\"BreadcrumbList\",\"@id\":\"https:\/\/www.didactiaweb.com\/equipament\/mobiliari-urba\/#breadcrumb\",\"itemListElement\":[{\"@type\":\"ListItem\",\"position\":1,\"name\":\"Inici\",\"item\":\"https:\/\/www.didactiaweb.com\/\"},{\"@type\":\"ListItem\",\"position\":2,\"name\":\"Equipament\",\"item\":\"https:\/\/www.didactiaweb.com\/equipament\/\"},{\"@type\":\"ListItem\",\"position\":3,\"name\":\"Mobiliari urb\u00e0\"}]},{\"@type\":\"WebSite\",\"@id\":\"https:\/\/www.didactiaweb.com\/#website\",\"url\":\"https:\/\/www.didactiaweb.com\/\",\"name\":\"Didactia\",\"description\":\"Prove\u00efdor Integral\",\"publisher\":{\"@id\":\"https:\/\/www.didactiaweb.com\/#organization\"},\"potentialAction\":[{\"@type\":\"SearchAction\",\"target\":{\"@type\":\"EntryPoint\",\"urlTemplate\":\"https:\/\/www.didactiaweb.com\/?s={search_term_string}\"},\"query-input\":{\"@type\":\"PropertyValueSpecification\",\"valueRequired\":true,\"valueName\":\"search_term_string\"}}],\"inLanguage\":\"es\"},{\"@type\":\"Organization\",\"@id\":\"https:\/\/www.didactiaweb.com\/#organization\",\"name\":\"Didactia Proveedor Integral S.L.\",\"url\":\"https:\/\/www.didactiaweb.com\/\",\"logo\":{\"@type\":\"ImageObject\",\"inLanguage\":\"es\",\"@id\":\"https:\/\/www.didactiaweb.com\/#\/schema\/logo\/image\/\",\"url\":\"https:\/\/www.didactiaweb.com\/wp-content\/uploads\/2020\/03\/logo.png\",\"contentUrl\":\"https:\/\/www.didactiaweb.com\/wp-content\/uploads\/2020\/03\/logo.png\",\"width\":230,\"height\":63,\"caption\":\"Didactia Proveedor Integral S.L.\"},\"image\":{\"@id\":\"https:\/\/www.didactiaweb.com\/#\/schema\/logo\/image\/\"}}]}<\/script>\n<!-- \/ Yoast SEO plugin. -->","yoast_head_json":{"title":"Mobiliari urb\u00e0 - Didactia","robots":{"index":"index","follow":"follow","max-snippet":"max-snippet:-1","max-image-preview":"max-image-preview:large","max-video-preview":"max-video-preview:-1"},"canonical":"https:\/\/www.didactiaweb.com\/es\/equipament\/mobiliari-urba\/","og_locale":"es_ES","og_type":"article","og_title":"Mobiliari urb\u00e0 - Didactia","og_url":"https:\/\/www.didactiaweb.com\/es\/equipament\/mobiliari-urba\/","og_site_name":"Didactia","article_modified_time":"2024-03-15T14:08:32+00:00","twitter_card":"summary_large_image","twitter_misc":{"Tiempo de lectura":"1 minuto"},"schema":{"@context":"https:\/\/schema.org","@graph":[{"@type":"WebPage","@id":"https:\/\/www.didactiaweb.com\/equipament\/mobiliari-urba\/","url":"https:\/\/www.didactiaweb.com\/equipament\/mobiliari-urba\/","name":"Mobiliari urb\u00e0 - Didactia","isPartOf":{"@id":"https:\/\/www.didactiaweb.com\/#website"},"datePublished":"2020-04-20T16:35:38+00:00","dateModified":"2024-03-15T14:08:32+00:00","breadcrumb":{"@id":"https:\/\/www.didactiaweb.com\/equipament\/mobiliari-urba\/#breadcrumb"},"inLanguage":"es","potentialAction":[{"@type":"ReadAction","target":["https:\/\/www.didactiaweb.com\/equipament\/mobiliari-urba\/"]}]},{"@type":"BreadcrumbList","@id":"https:\/\/www.didactiaweb.com\/equipament\/mobiliari-urba\/#breadcrumb","itemListElement":[{"@type":"ListItem","position":1,"name":"Inici","item":"https:\/\/www.didactiaweb.com\/"},{"@type":"ListItem","position":2,"name":"Equipament","item":"https:\/\/www.didactiaweb.com\/equipament\/"},{"@type":"ListItem","position":3,"name":"Mobiliari urb\u00e0"}]},{"@type":"WebSite","@id":"https:\/\/www.didactiaweb.com\/#website","url":"https:\/\/www.didactiaweb.com\/","name":"Didactia","description":"Prove\u00efdor Integral","publisher":{"@id":"https:\/\/www.didactiaweb.com\/#organization"},"potentialAction":[{"@type":"SearchAction","target":{"@type":"EntryPoint","urlTemplate":"https:\/\/www.didactiaweb.com\/?s={search_term_string}"},"query-input":{"@type":"PropertyValueSpecification","valueRequired":true,"valueName":"search_term_string"}}],"inLanguage":"es"},{"@type":"Organization","@id":"https:\/\/www.didactiaweb.com\/#organization","name":"Didactia Proveedor Integral S.L.","url":"https:\/\/www.didactiaweb.com\/","logo":{"@type":"ImageObject","inLanguage":"es","@id":"https:\/\/www.didactiaweb.com\/#\/schema\/logo\/image\/","url":"https:\/\/www.didactiaweb.com\/wp-content\/uploads\/2020\/03\/logo.png","contentUrl":"https:\/\/www.didactiaweb.com\/wp-content\/uploads\/2020\/03\/logo.png","width":230,"height":63,"caption":"Didactia Proveedor Integral S.L."},"image":{"@id":"https:\/\/www.didactiaweb.com\/#\/schema\/logo\/image\/"}}]}},"_links":{"self":[{"href":"https:\/\/www.didactiaweb.com\/es\/wp-json\/wp\/v2\/pages\/4081","targetHints":{"allow":["GET"]}}],"collection":[{"href":"https:\/\/www.didactiaweb.com\/es\/wp-json\/wp\/v2\/pages"}],"about":[{"href":"https:\/\/www.didactiaweb.com\/es\/wp-json\/wp\/v2\/types\/page"}],"author":[{"embeddable":true,"href":"https:\/\/www.didactiaweb.com\/es\/wp-json\/wp\/v2\/users\/1"}],"replies":[{"embeddable":true,"href":"https:\/\/www.didactiaweb.com\/es\/wp-json\/wp\/v2\/comments?post=4081"}],"version-history":[{"count":8,"href":"https:\/\/www.didactiaweb.com\/es\/wp-json\/wp\/v2\/pages\/4081\/revisions"}],"predecessor-version":[{"id":6385,"href":"https:\/\/www.didactiaweb.com\/es\/wp-json\/wp\/v2\/pages\/4081\/revisions\/6385"}],"up":[{"embeddable":true,"href":"https:\/\/www.didactiaweb.com\/es\/wp-json\/wp\/v2\/pages\/3523"}],"wp:attachment":[{"href":"https:\/\/www.didactiaweb.com\/es\/wp-json\/wp\/v2\/media?parent=4081"}],"curies":[{"name":"wp","href":"https:\/\/api.w.org\/{rel}","templated":true}]}}