{"id":4096,"date":"2020-04-21T10:11:11","date_gmt":"2020-04-21T08:11:11","guid":{"rendered":"https:\/\/www.didactiaweb.com\/?page_id=4096"},"modified":"2024-03-15T16:12:14","modified_gmt":"2024-03-15T14:12:14","slug":"parcs-infantils","status":"publish","type":"page","link":"https:\/\/www.didactiaweb.com\/es\/equipament\/parcs-infantils\/","title":{"rendered":"Parques infantiles"},"content":{"rendered":"<div class=\"vc_row wpb_row vc_row-fluid\"><div class=\"wpb_column vc_column_container vc_col-sm-12\"><div class=\"vc_column-inner\"><div class=\"wpb_wrapper\"><div class=\"vc_empty_space\"   style=\"height: 52px\"><span class=\"vc_empty_space_inner\"><\/span><\/div><\/div><\/div><\/div><\/div><div class=\"vc_row wpb_row vc_row-fluid\"><div class=\"wpb_column vc_column_container vc_col-sm-3\"><div class=\"vc_column-inner\"><div class=\"wpb_wrapper\">\n\t<div class=\"wpb_text_column wpb_content_element \" >\n\t\t<div class=\"wpb_wrapper\">\n\t\t\t\t<div class=\"wpb_category_n_menu_accordion wpb_wmca_accordion_wrapper_theme_dark\" data-accordion=\"false\" data-indicator_icon=\"+\" data-iconclass=\"\">\n\t\t<ul id=\"menu-equipaments\" class=\"wpb_category_n_menu_accordion_list\"><li id=\"menu-item-4011\" class=\"menu-item menu-item-type-post_type menu-item-object-page menu-item-4011\"><a href=\"https:\/\/www.didactiaweb.com\/es\/equipament\/equipament-1a-etapa\/\">PRIMERA ETAPA<\/a><\/li>\n<li id=\"menu-item-4010\" class=\"menu-item menu-item-type-post_type menu-item-object-page menu-item-4010\"><a href=\"https:\/\/www.didactiaweb.com\/es\/equipament\/equipament-aula\/\">AULA<\/a><\/li>\n<li id=\"menu-item-4009\" class=\"menu-item menu-item-type-post_type menu-item-object-page menu-item-4009\"><a href=\"https:\/\/www.didactiaweb.com\/es\/equipament\/equipament-mobiliari-interior\/\">MOBILIARI INTERIOR<\/a><\/li>\n<li id=\"menu-item-4018\" class=\"menu-item menu-item-type-post_type menu-item-object-page menu-item-4018\"><a href=\"https:\/\/www.didactiaweb.com\/es\/equipament\/maquines-doficina\/\">M\u00c0QUINES D&#8217;OFICINA<\/a><\/li>\n<li id=\"menu-item-4037\" class=\"menu-item menu-item-type-post_type menu-item-object-page menu-item-4037\"><a href=\"https:\/\/www.didactiaweb.com\/es\/equipament\/proteccions\/\">PROTECCIONS<\/a><\/li>\n<li id=\"menu-item-4084\" class=\"menu-item menu-item-type-post_type menu-item-object-page menu-item-4084\"><a href=\"https:\/\/www.didactiaweb.com\/es\/equipament\/mobiliari-urba\/\">MOBILIARI URB\u00c0<\/a><\/li>\n<li id=\"menu-item-4099\" class=\"menu-item menu-item-type-post_type menu-item-object-page menu-item-4099\"><a href=\"https:\/\/www.didactiaweb.com\/es\/equipament\/parcs-infantils\/\">PARCS INFANTILS<\/a><\/li>\n<li id=\"menu-item-4161\" class=\"menu-item menu-item-type-post_type menu-item-object-page menu-item-4161\"><a href=\"https:\/\/www.didactiaweb.com\/es\/equipament\/terra-de-seguretat\/\">TERRA DE SEGURETAT<\/a><\/li>\n<li id=\"menu-item-4184\" class=\"menu-item menu-item-type-post_type menu-item-object-page menu-item-4184\"><a href=\"https:\/\/www.didactiaweb.com\/es\/equipament\/installacions-esportives\/\">INSTAL\u00b7LACIONS ESPORTIVES<\/a><\/li>\n<\/ul>\t<\/div>\n\n\n\t\t<\/div>\n\t<\/div>\n<\/div><\/div><\/div><div class=\"wpb_column vc_column_container vc_col-sm-9\"><div class=\"vc_column-inner vc_custom_1586172072836\"><div class=\"wpb_wrapper\">\n\t<div class=\"wpb_text_column wpb_content_element \" >\n\t\t<div class=\"wpb_wrapper\">\n\t\t\t<p>Un parc infantil est\u00e0 compost d\u2019un sistema de peces modulars que permeten realitzar diferents composicions segons les necessitats de cada client. Disposem de tot tipus d\u2019elements: tobogans, rampes, passarel\u00b7les, ponts, jocs, xarxes, balancins, casetes, etc.<\/p>\n<p>Oferim \u00e0rees de joc a mida amb opcions per a totes les edats. Les podem instal\u00b7lar sobre gespa, sorra o terres de cautx\u00fa continu. Estudiem l&#8217;espai i elaborem projectes amb diferents propostes per al client, tamb\u00e9 ens encarreguem del muntatge i la instal\u00b7laci\u00f3.<\/p>\n<p>Els m\u00e9s petits necessiten jugar i gaudir en espais oberts, per\u00f2 sempre sota un entorn confortable, segur i did\u00e0ctic. \u00c9s per aix\u00f2 que totes les instal\u00b7lacions estan homologades i compleixen tots els requisits i est\u00e0ndards de qualitat que exigeix \u200b\u200bla normativa de la Uni\u00f3 Europea.<\/p>\n<p>Els parcs infantils estan constru\u00efts generalment amb materials com la fusta, l&#8217;acer i el pl\u00e0stic polietil\u00e8 (apropiat per la seva capacitat de resist\u00e8ncia al foc i el seu car\u00e0cter antivand\u00e0lic). Per descomptat tots els materials estan pensats per suportar les condicions clim\u00e0tiques de l\u2019exterior.<\/p>\n\n\t\t<\/div>\n\t<\/div>\n<div class=\"vc_row wpb_row vc_inner vc_row-fluid\"><div class=\"wpb_column vc_column_container vc_col-sm-6\"><div class=\"vc_column-inner\"><div class=\"wpb_wrapper\">\n\t<div class=\"wpb_text_column wpb_content_element \" >\n\t\t<div class=\"wpb_wrapper\">\n\t\t\t<p><iframe loading=\"lazy\" src=\"https:\/\/www.youtube.com\/embed\/lDEZi97xAJY\" width=\"100%\" height=\"250\" frameborder=\"0\" allowfullscreen=\"allowfullscreen\"><\/iframe><\/p>\n\n\t\t<\/div>\n\t<\/div>\n<\/div><\/div><\/div><div class=\"wpb_column vc_column_container vc_col-sm-6\"><div class=\"vc_column-inner\"><div class=\"wpb_wrapper\">\n\t<div class=\"wpb_text_column wpb_content_element \" >\n\t\t<div class=\"wpb_wrapper\">\n\t\t\t<p><iframe loading=\"lazy\" src=\"https:\/\/www.youtube.com\/embed\/egoEc21nngM\" width=\"100%\" height=\"250\" frameborder=\"0\" allowfullscreen=\"allowfullscreen\"><\/iframe><\/p>\n\n\t\t<\/div>\n\t<\/div>\n<\/div><\/div><\/div><\/div>\n\t<div class=\"wpb_text_column wpb_content_element \" >\n\t\t<div class=\"wpb_wrapper\">\n\t\t\t<style>\n\t#wpcpro-wrapper #sp-wp-carousel-pro-id-4101.sp-wpcp-4101 .wpcp-all-captions .wpcp-image-caption a,\n\t#wpcpro-wrapper #sp-wp-carousel-pro-id-4101.sp-wpcp-4101 .wpcp-all-captions .wpcp-image-caption {\n\t\t\tcolor: #333;\n\t\t\tfont-size: 15px;\n\t\t\tline-height: 23px;\n\t\t\tletter-spacing: 0px;\n\t\t\ttext-transform: capitalize;\n\t\t\ttext-align: center;\n\t\t\tfont-family: Open Sans;\n\t\t\tfont-weight: 600;\n\t\t\tfont-style: normal;\n\t\t}\n\t\t#wpcpro-wrapper #sp-wp-carousel-pro-id-4101.sp-wpcp-4101 .wpcp-all-captions .wpcp-image-description {\n\t\t\tcolor: #333;\n\t\t\tfont-size: 14px;\n\t\t\tline-height: 21px;\n\t\t\tletter-spacing: 0px;\n\t\t\ttext-transform: none;\n\t\t\ttext-align: center;\n\t\t\tfont-family: Open Sans;\n\t\t\tfont-weight: 400;\n\t\t\tfont-style: normal;}\n\t#wpcpro-wrapper #sp-wp-carousel-pro-id-4101.wpcp-carousel-section.sp-wpcp-4101 .slick-prev,\n\t#wpcpro-wrapper #sp-wp-carousel-pro-id-4101.wpcp-carousel-section.sp-wpcp-4101 .slick-next {\n\t\t\tcolor: #aaa;\n\t\t\tbackground-color: #fff;\n\t\t\tborder-color: #aaa;\n\t\t\tborder-radius: 0%;\n\t\t}\n\t\t#wpcpro-wrapper #sp-wp-carousel-pro-id-4101.wpcp-carousel-section.sp-wpcp-4101 .slick-prev:hover,\n\t\t#wpcpro-wrapper #sp-wp-carousel-pro-id-4101.wpcp-carousel-section.sp-wpcp-4101 .slick-next:hover {\n\t\t\tcolor: #fff;\n\t\t\tbackground-color: #18AFB9;\n\t\t\tborder-color: #18AFB9;\n\t\t}\n\t#wpcpro-wrapper #sp-wp-carousel-pro-id-4101.sp-wpcp-4101.nav-vertical-center-inner-hover.slick-dotted .slick-next,\n\t#wpcpro-wrapper #sp-wp-carousel-pro-id-4101.wpcp-carousel-section.sp-wpcp-4101.nav-vertical-center-inner-hover.slick-dotted .slick-prev,\n\t#wpcpro-wrapper #sp-wp-carousel-pro-id-4101.wpcp-carousel-section.sp-wpcp-4101.nav-vertical-center-inner.slick-dotted .slick-next,\n\t#wpcpro-wrapper #sp-wp-carousel-pro-id-4101.wpcp-carousel-section.sp-wpcp-4101.nav-vertical-center-inner.slick-dotted .slick-prev,\n\t#wpcpro-wrapper #sp-wp-carousel-pro-id-4101.wpcp-carousel-section.sp-wpcp-4101.nav-vertical-center.slick-dotted .slick-next,\n\t#wpcpro-wrapper #sp-wp-carousel-pro-id-4101.wpcp-carousel-section.sp-wpcp-4101.nav-vertical-center.slick-dotted .slick-prev {\n\t\t\tmargin-top: -35px;\n\t\t}\n#wpcpro-wrapper #sp-wp-carousel-pro-id-4101.wpcp-carousel-section.sp-wpcp-4101 ul.slick-dots {\n\t\tmargin: 18px 0px 0px 0px;\n\t}\n\t#wpcpro-wrapper #sp-wp-carousel-pro-id-4101.wpcp-carousel-section.sp-wpcp-4101 ul.slick-dots li button {\n\t\tbackground-color: #cccccc;\n\t}\n\t#wpcpro-wrapper #sp-wp-carousel-pro-id-4101.wpcp-carousel-section.sp-wpcp-4101 ul.slick-dots li.slick-active button {\n\t\tbackground-color: #52b3d9;\n\t}\n\t#wpcpro-wrapper #sp-wp-carousel-pro-id-4101.wpcp-carousel-section.sp-wpcp-4101:not(.wpcp-product-carousel) .wpcp-single-item {\n\t\tborder: 1px none #dddddd;\n\t\tpadding: 0px;\n\t}\n\n\t\t.wpcp-carousel-wrapper.wpcp-wrapper-4101{\n\t\t\tposition: relative;\n\t\t}\n\t\t#wpcp-preloader-4101{\n\t\t\tbackground: #fff;\n\t\t\tposition: absolute;\n\t\t\tleft: 0;\n\t\t\ttop: 0;\n\t\t\theight: 100%;\n\t\t\twidth: 100%;\n\t\t\ttext-align: center;\n\t\t\tdisplay: flex;\n\t\t\talign-items: center;\n\t\t\tjustify-content: center;\n\t\t\tz-index: 999;\n\t\t}\n\t\t\n\t\t\t#wpcpro-wrapper #sp-wp-carousel-pro-id-4101.wpcp-carousel-section.sp-wpcp-4101 .slick-list {\n\t\t\tmargin-right: -20px;\n\t\t}\n\t#wpcpro-wrapper #sp-wp-carousel-pro-id-4101.wpcp-carousel-section.sp-wpcp-4101 .slick-slide {\n\t\t\tmargin-right: 20px;\n\t\t}\n\t@media screen and (min-width: 981px) {\n\t\t#wpcpro-wrapper #sp-wp-carousel-pro-id-4101.wpcp-carousel-section.sp-wpcp-4101:not(.wpcp-content-carousel) .wpcp-single-item img { max-height:300px; }\n\t}\n\t@media screen and (min-width: 737px) and (max-width: 980px) {\n\t\t#wpcpro-wrapper #sp-wp-carousel-pro-id-4101.wpcp-carousel-section.sp-wpcp-4101:not(.wpcp-content-carousel) .wpcp-single-item img { max-height:300px; }\n\t}\n\t@media screen and (min-width: 481px) and (max-width: 736px) {\n\t\t#wpcpro-wrapper #sp-wp-carousel-pro-id-4101.wpcp-carousel-section.sp-wpcp-4101:not(.wpcp-content-carousel) .wpcp-single-item img { max-height:200px; }\n\t}\n\t@media screen and  (max-width: 480px) {\n\t\t#wpcpro-wrapper #sp-wp-carousel-pro-id-4101.wpcp-carousel-section.sp-wpcp-4101:not(.wpcp-content-carousel) .wpcp-single-item img { max-height:180px; }\n\t}\n\t#wpcpro-wrapper #sp-wp-carousel-pro-id-4101.sp-wpcp-4101 .wpcp-slide-image img,\n\t#wpcpro-wrapper #sp-wp-carousel-pro-id-4101.sp-wpcp-4101.wpcp-product-carousel .wpcp-slide-image a {\n\t\tborder-radius: 0px;\n\t}\n\t\t#wpcpro-wrapper #sp-wp-carousel-pro-id-4101.sp-wpcp-4101:not(.wpcp-product-carousel):not(.wpcp-content-carousel) .wpcp-single-item {\n\t\t\tbackground: #ffffff;\n\t\t}\n\t\t<\/style>\n<div id=\"wpcpro-wrapper\" class=\"wpcp-carousel-wrapper wpcp-wrapper-4101\"><div id=\"wpcp-preloader-4101\" class=\"wpcp-carousel-preloader\"><img decoding=\"async\" src=\" https:\/\/www.didactiaweb.com\/wp-content\/plugins\/wp-carousel-pro\/public\/css\/bx_loader.gif \"\/><\/div><div id=\"sp-wp-carousel-pro-id-4101\" class=\"wpcp-carousel-section sp-wpcp-4101 wpcp-image-carousel wpcp-preloader nav-vertical-center wpcp-standard\" data-slick='{ \"accessibility\":true, \"centerMode\":false, \"centerPadding\": \"0px\", \"swipeToSlide\":false, \"adaptiveHeight\":false, \"arrows\":true, \"autoplay\":true, \"autoplaySpeed\":5000, \"dots\":false, \"infinite\":true, \"speed\":600, \"pauseOnHover\":true, \"slidesToScroll\":1, \"slidesToShow\":1, \"responsive\":[ { \"breakpoint\":1200, \"settings\": { \"slidesToShow\":1, \"slidesToScroll\":1, \"centerPadding\": \"0px\"} }, { \"breakpoint\":980, \"settings\":{ \"slidesToShow\":1, \"slidesToScroll\":1, \"centerPadding\": \"0px\" } }, { \"breakpoint\":736, \"settings\": { \"slidesToShow\":1, \"slidesToScroll\":1, \"centerPadding\": \"0px\" } }, {\"breakpoint\":480, \"settings\":{ \"slidesToShow\":1, \"slidesToScroll\":1, \"arrows\": true, \"dots\": false, \"centerPadding\": \"0px\" } } ], \"rows\":1, \"rtl\":false, \"variableWidth\":false, \"fade\":false, \"lazyLoad\": \"false\", \"swipe\": true, \"draggable\": true }' data-arrowtype=\"angle\" dir=\"ltr\" dir=\"ltr\"><div class=\"wpcp-single-item\"><div class=\"wpcp-slide-image\"><img loading=\"lazy\" decoding=\"async\" src=\"https:\/\/www.didactiaweb.com\/wp-content\/uploads\/2024\/03\/1.png\" alt=\"Parcs de robinia\" width=\"800\" height=\"358\"><\/div><\/div><div class=\"wpcp-single-item\"><div class=\"wpcp-slide-image\"><img loading=\"lazy\" decoding=\"async\" src=\"https:\/\/www.didactiaweb.com\/wp-content\/uploads\/2024\/03\/2.png\" alt=\"Estructures robinia\" width=\"800\" height=\"358\"><\/div><\/div><div class=\"wpcp-single-item\"><div class=\"wpcp-slide-image\"><img loading=\"lazy\" decoding=\"async\" src=\"https:\/\/www.didactiaweb.com\/wp-content\/uploads\/2024\/03\/3.png\" alt=\"Jocs termopl\u00e0stics\" width=\"800\" height=\"358\"><\/div><\/div><div class=\"wpcp-single-item\"><div class=\"wpcp-slide-image\"><img loading=\"lazy\" decoding=\"async\" src=\"https:\/\/www.didactiaweb.com\/wp-content\/uploads\/2024\/03\/6.png\" alt=\"Experimentaci\u00f3 sorra i cuineta\" width=\"800\" height=\"358\"><\/div><\/div><div class=\"wpcp-single-item\"><div class=\"wpcp-slide-image\"><img loading=\"lazy\" decoding=\"async\" src=\"https:\/\/www.didactiaweb.com\/wp-content\/uploads\/2024\/03\/4.png\" alt=\"Estructures de joc\" width=\"800\" height=\"358\"><\/div><\/div><div class=\"wpcp-single-item\"><div class=\"wpcp-slide-image\"><img loading=\"lazy\" decoding=\"async\" src=\"https:\/\/www.didactiaweb.com\/wp-content\/uploads\/2024\/03\/5-1.png\" alt=\"Aranya i tren\" width=\"800\" height=\"358\"><\/div><\/div><\/div><\/div>\n\n\t\t<\/div>\n\t<\/div>\n<div class=\"vc_separator wpb_content_element vc_separator_align_center vc_sep_width_100 vc_sep_pos_align_center vc_separator_no_text vc_sep_color_grey\" ><span class=\"vc_sep_holder vc_sep_holder_l\"><span  class=\"vc_sep_line\"><\/span><\/span><span class=\"vc_sep_holder vc_sep_holder_r\"><span  class=\"vc_sep_line\"><\/span><\/span>\n<\/div><div class=\"vc_row wpb_row vc_inner vc_row-fluid vc_custom_1710511925000 vc_row-has-fill\"><div class=\"wpb_column vc_column_container vc_col-sm-8\"><div class=\"vc_column-inner\"><div class=\"wpb_wrapper\">\n\t<div class=\"wpb_text_column wpb_content_element \" >\n\t\t<div class=\"wpb_wrapper\">\n\t\t\t<h3 style=\"text-align: center;\">Vols veure els cat\u00e0legs dels nostres parcs infantils?<\/h3>\n\n\t\t<\/div>\n\t<\/div>\n<\/div><\/div><\/div><div class=\"wpb_column vc_column_container vc_col-sm-4\"><div class=\"vc_column-inner\"><div class=\"wpb_wrapper\"><div class=\"vc_btn3-container vc_btn3-center\" ><a class=\"vc_general vc_btn3 vc_btn3-size-md vc_btn3-shape-rounded vc_btn3-style-modern vc_btn3-color-white\" href=\"https:\/\/www.didactiaweb.com\/zona-privada-login\/\" title=\"\">ELS TROBAR\u00c0S AQU\u00cd<\/a><\/div><\/div><\/div><\/div><\/div><div class=\"vc_empty_space\"   style=\"height: 32px\"><span class=\"vc_empty_space_inner\"><\/span><\/div><\/div><\/div><\/div><\/div>\n","protected":false},"excerpt":{"rendered":"PRIMERA ETAPA AULA MOBILIARI INTERIOR M\u00c0QUINES D&#8217;OFICINA PROTECCIONS MOBILIARI URB\u00c0 PARCS INFANTILS TERRA DE SEGURETAT INSTAL\u00b7LACIONS ESPORTIVES Un parc infantil est\u00e0 compost d\u2019un sistema de peces modulars que permeten realitzar diferents composicions segons les necessitats de cada client. Disposem de tot tipus d\u2019elements: tobogans, rampes, passarel\u00b7les, ponts, jocs, xarxes, balancins, casetes, etc. Oferim \u00e0rees de [...]","protected":false},"author":1,"featured_media":0,"parent":3523,"menu_order":0,"comment_status":"closed","ping_status":"closed","template":"","meta":{"footnotes":""},"class_list":["post-4096","page","type-page","status-publish","hentry"],"yoast_head":"<!-- This site is optimized with the Yoast SEO plugin v26.8 - https:\/\/yoast.com\/product\/yoast-seo-wordpress\/ -->\n<title>Parcs infantils - Didactia<\/title>\n<meta name=\"robots\" content=\"index, follow, max-snippet:-1, max-image-preview:large, max-video-preview:-1\" \/>\n<link rel=\"canonical\" href=\"https:\/\/www.didactiaweb.com\/es\/equipament\/parcs-infantils\/\" \/>\n<meta property=\"og:locale\" content=\"es_ES\" \/>\n<meta property=\"og:type\" content=\"article\" \/>\n<meta property=\"og:title\" content=\"Parcs infantils - Didactia\" \/>\n<meta property=\"og:url\" content=\"https:\/\/www.didactiaweb.com\/es\/equipament\/parcs-infantils\/\" \/>\n<meta property=\"og:site_name\" content=\"Didactia\" \/>\n<meta property=\"article:modified_time\" content=\"2024-03-15T14:12:14+00:00\" \/>\n<meta name=\"twitter:card\" content=\"summary_large_image\" \/>\n<meta name=\"twitter:label1\" content=\"Tiempo de lectura\" \/>\n\t<meta name=\"twitter:data1\" content=\"2 minutos\" \/>\n<script type=\"application\/ld+json\" class=\"yoast-schema-graph\">{\"@context\":\"https:\/\/schema.org\",\"@graph\":[{\"@type\":\"WebPage\",\"@id\":\"https:\/\/www.didactiaweb.com\/equipament\/parcs-infantils\/\",\"url\":\"https:\/\/www.didactiaweb.com\/equipament\/parcs-infantils\/\",\"name\":\"Parcs infantils - Didactia\",\"isPartOf\":{\"@id\":\"https:\/\/www.didactiaweb.com\/#website\"},\"datePublished\":\"2020-04-21T08:11:11+00:00\",\"dateModified\":\"2024-03-15T14:12:14+00:00\",\"breadcrumb\":{\"@id\":\"https:\/\/www.didactiaweb.com\/equipament\/parcs-infantils\/#breadcrumb\"},\"inLanguage\":\"es\",\"potentialAction\":[{\"@type\":\"ReadAction\",\"target\":[\"https:\/\/www.didactiaweb.com\/equipament\/parcs-infantils\/\"]}]},{\"@type\":\"BreadcrumbList\",\"@id\":\"https:\/\/www.didactiaweb.com\/equipament\/parcs-infantils\/#breadcrumb\",\"itemListElement\":[{\"@type\":\"ListItem\",\"position\":1,\"name\":\"Inici\",\"item\":\"https:\/\/www.didactiaweb.com\/\"},{\"@type\":\"ListItem\",\"position\":2,\"name\":\"Equipament\",\"item\":\"https:\/\/www.didactiaweb.com\/equipament\/\"},{\"@type\":\"ListItem\",\"position\":3,\"name\":\"Parcs infantils\"}]},{\"@type\":\"WebSite\",\"@id\":\"https:\/\/www.didactiaweb.com\/#website\",\"url\":\"https:\/\/www.didactiaweb.com\/\",\"name\":\"Didactia\",\"description\":\"Prove\u00efdor Integral\",\"publisher\":{\"@id\":\"https:\/\/www.didactiaweb.com\/#organization\"},\"potentialAction\":[{\"@type\":\"SearchAction\",\"target\":{\"@type\":\"EntryPoint\",\"urlTemplate\":\"https:\/\/www.didactiaweb.com\/?s={search_term_string}\"},\"query-input\":{\"@type\":\"PropertyValueSpecification\",\"valueRequired\":true,\"valueName\":\"search_term_string\"}}],\"inLanguage\":\"es\"},{\"@type\":\"Organization\",\"@id\":\"https:\/\/www.didactiaweb.com\/#organization\",\"name\":\"Didactia Proveedor Integral S.L.\",\"url\":\"https:\/\/www.didactiaweb.com\/\",\"logo\":{\"@type\":\"ImageObject\",\"inLanguage\":\"es\",\"@id\":\"https:\/\/www.didactiaweb.com\/#\/schema\/logo\/image\/\",\"url\":\"https:\/\/www.didactiaweb.com\/wp-content\/uploads\/2020\/03\/logo.png\",\"contentUrl\":\"https:\/\/www.didactiaweb.com\/wp-content\/uploads\/2020\/03\/logo.png\",\"width\":230,\"height\":63,\"caption\":\"Didactia Proveedor Integral S.L.\"},\"image\":{\"@id\":\"https:\/\/www.didactiaweb.com\/#\/schema\/logo\/image\/\"}}]}<\/script>\n<!-- \/ Yoast SEO plugin. -->","yoast_head_json":{"title":"Parcs infantils - Didactia","robots":{"index":"index","follow":"follow","max-snippet":"max-snippet:-1","max-image-preview":"max-image-preview:large","max-video-preview":"max-video-preview:-1"},"canonical":"https:\/\/www.didactiaweb.com\/es\/equipament\/parcs-infantils\/","og_locale":"es_ES","og_type":"article","og_title":"Parcs infantils - Didactia","og_url":"https:\/\/www.didactiaweb.com\/es\/equipament\/parcs-infantils\/","og_site_name":"Didactia","article_modified_time":"2024-03-15T14:12:14+00:00","twitter_card":"summary_large_image","twitter_misc":{"Tiempo de lectura":"2 minutos"},"schema":{"@context":"https:\/\/schema.org","@graph":[{"@type":"WebPage","@id":"https:\/\/www.didactiaweb.com\/equipament\/parcs-infantils\/","url":"https:\/\/www.didactiaweb.com\/equipament\/parcs-infantils\/","name":"Parcs infantils - Didactia","isPartOf":{"@id":"https:\/\/www.didactiaweb.com\/#website"},"datePublished":"2020-04-21T08:11:11+00:00","dateModified":"2024-03-15T14:12:14+00:00","breadcrumb":{"@id":"https:\/\/www.didactiaweb.com\/equipament\/parcs-infantils\/#breadcrumb"},"inLanguage":"es","potentialAction":[{"@type":"ReadAction","target":["https:\/\/www.didactiaweb.com\/equipament\/parcs-infantils\/"]}]},{"@type":"BreadcrumbList","@id":"https:\/\/www.didactiaweb.com\/equipament\/parcs-infantils\/#breadcrumb","itemListElement":[{"@type":"ListItem","position":1,"name":"Inici","item":"https:\/\/www.didactiaweb.com\/"},{"@type":"ListItem","position":2,"name":"Equipament","item":"https:\/\/www.didactiaweb.com\/equipament\/"},{"@type":"ListItem","position":3,"name":"Parcs infantils"}]},{"@type":"WebSite","@id":"https:\/\/www.didactiaweb.com\/#website","url":"https:\/\/www.didactiaweb.com\/","name":"Didactia","description":"Prove\u00efdor Integral","publisher":{"@id":"https:\/\/www.didactiaweb.com\/#organization"},"potentialAction":[{"@type":"SearchAction","target":{"@type":"EntryPoint","urlTemplate":"https:\/\/www.didactiaweb.com\/?s={search_term_string}"},"query-input":{"@type":"PropertyValueSpecification","valueRequired":true,"valueName":"search_term_string"}}],"inLanguage":"es"},{"@type":"Organization","@id":"https:\/\/www.didactiaweb.com\/#organization","name":"Didactia Proveedor Integral S.L.","url":"https:\/\/www.didactiaweb.com\/","logo":{"@type":"ImageObject","inLanguage":"es","@id":"https:\/\/www.didactiaweb.com\/#\/schema\/logo\/image\/","url":"https:\/\/www.didactiaweb.com\/wp-content\/uploads\/2020\/03\/logo.png","contentUrl":"https:\/\/www.didactiaweb.com\/wp-content\/uploads\/2020\/03\/logo.png","width":230,"height":63,"caption":"Didactia Proveedor Integral S.L."},"image":{"@id":"https:\/\/www.didactiaweb.com\/#\/schema\/logo\/image\/"}}]}},"_links":{"self":[{"href":"https:\/\/www.didactiaweb.com\/es\/wp-json\/wp\/v2\/pages\/4096","targetHints":{"allow":["GET"]}}],"collection":[{"href":"https:\/\/www.didactiaweb.com\/es\/wp-json\/wp\/v2\/pages"}],"about":[{"href":"https:\/\/www.didactiaweb.com\/es\/wp-json\/wp\/v2\/types\/page"}],"author":[{"embeddable":true,"href":"https:\/\/www.didactiaweb.com\/es\/wp-json\/wp\/v2\/users\/1"}],"replies":[{"embeddable":true,"href":"https:\/\/www.didactiaweb.com\/es\/wp-json\/wp\/v2\/comments?post=4096"}],"version-history":[{"count":6,"href":"https:\/\/www.didactiaweb.com\/es\/wp-json\/wp\/v2\/pages\/4096\/revisions"}],"predecessor-version":[{"id":6387,"href":"https:\/\/www.didactiaweb.com\/es\/wp-json\/wp\/v2\/pages\/4096\/revisions\/6387"}],"up":[{"embeddable":true,"href":"https:\/\/www.didactiaweb.com\/es\/wp-json\/wp\/v2\/pages\/3523"}],"wp:attachment":[{"href":"https:\/\/www.didactiaweb.com\/es\/wp-json\/wp\/v2\/media?parent=4096"}],"curies":[{"name":"wp","href":"https:\/\/api.w.org\/{rel}","templated":true}]}}