{"id":4145,"date":"2020-04-21T10:53:09","date_gmt":"2020-04-21T08:53:09","guid":{"rendered":"https:\/\/www.didactiaweb.com\/?page_id=4145"},"modified":"2020-04-21T11:17:56","modified_gmt":"2020-04-21T09:17:56","slug":"terra-de-seguretat","status":"publish","type":"page","link":"https:\/\/www.didactiaweb.com\/es\/equipament\/terra-de-seguretat\/","title":{"rendered":"Terra de seguretat"},"content":{"rendered":"<div class=\"vc_row wpb_row vc_row-fluid\"><div class=\"wpb_column vc_column_container vc_col-sm-12\"><div class=\"vc_column-inner\"><div class=\"wpb_wrapper\"><div class=\"vc_empty_space\"   style=\"height: 52px\"><span class=\"vc_empty_space_inner\"><\/span><\/div><\/div><\/div><\/div><\/div><div class=\"vc_row wpb_row vc_row-fluid\"><div class=\"wpb_column vc_column_container vc_col-sm-3\"><div class=\"vc_column-inner\"><div class=\"wpb_wrapper\">\n\t<div class=\"wpb_text_column wpb_content_element\" >\n\t\t<div class=\"wpb_wrapper\">\n\t\t\t\t<div class=\"wpb_category_n_menu_accordion wpb_wmca_accordion_wrapper_theme_dark\" data-accordion=\"false\" data-indicator_icon=\"+\" data-iconclass=\"\">\n\t\t<ul id=\"menu-equipaments\" class=\"wpb_category_n_menu_accordion_list\"><li id=\"menu-item-4011\" class=\"menu-item menu-item-type-post_type menu-item-object-page menu-item-4011\"><a href=\"https:\/\/www.didactiaweb.com\/es\/equipament\/equipament-1a-etapa\/\">PRIMERA ETAPA<\/a><\/li>\n<li id=\"menu-item-4010\" class=\"menu-item menu-item-type-post_type menu-item-object-page menu-item-4010\"><a href=\"https:\/\/www.didactiaweb.com\/es\/equipament\/equipament-aula\/\">AULA<\/a><\/li>\n<li id=\"menu-item-4009\" class=\"menu-item menu-item-type-post_type menu-item-object-page menu-item-4009\"><a href=\"https:\/\/www.didactiaweb.com\/es\/equipament\/equipament-mobiliari-interior\/\">MOBILIARIO INTERIOR<\/a><\/li>\n<li id=\"menu-item-4018\" class=\"menu-item menu-item-type-post_type menu-item-object-page menu-item-4018\"><a href=\"https:\/\/www.didactiaweb.com\/es\/equipament\/maquines-doficina\/\">M\u00c1QUINAS DE OFICINA<\/a><\/li>\n<li id=\"menu-item-4037\" class=\"menu-item menu-item-type-post_type menu-item-object-page menu-item-4037\"><a href=\"https:\/\/www.didactiaweb.com\/es\/equipament\/proteccions\/\">PROTECCIONES<\/a><\/li>\n<li id=\"menu-item-4084\" class=\"menu-item menu-item-type-post_type menu-item-object-page menu-item-4084\"><a href=\"https:\/\/www.didactiaweb.com\/es\/equipament\/mobiliari-urba\/\">MOBILIARIO URBANO<\/a><\/li>\n<li id=\"menu-item-4099\" class=\"menu-item menu-item-type-post_type menu-item-object-page menu-item-4099\"><a href=\"https:\/\/www.didactiaweb.com\/es\/equipament\/parcs-infantils\/\">PARQUES INFANTILES<\/a><\/li>\n<li id=\"menu-item-4161\" class=\"menu-item menu-item-type-post_type menu-item-object-page menu-item-4161\"><a href=\"https:\/\/www.didactiaweb.com\/es\/equipament\/terra-de-seguretat\/\">SUELO DE SEGURIDAD<\/a><\/li>\n<li id=\"menu-item-4184\" class=\"menu-item menu-item-type-post_type menu-item-object-page menu-item-4184\"><a href=\"https:\/\/www.didactiaweb.com\/es\/equipament\/installacions-esportives\/\">INSTALACIONES DEPORTIVAS<\/a><\/li>\n<\/ul>\t<\/div>\n\n\n\t\t<\/div>\n\t<\/div>\n<\/div><\/div><\/div><div class=\"wpb_column vc_column_container vc_col-sm-9\"><div class=\"vc_column-inner vc_custom_1586172072836\"><div class=\"wpb_wrapper\">\n\t<div class=\"wpb_text_column wpb_content_element\" >\n\t\t<div class=\"wpb_wrapper\">\n\t\t\t<p>La normativa Europea establece una larga serie de exigencias en materia de seguridad para evitar accidentes en los parques de juego infantil. Estas normas recogen, entre otros, los requisitos que deben cumplir los elementos (columpios, toboganes, etc.) y los materiales utilizados. Tambi\u00e9n especifican las distancias de seguridad as\u00ed como los espesores del recubrimiento de las \u00e1reas de juego para la protecci\u00f3n contra ca\u00eddas.<\/p>\n<p>SUELO DE CAUCHO CONTINUO<\/p>\n<p>El suelo de caucho continuo es un tipo de suelo que amortigua los impactos en caso de ca\u00eddas. Sus materiales de composici\u00f3n lo convierten en un material ideal para zonas de juego ya que se adapta a cualquier superficie y mantiene sus caracter\u00edsticas durante mucho tiempo. Se trata de un tipo de suelo de escaso mantenimiento.<\/p>\n\n\t\t<\/div>\n\t<\/div>\n<div class=\"vc_row wpb_row vc_inner vc_row-fluid\"><div class=\"wpb_column vc_column_container vc_col-sm-4\"><div class=\"vc_column-inner\"><div class=\"wpb_wrapper\">\n\t<div  class=\"wpb_single_image wpb_content_element vc_align_center\">\n\t\t\n\t\t<figure class=\"wpb_wrapper vc_figure\">\n\t\t\t<div class=\"vc_single_image-wrapper   vc_box_border_grey\"><img loading=\"lazy\" decoding=\"async\" width=\"107\" height=\"200\" src=\"https:\/\/www.didactiaweb.com\/wp-content\/uploads\/2020\/04\/terra1B.jpg\" class=\"vc_single_image-img attachment-full\" alt=\"\" srcset=\"https:\/\/www.didactiaweb.com\/wp-content\/uploads\/2020\/04\/terra1B.jpg 107w, https:\/\/www.didactiaweb.com\/wp-content\/uploads\/2020\/04\/terra1B-48x90.jpg 48w\" sizes=\"auto, (max-width: 107px) 100vw, 107px\" \/><\/div>\n\t\t<\/figure>\n\t<\/div>\n<\/div><\/div><\/div><div class=\"wpb_column vc_column_container vc_col-sm-4\"><div class=\"vc_column-inner\"><div class=\"wpb_wrapper\">\n\t<div  class=\"wpb_single_image wpb_content_element vc_align_left\">\n\t\t\n\t\t<figure class=\"wpb_wrapper vc_figure\">\n\t\t\t<div class=\"vc_single_image-wrapper   vc_box_border_grey\"><img loading=\"lazy\" decoding=\"async\" width=\"300\" height=\"195\" src=\"https:\/\/www.didactiaweb.com\/wp-content\/uploads\/2020\/04\/terra2.png\" class=\"vc_single_image-img attachment-full\" alt=\"\" srcset=\"https:\/\/www.didactiaweb.com\/wp-content\/uploads\/2020\/04\/terra2.png 300w, https:\/\/www.didactiaweb.com\/wp-content\/uploads\/2020\/04\/terra2-120x78.png 120w\" sizes=\"auto, (max-width: 300px) 100vw, 300px\" \/><\/div>\n\t\t<\/figure>\n\t<\/div>\n<\/div><\/div><\/div><div class=\"wpb_column vc_column_container vc_col-sm-4\"><div class=\"vc_column-inner\"><div class=\"wpb_wrapper\">\n\t<div  class=\"wpb_single_image wpb_content_element vc_align_left\">\n\t\t\n\t\t<figure class=\"wpb_wrapper vc_figure\">\n\t\t\t<div class=\"vc_single_image-wrapper   vc_box_border_grey\"><img loading=\"lazy\" decoding=\"async\" width=\"300\" height=\"200\" src=\"https:\/\/www.didactiaweb.com\/wp-content\/uploads\/2020\/04\/terra3.png\" class=\"vc_single_image-img attachment-full\" alt=\"\" srcset=\"https:\/\/www.didactiaweb.com\/wp-content\/uploads\/2020\/04\/terra3.png 300w, https:\/\/www.didactiaweb.com\/wp-content\/uploads\/2020\/04\/terra3-120x80.png 120w\" sizes=\"auto, (max-width: 300px) 100vw, 300px\" \/><\/div>\n\t\t<\/figure>\n\t<\/div>\n<\/div><\/div><\/div><\/div>\n\t<div class=\"wpb_text_column wpb_content_element\" >\n\t\t<div class=\"wpb_wrapper\">\n\t\t\t<p>Desde Didactia, visitamos y valoramos previamente el espacio donde se debe instalar el suelo. El pavimento de caucho continuo se fabrica in situ y se aplica sobre una superficie de hormig\u00f3n, ladrillo, terrazo, asfalto o encachado de piedra, pero no sobre arenas compactadas. La instalaci\u00f3n del pavimento se hace por parte de personal experto y con material de homologaci\u00f3n Europea.<\/p>\n<p>El pavimento de caucho continuo es un material drenante pero es necesario que, en la zona donde se instala, no se hagan charcos y que el terreno tenga una pendiente m\u00ednima, mejor si es a dos aguas, con un sistema de evacuaci\u00f3n del agua. As\u00ed se convierte en un pavimento antideslizante incluso despu\u00e9s de la lluvia.<\/p>\n\n\t\t<\/div>\n\t<\/div>\n<div class=\"vc_row wpb_row vc_inner vc_row-fluid\"><div class=\"wpb_column vc_column_container vc_col-sm-6\"><div class=\"vc_column-inner\"><div class=\"wpb_wrapper\">\n\t<div  class=\"wpb_single_image wpb_content_element vc_align_center\">\n\t\t\n\t\t<figure class=\"wpb_wrapper vc_figure\">\n\t\t\t<div class=\"vc_single_image-wrapper   vc_box_border_grey\"><img loading=\"lazy\" decoding=\"async\" width=\"300\" height=\"200\" src=\"https:\/\/www.didactiaweb.com\/wp-content\/uploads\/2020\/04\/terres5.jpg\" class=\"vc_single_image-img attachment-full\" alt=\"\" srcset=\"https:\/\/www.didactiaweb.com\/wp-content\/uploads\/2020\/04\/terres5.jpg 300w, https:\/\/www.didactiaweb.com\/wp-content\/uploads\/2020\/04\/terres5-120x80.jpg 120w\" sizes=\"auto, (max-width: 300px) 100vw, 300px\" \/><\/div>\n\t\t<\/figure>\n\t<\/div>\n<\/div><\/div><\/div><div class=\"wpb_column vc_column_container vc_col-sm-6\"><div class=\"vc_column-inner\"><div class=\"wpb_wrapper\">\n\t<div  class=\"wpb_single_image wpb_content_element vc_align_center\">\n\t\t\n\t\t<figure class=\"wpb_wrapper vc_figure\">\n\t\t\t<div class=\"vc_single_image-wrapper   vc_box_border_grey\"><img loading=\"lazy\" decoding=\"async\" width=\"300\" height=\"200\" src=\"https:\/\/www.didactiaweb.com\/wp-content\/uploads\/2020\/04\/terres4.jpg\" class=\"vc_single_image-img attachment-full\" alt=\"\" srcset=\"https:\/\/www.didactiaweb.com\/wp-content\/uploads\/2020\/04\/terres4.jpg 300w, https:\/\/www.didactiaweb.com\/wp-content\/uploads\/2020\/04\/terres4-120x80.jpg 120w\" sizes=\"auto, (max-width: 300px) 100vw, 300px\" \/><\/div>\n\t\t<\/figure>\n\t<\/div>\n<\/div><\/div><\/div><\/div>\n\t<div class=\"wpb_text_column wpb_content_element\" >\n\t\t<div class=\"wpb_wrapper\">\n\t\t\t<p>La aplicaci\u00f3n se hace en dos capas, la primera de caucho negro, reciclado, de la espesura necesaria seg\u00fan la normativa Europea y la segunda capa, para el acabado, es de EPDM en color, de aproximadamente 1cm.<br \/>\nUna de las peculiaridades de este revestimiento es que no tiene juntas y se puede personalizar con composiciones de colores, dibujos y formas para hacer m\u00e1s llamativo y atractivo del espacio al que vaya destinado: terraza interior o patio exterior.<\/p>\n\n\t\t<\/div>\n\t<\/div>\n<div class=\"vc_row wpb_row vc_inner vc_row-fluid\"><div class=\"wpb_column vc_column_container vc_col-sm-4\"><div class=\"vc_column-inner\"><div class=\"wpb_wrapper\">\n\t<div  class=\"wpb_single_image wpb_content_element vc_align_left\">\n\t\t\n\t\t<figure class=\"wpb_wrapper vc_figure\">\n\t\t\t<div class=\"vc_single_image-wrapper   vc_box_border_grey\"><img loading=\"lazy\" decoding=\"async\" class=\"vc_single_image-img\" src=\"https:\/\/www.didactiaweb.com\/wp-content\/uploads\/2020\/04\/terres6.jpg\" width=\"300\" height=\"200\" alt=\"terres6\" title=\"terres6\" \/><\/div>\n\t\t<\/figure>\n\t<\/div>\n<\/div><\/div><\/div><div class=\"wpb_column vc_column_container vc_col-sm-4\"><div class=\"vc_column-inner\"><div class=\"wpb_wrapper\">\n\t<div  class=\"wpb_single_image wpb_content_element vc_align_left\">\n\t\t\n\t\t<figure class=\"wpb_wrapper vc_figure\">\n\t\t\t<div class=\"vc_single_image-wrapper   vc_box_border_grey\"><img loading=\"lazy\" decoding=\"async\" class=\"vc_single_image-img\" src=\"https:\/\/www.didactiaweb.com\/wp-content\/uploads\/2020\/04\/terres7.jpg\" width=\"300\" height=\"200\" alt=\"terres7\" title=\"terres7\" \/><\/div>\n\t\t<\/figure>\n\t<\/div>\n<\/div><\/div><\/div><div class=\"wpb_column vc_column_container vc_col-sm-4\"><div class=\"vc_column-inner\"><div class=\"wpb_wrapper\">\n\t<div  class=\"wpb_single_image wpb_content_element vc_align_left\">\n\t\t\n\t\t<figure class=\"wpb_wrapper vc_figure\">\n\t\t\t<div class=\"vc_single_image-wrapper   vc_box_border_grey\"><img loading=\"lazy\" decoding=\"async\" class=\"vc_single_image-img\" src=\"https:\/\/www.didactiaweb.com\/wp-content\/uploads\/2020\/04\/terres8.jpg\" width=\"300\" height=\"200\" alt=\"terres8\" title=\"terres8\" \/><\/div>\n\t\t<\/figure>\n\t<\/div>\n<\/div><\/div><\/div><\/div><div class=\"vc_row wpb_row vc_inner vc_row-fluid\"><div class=\"wpb_column vc_column_container vc_col-sm-4\"><div class=\"vc_column-inner\"><div class=\"wpb_wrapper\">\n\t<div  class=\"wpb_single_image wpb_content_element vc_align_left\">\n\t\t\n\t\t<figure class=\"wpb_wrapper vc_figure\">\n\t\t\t<div class=\"vc_single_image-wrapper   vc_box_border_grey\"><img loading=\"lazy\" decoding=\"async\" class=\"vc_single_image-img\" src=\"https:\/\/www.didactiaweb.com\/wp-content\/uploads\/2020\/04\/terres9.jpg\" width=\"300\" height=\"200\" alt=\"terres9\" title=\"terres9\" \/><\/div>\n\t\t<\/figure>\n\t<\/div>\n<\/div><\/div><\/div><div class=\"wpb_column vc_column_container vc_col-sm-4\"><div class=\"vc_column-inner\"><div class=\"wpb_wrapper\">\n\t<div  class=\"wpb_single_image wpb_content_element vc_align_left\">\n\t\t\n\t\t<figure class=\"wpb_wrapper vc_figure\">\n\t\t\t<div class=\"vc_single_image-wrapper   vc_box_border_grey\"><img loading=\"lazy\" decoding=\"async\" class=\"vc_single_image-img\" src=\"https:\/\/www.didactiaweb.com\/wp-content\/uploads\/2020\/04\/terres10.jpg\" width=\"300\" height=\"200\" alt=\"terres10\" title=\"terres10\" \/><\/div>\n\t\t<\/figure>\n\t<\/div>\n<\/div><\/div><\/div><div class=\"wpb_column vc_column_container vc_col-sm-4\"><div class=\"vc_column-inner\"><div class=\"wpb_wrapper\">\n\t<div  class=\"wpb_single_image wpb_content_element vc_align_left\">\n\t\t\n\t\t<figure class=\"wpb_wrapper vc_figure\">\n\t\t\t<div class=\"vc_single_image-wrapper   vc_box_border_grey\"><img loading=\"lazy\" decoding=\"async\" class=\"vc_single_image-img\" src=\"https:\/\/www.didactiaweb.com\/wp-content\/uploads\/2020\/04\/terres11.jpg\" width=\"300\" height=\"200\" alt=\"terres11\" title=\"terres11\" \/><\/div>\n\t\t<\/figure>\n\t<\/div>\n<\/div><\/div><\/div><\/div><\/div><\/div><\/div><\/div>","protected":false},"excerpt":{"rendered":"PRIMERA ETAPA AULA MOBILIARI INTERIOR M\u00c0QUINES D&#8217;OFICINA PROTECCIONS MOBILIARI URB\u00c0 PARCS INFANTILS TERRA DE SEGURETAT INSTAL\u00b7LACIONS ESPORTIVES La normativa Europea estableix una llarga llista d'exig\u00e8ncies en mat\u00e8ria de seguretat per evitar accidents en els parcs de joc infantil. Aquestes normes recullen, entre d\u2019altres, els requisits que han de complir els elements (gronxadors, tobogans, etc.) i [...]","protected":false},"author":1,"featured_media":0,"parent":3523,"menu_order":0,"comment_status":"closed","ping_status":"closed","template":"","meta":{"footnotes":""},"class_list":["post-4145","page","type-page","status-publish","hentry"],"yoast_head":"<!-- This site is optimized with the Yoast SEO plugin v26.8 - https:\/\/yoast.com\/product\/yoast-seo-wordpress\/ -->\n<title>Terra de seguretat - Didactia<\/title>\n<meta name=\"robots\" content=\"index, follow, max-snippet:-1, max-image-preview:large, max-video-preview:-1\" \/>\n<link rel=\"canonical\" href=\"https:\/\/www.didactiaweb.com\/es\/equipament\/terra-de-seguretat\/\" \/>\n<meta property=\"og:locale\" content=\"es_ES\" \/>\n<meta property=\"og:type\" content=\"article\" \/>\n<meta property=\"og:title\" content=\"Terra de seguretat - Didactia\" \/>\n<meta property=\"og:url\" content=\"https:\/\/www.didactiaweb.com\/es\/equipament\/terra-de-seguretat\/\" \/>\n<meta property=\"og:site_name\" content=\"Didactia\" \/>\n<meta property=\"article:modified_time\" content=\"2020-04-21T09:17:56+00:00\" \/>\n<meta name=\"twitter:card\" content=\"summary_large_image\" \/>\n<meta name=\"twitter:label1\" content=\"Tiempo de lectura\" \/>\n\t<meta name=\"twitter:data1\" content=\"3 minutos\" \/>\n<script type=\"application\/ld+json\" class=\"yoast-schema-graph\">{\"@context\":\"https:\/\/schema.org\",\"@graph\":[{\"@type\":\"WebPage\",\"@id\":\"https:\/\/www.didactiaweb.com\/equipament\/terra-de-seguretat\/\",\"url\":\"https:\/\/www.didactiaweb.com\/equipament\/terra-de-seguretat\/\",\"name\":\"Terra de seguretat - Didactia\",\"isPartOf\":{\"@id\":\"https:\/\/www.didactiaweb.com\/#website\"},\"datePublished\":\"2020-04-21T08:53:09+00:00\",\"dateModified\":\"2020-04-21T09:17:56+00:00\",\"breadcrumb\":{\"@id\":\"https:\/\/www.didactiaweb.com\/equipament\/terra-de-seguretat\/#breadcrumb\"},\"inLanguage\":\"es\",\"potentialAction\":[{\"@type\":\"ReadAction\",\"target\":[\"https:\/\/www.didactiaweb.com\/equipament\/terra-de-seguretat\/\"]}]},{\"@type\":\"BreadcrumbList\",\"@id\":\"https:\/\/www.didactiaweb.com\/equipament\/terra-de-seguretat\/#breadcrumb\",\"itemListElement\":[{\"@type\":\"ListItem\",\"position\":1,\"name\":\"Inici\",\"item\":\"https:\/\/www.didactiaweb.com\/\"},{\"@type\":\"ListItem\",\"position\":2,\"name\":\"Equipament\",\"item\":\"https:\/\/www.didactiaweb.com\/equipament\/\"},{\"@type\":\"ListItem\",\"position\":3,\"name\":\"Terra de seguretat\"}]},{\"@type\":\"WebSite\",\"@id\":\"https:\/\/www.didactiaweb.com\/#website\",\"url\":\"https:\/\/www.didactiaweb.com\/\",\"name\":\"Didactia\",\"description\":\"Prove\u00efdor Integral\",\"publisher\":{\"@id\":\"https:\/\/www.didactiaweb.com\/#organization\"},\"potentialAction\":[{\"@type\":\"SearchAction\",\"target\":{\"@type\":\"EntryPoint\",\"urlTemplate\":\"https:\/\/www.didactiaweb.com\/?s={search_term_string}\"},\"query-input\":{\"@type\":\"PropertyValueSpecification\",\"valueRequired\":true,\"valueName\":\"search_term_string\"}}],\"inLanguage\":\"es\"},{\"@type\":\"Organization\",\"@id\":\"https:\/\/www.didactiaweb.com\/#organization\",\"name\":\"Didactia Proveedor Integral S.L.\",\"url\":\"https:\/\/www.didactiaweb.com\/\",\"logo\":{\"@type\":\"ImageObject\",\"inLanguage\":\"es\",\"@id\":\"https:\/\/www.didactiaweb.com\/#\/schema\/logo\/image\/\",\"url\":\"https:\/\/www.didactiaweb.com\/wp-content\/uploads\/2020\/03\/logo.png\",\"contentUrl\":\"https:\/\/www.didactiaweb.com\/wp-content\/uploads\/2020\/03\/logo.png\",\"width\":230,\"height\":63,\"caption\":\"Didactia Proveedor Integral S.L.\"},\"image\":{\"@id\":\"https:\/\/www.didactiaweb.com\/#\/schema\/logo\/image\/\"}}]}<\/script>\n<!-- \/ Yoast SEO plugin. -->","yoast_head_json":{"title":"Terra de seguretat - Didactia","robots":{"index":"index","follow":"follow","max-snippet":"max-snippet:-1","max-image-preview":"max-image-preview:large","max-video-preview":"max-video-preview:-1"},"canonical":"https:\/\/www.didactiaweb.com\/es\/equipament\/terra-de-seguretat\/","og_locale":"es_ES","og_type":"article","og_title":"Terra de seguretat - Didactia","og_url":"https:\/\/www.didactiaweb.com\/es\/equipament\/terra-de-seguretat\/","og_site_name":"Didactia","article_modified_time":"2020-04-21T09:17:56+00:00","twitter_card":"summary_large_image","twitter_misc":{"Tiempo de lectura":"3 minutos"},"schema":{"@context":"https:\/\/schema.org","@graph":[{"@type":"WebPage","@id":"https:\/\/www.didactiaweb.com\/equipament\/terra-de-seguretat\/","url":"https:\/\/www.didactiaweb.com\/equipament\/terra-de-seguretat\/","name":"Terra de seguretat - Didactia","isPartOf":{"@id":"https:\/\/www.didactiaweb.com\/#website"},"datePublished":"2020-04-21T08:53:09+00:00","dateModified":"2020-04-21T09:17:56+00:00","breadcrumb":{"@id":"https:\/\/www.didactiaweb.com\/equipament\/terra-de-seguretat\/#breadcrumb"},"inLanguage":"es","potentialAction":[{"@type":"ReadAction","target":["https:\/\/www.didactiaweb.com\/equipament\/terra-de-seguretat\/"]}]},{"@type":"BreadcrumbList","@id":"https:\/\/www.didactiaweb.com\/equipament\/terra-de-seguretat\/#breadcrumb","itemListElement":[{"@type":"ListItem","position":1,"name":"Inici","item":"https:\/\/www.didactiaweb.com\/"},{"@type":"ListItem","position":2,"name":"Equipament","item":"https:\/\/www.didactiaweb.com\/equipament\/"},{"@type":"ListItem","position":3,"name":"Terra de seguretat"}]},{"@type":"WebSite","@id":"https:\/\/www.didactiaweb.com\/#website","url":"https:\/\/www.didactiaweb.com\/","name":"Didactia","description":"Prove\u00efdor Integral","publisher":{"@id":"https:\/\/www.didactiaweb.com\/#organization"},"potentialAction":[{"@type":"SearchAction","target":{"@type":"EntryPoint","urlTemplate":"https:\/\/www.didactiaweb.com\/?s={search_term_string}"},"query-input":{"@type":"PropertyValueSpecification","valueRequired":true,"valueName":"search_term_string"}}],"inLanguage":"es"},{"@type":"Organization","@id":"https:\/\/www.didactiaweb.com\/#organization","name":"Didactia Proveedor Integral S.L.","url":"https:\/\/www.didactiaweb.com\/","logo":{"@type":"ImageObject","inLanguage":"es","@id":"https:\/\/www.didactiaweb.com\/#\/schema\/logo\/image\/","url":"https:\/\/www.didactiaweb.com\/wp-content\/uploads\/2020\/03\/logo.png","contentUrl":"https:\/\/www.didactiaweb.com\/wp-content\/uploads\/2020\/03\/logo.png","width":230,"height":63,"caption":"Didactia Proveedor Integral S.L."},"image":{"@id":"https:\/\/www.didactiaweb.com\/#\/schema\/logo\/image\/"}}]}},"_links":{"self":[{"href":"https:\/\/www.didactiaweb.com\/es\/wp-json\/wp\/v2\/pages\/4145","targetHints":{"allow":["GET"]}}],"collection":[{"href":"https:\/\/www.didactiaweb.com\/es\/wp-json\/wp\/v2\/pages"}],"about":[{"href":"https:\/\/www.didactiaweb.com\/es\/wp-json\/wp\/v2\/types\/page"}],"author":[{"embeddable":true,"href":"https:\/\/www.didactiaweb.com\/es\/wp-json\/wp\/v2\/users\/1"}],"replies":[{"embeddable":true,"href":"https:\/\/www.didactiaweb.com\/es\/wp-json\/wp\/v2\/comments?post=4145"}],"version-history":[{"count":6,"href":"https:\/\/www.didactiaweb.com\/es\/wp-json\/wp\/v2\/pages\/4145\/revisions"}],"predecessor-version":[{"id":4165,"href":"https:\/\/www.didactiaweb.com\/es\/wp-json\/wp\/v2\/pages\/4145\/revisions\/4165"}],"up":[{"embeddable":true,"href":"https:\/\/www.didactiaweb.com\/es\/wp-json\/wp\/v2\/pages\/3523"}],"wp:attachment":[{"href":"https:\/\/www.didactiaweb.com\/es\/wp-json\/wp\/v2\/media?parent=4145"}],"curies":[{"name":"wp","href":"https:\/\/api.w.org\/{rel}","templated":true}]}}