{"id":4196,"date":"2020-04-24T12:20:27","date_gmt":"2020-04-24T10:20:27","guid":{"rendered":"https:\/\/www.didactiaweb.com\/?page_id=4196"},"modified":"2020-04-27T18:14:33","modified_gmt":"2020-04-27T16:14:33","slug":"rehabilitacio-de-parcs-infantils","status":"publish","type":"page","link":"https:\/\/www.didactiaweb.com\/es\/serveis\/rehabilitacio-de-parcs-infantils\/","title":{"rendered":"Rehabilitaci\u00f3n de parques infantiles"},"content":{"rendered":"<div class=\"vc_row wpb_row vc_row-fluid\"><div class=\"wpb_column vc_column_container vc_col-sm-12\"><div class=\"vc_column-inner\"><div class=\"wpb_wrapper\"><div class=\"vc_empty_space\"   style=\"height: 52px\"><span class=\"vc_empty_space_inner\"><\/span><\/div><\/div><\/div><\/div><\/div><div class=\"vc_row wpb_row vc_row-fluid\"><div class=\"wpb_column vc_column_container vc_col-sm-3\"><div class=\"vc_column-inner\"><div class=\"wpb_wrapper\">\n\t<div class=\"wpb_text_column wpb_content_element\" >\n\t\t<div class=\"wpb_wrapper\">\n\t\t\t\t<div class=\"wpb_category_n_menu_accordion wpb_wmca_accordion_wrapper_theme_dark\" data-accordion=\"false\" data-indicator_icon=\"+\" data-iconclass=\"\">\n\t\t<ul id=\"menu-serveis\" class=\"wpb_category_n_menu_accordion_list\"><li id=\"menu-item-4208\" class=\"menu-item menu-item-type-post_type menu-item-object-page menu-item-4208\"><a href=\"https:\/\/www.didactiaweb.com\/es\/serveis\/installacio-i-manteniment-de-material-audiovisual\/\">Instalaci\u00f3n y mantenimiento de material audiovisual<\/a><\/li>\n<li id=\"menu-item-4207\" class=\"menu-item menu-item-type-post_type menu-item-object-page menu-item-4207\"><a href=\"https:\/\/www.didactiaweb.com\/es\/serveis\/rehabilitacio-de-parcs-infantils\/\">Rehabilitaci\u00f3n de parques infantiles<\/a><\/li>\n<li id=\"menu-item-4206\" class=\"menu-item menu-item-type-post_type menu-item-object-page menu-item-4206\"><a href=\"https:\/\/www.didactiaweb.com\/es\/serveis\/obres-i-reformes\/\">Obras y reformas<\/a><\/li>\n<li id=\"menu-item-4205\" class=\"menu-item menu-item-type-post_type menu-item-object-page menu-item-4205\"><a href=\"https:\/\/www.didactiaweb.com\/es\/serveis\/creacio-i-adaptacio-de-laboratoris\/\">Creaci\u00f3n y adaptaci\u00f3n de laboratorios<\/a><\/li>\n<\/ul>\t<\/div>\n\n\n\t\t<\/div>\n\t<\/div>\n<\/div><\/div><\/div><div class=\"wpb_column vc_column_container vc_col-sm-9\"><div class=\"vc_column-inner vc_custom_1586172072836\"><div class=\"wpb_wrapper\">\n\t<div class=\"wpb_text_column wpb_content_element\" >\n\t\t<div class=\"wpb_wrapper\">\n\t\t\t<p>Las \u00e1reas de juego infantil necesitan un seguimiento continuo ya que pueden necesitar reparaciones o limpiezas debido a su uso, a las condiciones meteorol\u00f3gicas y a los actos vand\u00e1licos.<\/p>\n<p>Contamos con profesionales experimentados y especializados para:<\/p>\n<ul>\n<li>Visitas de control y elaboraci\u00f3n de informes y presupuestos sin compromiso, informando de las posibles deficiencias para el cumplimiento de la normativa.<\/li>\n<li>Rehabilitaci\u00f3n, recambio de piezas y mantenimiento de los elementos da\u00f1ados<\/li>\n<li>Barnizar y pintar las estructuras deterioradas<\/li>\n<li>Lubricaci\u00f3n de partes m\u00f3viles, fijaci\u00f3n de pernos, reajuste y revisi\u00f3n de piezas de anclaje<\/li>\n<li>Limpieza de tierras a presi\u00f3n para el mantenimiento de la amortiguaci\u00f3n y seguridad del suelo ya que la suciedad acumulada en el suelo endurece el material.<\/li>\n<\/ul>\n\n\t\t<\/div>\n\t<\/div>\n<div class=\"vc_row wpb_row vc_inner vc_row-fluid\"><div class=\"wpb_column vc_column_container vc_col-sm-4\"><div class=\"vc_column-inner\"><div class=\"wpb_wrapper\">\n\t<div  class=\"wpb_single_image wpb_content_element vc_align_left\">\n\t\t\n\t\t<figure class=\"wpb_wrapper vc_figure\">\n\t\t\t<div class=\"vc_single_image-wrapper   vc_box_border_grey\"><img loading=\"lazy\" decoding=\"async\" width=\"1280\" height=\"960\" src=\"https:\/\/www.didactiaweb.com\/wp-content\/uploads\/2020\/04\/01-instalacio-pletines.png\" class=\"vc_single_image-img attachment-full\" alt=\"Instal\u00b7laci\u00f3 pletines\" srcset=\"https:\/\/www.didactiaweb.com\/wp-content\/uploads\/2020\/04\/01-instalacio-pletines.png 1280w, https:\/\/www.didactiaweb.com\/wp-content\/uploads\/2020\/04\/01-instalacio-pletines-300x225.png 300w, https:\/\/www.didactiaweb.com\/wp-content\/uploads\/2020\/04\/01-instalacio-pletines-1024x768.png 1024w, https:\/\/www.didactiaweb.com\/wp-content\/uploads\/2020\/04\/01-instalacio-pletines-768x576.png 768w, https:\/\/www.didactiaweb.com\/wp-content\/uploads\/2020\/04\/01-instalacio-pletines-810x608.png 810w, https:\/\/www.didactiaweb.com\/wp-content\/uploads\/2020\/04\/01-instalacio-pletines-560x420.png 560w, https:\/\/www.didactiaweb.com\/wp-content\/uploads\/2020\/04\/01-instalacio-pletines-867x650.png 867w, https:\/\/www.didactiaweb.com\/wp-content\/uploads\/2020\/04\/01-instalacio-pletines-120x90.png 120w\" sizes=\"auto, (max-width: 1280px) 100vw, 1280px\" \/><\/div>\n\t\t<\/figure>\n\t<\/div>\n<\/div><\/div><\/div><div class=\"wpb_column vc_column_container vc_col-sm-4\"><div class=\"vc_column-inner\"><div class=\"wpb_wrapper\">\n\t<div  class=\"wpb_single_image wpb_content_element vc_align_left\">\n\t\t\n\t\t<figure class=\"wpb_wrapper vc_figure\">\n\t\t\t<div class=\"vc_single_image-wrapper   vc_box_border_grey\"><img loading=\"lazy\" decoding=\"async\" width=\"400\" height=\"300\" src=\"https:\/\/www.didactiaweb.com\/wp-content\/uploads\/2020\/04\/02-ciment.jpg\" class=\"vc_single_image-img attachment-full\" alt=\"Instal\u00b7laci\u00f3 pati fonaments ciment\" srcset=\"https:\/\/www.didactiaweb.com\/wp-content\/uploads\/2020\/04\/02-ciment.jpg 400w, https:\/\/www.didactiaweb.com\/wp-content\/uploads\/2020\/04\/02-ciment-300x225.jpg 300w, https:\/\/www.didactiaweb.com\/wp-content\/uploads\/2020\/04\/02-ciment-120x90.jpg 120w\" sizes=\"auto, (max-width: 400px) 100vw, 400px\" \/><\/div>\n\t\t<\/figure>\n\t<\/div>\n<\/div><\/div><\/div><div class=\"wpb_column vc_column_container vc_col-sm-4\"><div class=\"vc_column-inner\"><div class=\"wpb_wrapper\">\n\t<div  class=\"wpb_single_image wpb_content_element vc_align_left\">\n\t\t\n\t\t<figure class=\"wpb_wrapper vc_figure\">\n\t\t\t<div class=\"vc_single_image-wrapper   vc_box_border_grey\"><img loading=\"lazy\" decoding=\"async\" width=\"400\" height=\"300\" src=\"https:\/\/www.didactiaweb.com\/wp-content\/uploads\/2020\/04\/03-tobogan.jpg\" class=\"vc_single_image-img attachment-full\" alt=\"Instal\u00b7laci\u00f3 pati sorral\" srcset=\"https:\/\/www.didactiaweb.com\/wp-content\/uploads\/2020\/04\/03-tobogan.jpg 400w, https:\/\/www.didactiaweb.com\/wp-content\/uploads\/2020\/04\/03-tobogan-300x225.jpg 300w, https:\/\/www.didactiaweb.com\/wp-content\/uploads\/2020\/04\/03-tobogan-120x90.jpg 120w\" sizes=\"auto, (max-width: 400px) 100vw, 400px\" \/><\/div>\n\t\t<\/figure>\n\t<\/div>\n<\/div><\/div><\/div><\/div><div class=\"vc_row wpb_row vc_inner vc_row-fluid\"><div class=\"wpb_column vc_column_container vc_col-sm-4\"><div class=\"vc_column-inner\"><div class=\"wpb_wrapper\">\n\t<div  class=\"wpb_single_image wpb_content_element vc_align_left\">\n\t\t\n\t\t<figure class=\"wpb_wrapper vc_figure\">\n\t\t\t<div class=\"vc_single_image-wrapper   vc_box_border_grey\"><img loading=\"lazy\" decoding=\"async\" width=\"400\" height=\"300\" src=\"https:\/\/www.didactiaweb.com\/wp-content\/uploads\/2020\/04\/04-neteja.jpg\" class=\"vc_single_image-img attachment-full\" alt=\"neteja terra cutx\u00fa\" srcset=\"https:\/\/www.didactiaweb.com\/wp-content\/uploads\/2020\/04\/04-neteja.jpg 400w, https:\/\/www.didactiaweb.com\/wp-content\/uploads\/2020\/04\/04-neteja-300x225.jpg 300w, https:\/\/www.didactiaweb.com\/wp-content\/uploads\/2020\/04\/04-neteja-120x90.jpg 120w\" sizes=\"auto, (max-width: 400px) 100vw, 400px\" \/><\/div>\n\t\t<\/figure>\n\t<\/div>\n<\/div><\/div><\/div><div class=\"wpb_column vc_column_container vc_col-sm-4\"><div class=\"vc_column-inner\"><div class=\"wpb_wrapper\">\n\t<div  class=\"wpb_single_image wpb_content_element vc_align_left\">\n\t\t\n\t\t<figure class=\"wpb_wrapper vc_figure\">\n\t\t\t<div class=\"vc_single_image-wrapper   vc_box_border_grey\"><img loading=\"lazy\" decoding=\"async\" width=\"400\" height=\"300\" src=\"https:\/\/www.didactiaweb.com\/wp-content\/uploads\/2020\/04\/05-pintura.jpg\" class=\"vc_single_image-img attachment-full\" alt=\"pintura estructura pati\" srcset=\"https:\/\/www.didactiaweb.com\/wp-content\/uploads\/2020\/04\/05-pintura.jpg 400w, https:\/\/www.didactiaweb.com\/wp-content\/uploads\/2020\/04\/05-pintura-300x225.jpg 300w, https:\/\/www.didactiaweb.com\/wp-content\/uploads\/2020\/04\/05-pintura-120x90.jpg 120w\" sizes=\"auto, (max-width: 400px) 100vw, 400px\" \/><\/div>\n\t\t<\/figure>\n\t<\/div>\n<\/div><\/div><\/div><div class=\"wpb_column vc_column_container vc_col-sm-4\"><div class=\"vc_column-inner\"><div class=\"wpb_wrapper\">\n\t<div  class=\"wpb_single_image wpb_content_element vc_align_left\">\n\t\t\n\t\t<figure class=\"wpb_wrapper vc_figure\">\n\t\t\t<div class=\"vc_single_image-wrapper   vc_box_border_grey\"><img loading=\"lazy\" decoding=\"async\" width=\"400\" height=\"300\" src=\"https:\/\/www.didactiaweb.com\/wp-content\/uploads\/2020\/04\/06-instalacio.jpg\" class=\"vc_single_image-img attachment-full\" alt=\"instal\u00b7laci\u00f3 pati robinia\" srcset=\"https:\/\/www.didactiaweb.com\/wp-content\/uploads\/2020\/04\/06-instalacio.jpg 400w, https:\/\/www.didactiaweb.com\/wp-content\/uploads\/2020\/04\/06-instalacio-300x225.jpg 300w, https:\/\/www.didactiaweb.com\/wp-content\/uploads\/2020\/04\/06-instalacio-120x90.jpg 120w\" sizes=\"auto, (max-width: 400px) 100vw, 400px\" \/><\/div>\n\t\t<\/figure>\n\t<\/div>\n<\/div><\/div><\/div><\/div><\/div><\/div><\/div><\/div>","protected":false},"excerpt":{"rendered":"Instal\u00b7laci\u00f3 i manteniment de material audiovisual Rehabilitaci\u00f3 de parcs infantils Obres i reformes Creaci\u00f3 i adaptaci\u00f3 de laboratoris Les \u00e0rees de joc infantil necessiten un seguiment continu ja que poden necessitar reparacions o neteges a causa del seu \u00fas, de les condicions meteorol\u00f2giques i dels actes vand\u00e0lics. Comptem amb professionals experimentats i especialitzats per a: [...]","protected":false},"author":1,"featured_media":0,"parent":3529,"menu_order":0,"comment_status":"closed","ping_status":"closed","template":"","meta":{"footnotes":""},"class_list":["post-4196","page","type-page","status-publish","hentry"],"yoast_head":"<!-- This site is optimized with the Yoast SEO plugin v26.8 - https:\/\/yoast.com\/product\/yoast-seo-wordpress\/ -->\n<title>Rehabilitaci\u00f3 de parcs infantils - Didactia<\/title>\n<meta name=\"robots\" content=\"index, follow, max-snippet:-1, max-image-preview:large, max-video-preview:-1\" \/>\n<link rel=\"canonical\" href=\"https:\/\/www.didactiaweb.com\/es\/serveis\/rehabilitacio-de-parcs-infantils\/\" \/>\n<meta property=\"og:locale\" content=\"es_ES\" \/>\n<meta property=\"og:type\" content=\"article\" \/>\n<meta property=\"og:title\" content=\"Rehabilitaci\u00f3 de parcs infantils - Didactia\" \/>\n<meta property=\"og:url\" content=\"https:\/\/www.didactiaweb.com\/es\/serveis\/rehabilitacio-de-parcs-infantils\/\" \/>\n<meta property=\"og:site_name\" content=\"Didactia\" \/>\n<meta property=\"article:modified_time\" content=\"2020-04-27T16:14:33+00:00\" \/>\n<meta name=\"twitter:card\" content=\"summary_large_image\" \/>\n<meta name=\"twitter:label1\" content=\"Tiempo de lectura\" \/>\n\t<meta name=\"twitter:data1\" content=\"1 minuto\" \/>\n<script type=\"application\/ld+json\" class=\"yoast-schema-graph\">{\"@context\":\"https:\/\/schema.org\",\"@graph\":[{\"@type\":\"WebPage\",\"@id\":\"https:\/\/www.didactiaweb.com\/serveis\/rehabilitacio-de-parcs-infantils\/\",\"url\":\"https:\/\/www.didactiaweb.com\/serveis\/rehabilitacio-de-parcs-infantils\/\",\"name\":\"Rehabilitaci\u00f3 de parcs infantils - Didactia\",\"isPartOf\":{\"@id\":\"https:\/\/www.didactiaweb.com\/#website\"},\"datePublished\":\"2020-04-24T10:20:27+00:00\",\"dateModified\":\"2020-04-27T16:14:33+00:00\",\"breadcrumb\":{\"@id\":\"https:\/\/www.didactiaweb.com\/serveis\/rehabilitacio-de-parcs-infantils\/#breadcrumb\"},\"inLanguage\":\"es\",\"potentialAction\":[{\"@type\":\"ReadAction\",\"target\":[\"https:\/\/www.didactiaweb.com\/serveis\/rehabilitacio-de-parcs-infantils\/\"]}]},{\"@type\":\"BreadcrumbList\",\"@id\":\"https:\/\/www.didactiaweb.com\/serveis\/rehabilitacio-de-parcs-infantils\/#breadcrumb\",\"itemListElement\":[{\"@type\":\"ListItem\",\"position\":1,\"name\":\"Inici\",\"item\":\"https:\/\/www.didactiaweb.com\/\"},{\"@type\":\"ListItem\",\"position\":2,\"name\":\"Serveis\",\"item\":\"https:\/\/www.didactiaweb.com\/serveis\/\"},{\"@type\":\"ListItem\",\"position\":3,\"name\":\"Rehabilitaci\u00f3 de parcs infantils\"}]},{\"@type\":\"WebSite\",\"@id\":\"https:\/\/www.didactiaweb.com\/#website\",\"url\":\"https:\/\/www.didactiaweb.com\/\",\"name\":\"Didactia\",\"description\":\"Prove\u00efdor Integral\",\"publisher\":{\"@id\":\"https:\/\/www.didactiaweb.com\/#organization\"},\"potentialAction\":[{\"@type\":\"SearchAction\",\"target\":{\"@type\":\"EntryPoint\",\"urlTemplate\":\"https:\/\/www.didactiaweb.com\/?s={search_term_string}\"},\"query-input\":{\"@type\":\"PropertyValueSpecification\",\"valueRequired\":true,\"valueName\":\"search_term_string\"}}],\"inLanguage\":\"es\"},{\"@type\":\"Organization\",\"@id\":\"https:\/\/www.didactiaweb.com\/#organization\",\"name\":\"Didactia Proveedor Integral S.L.\",\"url\":\"https:\/\/www.didactiaweb.com\/\",\"logo\":{\"@type\":\"ImageObject\",\"inLanguage\":\"es\",\"@id\":\"https:\/\/www.didactiaweb.com\/#\/schema\/logo\/image\/\",\"url\":\"https:\/\/www.didactiaweb.com\/wp-content\/uploads\/2020\/03\/logo.png\",\"contentUrl\":\"https:\/\/www.didactiaweb.com\/wp-content\/uploads\/2020\/03\/logo.png\",\"width\":230,\"height\":63,\"caption\":\"Didactia Proveedor Integral S.L.\"},\"image\":{\"@id\":\"https:\/\/www.didactiaweb.com\/#\/schema\/logo\/image\/\"}}]}<\/script>\n<!-- \/ Yoast SEO plugin. -->","yoast_head_json":{"title":"Rehabilitaci\u00f3 de parcs infantils - Didactia","robots":{"index":"index","follow":"follow","max-snippet":"max-snippet:-1","max-image-preview":"max-image-preview:large","max-video-preview":"max-video-preview:-1"},"canonical":"https:\/\/www.didactiaweb.com\/es\/serveis\/rehabilitacio-de-parcs-infantils\/","og_locale":"es_ES","og_type":"article","og_title":"Rehabilitaci\u00f3 de parcs infantils - Didactia","og_url":"https:\/\/www.didactiaweb.com\/es\/serveis\/rehabilitacio-de-parcs-infantils\/","og_site_name":"Didactia","article_modified_time":"2020-04-27T16:14:33+00:00","twitter_card":"summary_large_image","twitter_misc":{"Tiempo de lectura":"1 minuto"},"schema":{"@context":"https:\/\/schema.org","@graph":[{"@type":"WebPage","@id":"https:\/\/www.didactiaweb.com\/serveis\/rehabilitacio-de-parcs-infantils\/","url":"https:\/\/www.didactiaweb.com\/serveis\/rehabilitacio-de-parcs-infantils\/","name":"Rehabilitaci\u00f3 de parcs infantils - Didactia","isPartOf":{"@id":"https:\/\/www.didactiaweb.com\/#website"},"datePublished":"2020-04-24T10:20:27+00:00","dateModified":"2020-04-27T16:14:33+00:00","breadcrumb":{"@id":"https:\/\/www.didactiaweb.com\/serveis\/rehabilitacio-de-parcs-infantils\/#breadcrumb"},"inLanguage":"es","potentialAction":[{"@type":"ReadAction","target":["https:\/\/www.didactiaweb.com\/serveis\/rehabilitacio-de-parcs-infantils\/"]}]},{"@type":"BreadcrumbList","@id":"https:\/\/www.didactiaweb.com\/serveis\/rehabilitacio-de-parcs-infantils\/#breadcrumb","itemListElement":[{"@type":"ListItem","position":1,"name":"Inici","item":"https:\/\/www.didactiaweb.com\/"},{"@type":"ListItem","position":2,"name":"Serveis","item":"https:\/\/www.didactiaweb.com\/serveis\/"},{"@type":"ListItem","position":3,"name":"Rehabilitaci\u00f3 de parcs infantils"}]},{"@type":"WebSite","@id":"https:\/\/www.didactiaweb.com\/#website","url":"https:\/\/www.didactiaweb.com\/","name":"Didactia","description":"Prove\u00efdor Integral","publisher":{"@id":"https:\/\/www.didactiaweb.com\/#organization"},"potentialAction":[{"@type":"SearchAction","target":{"@type":"EntryPoint","urlTemplate":"https:\/\/www.didactiaweb.com\/?s={search_term_string}"},"query-input":{"@type":"PropertyValueSpecification","valueRequired":true,"valueName":"search_term_string"}}],"inLanguage":"es"},{"@type":"Organization","@id":"https:\/\/www.didactiaweb.com\/#organization","name":"Didactia Proveedor Integral S.L.","url":"https:\/\/www.didactiaweb.com\/","logo":{"@type":"ImageObject","inLanguage":"es","@id":"https:\/\/www.didactiaweb.com\/#\/schema\/logo\/image\/","url":"https:\/\/www.didactiaweb.com\/wp-content\/uploads\/2020\/03\/logo.png","contentUrl":"https:\/\/www.didactiaweb.com\/wp-content\/uploads\/2020\/03\/logo.png","width":230,"height":63,"caption":"Didactia Proveedor Integral S.L."},"image":{"@id":"https:\/\/www.didactiaweb.com\/#\/schema\/logo\/image\/"}}]}},"_links":{"self":[{"href":"https:\/\/www.didactiaweb.com\/es\/wp-json\/wp\/v2\/pages\/4196","targetHints":{"allow":["GET"]}}],"collection":[{"href":"https:\/\/www.didactiaweb.com\/es\/wp-json\/wp\/v2\/pages"}],"about":[{"href":"https:\/\/www.didactiaweb.com\/es\/wp-json\/wp\/v2\/types\/page"}],"author":[{"embeddable":true,"href":"https:\/\/www.didactiaweb.com\/es\/wp-json\/wp\/v2\/users\/1"}],"replies":[{"embeddable":true,"href":"https:\/\/www.didactiaweb.com\/es\/wp-json\/wp\/v2\/comments?post=4196"}],"version-history":[{"count":5,"href":"https:\/\/www.didactiaweb.com\/es\/wp-json\/wp\/v2\/pages\/4196\/revisions"}],"predecessor-version":[{"id":4352,"href":"https:\/\/www.didactiaweb.com\/es\/wp-json\/wp\/v2\/pages\/4196\/revisions\/4352"}],"up":[{"embeddable":true,"href":"https:\/\/www.didactiaweb.com\/es\/wp-json\/wp\/v2\/pages\/3529"}],"wp:attachment":[{"href":"https:\/\/www.didactiaweb.com\/es\/wp-json\/wp\/v2\/media?parent=4196"}],"curies":[{"name":"wp","href":"https:\/\/api.w.org\/{rel}","templated":true}]}}