{"id":4199,"date":"2020-04-24T12:22:44","date_gmt":"2020-04-24T10:22:44","guid":{"rendered":"https:\/\/www.didactiaweb.com\/?page_id=4199"},"modified":"2020-05-18T19:57:44","modified_gmt":"2020-05-18T17:57:44","slug":"obres-i-reformes","status":"publish","type":"page","link":"https:\/\/www.didactiaweb.com\/es\/serveis\/obres-i-reformes\/","title":{"rendered":"Obras y reformas"},"content":{"rendered":"<div class=\"vc_row wpb_row vc_row-fluid\"><div class=\"wpb_column vc_column_container vc_col-sm-12\"><div class=\"vc_column-inner\"><div class=\"wpb_wrapper\"><div class=\"vc_empty_space\"   style=\"height: 52px\"><span class=\"vc_empty_space_inner\"><\/span><\/div><\/div><\/div><\/div><\/div><div class=\"vc_row wpb_row vc_row-fluid\"><div class=\"wpb_column vc_column_container vc_col-sm-3\"><div class=\"vc_column-inner\"><div class=\"wpb_wrapper\">\n\t<div class=\"wpb_text_column wpb_content_element\" >\n\t\t<div class=\"wpb_wrapper\">\n\t\t\t\t<div class=\"wpb_category_n_menu_accordion wpb_wmca_accordion_wrapper_theme_dark\" data-accordion=\"false\" data-indicator_icon=\"+\" data-iconclass=\"\">\n\t\t<ul id=\"menu-serveis\" class=\"wpb_category_n_menu_accordion_list\"><li id=\"menu-item-4208\" class=\"menu-item menu-item-type-post_type menu-item-object-page menu-item-4208\"><a href=\"https:\/\/www.didactiaweb.com\/es\/serveis\/installacio-i-manteniment-de-material-audiovisual\/\">Instalaci\u00f3n y mantenimiento de material audiovisual<\/a><\/li>\n<li id=\"menu-item-4207\" class=\"menu-item menu-item-type-post_type menu-item-object-page menu-item-4207\"><a href=\"https:\/\/www.didactiaweb.com\/es\/serveis\/rehabilitacio-de-parcs-infantils\/\">Rehabilitaci\u00f3n de parques infantiles<\/a><\/li>\n<li id=\"menu-item-4206\" class=\"menu-item menu-item-type-post_type menu-item-object-page menu-item-4206\"><a href=\"https:\/\/www.didactiaweb.com\/es\/serveis\/obres-i-reformes\/\">Obras y reformas<\/a><\/li>\n<li id=\"menu-item-4205\" class=\"menu-item menu-item-type-post_type menu-item-object-page menu-item-4205\"><a href=\"https:\/\/www.didactiaweb.com\/es\/serveis\/creacio-i-adaptacio-de-laboratoris\/\">Creaci\u00f3n y adaptaci\u00f3n de laboratorios<\/a><\/li>\n<\/ul>\t<\/div>\n\n\n\t\t<\/div>\n\t<\/div>\n<\/div><\/div><\/div><div class=\"wpb_column vc_column_container vc_col-sm-9\"><div class=\"vc_column-inner vc_custom_1586172072836\"><div class=\"wpb_wrapper\">\n\t<div class=\"wpb_text_column wpb_content_element\" >\n\t\t<div class=\"wpb_wrapper\">\n\t\t\t<p>Hacer obras se convierte en toda una odisea estresante y poco deseada para muchos. Desde Didacta nos implicamos desde el primer momento, con seriedad y profesionalidad, con garant\u00eda de excelente resultado, asesoramiento y apoyo al cliente.<\/p>\n<p>Disponemos de personal especializado en servicios de reforma de centros escolares, aportando toda nuestra experiencia en este tipo de obra. Llevamos a cabo proyectos de gran y peque\u00f1a envergadura, proponiendo soluciones basadas en tus necesidades:<\/p>\n<ul>\n<li>Diferentes tipos de divisiones interiores (madera, vidrio, pladur) y falsos techos decorativos.<\/li>\n<li>Sistemas de climatizaci\u00f3n y de iluminaci\u00f3n.<\/li>\n<li>Obra y reforma de \u00e1reas comunes, recepci\u00f3n, salas de juntas y reuniones, despachos de direcci\u00f3n y ba\u00f1os.<\/li>\n<li>Pintura y acondicionamiento de interiores y exteriores de edificaciones. Restauraci\u00f3n, rehabilitaci\u00f3n, y reparaci\u00f3n de fachadas y cubiertas.<\/li>\n<\/ul>\n\n\t\t<\/div>\n\t<\/div>\n<div class=\"vc_row wpb_row vc_inner vc_row-fluid\"><div class=\"wpb_column vc_column_container vc_col-sm-4\"><div class=\"vc_column-inner\"><div class=\"wpb_wrapper\">\n\t<div  class=\"wpb_single_image wpb_content_element vc_align_left\">\n\t\t\n\t\t<figure class=\"wpb_wrapper vc_figure\">\n\t\t\t<div class=\"vc_single_image-wrapper   vc_box_border_grey\"><img loading=\"lazy\" decoding=\"async\" width=\"400\" height=\"300\" src=\"https:\/\/www.didactiaweb.com\/wp-content\/uploads\/2020\/04\/reformes1.jpg\" class=\"vc_single_image-img attachment-full\" alt=\"reformes espai di\u00e0fan\" srcset=\"https:\/\/www.didactiaweb.com\/wp-content\/uploads\/2020\/04\/reformes1.jpg 400w, https:\/\/www.didactiaweb.com\/wp-content\/uploads\/2020\/04\/reformes1-300x225.jpg 300w, https:\/\/www.didactiaweb.com\/wp-content\/uploads\/2020\/04\/reformes1-120x90.jpg 120w\" sizes=\"auto, (max-width: 400px) 100vw, 400px\" \/><\/div>\n\t\t<\/figure>\n\t<\/div>\n<\/div><\/div><\/div><div class=\"wpb_column vc_column_container vc_col-sm-4\"><div class=\"vc_column-inner\"><div class=\"wpb_wrapper\">\n\t<div  class=\"wpb_single_image wpb_content_element vc_align_left\">\n\t\t\n\t\t<figure class=\"wpb_wrapper vc_figure\">\n\t\t\t<div class=\"vc_single_image-wrapper   vc_box_border_grey\"><img loading=\"lazy\" decoding=\"async\" width=\"400\" height=\"300\" src=\"https:\/\/www.didactiaweb.com\/wp-content\/uploads\/2020\/04\/reformes2.jpg\" class=\"vc_single_image-img attachment-full\" alt=\"reformes aula\" srcset=\"https:\/\/www.didactiaweb.com\/wp-content\/uploads\/2020\/04\/reformes2.jpg 400w, https:\/\/www.didactiaweb.com\/wp-content\/uploads\/2020\/04\/reformes2-300x225.jpg 300w, https:\/\/www.didactiaweb.com\/wp-content\/uploads\/2020\/04\/reformes2-120x90.jpg 120w\" sizes=\"auto, (max-width: 400px) 100vw, 400px\" \/><\/div>\n\t\t<\/figure>\n\t<\/div>\n<\/div><\/div><\/div><div class=\"wpb_column vc_column_container vc_col-sm-4\"><div class=\"vc_column-inner\"><div class=\"wpb_wrapper\">\n\t<div  class=\"wpb_single_image wpb_content_element vc_align_left\">\n\t\t\n\t\t<figure class=\"wpb_wrapper vc_figure\">\n\t\t\t<div class=\"vc_single_image-wrapper   vc_box_border_grey\"><img loading=\"lazy\" decoding=\"async\" width=\"400\" height=\"300\" src=\"https:\/\/www.didactiaweb.com\/wp-content\/uploads\/2020\/04\/reformes3.jpg\" class=\"vc_single_image-img attachment-full\" alt=\"obres labavos\" srcset=\"https:\/\/www.didactiaweb.com\/wp-content\/uploads\/2020\/04\/reformes3.jpg 400w, https:\/\/www.didactiaweb.com\/wp-content\/uploads\/2020\/04\/reformes3-300x225.jpg 300w, https:\/\/www.didactiaweb.com\/wp-content\/uploads\/2020\/04\/reformes3-120x90.jpg 120w\" sizes=\"auto, (max-width: 400px) 100vw, 400px\" \/><\/div>\n\t\t<\/figure>\n\t<\/div>\n<\/div><\/div><\/div><\/div><div class=\"vc_row wpb_row vc_inner vc_row-fluid\"><div class=\"wpb_column vc_column_container vc_col-sm-4\"><div class=\"vc_column-inner\"><div class=\"wpb_wrapper\">\n\t<div  class=\"wpb_single_image wpb_content_element vc_align_left\">\n\t\t\n\t\t<figure class=\"wpb_wrapper vc_figure\">\n\t\t\t<div class=\"vc_single_image-wrapper   vc_box_border_grey\"><img loading=\"lazy\" decoding=\"async\" width=\"400\" height=\"300\" src=\"https:\/\/www.didactiaweb.com\/wp-content\/uploads\/2020\/04\/reformes4.jpg\" class=\"vc_single_image-img attachment-full\" alt=\"obres escales\" srcset=\"https:\/\/www.didactiaweb.com\/wp-content\/uploads\/2020\/04\/reformes4.jpg 400w, https:\/\/www.didactiaweb.com\/wp-content\/uploads\/2020\/04\/reformes4-300x225.jpg 300w, https:\/\/www.didactiaweb.com\/wp-content\/uploads\/2020\/04\/reformes4-120x90.jpg 120w\" sizes=\"auto, (max-width: 400px) 100vw, 400px\" \/><\/div>\n\t\t<\/figure>\n\t<\/div>\n<\/div><\/div><\/div><div class=\"wpb_column vc_column_container vc_col-sm-4\"><div class=\"vc_column-inner\"><div class=\"wpb_wrapper\">\n\t<div  class=\"wpb_single_image wpb_content_element vc_align_left\">\n\t\t\n\t\t<figure class=\"wpb_wrapper vc_figure\">\n\t\t\t<div class=\"vc_single_image-wrapper   vc_box_border_grey\"><img loading=\"lazy\" decoding=\"async\" width=\"400\" height=\"300\" src=\"https:\/\/www.didactiaweb.com\/wp-content\/uploads\/2020\/04\/reformes5.jpg\" class=\"vc_single_image-img attachment-full\" alt=\"reixa pati\" srcset=\"https:\/\/www.didactiaweb.com\/wp-content\/uploads\/2020\/04\/reformes5.jpg 400w, https:\/\/www.didactiaweb.com\/wp-content\/uploads\/2020\/04\/reformes5-300x225.jpg 300w, https:\/\/www.didactiaweb.com\/wp-content\/uploads\/2020\/04\/reformes5-120x90.jpg 120w\" sizes=\"auto, (max-width: 400px) 100vw, 400px\" \/><\/div>\n\t\t<\/figure>\n\t<\/div>\n<\/div><\/div><\/div><div class=\"wpb_column vc_column_container vc_col-sm-4\"><div class=\"vc_column-inner\"><div class=\"wpb_wrapper\">\n\t<div  class=\"wpb_single_image wpb_content_element vc_align_left\">\n\t\t\n\t\t<figure class=\"wpb_wrapper vc_figure\">\n\t\t\t<div class=\"vc_single_image-wrapper   vc_box_border_grey\"><img loading=\"lazy\" decoding=\"async\" width=\"400\" height=\"300\" src=\"https:\/\/www.didactiaweb.com\/wp-content\/uploads\/2020\/04\/reformes6.jpg\" class=\"vc_single_image-img attachment-full\" alt=\"pati abans - despres\" srcset=\"https:\/\/www.didactiaweb.com\/wp-content\/uploads\/2020\/04\/reformes6.jpg 400w, https:\/\/www.didactiaweb.com\/wp-content\/uploads\/2020\/04\/reformes6-300x225.jpg 300w, https:\/\/www.didactiaweb.com\/wp-content\/uploads\/2020\/04\/reformes6-120x90.jpg 120w\" sizes=\"auto, (max-width: 400px) 100vw, 400px\" \/><\/div>\n\t\t<\/figure>\n\t<\/div>\n<\/div><\/div><\/div><\/div><\/div><\/div><\/div><\/div>","protected":false},"excerpt":{"rendered":"Instal\u00b7laci\u00f3 i manteniment de material audiovisual Rehabilitaci\u00f3 de parcs infantils Obres i reformes Creaci\u00f3 i adaptaci\u00f3 de laboratoris Fer obres es converteix en tota una odissea estressant i poc desitjada per a molts. Des de Didactia ens impliquem des del primer moment, amb serietat i professionalitat, amb garantia d\u2019un resultat excel\u00b7lent, assessorament i suport al [...]","protected":false},"author":1,"featured_media":0,"parent":3529,"menu_order":0,"comment_status":"closed","ping_status":"closed","template":"","meta":{"footnotes":""},"class_list":["post-4199","page","type-page","status-publish","hentry"],"yoast_head":"<!-- This site is optimized with the Yoast SEO plugin v26.8 - https:\/\/yoast.com\/product\/yoast-seo-wordpress\/ -->\n<title>Obres i reformes - Didactia<\/title>\n<meta name=\"robots\" content=\"index, follow, max-snippet:-1, max-image-preview:large, max-video-preview:-1\" \/>\n<link rel=\"canonical\" href=\"https:\/\/www.didactiaweb.com\/es\/serveis\/obres-i-reformes\/\" \/>\n<meta property=\"og:locale\" content=\"es_ES\" \/>\n<meta property=\"og:type\" content=\"article\" \/>\n<meta property=\"og:title\" content=\"Obres i reformes - Didactia\" \/>\n<meta property=\"og:url\" content=\"https:\/\/www.didactiaweb.com\/es\/serveis\/obres-i-reformes\/\" \/>\n<meta property=\"og:site_name\" content=\"Didactia\" \/>\n<meta property=\"article:modified_time\" content=\"2020-05-18T17:57:44+00:00\" \/>\n<meta name=\"twitter:card\" content=\"summary_large_image\" \/>\n<meta name=\"twitter:label1\" content=\"Tiempo de lectura\" \/>\n\t<meta name=\"twitter:data1\" content=\"1 minuto\" \/>\n<script type=\"application\/ld+json\" class=\"yoast-schema-graph\">{\"@context\":\"https:\/\/schema.org\",\"@graph\":[{\"@type\":\"WebPage\",\"@id\":\"https:\/\/www.didactiaweb.com\/serveis\/obres-i-reformes\/\",\"url\":\"https:\/\/www.didactiaweb.com\/serveis\/obres-i-reformes\/\",\"name\":\"Obres i reformes - Didactia\",\"isPartOf\":{\"@id\":\"https:\/\/www.didactiaweb.com\/#website\"},\"datePublished\":\"2020-04-24T10:22:44+00:00\",\"dateModified\":\"2020-05-18T17:57:44+00:00\",\"breadcrumb\":{\"@id\":\"https:\/\/www.didactiaweb.com\/serveis\/obres-i-reformes\/#breadcrumb\"},\"inLanguage\":\"es\",\"potentialAction\":[{\"@type\":\"ReadAction\",\"target\":[\"https:\/\/www.didactiaweb.com\/serveis\/obres-i-reformes\/\"]}]},{\"@type\":\"BreadcrumbList\",\"@id\":\"https:\/\/www.didactiaweb.com\/serveis\/obres-i-reformes\/#breadcrumb\",\"itemListElement\":[{\"@type\":\"ListItem\",\"position\":1,\"name\":\"Inici\",\"item\":\"https:\/\/www.didactiaweb.com\/\"},{\"@type\":\"ListItem\",\"position\":2,\"name\":\"Serveis\",\"item\":\"https:\/\/www.didactiaweb.com\/serveis\/\"},{\"@type\":\"ListItem\",\"position\":3,\"name\":\"Obres i reformes\"}]},{\"@type\":\"WebSite\",\"@id\":\"https:\/\/www.didactiaweb.com\/#website\",\"url\":\"https:\/\/www.didactiaweb.com\/\",\"name\":\"Didactia\",\"description\":\"Prove\u00efdor Integral\",\"publisher\":{\"@id\":\"https:\/\/www.didactiaweb.com\/#organization\"},\"potentialAction\":[{\"@type\":\"SearchAction\",\"target\":{\"@type\":\"EntryPoint\",\"urlTemplate\":\"https:\/\/www.didactiaweb.com\/?s={search_term_string}\"},\"query-input\":{\"@type\":\"PropertyValueSpecification\",\"valueRequired\":true,\"valueName\":\"search_term_string\"}}],\"inLanguage\":\"es\"},{\"@type\":\"Organization\",\"@id\":\"https:\/\/www.didactiaweb.com\/#organization\",\"name\":\"Didactia Proveedor Integral S.L.\",\"url\":\"https:\/\/www.didactiaweb.com\/\",\"logo\":{\"@type\":\"ImageObject\",\"inLanguage\":\"es\",\"@id\":\"https:\/\/www.didactiaweb.com\/#\/schema\/logo\/image\/\",\"url\":\"https:\/\/www.didactiaweb.com\/wp-content\/uploads\/2020\/03\/logo.png\",\"contentUrl\":\"https:\/\/www.didactiaweb.com\/wp-content\/uploads\/2020\/03\/logo.png\",\"width\":230,\"height\":63,\"caption\":\"Didactia Proveedor Integral S.L.\"},\"image\":{\"@id\":\"https:\/\/www.didactiaweb.com\/#\/schema\/logo\/image\/\"}}]}<\/script>\n<!-- \/ Yoast SEO plugin. -->","yoast_head_json":{"title":"Obres i reformes - Didactia","robots":{"index":"index","follow":"follow","max-snippet":"max-snippet:-1","max-image-preview":"max-image-preview:large","max-video-preview":"max-video-preview:-1"},"canonical":"https:\/\/www.didactiaweb.com\/es\/serveis\/obres-i-reformes\/","og_locale":"es_ES","og_type":"article","og_title":"Obres i reformes - Didactia","og_url":"https:\/\/www.didactiaweb.com\/es\/serveis\/obres-i-reformes\/","og_site_name":"Didactia","article_modified_time":"2020-05-18T17:57:44+00:00","twitter_card":"summary_large_image","twitter_misc":{"Tiempo de lectura":"1 minuto"},"schema":{"@context":"https:\/\/schema.org","@graph":[{"@type":"WebPage","@id":"https:\/\/www.didactiaweb.com\/serveis\/obres-i-reformes\/","url":"https:\/\/www.didactiaweb.com\/serveis\/obres-i-reformes\/","name":"Obres i reformes - Didactia","isPartOf":{"@id":"https:\/\/www.didactiaweb.com\/#website"},"datePublished":"2020-04-24T10:22:44+00:00","dateModified":"2020-05-18T17:57:44+00:00","breadcrumb":{"@id":"https:\/\/www.didactiaweb.com\/serveis\/obres-i-reformes\/#breadcrumb"},"inLanguage":"es","potentialAction":[{"@type":"ReadAction","target":["https:\/\/www.didactiaweb.com\/serveis\/obres-i-reformes\/"]}]},{"@type":"BreadcrumbList","@id":"https:\/\/www.didactiaweb.com\/serveis\/obres-i-reformes\/#breadcrumb","itemListElement":[{"@type":"ListItem","position":1,"name":"Inici","item":"https:\/\/www.didactiaweb.com\/"},{"@type":"ListItem","position":2,"name":"Serveis","item":"https:\/\/www.didactiaweb.com\/serveis\/"},{"@type":"ListItem","position":3,"name":"Obres i reformes"}]},{"@type":"WebSite","@id":"https:\/\/www.didactiaweb.com\/#website","url":"https:\/\/www.didactiaweb.com\/","name":"Didactia","description":"Prove\u00efdor Integral","publisher":{"@id":"https:\/\/www.didactiaweb.com\/#organization"},"potentialAction":[{"@type":"SearchAction","target":{"@type":"EntryPoint","urlTemplate":"https:\/\/www.didactiaweb.com\/?s={search_term_string}"},"query-input":{"@type":"PropertyValueSpecification","valueRequired":true,"valueName":"search_term_string"}}],"inLanguage":"es"},{"@type":"Organization","@id":"https:\/\/www.didactiaweb.com\/#organization","name":"Didactia Proveedor Integral S.L.","url":"https:\/\/www.didactiaweb.com\/","logo":{"@type":"ImageObject","inLanguage":"es","@id":"https:\/\/www.didactiaweb.com\/#\/schema\/logo\/image\/","url":"https:\/\/www.didactiaweb.com\/wp-content\/uploads\/2020\/03\/logo.png","contentUrl":"https:\/\/www.didactiaweb.com\/wp-content\/uploads\/2020\/03\/logo.png","width":230,"height":63,"caption":"Didactia Proveedor Integral S.L."},"image":{"@id":"https:\/\/www.didactiaweb.com\/#\/schema\/logo\/image\/"}}]}},"_links":{"self":[{"href":"https:\/\/www.didactiaweb.com\/es\/wp-json\/wp\/v2\/pages\/4199","targetHints":{"allow":["GET"]}}],"collection":[{"href":"https:\/\/www.didactiaweb.com\/es\/wp-json\/wp\/v2\/pages"}],"about":[{"href":"https:\/\/www.didactiaweb.com\/es\/wp-json\/wp\/v2\/types\/page"}],"author":[{"embeddable":true,"href":"https:\/\/www.didactiaweb.com\/es\/wp-json\/wp\/v2\/users\/1"}],"replies":[{"embeddable":true,"href":"https:\/\/www.didactiaweb.com\/es\/wp-json\/wp\/v2\/comments?post=4199"}],"version-history":[{"count":5,"href":"https:\/\/www.didactiaweb.com\/es\/wp-json\/wp\/v2\/pages\/4199\/revisions"}],"predecessor-version":[{"id":4536,"href":"https:\/\/www.didactiaweb.com\/es\/wp-json\/wp\/v2\/pages\/4199\/revisions\/4536"}],"up":[{"embeddable":true,"href":"https:\/\/www.didactiaweb.com\/es\/wp-json\/wp\/v2\/pages\/3529"}],"wp:attachment":[{"href":"https:\/\/www.didactiaweb.com\/es\/wp-json\/wp\/v2\/media?parent=4199"}],"curies":[{"name":"wp","href":"https:\/\/api.w.org\/{rel}","templated":true}]}}