{"id":4202,"date":"2020-04-24T12:23:21","date_gmt":"2020-04-24T10:23:21","guid":{"rendered":"https:\/\/www.didactiaweb.com\/?page_id=4202"},"modified":"2020-04-27T18:29:21","modified_gmt":"2020-04-27T16:29:21","slug":"creacio-i-adaptacio-de-laboratoris","status":"publish","type":"page","link":"https:\/\/www.didactiaweb.com\/es\/serveis\/creacio-i-adaptacio-de-laboratoris\/","title":{"rendered":"Creaci\u00f3n y adaptaci\u00f3n de laboratorios"},"content":{"rendered":"<div class=\"vc_row wpb_row vc_row-fluid\"><div class=\"wpb_column vc_column_container vc_col-sm-12\"><div class=\"vc_column-inner\"><div class=\"wpb_wrapper\"><div class=\"vc_empty_space\"   style=\"height: 52px\"><span class=\"vc_empty_space_inner\"><\/span><\/div><\/div><\/div><\/div><\/div><div class=\"vc_row wpb_row vc_row-fluid\"><div class=\"wpb_column vc_column_container vc_col-sm-3\"><div class=\"vc_column-inner\"><div class=\"wpb_wrapper\">\n\t<div class=\"wpb_text_column wpb_content_element\" >\n\t\t<div class=\"wpb_wrapper\">\n\t\t\t\t<div class=\"wpb_category_n_menu_accordion wpb_wmca_accordion_wrapper_theme_dark\" data-accordion=\"false\" data-indicator_icon=\"+\" data-iconclass=\"\">\n\t\t<ul id=\"menu-serveis\" class=\"wpb_category_n_menu_accordion_list\"><li id=\"menu-item-4208\" class=\"menu-item menu-item-type-post_type menu-item-object-page menu-item-4208\"><a href=\"https:\/\/www.didactiaweb.com\/es\/serveis\/installacio-i-manteniment-de-material-audiovisual\/\">Instalaci\u00f3n y mantenimiento de material audiovisual<\/a><\/li>\n<li id=\"menu-item-4207\" class=\"menu-item menu-item-type-post_type menu-item-object-page menu-item-4207\"><a href=\"https:\/\/www.didactiaweb.com\/es\/serveis\/rehabilitacio-de-parcs-infantils\/\">Rehabilitaci\u00f3n de parques infantiles<\/a><\/li>\n<li id=\"menu-item-4206\" class=\"menu-item menu-item-type-post_type menu-item-object-page menu-item-4206\"><a href=\"https:\/\/www.didactiaweb.com\/es\/serveis\/obres-i-reformes\/\">Obras y reformas<\/a><\/li>\n<li id=\"menu-item-4205\" class=\"menu-item menu-item-type-post_type menu-item-object-page menu-item-4205\"><a href=\"https:\/\/www.didactiaweb.com\/es\/serveis\/creacio-i-adaptacio-de-laboratoris\/\">Creaci\u00f3n y adaptaci\u00f3n de laboratorios<\/a><\/li>\n<\/ul>\t<\/div>\n\n\n\t\t<\/div>\n\t<\/div>\n<\/div><\/div><\/div><div class=\"wpb_column vc_column_container vc_col-sm-9\"><div class=\"vc_column-inner vc_custom_1586172072836\"><div class=\"wpb_wrapper\">\n\t<div class=\"wpb_text_column wpb_content_element\" >\n\t\t<div class=\"wpb_wrapper\">\n\t\t\t<p>Ponemos a tu disposici\u00f3n un equipo multidisciplinar de profesionales para realizar una obra nueva, o bien una reforma, ampliaci\u00f3n, adaptaci\u00f3n o traslado, independientemente de su magnitud. Con el dise\u00f1o intentamos potenciar la visibilidad entre los alumnos y el profesor durante el desarrollo de las pr\u00e1cticas en el laboratorio de cara a favorecer una comunicaci\u00f3n plenamente satisfactoria. Equipamos su laboratorio con mobiliario t\u00e9cnico y espec\u00edfico:<\/p>\n<ul>\n<li>Campanas de extracci\u00f3n<\/li>\n<li>Armarios para productos inflamables y corrosivos<\/li>\n<li>Duchas y lava ojos de emergencia<\/li>\n<li>Ventilaci\u00f3n de ambiente o emergencia<\/li>\n<li>Se\u00f1alizaci\u00f3n y planes de emergencia<\/li>\n<li>Iluminaci\u00f3n<\/li>\n<\/ul>\n\n\t\t<\/div>\n\t<\/div>\n<div class=\"vc_row wpb_row vc_inner vc_row-fluid\"><div class=\"wpb_column vc_column_container vc_col-sm-6\"><div class=\"vc_column-inner\"><div class=\"wpb_wrapper\">\n\t<div  class=\"wpb_single_image wpb_content_element vc_align_left\">\n\t\t\n\t\t<figure class=\"wpb_wrapper vc_figure\">\n\t\t\t<div class=\"vc_single_image-wrapper   vc_box_border_grey\"><img loading=\"lazy\" decoding=\"async\" width=\"484\" height=\"326\" src=\"https:\/\/www.didactiaweb.com\/wp-content\/uploads\/2020\/04\/hexa.png\" class=\"vc_single_image-img attachment-full\" alt=\"laboratori amb taules hexagonals\" srcset=\"https:\/\/www.didactiaweb.com\/wp-content\/uploads\/2020\/04\/hexa.png 484w, https:\/\/www.didactiaweb.com\/wp-content\/uploads\/2020\/04\/hexa-300x202.png 300w, https:\/\/www.didactiaweb.com\/wp-content\/uploads\/2020\/04\/hexa-120x81.png 120w\" sizes=\"auto, (max-width: 484px) 100vw, 484px\" \/><\/div>\n\t\t<\/figure>\n\t<\/div>\n<\/div><\/div><\/div><div class=\"wpb_column vc_column_container vc_col-sm-6\"><div class=\"vc_column-inner\"><div class=\"wpb_wrapper\">\n\t<div  class=\"wpb_single_image wpb_content_element vc_align_left\">\n\t\t\n\t\t<figure class=\"wpb_wrapper vc_figure\">\n\t\t\t<div class=\"vc_single_image-wrapper   vc_box_border_grey\"><img loading=\"lazy\" decoding=\"async\" width=\"484\" height=\"326\" src=\"https:\/\/www.didactiaweb.com\/wp-content\/uploads\/2020\/04\/blanc.png\" class=\"vc_single_image-img attachment-full\" alt=\"reforma laboratori\" srcset=\"https:\/\/www.didactiaweb.com\/wp-content\/uploads\/2020\/04\/blanc.png 484w, https:\/\/www.didactiaweb.com\/wp-content\/uploads\/2020\/04\/blanc-300x202.png 300w, https:\/\/www.didactiaweb.com\/wp-content\/uploads\/2020\/04\/blanc-120x81.png 120w\" sizes=\"auto, (max-width: 484px) 100vw, 484px\" \/><\/div>\n\t\t<\/figure>\n\t<\/div>\n<\/div><\/div><\/div><\/div><div class=\"vc_row wpb_row vc_inner vc_row-fluid\"><div class=\"wpb_column vc_column_container vc_col-sm-6\"><div class=\"vc_column-inner\"><div class=\"wpb_wrapper\">\n\t<div  class=\"wpb_single_image wpb_content_element vc_align_left\">\n\t\t\n\t\t<figure class=\"wpb_wrapper vc_figure\">\n\t\t\t<div class=\"vc_single_image-wrapper   vc_box_border_grey\"><img loading=\"lazy\" decoding=\"async\" width=\"484\" height=\"326\" src=\"https:\/\/www.didactiaweb.com\/wp-content\/uploads\/2020\/04\/laboratori-mestre.png\" class=\"vc_single_image-img attachment-full\" alt=\"aula laboratori\" srcset=\"https:\/\/www.didactiaweb.com\/wp-content\/uploads\/2020\/04\/laboratori-mestre.png 484w, https:\/\/www.didactiaweb.com\/wp-content\/uploads\/2020\/04\/laboratori-mestre-300x202.png 300w, https:\/\/www.didactiaweb.com\/wp-content\/uploads\/2020\/04\/laboratori-mestre-120x81.png 120w\" sizes=\"auto, (max-width: 484px) 100vw, 484px\" \/><\/div>\n\t\t<\/figure>\n\t<\/div>\n<\/div><\/div><\/div><div class=\"wpb_column vc_column_container vc_col-sm-6\"><div class=\"vc_column-inner\"><div class=\"wpb_wrapper\">\n\t<div  class=\"wpb_single_image wpb_content_element vc_align_left\">\n\t\t\n\t\t<figure class=\"wpb_wrapper vc_figure\">\n\t\t\t<div class=\"vc_single_image-wrapper   vc_box_border_grey\"><img loading=\"lazy\" decoding=\"async\" width=\"484\" height=\"326\" src=\"https:\/\/www.didactiaweb.com\/wp-content\/uploads\/2020\/04\/taula-grupal.png\" class=\"vc_single_image-img attachment-full\" alt=\"Laboratori\" srcset=\"https:\/\/www.didactiaweb.com\/wp-content\/uploads\/2020\/04\/taula-grupal.png 484w, https:\/\/www.didactiaweb.com\/wp-content\/uploads\/2020\/04\/taula-grupal-300x202.png 300w, https:\/\/www.didactiaweb.com\/wp-content\/uploads\/2020\/04\/taula-grupal-120x81.png 120w\" sizes=\"auto, (max-width: 484px) 100vw, 484px\" \/><\/div>\n\t\t<\/figure>\n\t<\/div>\n<\/div><\/div><\/div><\/div><\/div><\/div><\/div><\/div>","protected":false},"excerpt":{"rendered":"Instal\u00b7laci\u00f3 i manteniment de material audiovisual Rehabilitaci\u00f3 de parcs infantils Obres i reformes Creaci\u00f3 i adaptaci\u00f3 de laboratoris Posem a la teva disposici\u00f3 un equip multidisciplinari de professionals per realitzar una obra nova, o b\u00e9 una reforma, ampliaci\u00f3, adaptaci\u00f3 o trasllat, independentment de la seva magnitud. Amb el disseny intentem potenciar la visibilitat entre els [...]","protected":false},"author":1,"featured_media":0,"parent":3529,"menu_order":0,"comment_status":"closed","ping_status":"closed","template":"","meta":{"footnotes":""},"class_list":["post-4202","page","type-page","status-publish","hentry"],"yoast_head":"<!-- This site is optimized with the Yoast SEO plugin v26.8 - https:\/\/yoast.com\/product\/yoast-seo-wordpress\/ -->\n<title>Creaci\u00f3 i adaptaci\u00f3 de laboratoris - Didactia<\/title>\n<meta name=\"robots\" content=\"index, follow, max-snippet:-1, max-image-preview:large, max-video-preview:-1\" \/>\n<link rel=\"canonical\" href=\"https:\/\/www.didactiaweb.com\/es\/serveis\/creacio-i-adaptacio-de-laboratoris\/\" \/>\n<meta property=\"og:locale\" content=\"es_ES\" \/>\n<meta property=\"og:type\" content=\"article\" \/>\n<meta property=\"og:title\" content=\"Creaci\u00f3 i adaptaci\u00f3 de laboratoris - Didactia\" \/>\n<meta property=\"og:url\" content=\"https:\/\/www.didactiaweb.com\/es\/serveis\/creacio-i-adaptacio-de-laboratoris\/\" \/>\n<meta property=\"og:site_name\" content=\"Didactia\" \/>\n<meta property=\"article:modified_time\" content=\"2020-04-27T16:29:21+00:00\" \/>\n<meta name=\"twitter:card\" content=\"summary_large_image\" \/>\n<meta name=\"twitter:label1\" content=\"Tiempo de lectura\" \/>\n\t<meta name=\"twitter:data1\" content=\"1 minuto\" \/>\n<script type=\"application\/ld+json\" class=\"yoast-schema-graph\">{\"@context\":\"https:\/\/schema.org\",\"@graph\":[{\"@type\":\"WebPage\",\"@id\":\"https:\/\/www.didactiaweb.com\/serveis\/creacio-i-adaptacio-de-laboratoris\/\",\"url\":\"https:\/\/www.didactiaweb.com\/serveis\/creacio-i-adaptacio-de-laboratoris\/\",\"name\":\"Creaci\u00f3 i adaptaci\u00f3 de laboratoris - Didactia\",\"isPartOf\":{\"@id\":\"https:\/\/www.didactiaweb.com\/#website\"},\"datePublished\":\"2020-04-24T10:23:21+00:00\",\"dateModified\":\"2020-04-27T16:29:21+00:00\",\"breadcrumb\":{\"@id\":\"https:\/\/www.didactiaweb.com\/serveis\/creacio-i-adaptacio-de-laboratoris\/#breadcrumb\"},\"inLanguage\":\"es\",\"potentialAction\":[{\"@type\":\"ReadAction\",\"target\":[\"https:\/\/www.didactiaweb.com\/serveis\/creacio-i-adaptacio-de-laboratoris\/\"]}]},{\"@type\":\"BreadcrumbList\",\"@id\":\"https:\/\/www.didactiaweb.com\/serveis\/creacio-i-adaptacio-de-laboratoris\/#breadcrumb\",\"itemListElement\":[{\"@type\":\"ListItem\",\"position\":1,\"name\":\"Inici\",\"item\":\"https:\/\/www.didactiaweb.com\/\"},{\"@type\":\"ListItem\",\"position\":2,\"name\":\"Serveis\",\"item\":\"https:\/\/www.didactiaweb.com\/serveis\/\"},{\"@type\":\"ListItem\",\"position\":3,\"name\":\"Creaci\u00f3 i adaptaci\u00f3 de laboratoris\"}]},{\"@type\":\"WebSite\",\"@id\":\"https:\/\/www.didactiaweb.com\/#website\",\"url\":\"https:\/\/www.didactiaweb.com\/\",\"name\":\"Didactia\",\"description\":\"Prove\u00efdor Integral\",\"publisher\":{\"@id\":\"https:\/\/www.didactiaweb.com\/#organization\"},\"potentialAction\":[{\"@type\":\"SearchAction\",\"target\":{\"@type\":\"EntryPoint\",\"urlTemplate\":\"https:\/\/www.didactiaweb.com\/?s={search_term_string}\"},\"query-input\":{\"@type\":\"PropertyValueSpecification\",\"valueRequired\":true,\"valueName\":\"search_term_string\"}}],\"inLanguage\":\"es\"},{\"@type\":\"Organization\",\"@id\":\"https:\/\/www.didactiaweb.com\/#organization\",\"name\":\"Didactia Proveedor Integral S.L.\",\"url\":\"https:\/\/www.didactiaweb.com\/\",\"logo\":{\"@type\":\"ImageObject\",\"inLanguage\":\"es\",\"@id\":\"https:\/\/www.didactiaweb.com\/#\/schema\/logo\/image\/\",\"url\":\"https:\/\/www.didactiaweb.com\/wp-content\/uploads\/2020\/03\/logo.png\",\"contentUrl\":\"https:\/\/www.didactiaweb.com\/wp-content\/uploads\/2020\/03\/logo.png\",\"width\":230,\"height\":63,\"caption\":\"Didactia Proveedor Integral S.L.\"},\"image\":{\"@id\":\"https:\/\/www.didactiaweb.com\/#\/schema\/logo\/image\/\"}}]}<\/script>\n<!-- \/ Yoast SEO plugin. -->","yoast_head_json":{"title":"Creaci\u00f3 i adaptaci\u00f3 de laboratoris - Didactia","robots":{"index":"index","follow":"follow","max-snippet":"max-snippet:-1","max-image-preview":"max-image-preview:large","max-video-preview":"max-video-preview:-1"},"canonical":"https:\/\/www.didactiaweb.com\/es\/serveis\/creacio-i-adaptacio-de-laboratoris\/","og_locale":"es_ES","og_type":"article","og_title":"Creaci\u00f3 i adaptaci\u00f3 de laboratoris - Didactia","og_url":"https:\/\/www.didactiaweb.com\/es\/serveis\/creacio-i-adaptacio-de-laboratoris\/","og_site_name":"Didactia","article_modified_time":"2020-04-27T16:29:21+00:00","twitter_card":"summary_large_image","twitter_misc":{"Tiempo de lectura":"1 minuto"},"schema":{"@context":"https:\/\/schema.org","@graph":[{"@type":"WebPage","@id":"https:\/\/www.didactiaweb.com\/serveis\/creacio-i-adaptacio-de-laboratoris\/","url":"https:\/\/www.didactiaweb.com\/serveis\/creacio-i-adaptacio-de-laboratoris\/","name":"Creaci\u00f3 i adaptaci\u00f3 de laboratoris - Didactia","isPartOf":{"@id":"https:\/\/www.didactiaweb.com\/#website"},"datePublished":"2020-04-24T10:23:21+00:00","dateModified":"2020-04-27T16:29:21+00:00","breadcrumb":{"@id":"https:\/\/www.didactiaweb.com\/serveis\/creacio-i-adaptacio-de-laboratoris\/#breadcrumb"},"inLanguage":"es","potentialAction":[{"@type":"ReadAction","target":["https:\/\/www.didactiaweb.com\/serveis\/creacio-i-adaptacio-de-laboratoris\/"]}]},{"@type":"BreadcrumbList","@id":"https:\/\/www.didactiaweb.com\/serveis\/creacio-i-adaptacio-de-laboratoris\/#breadcrumb","itemListElement":[{"@type":"ListItem","position":1,"name":"Inici","item":"https:\/\/www.didactiaweb.com\/"},{"@type":"ListItem","position":2,"name":"Serveis","item":"https:\/\/www.didactiaweb.com\/serveis\/"},{"@type":"ListItem","position":3,"name":"Creaci\u00f3 i adaptaci\u00f3 de laboratoris"}]},{"@type":"WebSite","@id":"https:\/\/www.didactiaweb.com\/#website","url":"https:\/\/www.didactiaweb.com\/","name":"Didactia","description":"Prove\u00efdor Integral","publisher":{"@id":"https:\/\/www.didactiaweb.com\/#organization"},"potentialAction":[{"@type":"SearchAction","target":{"@type":"EntryPoint","urlTemplate":"https:\/\/www.didactiaweb.com\/?s={search_term_string}"},"query-input":{"@type":"PropertyValueSpecification","valueRequired":true,"valueName":"search_term_string"}}],"inLanguage":"es"},{"@type":"Organization","@id":"https:\/\/www.didactiaweb.com\/#organization","name":"Didactia Proveedor Integral S.L.","url":"https:\/\/www.didactiaweb.com\/","logo":{"@type":"ImageObject","inLanguage":"es","@id":"https:\/\/www.didactiaweb.com\/#\/schema\/logo\/image\/","url":"https:\/\/www.didactiaweb.com\/wp-content\/uploads\/2020\/03\/logo.png","contentUrl":"https:\/\/www.didactiaweb.com\/wp-content\/uploads\/2020\/03\/logo.png","width":230,"height":63,"caption":"Didactia Proveedor Integral S.L."},"image":{"@id":"https:\/\/www.didactiaweb.com\/#\/schema\/logo\/image\/"}}]}},"_links":{"self":[{"href":"https:\/\/www.didactiaweb.com\/es\/wp-json\/wp\/v2\/pages\/4202","targetHints":{"allow":["GET"]}}],"collection":[{"href":"https:\/\/www.didactiaweb.com\/es\/wp-json\/wp\/v2\/pages"}],"about":[{"href":"https:\/\/www.didactiaweb.com\/es\/wp-json\/wp\/v2\/types\/page"}],"author":[{"embeddable":true,"href":"https:\/\/www.didactiaweb.com\/es\/wp-json\/wp\/v2\/users\/1"}],"replies":[{"embeddable":true,"href":"https:\/\/www.didactiaweb.com\/es\/wp-json\/wp\/v2\/comments?post=4202"}],"version-history":[{"count":4,"href":"https:\/\/www.didactiaweb.com\/es\/wp-json\/wp\/v2\/pages\/4202\/revisions"}],"predecessor-version":[{"id":4366,"href":"https:\/\/www.didactiaweb.com\/es\/wp-json\/wp\/v2\/pages\/4202\/revisions\/4366"}],"up":[{"embeddable":true,"href":"https:\/\/www.didactiaweb.com\/es\/wp-json\/wp\/v2\/pages\/3529"}],"wp:attachment":[{"href":"https:\/\/www.didactiaweb.com\/es\/wp-json\/wp\/v2\/media?parent=4202"}],"curies":[{"name":"wp","href":"https:\/\/api.w.org\/{rel}","templated":true}]}}