{"id":4413,"date":"2020-04-29T17:29:56","date_gmt":"2020-04-29T15:29:56","guid":{"rendered":"https:\/\/www.didactiaweb.com\/?page_id=4413"},"modified":"2020-04-29T17:29:56","modified_gmt":"2020-04-29T15:29:56","slug":"cookies","status":"publish","type":"page","link":"https:\/\/www.didactiaweb.com\/es\/cookies\/","title":{"rendered":"Cookies"},"content":{"rendered":"<div class=\"vc_row wpb_row vc_row-fluid\"><div class=\"wpb_column vc_column_container vc_col-sm-12\"><div class=\"vc_column-inner\"><div class=\"wpb_wrapper\"><div class=\"vc_empty_space\"   style=\"height: 52px\"><span class=\"vc_empty_space_inner\"><\/span><\/div>\n\t<div class=\"wpb_text_column wpb_content_element \" >\n\t\t<div class=\"wpb_wrapper\">\n\t\t\t<p>Pol\u00edtica de cookies de https:\/\/www.didactiaweb.com\/\/<\/p>\n<p>Este sitio web, al igual que la mayor\u00eda de los sitios en Internet, usa Cookies para mejorar y optimizar la experiencia del usuario. A continuaci\u00f3n encontrar\u00e1s informaci\u00f3n detallada sobre qu\u00e9 son las &#8220;Cookies&#8221;, qu\u00e9 tipolog\u00eda utiliza este sitio web, c\u00f3mo puedes desactivarlas en tu navegador y c\u00f3mo bloquear espec\u00edficamente la instalaci\u00f3n de Cookies de terceros.<\/p>\n<p><strong>\u00bfQu\u00e9 son las Cookies y c\u00f3mo las utilizan los sitios web de https:\/\/www.didactiaweb.com\/\/?<\/strong><br \/>\nLas Cookies son archivos que el sitio web o la aplicaci\u00f3n que utilizas instala en tu navegador o en tu dispositivo (Smartphone, tableta o televisi\u00f3n conectada) durante tu recorrido por las p\u00e1ginas o por la aplicaci\u00f3n, y sirven para almacenar informaci\u00f3n sobre tu visita. Como la mayor\u00eda de los sitios en internet, los portales web de https:\/\/www.didactiaweb.com\/\/ utilizan Cookies para:<\/p>\n<p>Asegurar que las p\u00e1ginas web pueden funcionar correctamente<br \/>\nAlmacenar tus preferencias, como el idioma que has seleccionado o el tama\u00f1o de letra.<br \/>\nConocer tu experiencia de navegaci\u00f3n.<br \/>\nRecopilar informaci\u00f3n estad\u00edstica an\u00f3nima, como qu\u00e9 p\u00e1ginas has visto o cu\u00e1nto tiempo has estado en nuestros medios.<br \/>\nEl uso de Cookies nos permite optimizar tu navegaci\u00f3n, adaptando la informaci\u00f3n y los servicios ofrecidos a tus intereses, para proporcionarte una mejor experiencia siempre que nos visites.<\/p>\n<p>El sitio web https:\/\/www.didactiaweb.com\/\/ utiliza Cookies para funcionar, adaptar y facilitar al m\u00e1ximo la navegaci\u00f3n del Usuario. Las Cookies se asocian \u00fanicamente a un usuario an\u00f3nimo y su ordenador\/dispositivo y no proporcionan referencias que permitan conocer datos personales.<\/p>\n<p>En todo momento podr\u00e1s acceder a la configuraci\u00f3n de tu navegador para modificar y\/o bloquear la instalaci\u00f3n de las Cookies enviadas por los sitios web de https:\/\/www.didactiaweb.com\/\/, sin que ello impida al acceso a los contenidos. Sin embargo, la calidad del funcionamiento de los Servicios puede verse afectada. Los Usuarios que completen el proceso de registro o hayan iniciado sesi\u00f3n con sus datos de acceso podr\u00e1n acceder a servicios personalizados y adaptados a sus preferencias seg\u00fan la informaci\u00f3n personal suministrada en el momento del registro y la almacenada en la Cookie de su navegador. Las herramientas de email-marketing de https:\/\/www.didactiaweb.com\/\/ utilizan peque\u00f1as im\u00e1genes invisibles para los usuarios que son incluidas en los emails. Esta tecnolog\u00eda nos permite saber si un email se ha le\u00eddo o no, en qu\u00e9 fecha, la direcci\u00f3n IP desde la que ha sido consultado, etc. Con esta informaci\u00f3n, realizamos estudios estad\u00edsticos y anal\u00edticos sobre el env\u00edo y recepci\u00f3n de los emails para mejorar la oferta de los servicios a los que el usuario est\u00e1 suscrito y ofrecerle informaci\u00f3n que pueda ser de su inter\u00e9s.<\/p>\n<p><strong>\u00bfPor qu\u00e9 son importantes?<\/strong><br \/>\nDesde un punto de vista t\u00e9cnico, permiten que los sitios web funcionen de forma m\u00e1s \u00e1gil y adaptada a las preferencias de los usuarios, como por ejemplo almacenar el idioma, la moneda del pa\u00eds o detectar el dispositivo de acceso.<br \/>\nEstablecen niveles de protecci\u00f3n y seguridad que Impiden o dificultan ciberataques contra el sitio web o sus usuarios.<br \/>\nPermiten que los gestores de los medios puedan conocer datos estad\u00edsticos recopilados en las Cookies para mejorar la calidad y experiencia de sus servicios.<br \/>\nSirven para optimizar la publicidad que mostramos a los usuarios, ofreciendo la que m\u00e1s se ajusta a sus intereses.<\/p>\n<p><strong>\u00bfCu\u00e1les son los diferentes tipos de Cookies que utilizamos en https:\/\/www.didactiaweb.com\/\/?<\/strong><br \/>\nLas de sesi\u00f3n expiran cuando el Usuario abandona la p\u00e1gina o cierra el navegador, es decir, est\u00e1n activas mientras dura la visita al sitio web y por tanto son borradas de nuestro ordenador al abandonarlo.<br \/>\nLas permanentes expiran cuando se cumple el objetivo para el que sirven o bien cuando se borran manualmente, tienen fecha de borrado y se utilizan normalmente en proceso de compra online, personalizaciones o en el registro, para no tener que introducir nuestra contrase\u00f1a constantemente. Por otro lado, seg\u00fan quien sea la entidad que gestione el equipo o dominio desde donde se env\u00edan las cookies y trate los datos que se obtengan, podemos distinguir entre Cookies propias y de terceros.<\/p>\n<p>Las Cookies propias son aquellas Cookies que son enviadas a tu ordenador y gestionadas exclusivamente por nosotros para el mejor funcionamiento del Sitio Web. La informaci\u00f3n que recabamos se emplea para mejorar la calidad de nuestro servicio y tu experiencia como usuario.<br \/>\nSi interact\u00faas con el contenido de nuestro Sitio Web tambi\u00e9n pueden establecerse cookies de terceros (por ejemplo, al pulsar botones de redes sociales o visionar v\u00eddeos alojados en otro sitio web), que son aquellas establecidas por un dominio diferente de nuestro Sitio Web. No podemos acceder a los datos almacenados en las cookies de otros sitios web cuando navegues en los citados sitios web.<\/p>\n<p>Navegar por este portal web supone que se puedan instalar los siguientes tipos de Cookies: Algunos servicios de https:\/\/www.didactiaweb.com\/\/ pueden utilizar conectores con diversas redes sociales: Facebook, Twitter, Google+, Linkedin, etc. Al utilizar el registro social, autorizas a la red social a almacenar una Cookie persistente. Esta Cookie recuerda tu identificaci\u00f3n en el servicio, haciendo mucho m\u00e1s r\u00e1pido el acceso en siguientes visitas. Esta Cookie puede ser eliminada, y adem\u00e1s, puedes anular los permisos de acceso de los servicios de https:\/\/www.didactiaweb.com\/\/ desde la configuraci\u00f3n de privacidad de la red social concreta.<\/p>\n<p><strong>\u00bfC\u00f3mo puedo configurar mis Cookies?<\/strong><br \/>\nAl navegar y continuar en nuestro Sitio Web estar\u00e1 consintiendo el uso de las Cookies en las condiciones contenidas en la presente Pol\u00edtica de Cookies. https:\/\/www.didactiaweb.com\/\/ proporciona acceso a esta Pol\u00edtica de Cookies en el momento del registro con el objetivo de que el usuario est\u00e9 informado, y sin perjuicio de que \u00e9ste pueda ejercer su derecho a bloquear, eliminar y rechazar el uso de Cookies en todo momento. En cualquier caso le informamos de que, dado que las Cookies no son necesarias para el uso de nuestro Sitio Web, puede bloquearlas o deshabilitarlas activando la configuraci\u00f3n de su navegador, que le permite rechazar la instalaci\u00f3n de todas las cookies o de algunas de ellas. La pr\u00e1ctica mayor\u00eda de los navegadores permiten advertir de la presencia de Cookies o rechazarlas autom\u00e1ticamente. Si las rechaza podr\u00e1 seguir usando nuestro Sitio Web, aunque el uso de algunos de sus servicios podr\u00e1 ser limitado y por tanto su experiencia en nuestro Sitio Web menos satisfactoria. A continuaci\u00f3n te indicamos los links de los principales navegadores y dispositivos para que dispongas de toda la informaci\u00f3n para consultar c\u00f3mo gestionar las cookies en tu navegador.<\/p>\n<p>Internet Explorer : Versi\u00f3n 5 support.microsoft.com\/kb\/196955\/es<\/p>\n<p>Versi\u00f3n 6 http:\/\/support.microsoft.com\/kb\/283185\/es<\/p>\n<p>Versi\u00f3n 7 y 8 http:\/\/windows.microsoft.com\/es-ES\/windows-vista\/Block-or-allow-cookies<\/p>\n<p>Versi\u00f3n 9 http:\/\/windows.microsoft.com\/es-ES\/windows7\/How-to-manage-cookies-in-Internet-Explorer-9<\/p>\n<p>Safari: http:\/\/support.apple.com\/kb\/PH5042?viewlocale=es_EShttp:\/\/support.apple.com\/kb\/HT1677?viewlocale=es_ES<\/p>\n<p>Googlehttps:\/\/support.google.com\/chrome\/answer\/95647?hl=es&amp;hlrm=en<\/p>\n<p>Firefox: http:\/\/support.mozilla.org\/es\/kb\/cookies-informacion-que-los-sitios-web-guardan-en-?redirectlocale=en-US&amp;redirectslug=Cookies<\/p>\n<p>Opera : http:\/\/help.opera.com\/Windows\/11.50\/es-ES\/cookies.html<\/p>\n<p>Android http:\/\/support.google.com\/android\/?hl=es<\/p>\n<p>Windows Phone http:\/\/www.windowsphone.com\/es-ES\/how-to\/wp7\/web\/changing-privacy-and-other-browser-settings<\/p>\n<p>Blackberry http:\/\/docs.blackberry.com\/en\/smartphone_users\/deliverables\/18578\/Turn_off_cookies_in_the_browser_60_1072866_11.jsp<\/p>\n<p>Si deseas informaci\u00f3n adicional sobre c\u00f3mo configurar las Cookies detallada por proveedor o administrar tus preferencias, visita el portal Your Online Choices.<\/p>\n<p><strong>\u00bfActualizamos nuestra Pol\u00edtica de Cookies?<\/strong><br \/>\nEs posible que actualicemos la Pol\u00edtica de Cookies de nuestro Sitio Web, por ello le recomendamos revisar esta pol\u00edtica cada vez que acceda a nuestro Sitio Web con el objetivo de estar adecuadamente informado sobre c\u00f3mo y para qu\u00e9 usamos las cookies. La Pol\u00edtica de Cookies se actualiz\u00f3 por \u00faltima vez a fecha [09 de Enero de 2014].<\/p>\n<p>&nbsp;<\/p>\n\n\t\t<\/div>\n\t<\/div>\n<\/div><\/div><\/div><\/div>\n","protected":false},"excerpt":{"rendered":"Pol\u00edtica de cookies de https:\/\/www.didactiaweb.com\/\/ Este sitio web, al igual que la mayor\u00eda de los sitios en Internet, usa Cookies para mejorar y optimizar la experiencia del usuario. A continuaci\u00f3n encontrar\u00e1s informaci\u00f3n detallada sobre qu\u00e9 son las \"Cookies\", qu\u00e9 tipolog\u00eda utiliza este sitio web, c\u00f3mo puedes desactivarlas en tu navegador y c\u00f3mo bloquear espec\u00edficamente la [...]","protected":false},"author":1,"featured_media":0,"parent":0,"menu_order":0,"comment_status":"closed","ping_status":"closed","template":"","meta":{"footnotes":""},"class_list":["post-4413","page","type-page","status-publish","hentry"],"yoast_head":"<!-- This site is optimized with the Yoast SEO plugin v26.8 - https:\/\/yoast.com\/product\/yoast-seo-wordpress\/ -->\n<title>Cookies - Didactia<\/title>\n<meta name=\"robots\" content=\"index, follow, max-snippet:-1, max-image-preview:large, max-video-preview:-1\" \/>\n<link rel=\"canonical\" href=\"https:\/\/www.didactiaweb.com\/es\/cookies\/\" \/>\n<meta property=\"og:locale\" content=\"es_ES\" \/>\n<meta property=\"og:type\" content=\"article\" \/>\n<meta property=\"og:title\" content=\"Cookies - Didactia\" \/>\n<meta property=\"og:url\" content=\"https:\/\/www.didactiaweb.com\/es\/cookies\/\" \/>\n<meta property=\"og:site_name\" content=\"Didactia\" \/>\n<meta name=\"twitter:card\" content=\"summary_large_image\" \/>\n<meta name=\"twitter:label1\" content=\"Tiempo de lectura\" \/>\n\t<meta name=\"twitter:data1\" content=\"7 minutos\" \/>\n<script type=\"application\/ld+json\" class=\"yoast-schema-graph\">{\"@context\":\"https:\/\/schema.org\",\"@graph\":[{\"@type\":\"WebPage\",\"@id\":\"https:\/\/www.didactiaweb.com\/cookies\/\",\"url\":\"https:\/\/www.didactiaweb.com\/cookies\/\",\"name\":\"Cookies - Didactia\",\"isPartOf\":{\"@id\":\"https:\/\/www.didactiaweb.com\/#website\"},\"datePublished\":\"2020-04-29T15:29:56+00:00\",\"breadcrumb\":{\"@id\":\"https:\/\/www.didactiaweb.com\/cookies\/#breadcrumb\"},\"inLanguage\":\"es\",\"potentialAction\":[{\"@type\":\"ReadAction\",\"target\":[\"https:\/\/www.didactiaweb.com\/cookies\/\"]}]},{\"@type\":\"BreadcrumbList\",\"@id\":\"https:\/\/www.didactiaweb.com\/cookies\/#breadcrumb\",\"itemListElement\":[{\"@type\":\"ListItem\",\"position\":1,\"name\":\"Inici\",\"item\":\"https:\/\/www.didactiaweb.com\/\"},{\"@type\":\"ListItem\",\"position\":2,\"name\":\"Cookies\"}]},{\"@type\":\"WebSite\",\"@id\":\"https:\/\/www.didactiaweb.com\/#website\",\"url\":\"https:\/\/www.didactiaweb.com\/\",\"name\":\"Didactia\",\"description\":\"Prove\u00efdor Integral\",\"publisher\":{\"@id\":\"https:\/\/www.didactiaweb.com\/#organization\"},\"potentialAction\":[{\"@type\":\"SearchAction\",\"target\":{\"@type\":\"EntryPoint\",\"urlTemplate\":\"https:\/\/www.didactiaweb.com\/?s={search_term_string}\"},\"query-input\":{\"@type\":\"PropertyValueSpecification\",\"valueRequired\":true,\"valueName\":\"search_term_string\"}}],\"inLanguage\":\"es\"},{\"@type\":\"Organization\",\"@id\":\"https:\/\/www.didactiaweb.com\/#organization\",\"name\":\"Didactia Proveedor Integral S.L.\",\"url\":\"https:\/\/www.didactiaweb.com\/\",\"logo\":{\"@type\":\"ImageObject\",\"inLanguage\":\"es\",\"@id\":\"https:\/\/www.didactiaweb.com\/#\/schema\/logo\/image\/\",\"url\":\"https:\/\/www.didactiaweb.com\/wp-content\/uploads\/2020\/03\/logo.png\",\"contentUrl\":\"https:\/\/www.didactiaweb.com\/wp-content\/uploads\/2020\/03\/logo.png\",\"width\":230,\"height\":63,\"caption\":\"Didactia Proveedor Integral S.L.\"},\"image\":{\"@id\":\"https:\/\/www.didactiaweb.com\/#\/schema\/logo\/image\/\"}}]}<\/script>\n<!-- \/ Yoast SEO plugin. -->","yoast_head_json":{"title":"Cookies - Didactia","robots":{"index":"index","follow":"follow","max-snippet":"max-snippet:-1","max-image-preview":"max-image-preview:large","max-video-preview":"max-video-preview:-1"},"canonical":"https:\/\/www.didactiaweb.com\/es\/cookies\/","og_locale":"es_ES","og_type":"article","og_title":"Cookies - Didactia","og_url":"https:\/\/www.didactiaweb.com\/es\/cookies\/","og_site_name":"Didactia","twitter_card":"summary_large_image","twitter_misc":{"Tiempo de lectura":"7 minutos"},"schema":{"@context":"https:\/\/schema.org","@graph":[{"@type":"WebPage","@id":"https:\/\/www.didactiaweb.com\/cookies\/","url":"https:\/\/www.didactiaweb.com\/cookies\/","name":"Cookies - Didactia","isPartOf":{"@id":"https:\/\/www.didactiaweb.com\/#website"},"datePublished":"2020-04-29T15:29:56+00:00","breadcrumb":{"@id":"https:\/\/www.didactiaweb.com\/cookies\/#breadcrumb"},"inLanguage":"es","potentialAction":[{"@type":"ReadAction","target":["https:\/\/www.didactiaweb.com\/cookies\/"]}]},{"@type":"BreadcrumbList","@id":"https:\/\/www.didactiaweb.com\/cookies\/#breadcrumb","itemListElement":[{"@type":"ListItem","position":1,"name":"Inici","item":"https:\/\/www.didactiaweb.com\/"},{"@type":"ListItem","position":2,"name":"Cookies"}]},{"@type":"WebSite","@id":"https:\/\/www.didactiaweb.com\/#website","url":"https:\/\/www.didactiaweb.com\/","name":"Didactia","description":"Prove\u00efdor Integral","publisher":{"@id":"https:\/\/www.didactiaweb.com\/#organization"},"potentialAction":[{"@type":"SearchAction","target":{"@type":"EntryPoint","urlTemplate":"https:\/\/www.didactiaweb.com\/?s={search_term_string}"},"query-input":{"@type":"PropertyValueSpecification","valueRequired":true,"valueName":"search_term_string"}}],"inLanguage":"es"},{"@type":"Organization","@id":"https:\/\/www.didactiaweb.com\/#organization","name":"Didactia Proveedor Integral S.L.","url":"https:\/\/www.didactiaweb.com\/","logo":{"@type":"ImageObject","inLanguage":"es","@id":"https:\/\/www.didactiaweb.com\/#\/schema\/logo\/image\/","url":"https:\/\/www.didactiaweb.com\/wp-content\/uploads\/2020\/03\/logo.png","contentUrl":"https:\/\/www.didactiaweb.com\/wp-content\/uploads\/2020\/03\/logo.png","width":230,"height":63,"caption":"Didactia Proveedor Integral S.L."},"image":{"@id":"https:\/\/www.didactiaweb.com\/#\/schema\/logo\/image\/"}}]}},"_links":{"self":[{"href":"https:\/\/www.didactiaweb.com\/es\/wp-json\/wp\/v2\/pages\/4413","targetHints":{"allow":["GET"]}}],"collection":[{"href":"https:\/\/www.didactiaweb.com\/es\/wp-json\/wp\/v2\/pages"}],"about":[{"href":"https:\/\/www.didactiaweb.com\/es\/wp-json\/wp\/v2\/types\/page"}],"author":[{"embeddable":true,"href":"https:\/\/www.didactiaweb.com\/es\/wp-json\/wp\/v2\/users\/1"}],"replies":[{"embeddable":true,"href":"https:\/\/www.didactiaweb.com\/es\/wp-json\/wp\/v2\/comments?post=4413"}],"version-history":[{"count":1,"href":"https:\/\/www.didactiaweb.com\/es\/wp-json\/wp\/v2\/pages\/4413\/revisions"}],"predecessor-version":[{"id":4415,"href":"https:\/\/www.didactiaweb.com\/es\/wp-json\/wp\/v2\/pages\/4413\/revisions\/4415"}],"wp:attachment":[{"href":"https:\/\/www.didactiaweb.com\/es\/wp-json\/wp\/v2\/media?parent=4413"}],"curies":[{"name":"wp","href":"https:\/\/api.w.org\/{rel}","templated":true}]}}