{"id":4498,"date":"2020-05-14T11:56:12","date_gmt":"2020-05-14T09:56:12","guid":{"rendered":"https:\/\/www.didactiaweb.com\/?page_id=4498"},"modified":"2025-03-14T16:19:14","modified_gmt":"2025-03-14T14:19:14","slug":"catalegs-material-personalitzat","status":"publish","type":"page","link":"https:\/\/www.didactiaweb.com\/es\/zona-privada-catalegs\/catalegs-material-personalitzat\/","title":{"rendered":"Cat\u00e1logos material personalizado"},"content":{"rendered":"<div class=\"vc_row wpb_row vc_row-fluid\"><div class=\"wpb_column vc_column_container vc_col-sm-12\"><div class=\"vc_column-inner\"><div class=\"wpb_wrapper\"><div class=\"vc_empty_space\"   style=\"height: 32px\"><span class=\"vc_empty_space_inner\"><\/span><\/div><\/div><\/div><\/div><\/div><div class=\"vc_row wpb_row vc_row-fluid\"><div class=\"wpb_column vc_column_container vc_col-sm-12\"><div class=\"vc_column-inner\"><div class=\"wpb_wrapper\"><div class=\"vc_row wpb_row vc_inner vc_row-fluid\"><div class=\"wpb_column vc_column_container vc_col-sm-2\"><div class=\"vc_column-inner\"><div class=\"wpb_wrapper\">\n\t<div  class=\"wpb_single_image wpb_content_element vc_align_left  vc_custom_1741961907283\">\n\t\t\n\t\t<figure class=\"wpb_wrapper vc_figure\">\n\t\t\t<a href=\"https:\/\/www.didactiaweb.com\/es\/2025-2026_material-personalitzat\/\" target=\"_blank\" class=\"vc_single_image-wrapper   vc_box_border_grey\"><img loading=\"lazy\" decoding=\"async\" width=\"1811\" height=\"2560\" src=\"https:\/\/www.didactiaweb.com\/wp-content\/uploads\/2025\/03\/Material-personalitzat-2025-scaled.jpg\" class=\"vc_single_image-img attachment-full\" alt=\"Cat\u00e0leg material personalitzat 25-26\" srcset=\"https:\/\/www.didactiaweb.com\/wp-content\/uploads\/2025\/03\/Material-personalitzat-2025-scaled.jpg 1811w, https:\/\/www.didactiaweb.com\/wp-content\/uploads\/2025\/03\/Material-personalitzat-2025-212x300.jpg 212w, https:\/\/www.didactiaweb.com\/wp-content\/uploads\/2025\/03\/Material-personalitzat-2025-724x1024.jpg 724w, https:\/\/www.didactiaweb.com\/wp-content\/uploads\/2025\/03\/Material-personalitzat-2025-768x1086.jpg 768w, https:\/\/www.didactiaweb.com\/wp-content\/uploads\/2025\/03\/Material-personalitzat-2025-1086x1536.jpg 1086w, https:\/\/www.didactiaweb.com\/wp-content\/uploads\/2025\/03\/Material-personalitzat-2025-1448x2048.jpg 1448w, https:\/\/www.didactiaweb.com\/wp-content\/uploads\/2025\/03\/Material-personalitzat-2025-8x12.jpg 8w, https:\/\/www.didactiaweb.com\/wp-content\/uploads\/2025\/03\/Material-personalitzat-2025-810x1145.jpg 810w, https:\/\/www.didactiaweb.com\/wp-content\/uploads\/2025\/03\/Material-personalitzat-2025-560x792.jpg 560w, https:\/\/www.didactiaweb.com\/wp-content\/uploads\/2025\/03\/Material-personalitzat-2025-460x650.jpg 460w, https:\/\/www.didactiaweb.com\/wp-content\/uploads\/2025\/03\/Material-personalitzat-2025-64x90.jpg 64w\" sizes=\"auto, (max-width: 1811px) 100vw, 1811px\" \/><\/a>\n\t\t<\/figure>\n\t<\/div>\n<div class=\"vc_btn3-container vc_btn3-center vc_custom_1741961951026\" ><a class=\"vc_general vc_btn3 vc_btn3-size-sm vc_btn3-shape-rounded vc_btn3-style-modern vc_btn3-block vc_btn3-color-grey\" href=\"https:\/\/www.didactiaweb.com\/es\/2025-2026_material-personalitzat\/\" title=\"\" target=\"_blank\">Descargar<\/a><\/div><\/div><\/div><\/div><div class=\"wpb_column vc_column_container vc_col-sm-4\"><div class=\"vc_column-inner\"><div class=\"wpb_wrapper\">\n\t<div class=\"wpb_text_column wpb_content_element  vc_custom_1615880367905\" >\n\t\t<div class=\"wpb_wrapper\">\n\t\t\t<h5>DIDACTIA - MATERIAL PERSONALIZADO<\/h5>\n\n\t\t<\/div>\n\t<\/div>\n\n\t<div class=\"wpb_text_column wpb_content_element\" >\n\t\t<div class=\"wpb_wrapper\">\n\t\t\t<p>Agendas para todas las edades en diferentes tama\u00f1os y formatos<\/p>\n<p>Carpetas clasificadoras, con solapas, carpesanos de anillas<\/p>\n<p>Libretas grapadas y de espiral<\/p>\n<p>Personalizaci\u00f3n con dise\u00f1o completo del cliente o solo con logotipo<\/p>\n\n\t\t<\/div>\n\t<\/div>\n<\/div><\/div><\/div><div class=\"wpb_column vc_column_container vc_col-sm-2\"><div class=\"vc_column-inner\"><div class=\"wpb_wrapper\">\n\t<div  class=\"wpb_single_image wpb_content_element vc_align_left  vc_custom_1736766789121\">\n\t\t\n\t\t<figure class=\"wpb_wrapper vc_figure\">\n\t\t\t<a href=\"https:\/\/www.didactiaweb.com\/es\/2025-productes-personalitzats\/\" target=\"_blank\" class=\"vc_single_image-wrapper   vc_box_border_grey\"><img loading=\"lazy\" decoding=\"async\" width=\"1240\" height=\"1754\" src=\"https:\/\/www.didactiaweb.com\/wp-content\/uploads\/2025\/01\/PORTADA-PRODUCTES-PERSONALITZATS-2025.png\" class=\"vc_single_image-img attachment-full\" alt=\"Portada cat\u00e0leg productes personalitzats 2025\" srcset=\"https:\/\/www.didactiaweb.com\/wp-content\/uploads\/2025\/01\/PORTADA-PRODUCTES-PERSONALITZATS-2025.png 1240w, https:\/\/www.didactiaweb.com\/wp-content\/uploads\/2025\/01\/PORTADA-PRODUCTES-PERSONALITZATS-2025-212x300.png 212w, https:\/\/www.didactiaweb.com\/wp-content\/uploads\/2025\/01\/PORTADA-PRODUCTES-PERSONALITZATS-2025-724x1024.png 724w, https:\/\/www.didactiaweb.com\/wp-content\/uploads\/2025\/01\/PORTADA-PRODUCTES-PERSONALITZATS-2025-768x1086.png 768w, https:\/\/www.didactiaweb.com\/wp-content\/uploads\/2025\/01\/PORTADA-PRODUCTES-PERSONALITZATS-2025-1086x1536.png 1086w, https:\/\/www.didactiaweb.com\/wp-content\/uploads\/2025\/01\/PORTADA-PRODUCTES-PERSONALITZATS-2025-8x12.png 8w, https:\/\/www.didactiaweb.com\/wp-content\/uploads\/2025\/01\/PORTADA-PRODUCTES-PERSONALITZATS-2025-810x1146.png 810w, https:\/\/www.didactiaweb.com\/wp-content\/uploads\/2025\/01\/PORTADA-PRODUCTES-PERSONALITZATS-2025-560x792.png 560w, https:\/\/www.didactiaweb.com\/wp-content\/uploads\/2025\/01\/PORTADA-PRODUCTES-PERSONALITZATS-2025-460x650.png 460w, https:\/\/www.didactiaweb.com\/wp-content\/uploads\/2025\/01\/PORTADA-PRODUCTES-PERSONALITZATS-2025-64x90.png 64w\" sizes=\"auto, (max-width: 1240px) 100vw, 1240px\" \/><\/a>\n\t\t<\/figure>\n\t<\/div>\n<div class=\"vc_btn3-container vc_btn3-center vc_custom_1736766809211\" ><a class=\"vc_general vc_btn3 vc_btn3-size-sm vc_btn3-shape-rounded vc_btn3-style-modern vc_btn3-block vc_btn3-color-grey\" href=\"https:\/\/www.didactiaweb.com\/es\/2025-productes-personalitzats\/\" title=\"\" target=\"_blank\">Descargar<\/a><\/div><\/div><\/div><\/div><div class=\"wpb_column vc_column_container vc_col-sm-4\"><div class=\"vc_column-inner\"><div class=\"wpb_wrapper\">\n\t<div class=\"wpb_text_column wpb_content_element  vc_custom_1707897982470\" >\n\t\t<div class=\"wpb_wrapper\">\n\t\t\t<h5>PRODUCTOS PERSONALIZADOS<\/h5>\n\n\t\t<\/div>\n\t<\/div>\n\n\t<div class=\"wpb_text_column wpb_content_element\" >\n\t\t<div class=\"wpb_wrapper\">\n\t\t\t<p>Selecci\u00f3n de productos a personalizar. L\u00e1pices, Bolis, Libretas, Bolsas, Lanyards, Estuches, y carpetas portadocumentos<\/p>\n<p>Productos ideales para la promoci\u00f3n de centros en jornadas de puertas abiertas.<\/p>\n\n\t\t<\/div>\n\t<\/div>\n<\/div><\/div><\/div><\/div><\/div><\/div><\/div><\/div><div class=\"vc_row wpb_row vc_row-fluid\"><div class=\"wpb_column vc_column_container vc_col-sm-12\"><div class=\"vc_column-inner\"><div class=\"wpb_wrapper\"><\/div><\/div><\/div><\/div>","protected":false},"excerpt":{"rendered":"Descarregar DIDACTIA - MATERIAL PERSONALITZAT Agendes per a totes les edats, en diferents mides i formats. Carpetes classificadores, amb solapes, carpesans d'anelles. Llibretes grapades i d'espiral. Personalitzaci\u00f3 amb disseny complet del client o nom\u00e9s amb logotip. Descarregar PRODUCTES PERSONALITZATS Selecci\u00f3 de productes per a personalitzar. Llapis, Bolis, Llibretes, Bosses, Lanyards, Estoigs, i carpetes portadocuments. Productes [...]","protected":false},"author":1,"featured_media":0,"parent":4487,"menu_order":0,"comment_status":"closed","ping_status":"closed","template":"page-privada.php","meta":{"footnotes":""},"class_list":["post-4498","page","type-page","status-publish","hentry"],"yoast_head":"<!-- This site is optimized with the Yoast SEO plugin v26.8 - https:\/\/yoast.com\/product\/yoast-seo-wordpress\/ -->\n<title>Cat\u00e0legs material personalitzat - Didactia<\/title>\n<meta name=\"robots\" content=\"index, follow, max-snippet:-1, max-image-preview:large, max-video-preview:-1\" \/>\n<link rel=\"canonical\" href=\"https:\/\/www.didactiaweb.com\/es\/zona-privada-catalegs\/catalegs-material-personalitzat\/\" \/>\n<meta property=\"og:locale\" content=\"es_ES\" \/>\n<meta property=\"og:type\" content=\"article\" \/>\n<meta property=\"og:title\" content=\"Cat\u00e0legs material personalitzat - Didactia\" \/>\n<meta property=\"og:url\" content=\"https:\/\/www.didactiaweb.com\/es\/zona-privada-catalegs\/catalegs-material-personalitzat\/\" \/>\n<meta property=\"og:site_name\" content=\"Didactia\" \/>\n<meta property=\"article:modified_time\" content=\"2025-03-14T14:19:14+00:00\" \/>\n<meta name=\"twitter:card\" content=\"summary_large_image\" \/>\n<meta name=\"twitter:label1\" content=\"Tiempo de lectura\" \/>\n\t<meta name=\"twitter:data1\" content=\"1 minuto\" \/>\n<script type=\"application\/ld+json\" class=\"yoast-schema-graph\">{\"@context\":\"https:\/\/schema.org\",\"@graph\":[{\"@type\":\"WebPage\",\"@id\":\"https:\/\/www.didactiaweb.com\/zona-privada-catalegs\/catalegs-material-personalitzat\/\",\"url\":\"https:\/\/www.didactiaweb.com\/zona-privada-catalegs\/catalegs-material-personalitzat\/\",\"name\":\"Cat\u00e0legs material personalitzat - Didactia\",\"isPartOf\":{\"@id\":\"https:\/\/www.didactiaweb.com\/#website\"},\"datePublished\":\"2020-05-14T09:56:12+00:00\",\"dateModified\":\"2025-03-14T14:19:14+00:00\",\"breadcrumb\":{\"@id\":\"https:\/\/www.didactiaweb.com\/zona-privada-catalegs\/catalegs-material-personalitzat\/#breadcrumb\"},\"inLanguage\":\"es\",\"potentialAction\":[{\"@type\":\"ReadAction\",\"target\":[\"https:\/\/www.didactiaweb.com\/zona-privada-catalegs\/catalegs-material-personalitzat\/\"]}]},{\"@type\":\"BreadcrumbList\",\"@id\":\"https:\/\/www.didactiaweb.com\/zona-privada-catalegs\/catalegs-material-personalitzat\/#breadcrumb\",\"itemListElement\":[{\"@type\":\"ListItem\",\"position\":1,\"name\":\"Inici\",\"item\":\"https:\/\/www.didactiaweb.com\/\"},{\"@type\":\"ListItem\",\"position\":2,\"name\":\"Cat\u00e0legs\",\"item\":\"https:\/\/www.didactiaweb.com\/zona-privada-catalegs\/\"},{\"@type\":\"ListItem\",\"position\":3,\"name\":\"Cat\u00e0legs material personalitzat\"}]},{\"@type\":\"WebSite\",\"@id\":\"https:\/\/www.didactiaweb.com\/#website\",\"url\":\"https:\/\/www.didactiaweb.com\/\",\"name\":\"Didactia\",\"description\":\"Prove\u00efdor Integral\",\"publisher\":{\"@id\":\"https:\/\/www.didactiaweb.com\/#organization\"},\"potentialAction\":[{\"@type\":\"SearchAction\",\"target\":{\"@type\":\"EntryPoint\",\"urlTemplate\":\"https:\/\/www.didactiaweb.com\/?s={search_term_string}\"},\"query-input\":{\"@type\":\"PropertyValueSpecification\",\"valueRequired\":true,\"valueName\":\"search_term_string\"}}],\"inLanguage\":\"es\"},{\"@type\":\"Organization\",\"@id\":\"https:\/\/www.didactiaweb.com\/#organization\",\"name\":\"Didactia Proveedor Integral S.L.\",\"url\":\"https:\/\/www.didactiaweb.com\/\",\"logo\":{\"@type\":\"ImageObject\",\"inLanguage\":\"es\",\"@id\":\"https:\/\/www.didactiaweb.com\/#\/schema\/logo\/image\/\",\"url\":\"https:\/\/www.didactiaweb.com\/wp-content\/uploads\/2020\/03\/logo.png\",\"contentUrl\":\"https:\/\/www.didactiaweb.com\/wp-content\/uploads\/2020\/03\/logo.png\",\"width\":230,\"height\":63,\"caption\":\"Didactia Proveedor Integral S.L.\"},\"image\":{\"@id\":\"https:\/\/www.didactiaweb.com\/#\/schema\/logo\/image\/\"}}]}<\/script>\n<!-- \/ Yoast SEO plugin. -->","yoast_head_json":{"title":"Cat\u00e0legs material personalitzat - Didactia","robots":{"index":"index","follow":"follow","max-snippet":"max-snippet:-1","max-image-preview":"max-image-preview:large","max-video-preview":"max-video-preview:-1"},"canonical":"https:\/\/www.didactiaweb.com\/es\/zona-privada-catalegs\/catalegs-material-personalitzat\/","og_locale":"es_ES","og_type":"article","og_title":"Cat\u00e0legs material personalitzat - Didactia","og_url":"https:\/\/www.didactiaweb.com\/es\/zona-privada-catalegs\/catalegs-material-personalitzat\/","og_site_name":"Didactia","article_modified_time":"2025-03-14T14:19:14+00:00","twitter_card":"summary_large_image","twitter_misc":{"Tiempo de lectura":"1 minuto"},"schema":{"@context":"https:\/\/schema.org","@graph":[{"@type":"WebPage","@id":"https:\/\/www.didactiaweb.com\/zona-privada-catalegs\/catalegs-material-personalitzat\/","url":"https:\/\/www.didactiaweb.com\/zona-privada-catalegs\/catalegs-material-personalitzat\/","name":"Cat\u00e0legs material personalitzat - Didactia","isPartOf":{"@id":"https:\/\/www.didactiaweb.com\/#website"},"datePublished":"2020-05-14T09:56:12+00:00","dateModified":"2025-03-14T14:19:14+00:00","breadcrumb":{"@id":"https:\/\/www.didactiaweb.com\/zona-privada-catalegs\/catalegs-material-personalitzat\/#breadcrumb"},"inLanguage":"es","potentialAction":[{"@type":"ReadAction","target":["https:\/\/www.didactiaweb.com\/zona-privada-catalegs\/catalegs-material-personalitzat\/"]}]},{"@type":"BreadcrumbList","@id":"https:\/\/www.didactiaweb.com\/zona-privada-catalegs\/catalegs-material-personalitzat\/#breadcrumb","itemListElement":[{"@type":"ListItem","position":1,"name":"Inici","item":"https:\/\/www.didactiaweb.com\/"},{"@type":"ListItem","position":2,"name":"Cat\u00e0legs","item":"https:\/\/www.didactiaweb.com\/zona-privada-catalegs\/"},{"@type":"ListItem","position":3,"name":"Cat\u00e0legs material personalitzat"}]},{"@type":"WebSite","@id":"https:\/\/www.didactiaweb.com\/#website","url":"https:\/\/www.didactiaweb.com\/","name":"Didactia","description":"Prove\u00efdor Integral","publisher":{"@id":"https:\/\/www.didactiaweb.com\/#organization"},"potentialAction":[{"@type":"SearchAction","target":{"@type":"EntryPoint","urlTemplate":"https:\/\/www.didactiaweb.com\/?s={search_term_string}"},"query-input":{"@type":"PropertyValueSpecification","valueRequired":true,"valueName":"search_term_string"}}],"inLanguage":"es"},{"@type":"Organization","@id":"https:\/\/www.didactiaweb.com\/#organization","name":"Didactia Proveedor Integral S.L.","url":"https:\/\/www.didactiaweb.com\/","logo":{"@type":"ImageObject","inLanguage":"es","@id":"https:\/\/www.didactiaweb.com\/#\/schema\/logo\/image\/","url":"https:\/\/www.didactiaweb.com\/wp-content\/uploads\/2020\/03\/logo.png","contentUrl":"https:\/\/www.didactiaweb.com\/wp-content\/uploads\/2020\/03\/logo.png","width":230,"height":63,"caption":"Didactia Proveedor Integral S.L."},"image":{"@id":"https:\/\/www.didactiaweb.com\/#\/schema\/logo\/image\/"}}]}},"_links":{"self":[{"href":"https:\/\/www.didactiaweb.com\/es\/wp-json\/wp\/v2\/pages\/4498","targetHints":{"allow":["GET"]}}],"collection":[{"href":"https:\/\/www.didactiaweb.com\/es\/wp-json\/wp\/v2\/pages"}],"about":[{"href":"https:\/\/www.didactiaweb.com\/es\/wp-json\/wp\/v2\/types\/page"}],"author":[{"embeddable":true,"href":"https:\/\/www.didactiaweb.com\/es\/wp-json\/wp\/v2\/users\/1"}],"replies":[{"embeddable":true,"href":"https:\/\/www.didactiaweb.com\/es\/wp-json\/wp\/v2\/comments?post=4498"}],"version-history":[{"count":54,"href":"https:\/\/www.didactiaweb.com\/es\/wp-json\/wp\/v2\/pages\/4498\/revisions"}],"predecessor-version":[{"id":6588,"href":"https:\/\/www.didactiaweb.com\/es\/wp-json\/wp\/v2\/pages\/4498\/revisions\/6588"}],"up":[{"embeddable":true,"href":"https:\/\/www.didactiaweb.com\/es\/wp-json\/wp\/v2\/pages\/4487"}],"wp:attachment":[{"href":"https:\/\/www.didactiaweb.com\/es\/wp-json\/wp\/v2\/media?parent=4498"}],"curies":[{"name":"wp","href":"https:\/\/api.w.org\/{rel}","templated":true}]}}