{"id":4595,"date":"2020-05-19T11:17:38","date_gmt":"2020-05-19T09:17:38","guid":{"rendered":"https:\/\/www.didactiaweb.com\/?page_id=4595"},"modified":"2024-10-17T08:56:00","modified_gmt":"2024-10-17T06:56:00","slug":"catalegs-material-didactic","status":"publish","type":"page","link":"https:\/\/www.didactiaweb.com\/es\/zona-privada-catalegs\/catalegs-material-didactic\/","title":{"rendered":"CAT\u00c1LOGOS MATERIAL DID\u00c1CTICO"},"content":{"rendered":"<div class=\"vc_row wpb_row vc_row-fluid\"><div class=\"wpb_column vc_column_container vc_col-sm-12\"><div class=\"vc_column-inner\"><div class=\"wpb_wrapper\"><div class=\"vc_empty_space\"   style=\"height: 32px\"><span class=\"vc_empty_space_inner\"><\/span><\/div><\/div><\/div><\/div><\/div><div class=\"vc_row wpb_row vc_row-fluid\"><div class=\"wpb_column vc_column_container vc_col-sm-12\"><div class=\"vc_column-inner\"><div class=\"wpb_wrapper\"><div class=\"vc_row wpb_row vc_inner vc_row-fluid\"><div class=\"wpb_column vc_column_container vc_col-sm-2\"><div class=\"vc_column-inner\"><div class=\"wpb_wrapper\">\n\t<div  class=\"wpb_single_image wpb_content_element vc_align_left  vc_custom_1729148495036\">\n\t\t\n\t\t<figure class=\"wpb_wrapper vc_figure\">\n\t\t\t<a href=\"https:\/\/www.didactiaweb.com\/es\/descom-didactic_24_25\/\" target=\"_blank\" class=\"vc_single_image-wrapper   vc_box_border_grey\"><img loading=\"lazy\" decoding=\"async\" width=\"1381\" height=\"1953\" src=\"https:\/\/www.didactiaweb.com\/wp-content\/uploads\/2024\/10\/portada-descom-didactic-24-25.jpg\" class=\"vc_single_image-img attachment-full\" alt=\"\" srcset=\"https:\/\/www.didactiaweb.com\/wp-content\/uploads\/2024\/10\/portada-descom-didactic-24-25.jpg 1381w, https:\/\/www.didactiaweb.com\/wp-content\/uploads\/2024\/10\/portada-descom-didactic-24-25-212x300.jpg 212w, https:\/\/www.didactiaweb.com\/wp-content\/uploads\/2024\/10\/portada-descom-didactic-24-25-724x1024.jpg 724w, https:\/\/www.didactiaweb.com\/wp-content\/uploads\/2024\/10\/portada-descom-didactic-24-25-768x1086.jpg 768w, https:\/\/www.didactiaweb.com\/wp-content\/uploads\/2024\/10\/portada-descom-didactic-24-25-1086x1536.jpg 1086w, https:\/\/www.didactiaweb.com\/wp-content\/uploads\/2024\/10\/portada-descom-didactic-24-25-8x12.jpg 8w, https:\/\/www.didactiaweb.com\/wp-content\/uploads\/2024\/10\/portada-descom-didactic-24-25-810x1145.jpg 810w, https:\/\/www.didactiaweb.com\/wp-content\/uploads\/2024\/10\/portada-descom-didactic-24-25-560x792.jpg 560w, https:\/\/www.didactiaweb.com\/wp-content\/uploads\/2024\/10\/portada-descom-didactic-24-25-460x650.jpg 460w, https:\/\/www.didactiaweb.com\/wp-content\/uploads\/2024\/10\/portada-descom-didactic-24-25-64x90.jpg 64w\" sizes=\"auto, (max-width: 1381px) 100vw, 1381px\" \/><\/a>\n\t\t<\/figure>\n\t<\/div>\n<div class=\"vc_btn3-container vc_btn3-center vc_custom_1729148502393\" ><a class=\"vc_general vc_btn3 vc_btn3-size-sm vc_btn3-shape-rounded vc_btn3-style-modern vc_btn3-block vc_btn3-color-grey\" href=\"https:\/\/www.didactiaweb.com\/es\/descom-didactic_24_25\/\" title=\"\" target=\"_blank\">Descargar<\/a><\/div><\/div><\/div><\/div><div class=\"wpb_column vc_column_container vc_col-sm-4\"><div class=\"vc_column-inner\"><div class=\"wpb_wrapper\">\n\t<div class=\"wpb_text_column wpb_content_element  vc_custom_1614065912214\" >\n\t\t<div class=\"wpb_wrapper\">\n\t\t\t<h5>GRUPO DESCOM \u2013 MATERIAL DIDACTICO<\/h5>\n\n\t\t<\/div>\n\t<\/div>\n\n\t<div class=\"wpb_text_column wpb_content_element\" >\n\t\t<div class=\"wpb_wrapper\">\n\t\t\t<p>Juegos educativos para todas las edades y diversidad de material para trabajar la estimulaci\u00f3n de los sentidos, la percepci\u00f3n, la motricidad, el juego simb\u00f3lico, la l\u00f3gica matem\u00e1tica y la naturaleza.<\/p>\n\n\t\t<\/div>\n\t<\/div>\n<\/div><\/div><\/div><div class=\"wpb_column vc_column_container vc_col-sm-2\"><div class=\"vc_column-inner\"><div class=\"wpb_wrapper\">\n\t<div  class=\"wpb_single_image wpb_content_element vc_align_left  vc_custom_1716189815797\">\n\t\t\n\t\t<figure class=\"wpb_wrapper vc_figure\">\n\t\t\t<a href=\"https:\/\/www.didactiaweb.com\/wp-content\/uploads\/2024\/05\/Hermex.-Didactico-Material-de-aprendizaje.pdf\" target=\"_blank\" class=\"vc_single_image-wrapper   vc_box_border_grey\"><img loading=\"lazy\" decoding=\"async\" width=\"1063\" height=\"1506\" src=\"https:\/\/www.didactiaweb.com\/wp-content\/uploads\/2024\/05\/Tapa-Hermex.-Didactico-Material-de-aprendizaje.jpg\" class=\"vc_single_image-img attachment-full\" alt=\"\" srcset=\"https:\/\/www.didactiaweb.com\/wp-content\/uploads\/2024\/05\/Tapa-Hermex.-Didactico-Material-de-aprendizaje.jpg 1063w, https:\/\/www.didactiaweb.com\/wp-content\/uploads\/2024\/05\/Tapa-Hermex.-Didactico-Material-de-aprendizaje-212x300.jpg 212w, https:\/\/www.didactiaweb.com\/wp-content\/uploads\/2024\/05\/Tapa-Hermex.-Didactico-Material-de-aprendizaje-723x1024.jpg 723w, https:\/\/www.didactiaweb.com\/wp-content\/uploads\/2024\/05\/Tapa-Hermex.-Didactico-Material-de-aprendizaje-768x1088.jpg 768w, https:\/\/www.didactiaweb.com\/wp-content\/uploads\/2024\/05\/Tapa-Hermex.-Didactico-Material-de-aprendizaje-8x12.jpg 8w, https:\/\/www.didactiaweb.com\/wp-content\/uploads\/2024\/05\/Tapa-Hermex.-Didactico-Material-de-aprendizaje-810x1148.jpg 810w, https:\/\/www.didactiaweb.com\/wp-content\/uploads\/2024\/05\/Tapa-Hermex.-Didactico-Material-de-aprendizaje-560x793.jpg 560w, https:\/\/www.didactiaweb.com\/wp-content\/uploads\/2024\/05\/Tapa-Hermex.-Didactico-Material-de-aprendizaje-459x650.jpg 459w, https:\/\/www.didactiaweb.com\/wp-content\/uploads\/2024\/05\/Tapa-Hermex.-Didactico-Material-de-aprendizaje-64x90.jpg 64w\" sizes=\"auto, (max-width: 1063px) 100vw, 1063px\" \/><\/a>\n\t\t<\/figure>\n\t<\/div>\n<div class=\"vc_btn3-container vc_btn3-center vc_custom_1716189774334\" ><a class=\"vc_general vc_btn3 vc_btn3-size-sm vc_btn3-shape-rounded vc_btn3-style-modern vc_btn3-block vc_btn3-color-grey\" href=\"https:\/\/www.didactiaweb.com\/wp-content\/uploads\/2024\/05\/Hermex.-Didactico-Material-de-aprendizaje.pdf\" title=\"\" target=\"_blank\">Descargar<\/a><\/div><\/div><\/div><\/div><div class=\"wpb_column vc_column_container vc_col-sm-4\"><div class=\"vc_column-inner\"><div class=\"wpb_wrapper\">\n\t<div class=\"wpb_text_column wpb_content_element  vc_custom_1684744944350\" >\n\t\t<div class=\"wpb_wrapper\">\n\t\t\t<h5>HERMEX - MATERIAL DID\u00c1CTICO<\/h5>\n\n\t\t<\/div>\n\t<\/div>\n\n\t<div class=\"wpb_text_column wpb_content_element\" >\n\t\t<div class=\"wpb_wrapper\">\n\t\t\t<p>Material para trabajar en el aula, juego simb\u00f3lico y juegos educativos gigantes.<\/p>\n\n\t\t<\/div>\n\t<\/div>\n<\/div><\/div><\/div><\/div><div class=\"vc_row wpb_row vc_inner vc_row-fluid\"><div class=\"wpb_column vc_column_container vc_col-sm-2\"><div class=\"vc_column-inner\"><div class=\"wpb_wrapper\">\n\t<div  class=\"wpb_single_image wpb_content_element vc_align_left  vc_custom_1715169864347\">\n\t\t\n\t\t<figure class=\"wpb_wrapper vc_figure\">\n\t\t\t<a href=\"https:\/\/www.didactiaweb.com\/wp-content\/uploads\/2024\/05\/Hermex.-Musica-24-25.pdf\" target=\"_blank\" class=\"vc_single_image-wrapper   vc_box_border_grey\"><img loading=\"lazy\" decoding=\"async\" width=\"1807\" height=\"2560\" src=\"https:\/\/www.didactiaweb.com\/wp-content\/uploads\/2024\/05\/Tapa-Hermex.-Musica-scaled.jpg\" class=\"vc_single_image-img attachment-full\" alt=\"\" srcset=\"https:\/\/www.didactiaweb.com\/wp-content\/uploads\/2024\/05\/Tapa-Hermex.-Musica-scaled.jpg 1807w, https:\/\/www.didactiaweb.com\/wp-content\/uploads\/2024\/05\/Tapa-Hermex.-Musica-212x300.jpg 212w, https:\/\/www.didactiaweb.com\/wp-content\/uploads\/2024\/05\/Tapa-Hermex.-Musica-723x1024.jpg 723w, https:\/\/www.didactiaweb.com\/wp-content\/uploads\/2024\/05\/Tapa-Hermex.-Musica-768x1088.jpg 768w, https:\/\/www.didactiaweb.com\/wp-content\/uploads\/2024\/05\/Tapa-Hermex.-Musica-1084x1536.jpg 1084w, https:\/\/www.didactiaweb.com\/wp-content\/uploads\/2024\/05\/Tapa-Hermex.-Musica-1446x2048.jpg 1446w, https:\/\/www.didactiaweb.com\/wp-content\/uploads\/2024\/05\/Tapa-Hermex.-Musica-8x12.jpg 8w, https:\/\/www.didactiaweb.com\/wp-content\/uploads\/2024\/05\/Tapa-Hermex.-Musica-810x1148.jpg 810w, https:\/\/www.didactiaweb.com\/wp-content\/uploads\/2024\/05\/Tapa-Hermex.-Musica-560x793.jpg 560w, https:\/\/www.didactiaweb.com\/wp-content\/uploads\/2024\/05\/Tapa-Hermex.-Musica-459x650.jpg 459w, https:\/\/www.didactiaweb.com\/wp-content\/uploads\/2024\/05\/Tapa-Hermex.-Musica-64x90.jpg 64w\" sizes=\"auto, (max-width: 1807px) 100vw, 1807px\" \/><\/a>\n\t\t<\/figure>\n\t<\/div>\n<div class=\"vc_btn3-container vc_btn3-center vc_custom_1715169870743\" ><a class=\"vc_general vc_btn3 vc_btn3-size-sm vc_btn3-shape-rounded vc_btn3-style-modern vc_btn3-block vc_btn3-color-grey\" href=\"https:\/\/www.didactiaweb.com\/wp-content\/uploads\/2024\/05\/Hermex.-Musica-24-25.pdf\" title=\"\" target=\"_blank\">Descargar<\/a><\/div><\/div><\/div><\/div><div class=\"wpb_column vc_column_container vc_col-sm-4\"><div class=\"vc_column-inner\"><div class=\"wpb_wrapper\">\n\t<div class=\"wpb_text_column wpb_content_element  vc_custom_1710169802700\" >\n\t\t<div class=\"wpb_wrapper\">\n\t\t\t<h5>HERMEX \u2013 MUSICA<\/h5>\n\n\t\t<\/div>\n\t<\/div>\n\n\t<div class=\"wpb_text_column wpb_content_element\" >\n\t\t<div class=\"wpb_wrapper\">\n\t\t\t<p>Estimulaci\u00f3n visual, tacto, olfato, juego heur\u00edstico, estimulaci\u00f3n sonora y espacio de bienestar<\/p>\n\n\t\t<\/div>\n\t<\/div>\n<\/div><\/div><\/div><div class=\"wpb_column vc_column_container vc_col-sm-2\"><div class=\"vc_column-inner\"><div class=\"wpb_wrapper\">\n\t<div  class=\"wpb_single_image wpb_content_element vc_align_left  vc_custom_1716189862833\">\n\t\t\n\t\t<figure class=\"wpb_wrapper vc_figure\">\n\t\t\t<a href=\"https:\/\/www.didactiaweb.com\/wp-content\/uploads\/2024\/05\/Hermex.-Didactico-Desarrollo-sensorial.pdf\" target=\"_blank\" class=\"vc_single_image-wrapper   vc_box_border_grey\"><img loading=\"lazy\" decoding=\"async\" width=\"1063\" height=\"1506\" src=\"https:\/\/www.didactiaweb.com\/wp-content\/uploads\/2024\/05\/Tapa-Hermex.-Didactico-Desarrollo-sensorial.jpg\" class=\"vc_single_image-img attachment-full\" alt=\"\" srcset=\"https:\/\/www.didactiaweb.com\/wp-content\/uploads\/2024\/05\/Tapa-Hermex.-Didactico-Desarrollo-sensorial.jpg 1063w, https:\/\/www.didactiaweb.com\/wp-content\/uploads\/2024\/05\/Tapa-Hermex.-Didactico-Desarrollo-sensorial-212x300.jpg 212w, https:\/\/www.didactiaweb.com\/wp-content\/uploads\/2024\/05\/Tapa-Hermex.-Didactico-Desarrollo-sensorial-723x1024.jpg 723w, https:\/\/www.didactiaweb.com\/wp-content\/uploads\/2024\/05\/Tapa-Hermex.-Didactico-Desarrollo-sensorial-768x1088.jpg 768w, https:\/\/www.didactiaweb.com\/wp-content\/uploads\/2024\/05\/Tapa-Hermex.-Didactico-Desarrollo-sensorial-8x12.jpg 8w, https:\/\/www.didactiaweb.com\/wp-content\/uploads\/2024\/05\/Tapa-Hermex.-Didactico-Desarrollo-sensorial-810x1148.jpg 810w, https:\/\/www.didactiaweb.com\/wp-content\/uploads\/2024\/05\/Tapa-Hermex.-Didactico-Desarrollo-sensorial-560x793.jpg 560w, https:\/\/www.didactiaweb.com\/wp-content\/uploads\/2024\/05\/Tapa-Hermex.-Didactico-Desarrollo-sensorial-459x650.jpg 459w, https:\/\/www.didactiaweb.com\/wp-content\/uploads\/2024\/05\/Tapa-Hermex.-Didactico-Desarrollo-sensorial-64x90.jpg 64w\" sizes=\"auto, (max-width: 1063px) 100vw, 1063px\" \/><\/a>\n\t\t<\/figure>\n\t<\/div>\n<div class=\"vc_btn3-container vc_btn3-center vc_custom_1716189873523\" ><a class=\"vc_general vc_btn3 vc_btn3-size-sm vc_btn3-shape-rounded vc_btn3-style-modern vc_btn3-block vc_btn3-color-grey\" href=\"https:\/\/www.didactiaweb.com\/wp-content\/uploads\/2024\/05\/Hermex.-Didactico-Desarrollo-sensorial.pdf\" title=\"\" target=\"_blank\">Descargar<\/a><\/div><\/div><\/div><\/div><div class=\"wpb_column vc_column_container vc_col-sm-4\"><div class=\"vc_column-inner\"><div class=\"wpb_wrapper\">\n\t<div class=\"wpb_text_column wpb_content_element  vc_custom_1684749348741\" >\n\t\t<div class=\"wpb_wrapper\">\n\t\t\t<h5>HERMEX \u2013 ESPACIOS MULTISENSORIALES<\/h5>\n\n\t\t<\/div>\n\t<\/div>\n\n\t<div class=\"wpb_text_column wpb_content_element\" >\n\t\t<div class=\"wpb_wrapper\">\n\t\t\t<p>Estimulaci\u00f3 visual, tacte, olfacte, joc heur\u00edstic, estimulaci\u00f3 sonora i espai de benestar<\/p>\n\n\t\t<\/div>\n\t<\/div>\n<\/div><\/div><\/div><\/div><\/div><\/div><\/div><\/div>","protected":false},"excerpt":{"rendered":"Descarregar GRUP DESCOM - MATERIAL DID\u00c0CTIC Jocs educatius per a totes les edats i diversitat de material per a treballar l'estimulaci\u00f3 dels sentits, la percepci\u00f3, la motricitat, el joc simb\u00f3lic, la l\u00f2gics matem\u00e0tica i la naturalesa. Descarregar HERMEX - MATERIAL DID\u00c0CTIC Material per a treballar a l'aula, joc simb\u00f2lic i jocs educatius gegants. Descarregar HERMEX [...]","protected":false},"author":355,"featured_media":0,"parent":4487,"menu_order":0,"comment_status":"closed","ping_status":"closed","template":"page-privada.php","meta":{"footnotes":""},"class_list":["post-4595","page","type-page","status-publish","hentry"],"yoast_head":"<!-- This site is optimized with the Yoast SEO plugin v26.8 - https:\/\/yoast.com\/product\/yoast-seo-wordpress\/ -->\n<title>Cat\u00e0legs material did\u00e0ctic - Didactia<\/title>\n<meta name=\"description\" content=\"Cat\u00e0legs pdf de material did\u00e0ctic de Grup Descom (Hiper Escola i CR4) . Tamb\u00e9 de m\u00fasica i espais multisensorrials d&#039;Hermex.\" \/>\n<meta name=\"robots\" content=\"index, follow, max-snippet:-1, max-image-preview:large, max-video-preview:-1\" \/>\n<link rel=\"canonical\" href=\"https:\/\/www.didactiaweb.com\/es\/zona-privada-catalegs\/catalegs-material-didactic\/\" \/>\n<meta property=\"og:locale\" content=\"es_ES\" \/>\n<meta property=\"og:type\" content=\"article\" \/>\n<meta property=\"og:title\" content=\"Cat\u00e0legs material did\u00e0ctic - Didactia\" \/>\n<meta property=\"og:description\" content=\"Cat\u00e0legs pdf de material did\u00e0ctic de Grup Descom (Hiper Escola i CR4) . Tamb\u00e9 de m\u00fasica i espais multisensorrials d&#039;Hermex.\" \/>\n<meta property=\"og:url\" content=\"https:\/\/www.didactiaweb.com\/es\/zona-privada-catalegs\/catalegs-material-didactic\/\" \/>\n<meta property=\"og:site_name\" content=\"Didactia\" \/>\n<meta property=\"article:modified_time\" content=\"2024-10-17T06:56:00+00:00\" \/>\n<meta name=\"twitter:card\" content=\"summary_large_image\" \/>\n<meta name=\"twitter:label1\" content=\"Tiempo de lectura\" \/>\n\t<meta name=\"twitter:data1\" content=\"1 minuto\" \/>\n<script type=\"application\/ld+json\" class=\"yoast-schema-graph\">{\"@context\":\"https:\/\/schema.org\",\"@graph\":[{\"@type\":\"WebPage\",\"@id\":\"https:\/\/www.didactiaweb.com\/zona-privada-catalegs\/catalegs-material-didactic\/\",\"url\":\"https:\/\/www.didactiaweb.com\/zona-privada-catalegs\/catalegs-material-didactic\/\",\"name\":\"Cat\u00e0legs material did\u00e0ctic - Didactia\",\"isPartOf\":{\"@id\":\"https:\/\/www.didactiaweb.com\/#website\"},\"datePublished\":\"2020-05-19T09:17:38+00:00\",\"dateModified\":\"2024-10-17T06:56:00+00:00\",\"description\":\"Cat\u00e0legs pdf de material did\u00e0ctic de Grup Descom (Hiper Escola i CR4) . Tamb\u00e9 de m\u00fasica i espais multisensorrials d'Hermex.\",\"breadcrumb\":{\"@id\":\"https:\/\/www.didactiaweb.com\/zona-privada-catalegs\/catalegs-material-didactic\/#breadcrumb\"},\"inLanguage\":\"es\",\"potentialAction\":[{\"@type\":\"ReadAction\",\"target\":[\"https:\/\/www.didactiaweb.com\/zona-privada-catalegs\/catalegs-material-didactic\/\"]}]},{\"@type\":\"BreadcrumbList\",\"@id\":\"https:\/\/www.didactiaweb.com\/zona-privada-catalegs\/catalegs-material-didactic\/#breadcrumb\",\"itemListElement\":[{\"@type\":\"ListItem\",\"position\":1,\"name\":\"Inici\",\"item\":\"https:\/\/www.didactiaweb.com\/\"},{\"@type\":\"ListItem\",\"position\":2,\"name\":\"Cat\u00e0legs\",\"item\":\"https:\/\/www.didactiaweb.com\/zona-privada-catalegs\/\"},{\"@type\":\"ListItem\",\"position\":3,\"name\":\"Cat\u00e0legs material did\u00e0ctic\"}]},{\"@type\":\"WebSite\",\"@id\":\"https:\/\/www.didactiaweb.com\/#website\",\"url\":\"https:\/\/www.didactiaweb.com\/\",\"name\":\"Didactia\",\"description\":\"Prove\u00efdor Integral\",\"publisher\":{\"@id\":\"https:\/\/www.didactiaweb.com\/#organization\"},\"potentialAction\":[{\"@type\":\"SearchAction\",\"target\":{\"@type\":\"EntryPoint\",\"urlTemplate\":\"https:\/\/www.didactiaweb.com\/?s={search_term_string}\"},\"query-input\":{\"@type\":\"PropertyValueSpecification\",\"valueRequired\":true,\"valueName\":\"search_term_string\"}}],\"inLanguage\":\"es\"},{\"@type\":\"Organization\",\"@id\":\"https:\/\/www.didactiaweb.com\/#organization\",\"name\":\"Didactia Proveedor Integral S.L.\",\"url\":\"https:\/\/www.didactiaweb.com\/\",\"logo\":{\"@type\":\"ImageObject\",\"inLanguage\":\"es\",\"@id\":\"https:\/\/www.didactiaweb.com\/#\/schema\/logo\/image\/\",\"url\":\"https:\/\/www.didactiaweb.com\/wp-content\/uploads\/2020\/03\/logo.png\",\"contentUrl\":\"https:\/\/www.didactiaweb.com\/wp-content\/uploads\/2020\/03\/logo.png\",\"width\":230,\"height\":63,\"caption\":\"Didactia Proveedor Integral S.L.\"},\"image\":{\"@id\":\"https:\/\/www.didactiaweb.com\/#\/schema\/logo\/image\/\"}}]}<\/script>\n<!-- \/ Yoast SEO plugin. -->","yoast_head_json":{"title":"Cat\u00e0legs material did\u00e0ctic - Didactia","description":"Cat\u00e0legs pdf de material did\u00e0ctic de Grup Descom (Hiper Escola i CR4) . Tamb\u00e9 de m\u00fasica i espais multisensorrials d'Hermex.","robots":{"index":"index","follow":"follow","max-snippet":"max-snippet:-1","max-image-preview":"max-image-preview:large","max-video-preview":"max-video-preview:-1"},"canonical":"https:\/\/www.didactiaweb.com\/es\/zona-privada-catalegs\/catalegs-material-didactic\/","og_locale":"es_ES","og_type":"article","og_title":"Cat\u00e0legs material did\u00e0ctic - Didactia","og_description":"Cat\u00e0legs pdf de material did\u00e0ctic de Grup Descom (Hiper Escola i CR4) . Tamb\u00e9 de m\u00fasica i espais multisensorrials d'Hermex.","og_url":"https:\/\/www.didactiaweb.com\/es\/zona-privada-catalegs\/catalegs-material-didactic\/","og_site_name":"Didactia","article_modified_time":"2024-10-17T06:56:00+00:00","twitter_card":"summary_large_image","twitter_misc":{"Tiempo de lectura":"1 minuto"},"schema":{"@context":"https:\/\/schema.org","@graph":[{"@type":"WebPage","@id":"https:\/\/www.didactiaweb.com\/zona-privada-catalegs\/catalegs-material-didactic\/","url":"https:\/\/www.didactiaweb.com\/zona-privada-catalegs\/catalegs-material-didactic\/","name":"Cat\u00e0legs material did\u00e0ctic - Didactia","isPartOf":{"@id":"https:\/\/www.didactiaweb.com\/#website"},"datePublished":"2020-05-19T09:17:38+00:00","dateModified":"2024-10-17T06:56:00+00:00","description":"Cat\u00e0legs pdf de material did\u00e0ctic de Grup Descom (Hiper Escola i CR4) . Tamb\u00e9 de m\u00fasica i espais multisensorrials d'Hermex.","breadcrumb":{"@id":"https:\/\/www.didactiaweb.com\/zona-privada-catalegs\/catalegs-material-didactic\/#breadcrumb"},"inLanguage":"es","potentialAction":[{"@type":"ReadAction","target":["https:\/\/www.didactiaweb.com\/zona-privada-catalegs\/catalegs-material-didactic\/"]}]},{"@type":"BreadcrumbList","@id":"https:\/\/www.didactiaweb.com\/zona-privada-catalegs\/catalegs-material-didactic\/#breadcrumb","itemListElement":[{"@type":"ListItem","position":1,"name":"Inici","item":"https:\/\/www.didactiaweb.com\/"},{"@type":"ListItem","position":2,"name":"Cat\u00e0legs","item":"https:\/\/www.didactiaweb.com\/zona-privada-catalegs\/"},{"@type":"ListItem","position":3,"name":"Cat\u00e0legs material did\u00e0ctic"}]},{"@type":"WebSite","@id":"https:\/\/www.didactiaweb.com\/#website","url":"https:\/\/www.didactiaweb.com\/","name":"Didactia","description":"Prove\u00efdor Integral","publisher":{"@id":"https:\/\/www.didactiaweb.com\/#organization"},"potentialAction":[{"@type":"SearchAction","target":{"@type":"EntryPoint","urlTemplate":"https:\/\/www.didactiaweb.com\/?s={search_term_string}"},"query-input":{"@type":"PropertyValueSpecification","valueRequired":true,"valueName":"search_term_string"}}],"inLanguage":"es"},{"@type":"Organization","@id":"https:\/\/www.didactiaweb.com\/#organization","name":"Didactia Proveedor Integral S.L.","url":"https:\/\/www.didactiaweb.com\/","logo":{"@type":"ImageObject","inLanguage":"es","@id":"https:\/\/www.didactiaweb.com\/#\/schema\/logo\/image\/","url":"https:\/\/www.didactiaweb.com\/wp-content\/uploads\/2020\/03\/logo.png","contentUrl":"https:\/\/www.didactiaweb.com\/wp-content\/uploads\/2020\/03\/logo.png","width":230,"height":63,"caption":"Didactia Proveedor Integral S.L."},"image":{"@id":"https:\/\/www.didactiaweb.com\/#\/schema\/logo\/image\/"}}]}},"_links":{"self":[{"href":"https:\/\/www.didactiaweb.com\/es\/wp-json\/wp\/v2\/pages\/4595","targetHints":{"allow":["GET"]}}],"collection":[{"href":"https:\/\/www.didactiaweb.com\/es\/wp-json\/wp\/v2\/pages"}],"about":[{"href":"https:\/\/www.didactiaweb.com\/es\/wp-json\/wp\/v2\/types\/page"}],"author":[{"embeddable":true,"href":"https:\/\/www.didactiaweb.com\/es\/wp-json\/wp\/v2\/users\/355"}],"replies":[{"embeddable":true,"href":"https:\/\/www.didactiaweb.com\/es\/wp-json\/wp\/v2\/comments?post=4595"}],"version-history":[{"count":42,"href":"https:\/\/www.didactiaweb.com\/es\/wp-json\/wp\/v2\/pages\/4595\/revisions"}],"predecessor-version":[{"id":6483,"href":"https:\/\/www.didactiaweb.com\/es\/wp-json\/wp\/v2\/pages\/4595\/revisions\/6483"}],"up":[{"embeddable":true,"href":"https:\/\/www.didactiaweb.com\/es\/wp-json\/wp\/v2\/pages\/4487"}],"wp:attachment":[{"href":"https:\/\/www.didactiaweb.com\/es\/wp-json\/wp\/v2\/media?parent=4595"}],"curies":[{"name":"wp","href":"https:\/\/api.w.org\/{rel}","templated":true}]}}