{"id":4597,"date":"2020-05-19T11:18:43","date_gmt":"2020-05-19T09:18:43","guid":{"rendered":"https:\/\/www.didactiaweb.com\/?page_id=4597"},"modified":"2024-03-11T14:22:37","modified_gmt":"2024-03-11T12:22:37","slug":"catalegs-robotica","status":"publish","type":"page","link":"https:\/\/www.didactiaweb.com\/es\/zona-privada-catalegs\/catalegs-robotica\/","title":{"rendered":"CAT\u00c1LOGOS ROB\u00d3TICA"},"content":{"rendered":"<div class=\"vc_row wpb_row vc_row-fluid\"><div class=\"wpb_column vc_column_container vc_col-sm-12\"><div class=\"vc_column-inner\"><div class=\"wpb_wrapper\"><div class=\"vc_empty_space\"   style=\"height: 32px\"><span class=\"vc_empty_space_inner\"><\/span><\/div><\/div><\/div><\/div><\/div><div class=\"vc_row wpb_row vc_row-fluid\"><div class=\"wpb_column vc_column_container vc_col-sm-2\"><div class=\"vc_column-inner\"><div class=\"wpb_wrapper\">\n\t<div  class=\"wpb_single_image wpb_content_element vc_align_left\">\n\t\t\n\t\t<figure class=\"wpb_wrapper vc_figure\">\n\t\t\t<div class=\"vc_single_image-wrapper   vc_box_border_grey\"><img loading=\"lazy\" decoding=\"async\" width=\"1803\" height=\"2550\" src=\"https:\/\/www.didactiaweb.com\/wp-content\/uploads\/2022\/09\/Portada-Vex_Robotics.png\" class=\"vc_single_image-img attachment-full\" alt=\"Cat\u00e0leg Vex Rob\u00f2tics\" srcset=\"https:\/\/www.didactiaweb.com\/wp-content\/uploads\/2022\/09\/Portada-Vex_Robotics.png 1803w, https:\/\/www.didactiaweb.com\/wp-content\/uploads\/2022\/09\/Portada-Vex_Robotics-212x300.png 212w, https:\/\/www.didactiaweb.com\/wp-content\/uploads\/2022\/09\/Portada-Vex_Robotics-724x1024.png 724w, https:\/\/www.didactiaweb.com\/wp-content\/uploads\/2022\/09\/Portada-Vex_Robotics-768x1086.png 768w, https:\/\/www.didactiaweb.com\/wp-content\/uploads\/2022\/09\/Portada-Vex_Robotics-1086x1536.png 1086w, https:\/\/www.didactiaweb.com\/wp-content\/uploads\/2022\/09\/Portada-Vex_Robotics-1448x2048.png 1448w, https:\/\/www.didactiaweb.com\/wp-content\/uploads\/2022\/09\/Portada-Vex_Robotics-8x12.png 8w, https:\/\/www.didactiaweb.com\/wp-content\/uploads\/2022\/09\/Portada-Vex_Robotics-810x1146.png 810w, https:\/\/www.didactiaweb.com\/wp-content\/uploads\/2022\/09\/Portada-Vex_Robotics-560x792.png 560w, https:\/\/www.didactiaweb.com\/wp-content\/uploads\/2022\/09\/Portada-Vex_Robotics-460x650.png 460w, https:\/\/www.didactiaweb.com\/wp-content\/uploads\/2022\/09\/Portada-Vex_Robotics-64x90.png 64w\" sizes=\"auto, (max-width: 1803px) 100vw, 1803px\" \/><\/div>\n\t\t<\/figure>\n\t<\/div>\n<div class=\"vc_btn3-container vc_btn3-center vc_custom_1710159753000\" ><a class=\"vc_general vc_btn3 vc_btn3-size-xs vc_btn3-shape-rounded vc_btn3-style-modern vc_btn3-block vc_btn3-color-grey\" href=\"https:\/\/www.didactiaweb.com\/es\/vex_robotics-2\/\" title=\"\" target=\"_blank\">Descargar<\/a><\/div><\/div><\/div><\/div><div class=\"wpb_column vc_column_container vc_col-sm-4\"><div class=\"vc_column-inner\"><div class=\"wpb_wrapper\">\n\t<div class=\"wpb_text_column wpb_content_element\" >\n\t\t<div class=\"wpb_wrapper\">\n\t\t\t<h5>GRUP DESCOM \u2013 VEX<\/h5>\n\n\t\t<\/div>\n\t<\/div>\n\n\t<div class=\"wpb_text_column wpb_content_element\" >\n\t\t<div class=\"wpb_wrapper\">\n\t\t\t<p>Rob\u00f3tica educativa y STEM. Des de infantil a secund\u00e1ria con los robots de VEX<\/p>\n\n\t\t<\/div>\n\t<\/div>\n<\/div><\/div><\/div><div class=\"wpb_column vc_column_container vc_col-sm-2\"><div class=\"vc_column-inner\"><div class=\"wpb_wrapper\">\n\t<div  class=\"wpb_single_image wpb_content_element vc_align_left\">\n\t\t\n\t\t<figure class=\"wpb_wrapper vc_figure\">\n\t\t\t<a href=\"https:\/\/www.didactiaweb.com\/es\/robotica-tic-ciencias\/\" target=\"_blank\" class=\"vc_single_image-wrapper   vc_box_border_grey\"><img loading=\"lazy\" decoding=\"async\" width=\"1241\" height=\"1754\" src=\"https:\/\/www.didactiaweb.com\/wp-content\/uploads\/2024\/03\/PORTADA-TTS.png\" class=\"vc_single_image-img attachment-full\" alt=\"Cat\u00e0leg TTS\" srcset=\"https:\/\/www.didactiaweb.com\/wp-content\/uploads\/2024\/03\/PORTADA-TTS.png 1241w, https:\/\/www.didactiaweb.com\/wp-content\/uploads\/2024\/03\/PORTADA-TTS-212x300.png 212w, https:\/\/www.didactiaweb.com\/wp-content\/uploads\/2024\/03\/PORTADA-TTS-725x1024.png 725w, https:\/\/www.didactiaweb.com\/wp-content\/uploads\/2024\/03\/PORTADA-TTS-768x1085.png 768w, https:\/\/www.didactiaweb.com\/wp-content\/uploads\/2024\/03\/PORTADA-TTS-1087x1536.png 1087w, https:\/\/www.didactiaweb.com\/wp-content\/uploads\/2024\/03\/PORTADA-TTS-8x12.png 8w, https:\/\/www.didactiaweb.com\/wp-content\/uploads\/2024\/03\/PORTADA-TTS-810x1145.png 810w, https:\/\/www.didactiaweb.com\/wp-content\/uploads\/2024\/03\/PORTADA-TTS-560x791.png 560w, https:\/\/www.didactiaweb.com\/wp-content\/uploads\/2024\/03\/PORTADA-TTS-460x650.png 460w, https:\/\/www.didactiaweb.com\/wp-content\/uploads\/2024\/03\/PORTADA-TTS-64x90.png 64w\" sizes=\"auto, (max-width: 1241px) 100vw, 1241px\" \/><\/a>\n\t\t<\/figure>\n\t<\/div>\n<div class=\"vc_btn3-container vc_btn3-center vc_custom_1710159679241\" ><a class=\"vc_general vc_btn3 vc_btn3-size-xs vc_btn3-shape-rounded vc_btn3-style-modern vc_btn3-block vc_btn3-color-grey\" href=\"https:\/\/www.didactiaweb.com\/es\/robotica-tic-ciencias\/\" title=\"\" target=\"_blank\">Descargar<\/a><\/div><\/div><\/div><\/div><div class=\"wpb_column vc_column_container vc_col-sm-4\"><div class=\"vc_column-inner\"><div class=\"wpb_wrapper\">\n\t<div class=\"wpb_text_column wpb_content_element\" >\n\t\t<div class=\"wpb_wrapper\">\n\t\t\t<h5>ROB\u00d2TICA \u2013 TTS<\/h5>\n\n\t\t<\/div>\n\t<\/div>\n\n\t<div class=\"wpb_text_column wpb_content_element\" >\n\t\t<div class=\"wpb_wrapper\">\n\t\t\t<p>Des de Reino Unido nos llegan estos simp\u00e1ticos robots educativos. Todos son unos recursos fant\u00e1sticos para que el alumnado de infantil y prim\u00e1ria hagan los primeros pasos con la programaci\u00f3n.<\/p>\n\n\t\t<\/div>\n\t<\/div>\n<\/div><\/div><\/div><\/div><div class=\"vc_row wpb_row vc_row-fluid\"><div class=\"wpb_column vc_column_container vc_col-sm-2\"><div class=\"vc_column-inner\"><div class=\"wpb_wrapper\">\n\t<div  class=\"wpb_single_image wpb_content_element vc_align_left\">\n\t\t\n\t\t<figure class=\"wpb_wrapper vc_figure\">\n\t\t\t<a href=\"https:\/\/www.didactiaweb.com\/es\/lego-education-2024\/\" target=\"_blank\" class=\"vc_single_image-wrapper   vc_box_border_grey\"><img loading=\"lazy\" decoding=\"async\" width=\"1241\" height=\"1679\" src=\"https:\/\/www.didactiaweb.com\/wp-content\/uploads\/2024\/03\/Lego-Education-2024.png\" class=\"vc_single_image-img attachment-full\" alt=\"Cat\u00e0leg Lego Education\" srcset=\"https:\/\/www.didactiaweb.com\/wp-content\/uploads\/2024\/03\/Lego-Education-2024.png 1241w, https:\/\/www.didactiaweb.com\/wp-content\/uploads\/2024\/03\/Lego-Education-2024-222x300.png 222w, https:\/\/www.didactiaweb.com\/wp-content\/uploads\/2024\/03\/Lego-Education-2024-757x1024.png 757w, https:\/\/www.didactiaweb.com\/wp-content\/uploads\/2024\/03\/Lego-Education-2024-768x1039.png 768w, https:\/\/www.didactiaweb.com\/wp-content\/uploads\/2024\/03\/Lego-Education-2024-1135x1536.png 1135w, https:\/\/www.didactiaweb.com\/wp-content\/uploads\/2024\/03\/Lego-Education-2024-9x12.png 9w, https:\/\/www.didactiaweb.com\/wp-content\/uploads\/2024\/03\/Lego-Education-2024-810x1096.png 810w, https:\/\/www.didactiaweb.com\/wp-content\/uploads\/2024\/03\/Lego-Education-2024-560x758.png 560w, https:\/\/www.didactiaweb.com\/wp-content\/uploads\/2024\/03\/Lego-Education-2024-480x650.png 480w, https:\/\/www.didactiaweb.com\/wp-content\/uploads\/2024\/03\/Lego-Education-2024-67x90.png 67w\" sizes=\"auto, (max-width: 1241px) 100vw, 1241px\" \/><\/a>\n\t\t<\/figure>\n\t<\/div>\n<div class=\"vc_btn3-container vc_btn3-center vc_custom_1710159685674\" ><a class=\"vc_general vc_btn3 vc_btn3-size-xs vc_btn3-shape-rounded vc_btn3-style-modern vc_btn3-block vc_btn3-color-grey\" href=\"https:\/\/www.didactiaweb.com\/es\/lego-education-2024\/\" title=\"\" target=\"_blank\">Descargar<\/a><\/div><\/div><\/div><\/div><div class=\"wpb_column vc_column_container vc_col-sm-4\"><div class=\"vc_column-inner\"><div class=\"wpb_wrapper\">\n\t<div class=\"wpb_text_column wpb_content_element\" >\n\t\t<div class=\"wpb_wrapper\">\n\t\t\t<h5>LEGO EDUCATION<\/h5>\n\n\t\t<\/div>\n\t<\/div>\n\n\t<div class=\"wpb_text_column wpb_content_element\" >\n\t\t<div class=\"wpb_wrapper\">\n\t\t\t<p>Las soluciones educativas de LEGO\u00ae Education permiten trabajar en las aulas actividades did\u00e1cticas contextualizadas con sistemas de construcci\u00f3n, mecanismos y robots manipulables que se dise\u00f1an, programan y controlan para desarrollar soluciones a problemas de la vida cotidiana.<\/p>\n\n\t\t<\/div>\n\t<\/div>\n<\/div><\/div><\/div><\/div>","protected":false},"excerpt":{"rendered":"Descarregar GRUP DESCOM \u2013 VEX Rob\u00f2tica educativa i STEM. Des d\u2019infantil a secund\u00e0ria amb els robots de VEX Descarregar ROB\u00d2TICA \u2013 TTS Des del Regne Unit ens arriben aquests simp\u00e0tics robots educatius. Tots s\u00f3n uns recursos fant\u00e0stics perqu\u00e8 l\u2019alumnat d\u2019infantil i prim\u00e0ria facin els primers passos amb la programaci\u00f3. Descarregar LEGO EDUCATION Les solucions educatives [...]","protected":false},"author":355,"featured_media":0,"parent":4487,"menu_order":0,"comment_status":"closed","ping_status":"closed","template":"page-privada.php","meta":{"footnotes":""},"class_list":["post-4597","page","type-page","status-publish","hentry"],"yoast_head":"<!-- This site is optimized with the Yoast SEO plugin v26.8 - https:\/\/yoast.com\/product\/yoast-seo-wordpress\/ -->\n<title>Cat\u00e0legs rob\u00f2tica - Didactia<\/title>\n<meta name=\"robots\" content=\"index, follow, max-snippet:-1, max-image-preview:large, max-video-preview:-1\" \/>\n<link rel=\"canonical\" href=\"https:\/\/www.didactiaweb.com\/es\/zona-privada-catalegs\/catalegs-robotica\/\" \/>\n<meta property=\"og:locale\" content=\"es_ES\" \/>\n<meta property=\"og:type\" content=\"article\" \/>\n<meta property=\"og:title\" content=\"Cat\u00e0legs rob\u00f2tica - Didactia\" \/>\n<meta property=\"og:url\" content=\"https:\/\/www.didactiaweb.com\/es\/zona-privada-catalegs\/catalegs-robotica\/\" \/>\n<meta property=\"og:site_name\" content=\"Didactia\" \/>\n<meta property=\"article:modified_time\" content=\"2024-03-11T12:22:37+00:00\" \/>\n<meta name=\"twitter:card\" content=\"summary_large_image\" \/>\n<meta name=\"twitter:label1\" content=\"Tiempo de lectura\" \/>\n\t<meta name=\"twitter:data1\" content=\"1 minuto\" \/>\n<script type=\"application\/ld+json\" class=\"yoast-schema-graph\">{\"@context\":\"https:\/\/schema.org\",\"@graph\":[{\"@type\":\"WebPage\",\"@id\":\"https:\/\/www.didactiaweb.com\/zona-privada-catalegs\/catalegs-robotica\/\",\"url\":\"https:\/\/www.didactiaweb.com\/zona-privada-catalegs\/catalegs-robotica\/\",\"name\":\"Cat\u00e0legs rob\u00f2tica - Didactia\",\"isPartOf\":{\"@id\":\"https:\/\/www.didactiaweb.com\/#website\"},\"datePublished\":\"2020-05-19T09:18:43+00:00\",\"dateModified\":\"2024-03-11T12:22:37+00:00\",\"breadcrumb\":{\"@id\":\"https:\/\/www.didactiaweb.com\/zona-privada-catalegs\/catalegs-robotica\/#breadcrumb\"},\"inLanguage\":\"es\",\"potentialAction\":[{\"@type\":\"ReadAction\",\"target\":[\"https:\/\/www.didactiaweb.com\/zona-privada-catalegs\/catalegs-robotica\/\"]}]},{\"@type\":\"BreadcrumbList\",\"@id\":\"https:\/\/www.didactiaweb.com\/zona-privada-catalegs\/catalegs-robotica\/#breadcrumb\",\"itemListElement\":[{\"@type\":\"ListItem\",\"position\":1,\"name\":\"Inici\",\"item\":\"https:\/\/www.didactiaweb.com\/\"},{\"@type\":\"ListItem\",\"position\":2,\"name\":\"Cat\u00e0legs\",\"item\":\"https:\/\/www.didactiaweb.com\/zona-privada-catalegs\/\"},{\"@type\":\"ListItem\",\"position\":3,\"name\":\"Cat\u00e0legs rob\u00f2tica\"}]},{\"@type\":\"WebSite\",\"@id\":\"https:\/\/www.didactiaweb.com\/#website\",\"url\":\"https:\/\/www.didactiaweb.com\/\",\"name\":\"Didactia\",\"description\":\"Prove\u00efdor Integral\",\"publisher\":{\"@id\":\"https:\/\/www.didactiaweb.com\/#organization\"},\"potentialAction\":[{\"@type\":\"SearchAction\",\"target\":{\"@type\":\"EntryPoint\",\"urlTemplate\":\"https:\/\/www.didactiaweb.com\/?s={search_term_string}\"},\"query-input\":{\"@type\":\"PropertyValueSpecification\",\"valueRequired\":true,\"valueName\":\"search_term_string\"}}],\"inLanguage\":\"es\"},{\"@type\":\"Organization\",\"@id\":\"https:\/\/www.didactiaweb.com\/#organization\",\"name\":\"Didactia Proveedor Integral S.L.\",\"url\":\"https:\/\/www.didactiaweb.com\/\",\"logo\":{\"@type\":\"ImageObject\",\"inLanguage\":\"es\",\"@id\":\"https:\/\/www.didactiaweb.com\/#\/schema\/logo\/image\/\",\"url\":\"https:\/\/www.didactiaweb.com\/wp-content\/uploads\/2020\/03\/logo.png\",\"contentUrl\":\"https:\/\/www.didactiaweb.com\/wp-content\/uploads\/2020\/03\/logo.png\",\"width\":230,\"height\":63,\"caption\":\"Didactia Proveedor Integral S.L.\"},\"image\":{\"@id\":\"https:\/\/www.didactiaweb.com\/#\/schema\/logo\/image\/\"}}]}<\/script>\n<!-- \/ Yoast SEO plugin. -->","yoast_head_json":{"title":"Cat\u00e0legs rob\u00f2tica - Didactia","robots":{"index":"index","follow":"follow","max-snippet":"max-snippet:-1","max-image-preview":"max-image-preview:large","max-video-preview":"max-video-preview:-1"},"canonical":"https:\/\/www.didactiaweb.com\/es\/zona-privada-catalegs\/catalegs-robotica\/","og_locale":"es_ES","og_type":"article","og_title":"Cat\u00e0legs rob\u00f2tica - Didactia","og_url":"https:\/\/www.didactiaweb.com\/es\/zona-privada-catalegs\/catalegs-robotica\/","og_site_name":"Didactia","article_modified_time":"2024-03-11T12:22:37+00:00","twitter_card":"summary_large_image","twitter_misc":{"Tiempo de lectura":"1 minuto"},"schema":{"@context":"https:\/\/schema.org","@graph":[{"@type":"WebPage","@id":"https:\/\/www.didactiaweb.com\/zona-privada-catalegs\/catalegs-robotica\/","url":"https:\/\/www.didactiaweb.com\/zona-privada-catalegs\/catalegs-robotica\/","name":"Cat\u00e0legs rob\u00f2tica - Didactia","isPartOf":{"@id":"https:\/\/www.didactiaweb.com\/#website"},"datePublished":"2020-05-19T09:18:43+00:00","dateModified":"2024-03-11T12:22:37+00:00","breadcrumb":{"@id":"https:\/\/www.didactiaweb.com\/zona-privada-catalegs\/catalegs-robotica\/#breadcrumb"},"inLanguage":"es","potentialAction":[{"@type":"ReadAction","target":["https:\/\/www.didactiaweb.com\/zona-privada-catalegs\/catalegs-robotica\/"]}]},{"@type":"BreadcrumbList","@id":"https:\/\/www.didactiaweb.com\/zona-privada-catalegs\/catalegs-robotica\/#breadcrumb","itemListElement":[{"@type":"ListItem","position":1,"name":"Inici","item":"https:\/\/www.didactiaweb.com\/"},{"@type":"ListItem","position":2,"name":"Cat\u00e0legs","item":"https:\/\/www.didactiaweb.com\/zona-privada-catalegs\/"},{"@type":"ListItem","position":3,"name":"Cat\u00e0legs rob\u00f2tica"}]},{"@type":"WebSite","@id":"https:\/\/www.didactiaweb.com\/#website","url":"https:\/\/www.didactiaweb.com\/","name":"Didactia","description":"Prove\u00efdor Integral","publisher":{"@id":"https:\/\/www.didactiaweb.com\/#organization"},"potentialAction":[{"@type":"SearchAction","target":{"@type":"EntryPoint","urlTemplate":"https:\/\/www.didactiaweb.com\/?s={search_term_string}"},"query-input":{"@type":"PropertyValueSpecification","valueRequired":true,"valueName":"search_term_string"}}],"inLanguage":"es"},{"@type":"Organization","@id":"https:\/\/www.didactiaweb.com\/#organization","name":"Didactia Proveedor Integral S.L.","url":"https:\/\/www.didactiaweb.com\/","logo":{"@type":"ImageObject","inLanguage":"es","@id":"https:\/\/www.didactiaweb.com\/#\/schema\/logo\/image\/","url":"https:\/\/www.didactiaweb.com\/wp-content\/uploads\/2020\/03\/logo.png","contentUrl":"https:\/\/www.didactiaweb.com\/wp-content\/uploads\/2020\/03\/logo.png","width":230,"height":63,"caption":"Didactia Proveedor Integral S.L."},"image":{"@id":"https:\/\/www.didactiaweb.com\/#\/schema\/logo\/image\/"}}]}},"_links":{"self":[{"href":"https:\/\/www.didactiaweb.com\/es\/wp-json\/wp\/v2\/pages\/4597","targetHints":{"allow":["GET"]}}],"collection":[{"href":"https:\/\/www.didactiaweb.com\/es\/wp-json\/wp\/v2\/pages"}],"about":[{"href":"https:\/\/www.didactiaweb.com\/es\/wp-json\/wp\/v2\/types\/page"}],"author":[{"embeddable":true,"href":"https:\/\/www.didactiaweb.com\/es\/wp-json\/wp\/v2\/users\/355"}],"replies":[{"embeddable":true,"href":"https:\/\/www.didactiaweb.com\/es\/wp-json\/wp\/v2\/comments?post=4597"}],"version-history":[{"count":20,"href":"https:\/\/www.didactiaweb.com\/es\/wp-json\/wp\/v2\/pages\/4597\/revisions"}],"predecessor-version":[{"id":6307,"href":"https:\/\/www.didactiaweb.com\/es\/wp-json\/wp\/v2\/pages\/4597\/revisions\/6307"}],"up":[{"embeddable":true,"href":"https:\/\/www.didactiaweb.com\/es\/wp-json\/wp\/v2\/pages\/4487"}],"wp:attachment":[{"href":"https:\/\/www.didactiaweb.com\/es\/wp-json\/wp\/v2\/media?parent=4597"}],"curies":[{"name":"wp","href":"https:\/\/api.w.org\/{rel}","templated":true}]}}