{"id":4605,"date":"2020-05-19T11:24:17","date_gmt":"2020-05-19T09:24:17","guid":{"rendered":"https:\/\/www.didactiaweb.com\/?page_id=4605"},"modified":"2024-05-20T09:38:46","modified_gmt":"2024-05-20T07:38:46","slug":"catalegs-equipament-1a-etapa","status":"publish","type":"page","link":"https:\/\/www.didactiaweb.com\/es\/zona-privada-catalegs\/catalegs-equipament-1a-etapa\/","title":{"rendered":"CAT\u00c1LOGOS EQUIPAMIENTO 1A ETAPA"},"content":{"rendered":"<div class=\"vc_row wpb_row vc_row-fluid\"><div class=\"wpb_column vc_column_container vc_col-sm-12\"><div class=\"vc_column-inner\"><div class=\"wpb_wrapper\"><div class=\"vc_empty_space\"   style=\"height: 32px\"><span class=\"vc_empty_space_inner\"><\/span><\/div><\/div><\/div><\/div><\/div><div class=\"vc_row wpb_row vc_row-fluid\"><div class=\"wpb_column vc_column_container vc_col-sm-12\"><div class=\"vc_column-inner\"><div class=\"wpb_wrapper\"><div class=\"vc_row wpb_row vc_inner vc_row-fluid\"><div class=\"wpb_column vc_column_container vc_col-sm-2\"><div class=\"vc_column-inner\"><div class=\"wpb_wrapper\">\n\t<div  class=\"wpb_single_image wpb_content_element vc_align_left  vc_custom_1662102851008\">\n\t\t\n\t\t<figure class=\"wpb_wrapper vc_figure\">\n\t\t\t<a href=\"https:\/\/www.didactiaweb.com\/wp-content\/uploads\/2022\/09\/Akros-llitets.pdf\" target=\"_blank\" class=\"vc_single_image-wrapper   vc_box_border_grey\"><img loading=\"lazy\" decoding=\"async\" width=\"1156\" height=\"1496\" src=\"https:\/\/www.didactiaweb.com\/wp-content\/uploads\/2022\/09\/portada-akros-llitets.png\" class=\"vc_single_image-img attachment-full\" alt=\"Cat\u00e0legs llitets Akros\" srcset=\"https:\/\/www.didactiaweb.com\/wp-content\/uploads\/2022\/09\/portada-akros-llitets.png 1156w, https:\/\/www.didactiaweb.com\/wp-content\/uploads\/2022\/09\/portada-akros-llitets-232x300.png 232w, https:\/\/www.didactiaweb.com\/wp-content\/uploads\/2022\/09\/portada-akros-llitets-791x1024.png 791w, https:\/\/www.didactiaweb.com\/wp-content\/uploads\/2022\/09\/portada-akros-llitets-768x994.png 768w, https:\/\/www.didactiaweb.com\/wp-content\/uploads\/2022\/09\/portada-akros-llitets-9x12.png 9w, https:\/\/www.didactiaweb.com\/wp-content\/uploads\/2022\/09\/portada-akros-llitets-810x1048.png 810w, https:\/\/www.didactiaweb.com\/wp-content\/uploads\/2022\/09\/portada-akros-llitets-560x725.png 560w, https:\/\/www.didactiaweb.com\/wp-content\/uploads\/2022\/09\/portada-akros-llitets-502x650.png 502w, https:\/\/www.didactiaweb.com\/wp-content\/uploads\/2022\/09\/portada-akros-llitets-70x90.png 70w\" sizes=\"auto, (max-width: 1156px) 100vw, 1156px\" \/><\/a>\n\t\t<\/figure>\n\t<\/div>\n<div class=\"vc_btn3-container vc_btn3-center vc_custom_1662102858393\" ><a class=\"vc_general vc_btn3 vc_btn3-size-sm vc_btn3-shape-rounded vc_btn3-style-modern vc_btn3-block vc_btn3-color-grey\" href=\"https:\/\/www.didactiaweb.com\/wp-content\/uploads\/2022\/09\/Akros-llitets.pdf\" title=\"\" target=\"_blank\">Descargar<\/a><\/div><\/div><\/div><\/div><div class=\"wpb_column vc_column_container vc_col-sm-4\"><div class=\"vc_column-inner\"><div class=\"wpb_wrapper\">\n\t<div class=\"wpb_text_column wpb_content_element  vc_custom_1589882347914\" >\n\t\t<div class=\"wpb_wrapper\">\n\t\t\t<h4>AKROS - CAMITAS<\/h4>\n\n\t\t<\/div>\n\t<\/div>\n\n\t<div class=\"wpb_text_column wpb_content_element\" >\n\t\t<div class=\"wpb_wrapper\">\n\t\t\t<p>Packs de camitas apilables y complementos para guarder\u00eda e infantil<\/p>\n\n\t\t<\/div>\n\t<\/div>\n<\/div><\/div><\/div><div class=\"wpb_column vc_column_container vc_col-sm-2\"><div class=\"vc_column-inner\"><div class=\"wpb_wrapper\">\n\t<div  class=\"wpb_single_image wpb_content_element vc_align_left  vc_custom_1716190675141\">\n\t\t\n\t\t<figure class=\"wpb_wrapper vc_figure\">\n\t\t\t<a href=\"https:\/\/www.didactiaweb.com\/wp-content\/uploads\/2024\/05\/MOBeduc-2024-mobiliari.pdf\" target=\"_blank\" class=\"vc_single_image-wrapper   vc_box_border_grey\"><img loading=\"lazy\" decoding=\"async\" width=\"1811\" height=\"2560\" src=\"https:\/\/www.didactiaweb.com\/wp-content\/uploads\/2024\/05\/Tapa-MOBeduc-2024-mobiliari-scaled.jpg\" class=\"vc_single_image-img attachment-full\" alt=\"\" srcset=\"https:\/\/www.didactiaweb.com\/wp-content\/uploads\/2024\/05\/Tapa-MOBeduc-2024-mobiliari-scaled.jpg 1811w, https:\/\/www.didactiaweb.com\/wp-content\/uploads\/2024\/05\/Tapa-MOBeduc-2024-mobiliari-212x300.jpg 212w, https:\/\/www.didactiaweb.com\/wp-content\/uploads\/2024\/05\/Tapa-MOBeduc-2024-mobiliari-724x1024.jpg 724w, https:\/\/www.didactiaweb.com\/wp-content\/uploads\/2024\/05\/Tapa-MOBeduc-2024-mobiliari-768x1086.jpg 768w, https:\/\/www.didactiaweb.com\/wp-content\/uploads\/2024\/05\/Tapa-MOBeduc-2024-mobiliari-1086x1536.jpg 1086w, https:\/\/www.didactiaweb.com\/wp-content\/uploads\/2024\/05\/Tapa-MOBeduc-2024-mobiliari-1449x2048.jpg 1449w, https:\/\/www.didactiaweb.com\/wp-content\/uploads\/2024\/05\/Tapa-MOBeduc-2024-mobiliari-8x12.jpg 8w, https:\/\/www.didactiaweb.com\/wp-content\/uploads\/2024\/05\/Tapa-MOBeduc-2024-mobiliari-810x1145.jpg 810w, https:\/\/www.didactiaweb.com\/wp-content\/uploads\/2024\/05\/Tapa-MOBeduc-2024-mobiliari-560x792.jpg 560w, https:\/\/www.didactiaweb.com\/wp-content\/uploads\/2024\/05\/Tapa-MOBeduc-2024-mobiliari-460x650.jpg 460w, https:\/\/www.didactiaweb.com\/wp-content\/uploads\/2024\/05\/Tapa-MOBeduc-2024-mobiliari-64x90.jpg 64w\" sizes=\"auto, (max-width: 1811px) 100vw, 1811px\" \/><\/a>\n\t\t<\/figure>\n\t<\/div>\n<div class=\"vc_btn3-container vc_btn3-center vc_custom_1716190684283\" ><a class=\"vc_general vc_btn3 vc_btn3-size-sm vc_btn3-shape-rounded vc_btn3-style-modern vc_btn3-block vc_btn3-color-grey\" href=\"https:\/\/www.didactiaweb.com\/wp-content\/uploads\/2024\/05\/MOBeduc-2024-mobiliari.pdf\" title=\"\" target=\"_blank\">Descargar<\/a><\/div><\/div><\/div><\/div><div class=\"wpb_column vc_column_container vc_col-sm-4\"><div class=\"vc_column-inner\"><div class=\"wpb_wrapper\">\n\t<div class=\"wpb_text_column wpb_content_element  vc_custom_1663061076310\" >\n\t\t<div class=\"wpb_wrapper\">\n\t\t\t<h5>MOBEDUC - MOBILIARIO INFANTIL<\/h5>\n\n\t\t<\/div>\n\t<\/div>\n\n\t<div class=\"wpb_text_column wpb_content_element\" >\n\t\t<div class=\"wpb_wrapper\">\n\t\t\t<p>Mobiliario de madera para fomentar la autonom\u00eda de los m\u00e1s peque\u00f1os. Mobiliario de seguridad, almacenamiento, alimentaci\u00f3n y descanso<\/p>\n\n\t\t<\/div>\n\t<\/div>\n<\/div><\/div><\/div><\/div><div class=\"vc_row wpb_row vc_inner vc_row-fluid\"><div class=\"wpb_column vc_column_container vc_col-sm-2\"><div class=\"vc_column-inner\"><div class=\"wpb_wrapper\">\n\t<div  class=\"wpb_single_image wpb_content_element vc_align_left  vc_custom_1684746761191\">\n\t\t\n\t\t<figure class=\"wpb_wrapper vc_figure\">\n\t\t\t<a href=\"https:\/\/www.didactiaweb.com\/wp-content\/uploads\/2023\/05\/Hermex.-Equipament-Nadons-23-24.pdf\" target=\"_blank\" class=\"vc_single_image-wrapper   vc_box_border_grey\"><img loading=\"lazy\" decoding=\"async\" width=\"1951\" height=\"3011\" src=\"https:\/\/www.didactiaweb.com\/wp-content\/uploads\/2022\/09\/Portada-Hermex.-1a-etapa.-22-23.png\" class=\"vc_single_image-img attachment-full\" alt=\"\" srcset=\"https:\/\/www.didactiaweb.com\/wp-content\/uploads\/2022\/09\/Portada-Hermex.-1a-etapa.-22-23.png 1951w, https:\/\/www.didactiaweb.com\/wp-content\/uploads\/2022\/09\/Portada-Hermex.-1a-etapa.-22-23-194x300.png 194w, https:\/\/www.didactiaweb.com\/wp-content\/uploads\/2022\/09\/Portada-Hermex.-1a-etapa.-22-23-664x1024.png 664w, https:\/\/www.didactiaweb.com\/wp-content\/uploads\/2022\/09\/Portada-Hermex.-1a-etapa.-22-23-768x1185.png 768w, https:\/\/www.didactiaweb.com\/wp-content\/uploads\/2022\/09\/Portada-Hermex.-1a-etapa.-22-23-995x1536.png 995w, https:\/\/www.didactiaweb.com\/wp-content\/uploads\/2022\/09\/Portada-Hermex.-1a-etapa.-22-23-1327x2048.png 1327w, https:\/\/www.didactiaweb.com\/wp-content\/uploads\/2022\/09\/Portada-Hermex.-1a-etapa.-22-23-8x12.png 8w, https:\/\/www.didactiaweb.com\/wp-content\/uploads\/2022\/09\/Portada-Hermex.-1a-etapa.-22-23-810x1250.png 810w, https:\/\/www.didactiaweb.com\/wp-content\/uploads\/2022\/09\/Portada-Hermex.-1a-etapa.-22-23-560x864.png 560w, https:\/\/www.didactiaweb.com\/wp-content\/uploads\/2022\/09\/Portada-Hermex.-1a-etapa.-22-23-421x650.png 421w, https:\/\/www.didactiaweb.com\/wp-content\/uploads\/2022\/09\/Portada-Hermex.-1a-etapa.-22-23-58x90.png 58w\" sizes=\"auto, (max-width: 1951px) 100vw, 1951px\" \/><\/a>\n\t\t<\/figure>\n\t<\/div>\n<div class=\"vc_btn3-container vc_btn3-center vc_custom_1684746767371\" ><a class=\"vc_general vc_btn3 vc_btn3-size-sm vc_btn3-shape-rounded vc_btn3-style-modern vc_btn3-block vc_btn3-color-grey\" href=\"https:\/\/www.didactiaweb.com\/wp-content\/uploads\/2023\/05\/Hermex.-Equipament-Nadons-23-24.pdf\" title=\"\" target=\"_blank\">Descargar<\/a><\/div><\/div><\/div><\/div><div class=\"wpb_column vc_column_container vc_col-sm-4\"><div class=\"vc_column-inner\"><div class=\"wpb_wrapper\">\n\t<div class=\"wpb_text_column wpb_content_element  vc_custom_1663061046766\" >\n\t\t<div class=\"wpb_wrapper\">\n\t\t\t<h5>HERMEX- MATERIAL 1A ETAPA<\/h5>\n\n\t\t<\/div>\n\t<\/div>\n\n\t<div class=\"wpb_text_column wpb_content_element\" >\n\t\t<div class=\"wpb_wrapper\">\n\t\t\t<p>Equipamiento, juegos y material did\u00e1ctico manipulativo para los m\u00e1s peque\u00f1os<\/p>\n\n\t\t<\/div>\n\t<\/div>\n<\/div><\/div><\/div><div class=\"wpb_column vc_column_container vc_col-sm-2\"><div class=\"vc_column-inner\"><div class=\"wpb_wrapper\">\n\t<div  class=\"wpb_single_image wpb_content_element vc_align_left  vc_custom_1716190707819\">\n\t\t\n\t\t<figure class=\"wpb_wrapper vc_figure\">\n\t\t\t<a href=\"https:\/\/www.didactiaweb.com\/wp-content\/uploads\/2024\/05\/MOBeduc-Catalogo-Autonomia-Educativa.pdf\" target=\"_blank\" class=\"vc_single_image-wrapper   vc_box_border_grey\"><img loading=\"lazy\" decoding=\"async\" width=\"2481\" height=\"3508\" src=\"https:\/\/www.didactiaweb.com\/wp-content\/uploads\/2022\/09\/Portada-Mobeduc-psicomotricitat.png\" class=\"vc_single_image-img attachment-full\" alt=\"\" srcset=\"https:\/\/www.didactiaweb.com\/wp-content\/uploads\/2022\/09\/Portada-Mobeduc-psicomotricitat.png 2481w, https:\/\/www.didactiaweb.com\/wp-content\/uploads\/2022\/09\/Portada-Mobeduc-psicomotricitat-212x300.png 212w, https:\/\/www.didactiaweb.com\/wp-content\/uploads\/2022\/09\/Portada-Mobeduc-psicomotricitat-724x1024.png 724w, https:\/\/www.didactiaweb.com\/wp-content\/uploads\/2022\/09\/Portada-Mobeduc-psicomotricitat-768x1086.png 768w, https:\/\/www.didactiaweb.com\/wp-content\/uploads\/2022\/09\/Portada-Mobeduc-psicomotricitat-1086x1536.png 1086w, https:\/\/www.didactiaweb.com\/wp-content\/uploads\/2022\/09\/Portada-Mobeduc-psicomotricitat-1448x2048.png 1448w, https:\/\/www.didactiaweb.com\/wp-content\/uploads\/2022\/09\/Portada-Mobeduc-psicomotricitat-8x12.png 8w, https:\/\/www.didactiaweb.com\/wp-content\/uploads\/2022\/09\/Portada-Mobeduc-psicomotricitat-810x1145.png 810w, https:\/\/www.didactiaweb.com\/wp-content\/uploads\/2022\/09\/Portada-Mobeduc-psicomotricitat-560x792.png 560w, https:\/\/www.didactiaweb.com\/wp-content\/uploads\/2022\/09\/Portada-Mobeduc-psicomotricitat-460x650.png 460w, https:\/\/www.didactiaweb.com\/wp-content\/uploads\/2022\/09\/Portada-Mobeduc-psicomotricitat-64x90.png 64w\" sizes=\"auto, (max-width: 2481px) 100vw, 2481px\" \/><\/a>\n\t\t<\/figure>\n\t<\/div>\n<div class=\"vc_btn3-container vc_btn3-center vc_custom_1716190722646\" ><a class=\"vc_general vc_btn3 vc_btn3-size-sm vc_btn3-shape-rounded vc_btn3-style-modern vc_btn3-block vc_btn3-color-grey\" href=\"https:\/\/www.didactiaweb.com\/wp-content\/uploads\/2024\/05\/MOBeduc-Catalogo-Autonomia-Educativa.pdf\" title=\"\" target=\"_blank\">Descargar<\/a><\/div><\/div><\/div><\/div><div class=\"wpb_column vc_column_container vc_col-sm-4\"><div class=\"vc_column-inner\"><div class=\"wpb_wrapper\">\n\t<div class=\"wpb_text_column wpb_content_element  vc_custom_1663061232789\" >\n\t\t<div class=\"wpb_wrapper\">\n\t\t\t<h5>MOBEDUC \u2013 AUTONOMIA EDUCATIVA Y PSICOMOTRICIDAD<\/h5>\n\n\t\t<\/div>\n\t<\/div>\n\n\t<div class=\"wpb_text_column wpb_content_element\" >\n\t\t<div class=\"wpb_wrapper\">\n\t\t\t<p>Mobiliario de psicomotricidad fabricado en madera para fomentar la autonom\u00eda de los mas peque\u00f1os. Triangulo Pliker, balancines, tarimas, espejos...<\/p>\n\n\t\t<\/div>\n\t<\/div>\n<\/div><\/div><\/div><\/div><\/div><\/div><\/div><div class=\"wpb_column vc_column_container vc_col-sm-12\"><div class=\"vc_column-inner\"><div class=\"wpb_wrapper\"><\/div><\/div><\/div><\/div>","protected":false},"excerpt":{"rendered":"Descarregar AKROS - LLITETS Packs de llitets apilables i complements per a llar i infantil Descarregar MOBEDUC - MOBILIARI INFANTIL Mobiliari de fusta per fomentar l'autonomia dels m\u00e9s petits. Mobiliari de seguretat, emmagatzament, alimentaci\u00f3 i descans Descarregar HERMEX - MATERIAL 1A ETAPA Equipament, jocs i material did\u00e0ctic manipulatiu per als m\u00e9s petits Descarregar MOBEDUC - [...]","protected":false},"author":355,"featured_media":0,"parent":4487,"menu_order":0,"comment_status":"closed","ping_status":"closed","template":"page-privada.php","meta":{"footnotes":""},"class_list":["post-4605","page","type-page","status-publish","hentry"],"yoast_head":"<!-- This site is optimized with the Yoast SEO plugin v26.8 - https:\/\/yoast.com\/product\/yoast-seo-wordpress\/ -->\n<title>Cat\u00e0legs equipament 1a etapa - Didactia<\/title>\n<meta name=\"robots\" content=\"index, follow, max-snippet:-1, max-image-preview:large, max-video-preview:-1\" \/>\n<link rel=\"canonical\" href=\"https:\/\/www.didactiaweb.com\/es\/zona-privada-catalegs\/catalegs-equipament-1a-etapa\/\" \/>\n<meta property=\"og:locale\" content=\"es_ES\" \/>\n<meta property=\"og:type\" content=\"article\" \/>\n<meta property=\"og:title\" content=\"Cat\u00e0legs equipament 1a etapa - Didactia\" \/>\n<meta property=\"og:url\" content=\"https:\/\/www.didactiaweb.com\/es\/zona-privada-catalegs\/catalegs-equipament-1a-etapa\/\" \/>\n<meta property=\"og:site_name\" content=\"Didactia\" \/>\n<meta property=\"article:modified_time\" content=\"2024-05-20T07:38:46+00:00\" \/>\n<meta name=\"twitter:card\" content=\"summary_large_image\" \/>\n<meta name=\"twitter:label1\" content=\"Tiempo de lectura\" \/>\n\t<meta name=\"twitter:data1\" content=\"1 minuto\" \/>\n<script type=\"application\/ld+json\" class=\"yoast-schema-graph\">{\"@context\":\"https:\/\/schema.org\",\"@graph\":[{\"@type\":\"WebPage\",\"@id\":\"https:\/\/www.didactiaweb.com\/zona-privada-catalegs\/catalegs-equipament-1a-etapa\/\",\"url\":\"https:\/\/www.didactiaweb.com\/zona-privada-catalegs\/catalegs-equipament-1a-etapa\/\",\"name\":\"Cat\u00e0legs equipament 1a etapa - Didactia\",\"isPartOf\":{\"@id\":\"https:\/\/www.didactiaweb.com\/#website\"},\"datePublished\":\"2020-05-19T09:24:17+00:00\",\"dateModified\":\"2024-05-20T07:38:46+00:00\",\"breadcrumb\":{\"@id\":\"https:\/\/www.didactiaweb.com\/zona-privada-catalegs\/catalegs-equipament-1a-etapa\/#breadcrumb\"},\"inLanguage\":\"es\",\"potentialAction\":[{\"@type\":\"ReadAction\",\"target\":[\"https:\/\/www.didactiaweb.com\/zona-privada-catalegs\/catalegs-equipament-1a-etapa\/\"]}]},{\"@type\":\"BreadcrumbList\",\"@id\":\"https:\/\/www.didactiaweb.com\/zona-privada-catalegs\/catalegs-equipament-1a-etapa\/#breadcrumb\",\"itemListElement\":[{\"@type\":\"ListItem\",\"position\":1,\"name\":\"Inici\",\"item\":\"https:\/\/www.didactiaweb.com\/\"},{\"@type\":\"ListItem\",\"position\":2,\"name\":\"Cat\u00e0legs\",\"item\":\"https:\/\/www.didactiaweb.com\/zona-privada-catalegs\/\"},{\"@type\":\"ListItem\",\"position\":3,\"name\":\"Cat\u00e0legs equipament 1a etapa\"}]},{\"@type\":\"WebSite\",\"@id\":\"https:\/\/www.didactiaweb.com\/#website\",\"url\":\"https:\/\/www.didactiaweb.com\/\",\"name\":\"Didactia\",\"description\":\"Prove\u00efdor Integral\",\"publisher\":{\"@id\":\"https:\/\/www.didactiaweb.com\/#organization\"},\"potentialAction\":[{\"@type\":\"SearchAction\",\"target\":{\"@type\":\"EntryPoint\",\"urlTemplate\":\"https:\/\/www.didactiaweb.com\/?s={search_term_string}\"},\"query-input\":{\"@type\":\"PropertyValueSpecification\",\"valueRequired\":true,\"valueName\":\"search_term_string\"}}],\"inLanguage\":\"es\"},{\"@type\":\"Organization\",\"@id\":\"https:\/\/www.didactiaweb.com\/#organization\",\"name\":\"Didactia Proveedor Integral S.L.\",\"url\":\"https:\/\/www.didactiaweb.com\/\",\"logo\":{\"@type\":\"ImageObject\",\"inLanguage\":\"es\",\"@id\":\"https:\/\/www.didactiaweb.com\/#\/schema\/logo\/image\/\",\"url\":\"https:\/\/www.didactiaweb.com\/wp-content\/uploads\/2020\/03\/logo.png\",\"contentUrl\":\"https:\/\/www.didactiaweb.com\/wp-content\/uploads\/2020\/03\/logo.png\",\"width\":230,\"height\":63,\"caption\":\"Didactia Proveedor Integral S.L.\"},\"image\":{\"@id\":\"https:\/\/www.didactiaweb.com\/#\/schema\/logo\/image\/\"}}]}<\/script>\n<!-- \/ Yoast SEO plugin. -->","yoast_head_json":{"title":"Cat\u00e0legs equipament 1a etapa - Didactia","robots":{"index":"index","follow":"follow","max-snippet":"max-snippet:-1","max-image-preview":"max-image-preview:large","max-video-preview":"max-video-preview:-1"},"canonical":"https:\/\/www.didactiaweb.com\/es\/zona-privada-catalegs\/catalegs-equipament-1a-etapa\/","og_locale":"es_ES","og_type":"article","og_title":"Cat\u00e0legs equipament 1a etapa - Didactia","og_url":"https:\/\/www.didactiaweb.com\/es\/zona-privada-catalegs\/catalegs-equipament-1a-etapa\/","og_site_name":"Didactia","article_modified_time":"2024-05-20T07:38:46+00:00","twitter_card":"summary_large_image","twitter_misc":{"Tiempo de lectura":"1 minuto"},"schema":{"@context":"https:\/\/schema.org","@graph":[{"@type":"WebPage","@id":"https:\/\/www.didactiaweb.com\/zona-privada-catalegs\/catalegs-equipament-1a-etapa\/","url":"https:\/\/www.didactiaweb.com\/zona-privada-catalegs\/catalegs-equipament-1a-etapa\/","name":"Cat\u00e0legs equipament 1a etapa - Didactia","isPartOf":{"@id":"https:\/\/www.didactiaweb.com\/#website"},"datePublished":"2020-05-19T09:24:17+00:00","dateModified":"2024-05-20T07:38:46+00:00","breadcrumb":{"@id":"https:\/\/www.didactiaweb.com\/zona-privada-catalegs\/catalegs-equipament-1a-etapa\/#breadcrumb"},"inLanguage":"es","potentialAction":[{"@type":"ReadAction","target":["https:\/\/www.didactiaweb.com\/zona-privada-catalegs\/catalegs-equipament-1a-etapa\/"]}]},{"@type":"BreadcrumbList","@id":"https:\/\/www.didactiaweb.com\/zona-privada-catalegs\/catalegs-equipament-1a-etapa\/#breadcrumb","itemListElement":[{"@type":"ListItem","position":1,"name":"Inici","item":"https:\/\/www.didactiaweb.com\/"},{"@type":"ListItem","position":2,"name":"Cat\u00e0legs","item":"https:\/\/www.didactiaweb.com\/zona-privada-catalegs\/"},{"@type":"ListItem","position":3,"name":"Cat\u00e0legs equipament 1a etapa"}]},{"@type":"WebSite","@id":"https:\/\/www.didactiaweb.com\/#website","url":"https:\/\/www.didactiaweb.com\/","name":"Didactia","description":"Prove\u00efdor Integral","publisher":{"@id":"https:\/\/www.didactiaweb.com\/#organization"},"potentialAction":[{"@type":"SearchAction","target":{"@type":"EntryPoint","urlTemplate":"https:\/\/www.didactiaweb.com\/?s={search_term_string}"},"query-input":{"@type":"PropertyValueSpecification","valueRequired":true,"valueName":"search_term_string"}}],"inLanguage":"es"},{"@type":"Organization","@id":"https:\/\/www.didactiaweb.com\/#organization","name":"Didactia Proveedor Integral S.L.","url":"https:\/\/www.didactiaweb.com\/","logo":{"@type":"ImageObject","inLanguage":"es","@id":"https:\/\/www.didactiaweb.com\/#\/schema\/logo\/image\/","url":"https:\/\/www.didactiaweb.com\/wp-content\/uploads\/2020\/03\/logo.png","contentUrl":"https:\/\/www.didactiaweb.com\/wp-content\/uploads\/2020\/03\/logo.png","width":230,"height":63,"caption":"Didactia Proveedor Integral S.L."},"image":{"@id":"https:\/\/www.didactiaweb.com\/#\/schema\/logo\/image\/"}}]}},"_links":{"self":[{"href":"https:\/\/www.didactiaweb.com\/es\/wp-json\/wp\/v2\/pages\/4605","targetHints":{"allow":["GET"]}}],"collection":[{"href":"https:\/\/www.didactiaweb.com\/es\/wp-json\/wp\/v2\/pages"}],"about":[{"href":"https:\/\/www.didactiaweb.com\/es\/wp-json\/wp\/v2\/types\/page"}],"author":[{"embeddable":true,"href":"https:\/\/www.didactiaweb.com\/es\/wp-json\/wp\/v2\/users\/355"}],"replies":[{"embeddable":true,"href":"https:\/\/www.didactiaweb.com\/es\/wp-json\/wp\/v2\/comments?post=4605"}],"version-history":[{"count":18,"href":"https:\/\/www.didactiaweb.com\/es\/wp-json\/wp\/v2\/pages\/4605\/revisions"}],"predecessor-version":[{"id":6443,"href":"https:\/\/www.didactiaweb.com\/es\/wp-json\/wp\/v2\/pages\/4605\/revisions\/6443"}],"up":[{"embeddable":true,"href":"https:\/\/www.didactiaweb.com\/es\/wp-json\/wp\/v2\/pages\/4487"}],"wp:attachment":[{"href":"https:\/\/www.didactiaweb.com\/es\/wp-json\/wp\/v2\/media?parent=4605"}],"curies":[{"name":"wp","href":"https:\/\/api.w.org\/{rel}","templated":true}]}}