{"id":4607,"date":"2020-05-19T11:25:37","date_gmt":"2020-05-19T09:25:37","guid":{"rendered":"https:\/\/www.didactiaweb.com\/?page_id=4607"},"modified":"2026-02-27T14:03:47","modified_gmt":"2026-02-27T12:03:47","slug":"catalegs-mobiliari-interior","status":"publish","type":"page","link":"https:\/\/www.didactiaweb.com\/es\/zona-privada-catalegs\/catalegs-mobiliari-interior\/","title":{"rendered":"CAT\u00c1LOGOS MOBILIARIO INTERIOR"},"content":{"rendered":"<div class=\"vc_row wpb_row vc_row-fluid\"><div class=\"wpb_column vc_column_container vc_col-sm-12\"><div class=\"vc_column-inner\"><div class=\"wpb_wrapper\"><div class=\"vc_empty_space\"   style=\"height: 32px\"><span class=\"vc_empty_space_inner\"><\/span><\/div><\/div><\/div><\/div><\/div><div class=\"vc_row wpb_row vc_row-fluid\"><div class=\"wpb_column vc_column_container vc_col-sm-12\"><div class=\"vc_column-inner\"><div class=\"wpb_wrapper\"><div class=\"vc_row wpb_row vc_inner vc_row-fluid\"><div class=\"wpb_column vc_column_container vc_col-sm-2\"><div class=\"vc_column-inner\"><div class=\"wpb_wrapper\">\n\t<div  class=\"wpb_single_image wpb_content_element vc_align_left  vc_custom_1772192344139\">\n\t\t\n\t\t<figure class=\"wpb_wrapper vc_figure\">\n\t\t\t<a href=\"https:\/\/www.didactiaweb.com\/es\/mobiliari-bibilioteques-2026\/\" target=\"_blank\" class=\"vc_single_image-wrapper   vc_box_border_grey\"><img loading=\"lazy\" decoding=\"async\" width=\"1240\" height=\"1754\" src=\"https:\/\/www.didactiaweb.com\/wp-content\/uploads\/2026\/02\/BIBLIOTECA-ESCOLAR-2026.jpg\" class=\"vc_single_image-img attachment-full\" alt=\"\" srcset=\"https:\/\/www.didactiaweb.com\/wp-content\/uploads\/2026\/02\/BIBLIOTECA-ESCOLAR-2026.jpg 1240w, https:\/\/www.didactiaweb.com\/wp-content\/uploads\/2026\/02\/BIBLIOTECA-ESCOLAR-2026-212x300.jpg 212w, https:\/\/www.didactiaweb.com\/wp-content\/uploads\/2026\/02\/BIBLIOTECA-ESCOLAR-2026-724x1024.jpg 724w, https:\/\/www.didactiaweb.com\/wp-content\/uploads\/2026\/02\/BIBLIOTECA-ESCOLAR-2026-768x1086.jpg 768w, https:\/\/www.didactiaweb.com\/wp-content\/uploads\/2026\/02\/BIBLIOTECA-ESCOLAR-2026-1086x1536.jpg 1086w, https:\/\/www.didactiaweb.com\/wp-content\/uploads\/2026\/02\/BIBLIOTECA-ESCOLAR-2026-8x12.jpg 8w, https:\/\/www.didactiaweb.com\/wp-content\/uploads\/2026\/02\/BIBLIOTECA-ESCOLAR-2026-810x1146.jpg 810w, https:\/\/www.didactiaweb.com\/wp-content\/uploads\/2026\/02\/BIBLIOTECA-ESCOLAR-2026-560x792.jpg 560w, https:\/\/www.didactiaweb.com\/wp-content\/uploads\/2026\/02\/BIBLIOTECA-ESCOLAR-2026-460x650.jpg 460w, https:\/\/www.didactiaweb.com\/wp-content\/uploads\/2026\/02\/BIBLIOTECA-ESCOLAR-2026-64x90.jpg 64w\" sizes=\"auto, (max-width: 1240px) 100vw, 1240px\" \/><\/a>\n\t\t<\/figure>\n\t<\/div>\n<div class=\"vc_btn3-container vc_btn3-center vc_custom_1772193090659\" ><a class=\"vc_general vc_btn3 vc_btn3-size-sm vc_btn3-shape-rounded vc_btn3-style-modern vc_btn3-block vc_btn3-color-grey\" href=\"https:\/\/www.didactiaweb.com\/es\/mobiliari-bibilioteques-2026\/\" title=\"\" target=\"_blank\">Descargar<\/a><\/div><\/div><\/div><\/div><div class=\"wpb_column vc_column_container vc_col-sm-4\"><div class=\"vc_column-inner\"><div class=\"wpb_wrapper\">\n\t<div class=\"wpb_text_column wpb_content_element  vc_custom_1772193210672\" >\n\t\t<div class=\"wpb_wrapper\">\n\t\t\t<h5>DIDACTIA &#8211; MOBILIARI BIBLIOTEQUES<\/h5>\n\n\t\t<\/div>\n\t<\/div>\n\n\t<div class=\"wpb_text_column wpb_content_element\" >\n\t\t<div class=\"wpb_wrapper\">\n\t\t\t<p>Cat\u00e0leg amb mobiliari per a tot tipus de biblioteques des d&#8217;infantil fins a secund\u00e0ria. Expositors, estanteries, mobiliari versatil, coixins i catifes.<br \/>\nTamb\u00e9 inclou mobiliari per a bibliopatis.<\/p>\n\n\t\t<\/div>\n\t<\/div>\n<\/div><\/div><\/div><div class=\"wpb_column vc_column_container vc_col-sm-2\"><div class=\"vc_column-inner\"><div class=\"wpb_wrapper\">\n\t<div  class=\"wpb_single_image wpb_content_element vc_align_left  vc_custom_1772193545794\">\n\t\t\n\t\t<figure class=\"wpb_wrapper vc_figure\">\n\t\t\t<a href=\"https:\/\/www.didactiaweb.com\/es\/2025-equipament-zones-de-pas\/\" target=\"_blank\" class=\"vc_single_image-wrapper   vc_box_border_grey\"><img loading=\"lazy\" decoding=\"async\" width=\"1240\" height=\"1754\" src=\"https:\/\/www.didactiaweb.com\/wp-content\/uploads\/2025\/01\/PORTADA-zones-de-pas-2025.png\" class=\"vc_single_image-img attachment-full\" alt=\"Portada cat\u00e0leg equipament zones de pas 2025\" srcset=\"https:\/\/www.didactiaweb.com\/wp-content\/uploads\/2025\/01\/PORTADA-zones-de-pas-2025.png 1240w, https:\/\/www.didactiaweb.com\/wp-content\/uploads\/2025\/01\/PORTADA-zones-de-pas-2025-212x300.png 212w, https:\/\/www.didactiaweb.com\/wp-content\/uploads\/2025\/01\/PORTADA-zones-de-pas-2025-724x1024.png 724w, https:\/\/www.didactiaweb.com\/wp-content\/uploads\/2025\/01\/PORTADA-zones-de-pas-2025-768x1086.png 768w, https:\/\/www.didactiaweb.com\/wp-content\/uploads\/2025\/01\/PORTADA-zones-de-pas-2025-1086x1536.png 1086w, https:\/\/www.didactiaweb.com\/wp-content\/uploads\/2025\/01\/PORTADA-zones-de-pas-2025-8x12.png 8w, https:\/\/www.didactiaweb.com\/wp-content\/uploads\/2025\/01\/PORTADA-zones-de-pas-2025-810x1146.png 810w, https:\/\/www.didactiaweb.com\/wp-content\/uploads\/2025\/01\/PORTADA-zones-de-pas-2025-560x792.png 560w, https:\/\/www.didactiaweb.com\/wp-content\/uploads\/2025\/01\/PORTADA-zones-de-pas-2025-460x650.png 460w, https:\/\/www.didactiaweb.com\/wp-content\/uploads\/2025\/01\/PORTADA-zones-de-pas-2025-64x90.png 64w\" sizes=\"auto, (max-width: 1240px) 100vw, 1240px\" \/><\/a>\n\t\t<\/figure>\n\t<\/div>\n<div class=\"vc_btn3-container vc_btn3-center vc_custom_1772193597016\" ><a class=\"vc_general vc_btn3 vc_btn3-size-sm vc_btn3-shape-rounded vc_btn3-style-modern vc_btn3-block vc_btn3-color-grey\" href=\"https:\/\/www.didactiaweb.com\/es\/2025-equipament-zones-de-pas\/\" title=\"\" target=\"_blank\">Descargar<\/a><\/div><\/div><\/div><\/div><div class=\"wpb_column vc_column_container vc_col-sm-4\"><div class=\"vc_column-inner\"><div class=\"wpb_wrapper\">\n\t<div class=\"wpb_text_column wpb_content_element  vc_custom_1772193658208\" >\n\t\t<div class=\"wpb_wrapper\">\n\t\t\t<h5>DIDACTIA - ZONAS DE PASO<\/h5>\n\n\t\t<\/div>\n\t<\/div>\n\n\t<div class=\"wpb_text_column wpb_content_element\" >\n\t\t<div class=\"wpb_wrapper\">\n\t\t\t<p>Bancadas, sof\u00e1s, perchas, relojes, papeleras\u2026 todo lo que necesitas para las zonas de paso de tu centro.<\/p>\n\n\t\t<\/div>\n\t<\/div>\n<\/div><\/div><\/div><\/div><div class=\"vc_row wpb_row vc_inner vc_row-fluid\"><div class=\"wpb_column vc_column_container vc_col-sm-2\"><div class=\"vc_column-inner\"><div class=\"wpb_wrapper\">\n\t<div  class=\"wpb_single_image wpb_content_element vc_align_left  vc_custom_1706092666076\">\n\t\t\n\t\t<figure class=\"wpb_wrapper vc_figure\">\n\t\t\t<a href=\"https:\/\/www.didactiaweb.com\/es\/punts-dinformacio-2024\/\" target=\"_blank\" class=\"vc_single_image-wrapper   vc_box_border_grey\"><img loading=\"lazy\" decoding=\"async\" width=\"2919\" height=\"3822\" src=\"https:\/\/www.didactiaweb.com\/wp-content\/uploads\/2024\/01\/Portada-Punts-dinformacio-2024.png\" class=\"vc_single_image-img attachment-full\" alt=\"\" srcset=\"https:\/\/www.didactiaweb.com\/wp-content\/uploads\/2024\/01\/Portada-Punts-dinformacio-2024.png 2919w, https:\/\/www.didactiaweb.com\/wp-content\/uploads\/2024\/01\/Portada-Punts-dinformacio-2024-229x300.png 229w, https:\/\/www.didactiaweb.com\/wp-content\/uploads\/2024\/01\/Portada-Punts-dinformacio-2024-782x1024.png 782w, https:\/\/www.didactiaweb.com\/wp-content\/uploads\/2024\/01\/Portada-Punts-dinformacio-2024-768x1006.png 768w, https:\/\/www.didactiaweb.com\/wp-content\/uploads\/2024\/01\/Portada-Punts-dinformacio-2024-1173x1536.png 1173w, https:\/\/www.didactiaweb.com\/wp-content\/uploads\/2024\/01\/Portada-Punts-dinformacio-2024-1564x2048.png 1564w, https:\/\/www.didactiaweb.com\/wp-content\/uploads\/2024\/01\/Portada-Punts-dinformacio-2024-9x12.png 9w, https:\/\/www.didactiaweb.com\/wp-content\/uploads\/2024\/01\/Portada-Punts-dinformacio-2024-810x1061.png 810w, https:\/\/www.didactiaweb.com\/wp-content\/uploads\/2024\/01\/Portada-Punts-dinformacio-2024-560x733.png 560w, https:\/\/www.didactiaweb.com\/wp-content\/uploads\/2024\/01\/Portada-Punts-dinformacio-2024-496x650.png 496w, https:\/\/www.didactiaweb.com\/wp-content\/uploads\/2024\/01\/Portada-Punts-dinformacio-2024-69x90.png 69w\" sizes=\"auto, (max-width: 2919px) 100vw, 2919px\" \/><\/a>\n\t\t<\/figure>\n\t<\/div>\n<div class=\"vc_btn3-container vc_btn3-center vc_custom_1706092790493\" ><a class=\"vc_general vc_btn3 vc_btn3-size-sm vc_btn3-shape-rounded vc_btn3-style-modern vc_btn3-block vc_btn3-color-grey\" href=\"https:\/\/www.didactiaweb.com\/es\/punts-dinformacio-2024\/\" title=\"\" target=\"_blank\">Descargar<\/a><\/div><\/div><\/div><\/div><div class=\"wpb_column vc_column_container vc_col-sm-4\"><div class=\"vc_column-inner\"><div class=\"wpb_wrapper\">\n\t<div class=\"wpb_text_column wpb_content_element  vc_custom_1706092687257\" >\n\t\t<div class=\"wpb_wrapper\">\n\t\t\t<h5>PLANNING - PUNTOS DE INFORMACI\u00d3N Y COMPLEMENTOS<\/h5>\n\n\t\t<\/div>\n\t<\/div>\n\n\t<div class=\"wpb_text_column wpb_content_element\" >\n\t\t<div class=\"wpb_wrapper\">\n\t\t\t<p>Plafones informativos de corcho, pizarras, vitrinas, palos de cinta retr\u00e1ctil, atriles informativos, expositores, mamparas de separaci\u00f3n, r\u00f3tulos murales, proyectados, colgantes, de sobremesa y t\u00f3tems.<\/p>\n\n\t\t<\/div>\n\t<\/div>\n<\/div><\/div><\/div><div class=\"wpb_column vc_column_container vc_col-sm-2\"><div class=\"vc_column-inner\"><div class=\"wpb_wrapper\">\n\t<div  class=\"wpb_single_image wpb_content_element vc_align_left  vc_custom_1772193760629\">\n\t\t\n\t\t<figure class=\"wpb_wrapper vc_figure\">\n\t\t\t<a href=\"https:\/\/www.didactiaweb.com\/wp-content\/uploads\/2024\/05\/Zown_classic_2023_.pdf\" target=\"_blank\" class=\"vc_single_image-wrapper   vc_box_border_grey\"><img loading=\"lazy\" decoding=\"async\" width=\"1312\" height=\"1865\" src=\"https:\/\/www.didactiaweb.com\/wp-content\/uploads\/2024\/05\/Tapa-Zown.jpg\" class=\"vc_single_image-img attachment-full\" alt=\"\" srcset=\"https:\/\/www.didactiaweb.com\/wp-content\/uploads\/2024\/05\/Tapa-Zown.jpg 1312w, https:\/\/www.didactiaweb.com\/wp-content\/uploads\/2024\/05\/Tapa-Zown-211x300.jpg 211w, https:\/\/www.didactiaweb.com\/wp-content\/uploads\/2024\/05\/Tapa-Zown-720x1024.jpg 720w, https:\/\/www.didactiaweb.com\/wp-content\/uploads\/2024\/05\/Tapa-Zown-768x1092.jpg 768w, https:\/\/www.didactiaweb.com\/wp-content\/uploads\/2024\/05\/Tapa-Zown-1081x1536.jpg 1081w, https:\/\/www.didactiaweb.com\/wp-content\/uploads\/2024\/05\/Tapa-Zown-8x12.jpg 8w, https:\/\/www.didactiaweb.com\/wp-content\/uploads\/2024\/05\/Tapa-Zown-810x1151.jpg 810w, https:\/\/www.didactiaweb.com\/wp-content\/uploads\/2024\/05\/Tapa-Zown-560x796.jpg 560w, https:\/\/www.didactiaweb.com\/wp-content\/uploads\/2024\/05\/Tapa-Zown-457x650.jpg 457w, https:\/\/www.didactiaweb.com\/wp-content\/uploads\/2024\/05\/Tapa-Zown-63x90.jpg 63w\" sizes=\"auto, (max-width: 1312px) 100vw, 1312px\" \/><\/a>\n\t\t<\/figure>\n\t<\/div>\n<div class=\"vc_btn3-container vc_btn3-center vc_custom_1772193768043\" ><a class=\"vc_general vc_btn3 vc_btn3-size-sm vc_btn3-shape-rounded vc_btn3-style-modern vc_btn3-block vc_btn3-color-grey\" href=\"https:\/\/www.didactiaweb.com\/wp-content\/uploads\/2024\/05\/Zown_classic_2023_.pdf\" title=\"\" target=\"_blank\">Descargar<\/a><\/div><\/div><\/div><\/div><div class=\"wpb_column vc_column_container vc_col-sm-4\"><div class=\"vc_column-inner\"><div class=\"wpb_wrapper\">\n\t<div class=\"wpb_text_column wpb_content_element  vc_custom_1772193784992\" >\n\t\t<div class=\"wpb_wrapper\">\n\t\t\t<h5>ZOWN - MESAS Y SILLAS DE RESINA<\/h5>\n\n\t\t<\/div>\n\t<\/div>\n\n\t<div class=\"wpb_text_column wpb_content_element\" >\n\t\t<div class=\"wpb_wrapper\">\n\t\t\t<p>Sillas y mesas de diferentes tama\u00f1os y formatos hechas en resina, adecuadas para espacios vers\u00e1tiles a montar y desmontar. F\u00e1cil recogida y almacenamiento<\/p>\n\n\t\t<\/div>\n\t<\/div>\n<\/div><\/div><\/div><\/div><div class=\"vc_row wpb_row vc_inner vc_row-fluid\"><div class=\"wpb_column vc_column_container vc_col-sm-2\"><div class=\"vc_column-inner\"><div class=\"wpb_wrapper\">\n\t<div  class=\"wpb_single_image wpb_content_element vc_align_left  vc_custom_1716197981099\">\n\t\t\n\t\t<figure class=\"wpb_wrapper vc_figure\">\n\t\t\t<a href=\"https:\/\/www.didactiaweb.com\/wp-content\/uploads\/2024\/05\/ROCADA-2024-ES.pdf\" target=\"_blank\" class=\"vc_single_image-wrapper   vc_box_border_grey\"><img loading=\"lazy\" decoding=\"async\" width=\"1811\" height=\"2560\" src=\"https:\/\/www.didactiaweb.com\/wp-content\/uploads\/2024\/05\/Tapa-ROCADA2024-ES-scaled.jpg\" class=\"vc_single_image-img attachment-full\" alt=\"\" srcset=\"https:\/\/www.didactiaweb.com\/wp-content\/uploads\/2024\/05\/Tapa-ROCADA2024-ES-scaled.jpg 1811w, https:\/\/www.didactiaweb.com\/wp-content\/uploads\/2024\/05\/Tapa-ROCADA2024-ES-212x300.jpg 212w, https:\/\/www.didactiaweb.com\/wp-content\/uploads\/2024\/05\/Tapa-ROCADA2024-ES-724x1024.jpg 724w, https:\/\/www.didactiaweb.com\/wp-content\/uploads\/2024\/05\/Tapa-ROCADA2024-ES-768x1086.jpg 768w, https:\/\/www.didactiaweb.com\/wp-content\/uploads\/2024\/05\/Tapa-ROCADA2024-ES-1086x1536.jpg 1086w, https:\/\/www.didactiaweb.com\/wp-content\/uploads\/2024\/05\/Tapa-ROCADA2024-ES-1448x2048.jpg 1448w, https:\/\/www.didactiaweb.com\/wp-content\/uploads\/2024\/05\/Tapa-ROCADA2024-ES-8x12.jpg 8w, https:\/\/www.didactiaweb.com\/wp-content\/uploads\/2024\/05\/Tapa-ROCADA2024-ES-810x1145.jpg 810w, https:\/\/www.didactiaweb.com\/wp-content\/uploads\/2024\/05\/Tapa-ROCADA2024-ES-560x792.jpg 560w, https:\/\/www.didactiaweb.com\/wp-content\/uploads\/2024\/05\/Tapa-ROCADA2024-ES-460x650.jpg 460w, https:\/\/www.didactiaweb.com\/wp-content\/uploads\/2024\/05\/Tapa-ROCADA2024-ES-64x90.jpg 64w\" sizes=\"auto, (max-width: 1811px) 100vw, 1811px\" \/><\/a>\n\t\t<\/figure>\n\t<\/div>\n<div class=\"vc_btn3-container vc_btn3-center vc_custom_1716197986682\" ><a class=\"vc_general vc_btn3 vc_btn3-size-sm vc_btn3-shape-rounded vc_btn3-style-modern vc_btn3-block vc_btn3-color-grey\" href=\"https:\/\/www.didactiaweb.com\/wp-content\/uploads\/2024\/05\/ROCADA-2024-ES.pdf\" title=\"\" target=\"_blank\">Descargar<\/a><\/div><\/div><\/div><\/div><div class=\"wpb_column vc_column_container vc_col-sm-4\"><div class=\"vc_column-inner\"><div class=\"wpb_wrapper\">\n\t<div class=\"wpb_text_column wpb_content_element  vc_custom_1716197961555\" >\n\t\t<div class=\"wpb_wrapper\">\n\t\t\t<h5>ROCADA &#8211; MOBLES D&#8217;OFICINA<\/h5>\n\n\t\t<\/div>\n\t<\/div>\n\n\t<div class=\"wpb_text_column wpb_content_element\" >\n\t\t<div class=\"wpb_wrapper\">\n\t\t\t<p>Mesas de despacho y de trabajo en equipo en diferentes tama\u00f1os y dise\u00f1os, con todo tipo de complementos.<\/p>\n<p>Sillas de escritorio, butacas de despacho y sillas de formacion.<\/p>\n\n\t\t<\/div>\n\t<\/div>\n<\/div><\/div><\/div><div class=\"wpb_column vc_column_container vc_col-sm-2\"><div class=\"vc_column-inner\"><div class=\"wpb_wrapper\">\n\t<div  class=\"wpb_single_image wpb_content_element vc_align_left  vc_custom_1716198048522\">\n\t\t\n\t\t<figure class=\"wpb_wrapper vc_figure\">\n\t\t\t<a href=\"https:\/\/www.didactiaweb.com\/wp-content\/uploads\/2023\/01\/Mas-metaliorder.pdf\" target=\"_blank\" class=\"vc_single_image-wrapper   vc_box_border_grey\"><img loading=\"lazy\" decoding=\"async\" width=\"394\" height=\"556\" src=\"https:\/\/www.didactiaweb.com\/wp-content\/uploads\/2020\/05\/mas-taquilles_Mesa-de-trabajo-1.png\" class=\"vc_single_image-img attachment-full\" alt=\"Cat\u00e0leg Mas taquilles\" srcset=\"https:\/\/www.didactiaweb.com\/wp-content\/uploads\/2020\/05\/mas-taquilles_Mesa-de-trabajo-1.png 394w, https:\/\/www.didactiaweb.com\/wp-content\/uploads\/2020\/05\/mas-taquilles_Mesa-de-trabajo-1-213x300.png 213w, https:\/\/www.didactiaweb.com\/wp-content\/uploads\/2020\/05\/mas-taquilles_Mesa-de-trabajo-1-64x90.png 64w\" sizes=\"auto, (max-width: 394px) 100vw, 394px\" \/><\/a>\n\t\t<\/figure>\n\t<\/div>\n<div class=\"vc_btn3-container vc_btn3-center vc_custom_1716198054459\" ><a class=\"vc_general vc_btn3 vc_btn3-size-sm vc_btn3-shape-rounded vc_btn3-style-modern vc_btn3-block vc_btn3-color-grey\" href=\"https:\/\/www.didactiaweb.com\/wp-content\/uploads\/2023\/01\/Mas-metaliorder.pdf\" title=\"\" target=\"_blank\">Descargar<\/a><\/div><\/div><\/div><\/div><div class=\"wpb_column vc_column_container vc_col-sm-4\"><div class=\"vc_column-inner\"><div class=\"wpb_wrapper\">\n\t<div class=\"wpb_text_column wpb_content_element  vc_custom_1716198001899\" >\n\t\t<div class=\"wpb_wrapper\">\n\t\t\t<h5>MAS - TAQUILLAS<\/h5>\n\n\t\t<\/div>\n\t<\/div>\n\n\t<div class=\"wpb_text_column wpb_content_element\" >\n\t\t<div class=\"wpb_wrapper\">\n\t\t\t<p>Taquillas met\u00e1licas en diferentes colores y formatos para todo tipo de espacios. Vestuarios, empresas y centros escolares<\/p>\n\n\t\t<\/div>\n\t<\/div>\n<\/div><\/div><\/div><\/div><\/div><\/div><\/div><\/div>","protected":false},"excerpt":{"rendered":"Descarregar DIDACTIA - MOBILIARI BIBLIOTEQUES Cat\u00e0leg amb mobiliari per a tot tipus de biblioteques des d'infantil fins a secund\u00e0ria. Expositors, estanteries, mobiliari versatil, coixins i catifes. Tamb\u00e9 inclou mobiliari per a bibliopatis. Descarregar DIDACTIA - ZONES DE PAS Bancades, sof\u00e0s, penjadors, rellotges, papereres ... tot el que necessites per les zones de pas del teu [...]","protected":false},"author":355,"featured_media":0,"parent":4487,"menu_order":0,"comment_status":"closed","ping_status":"closed","template":"page-privada.php","meta":{"footnotes":""},"class_list":["post-4607","page","type-page","status-publish","hentry"],"yoast_head":"<!-- This site is optimized with the Yoast SEO plugin v26.8 - https:\/\/yoast.com\/product\/yoast-seo-wordpress\/ -->\n<title>Cat\u00e0legs mobiliari interior - Didactia<\/title>\n<meta name=\"robots\" content=\"index, follow, max-snippet:-1, max-image-preview:large, max-video-preview:-1\" \/>\n<link rel=\"canonical\" href=\"https:\/\/www.didactiaweb.com\/es\/zona-privada-catalegs\/catalegs-mobiliari-interior\/\" \/>\n<meta property=\"og:locale\" content=\"es_ES\" \/>\n<meta property=\"og:type\" content=\"article\" \/>\n<meta property=\"og:title\" content=\"Cat\u00e0legs mobiliari interior - Didactia\" \/>\n<meta property=\"og:url\" content=\"https:\/\/www.didactiaweb.com\/es\/zona-privada-catalegs\/catalegs-mobiliari-interior\/\" \/>\n<meta property=\"og:site_name\" content=\"Didactia\" \/>\n<meta property=\"article:modified_time\" content=\"2026-02-27T12:03:47+00:00\" \/>\n<meta name=\"twitter:card\" content=\"summary_large_image\" \/>\n<meta name=\"twitter:label1\" content=\"Tiempo de lectura\" \/>\n\t<meta name=\"twitter:data1\" content=\"2 minutos\" \/>\n<script type=\"application\/ld+json\" class=\"yoast-schema-graph\">{\"@context\":\"https:\/\/schema.org\",\"@graph\":[{\"@type\":\"WebPage\",\"@id\":\"https:\/\/www.didactiaweb.com\/zona-privada-catalegs\/catalegs-mobiliari-interior\/\",\"url\":\"https:\/\/www.didactiaweb.com\/zona-privada-catalegs\/catalegs-mobiliari-interior\/\",\"name\":\"Cat\u00e0legs mobiliari interior - Didactia\",\"isPartOf\":{\"@id\":\"https:\/\/www.didactiaweb.com\/#website\"},\"datePublished\":\"2020-05-19T09:25:37+00:00\",\"dateModified\":\"2026-02-27T12:03:47+00:00\",\"breadcrumb\":{\"@id\":\"https:\/\/www.didactiaweb.com\/zona-privada-catalegs\/catalegs-mobiliari-interior\/#breadcrumb\"},\"inLanguage\":\"es\",\"potentialAction\":[{\"@type\":\"ReadAction\",\"target\":[\"https:\/\/www.didactiaweb.com\/zona-privada-catalegs\/catalegs-mobiliari-interior\/\"]}]},{\"@type\":\"BreadcrumbList\",\"@id\":\"https:\/\/www.didactiaweb.com\/zona-privada-catalegs\/catalegs-mobiliari-interior\/#breadcrumb\",\"itemListElement\":[{\"@type\":\"ListItem\",\"position\":1,\"name\":\"Inici\",\"item\":\"https:\/\/www.didactiaweb.com\/\"},{\"@type\":\"ListItem\",\"position\":2,\"name\":\"Cat\u00e0legs\",\"item\":\"https:\/\/www.didactiaweb.com\/zona-privada-catalegs\/\"},{\"@type\":\"ListItem\",\"position\":3,\"name\":\"Cat\u00e0legs mobiliari interior\"}]},{\"@type\":\"WebSite\",\"@id\":\"https:\/\/www.didactiaweb.com\/#website\",\"url\":\"https:\/\/www.didactiaweb.com\/\",\"name\":\"Didactia\",\"description\":\"Prove\u00efdor Integral\",\"publisher\":{\"@id\":\"https:\/\/www.didactiaweb.com\/#organization\"},\"potentialAction\":[{\"@type\":\"SearchAction\",\"target\":{\"@type\":\"EntryPoint\",\"urlTemplate\":\"https:\/\/www.didactiaweb.com\/?s={search_term_string}\"},\"query-input\":{\"@type\":\"PropertyValueSpecification\",\"valueRequired\":true,\"valueName\":\"search_term_string\"}}],\"inLanguage\":\"es\"},{\"@type\":\"Organization\",\"@id\":\"https:\/\/www.didactiaweb.com\/#organization\",\"name\":\"Didactia Proveedor Integral S.L.\",\"url\":\"https:\/\/www.didactiaweb.com\/\",\"logo\":{\"@type\":\"ImageObject\",\"inLanguage\":\"es\",\"@id\":\"https:\/\/www.didactiaweb.com\/#\/schema\/logo\/image\/\",\"url\":\"https:\/\/www.didactiaweb.com\/wp-content\/uploads\/2020\/03\/logo.png\",\"contentUrl\":\"https:\/\/www.didactiaweb.com\/wp-content\/uploads\/2020\/03\/logo.png\",\"width\":230,\"height\":63,\"caption\":\"Didactia Proveedor Integral S.L.\"},\"image\":{\"@id\":\"https:\/\/www.didactiaweb.com\/#\/schema\/logo\/image\/\"}}]}<\/script>\n<!-- \/ Yoast SEO plugin. -->","yoast_head_json":{"title":"Cat\u00e0legs mobiliari interior - Didactia","robots":{"index":"index","follow":"follow","max-snippet":"max-snippet:-1","max-image-preview":"max-image-preview:large","max-video-preview":"max-video-preview:-1"},"canonical":"https:\/\/www.didactiaweb.com\/es\/zona-privada-catalegs\/catalegs-mobiliari-interior\/","og_locale":"es_ES","og_type":"article","og_title":"Cat\u00e0legs mobiliari interior - Didactia","og_url":"https:\/\/www.didactiaweb.com\/es\/zona-privada-catalegs\/catalegs-mobiliari-interior\/","og_site_name":"Didactia","article_modified_time":"2026-02-27T12:03:47+00:00","twitter_card":"summary_large_image","twitter_misc":{"Tiempo de lectura":"2 minutos"},"schema":{"@context":"https:\/\/schema.org","@graph":[{"@type":"WebPage","@id":"https:\/\/www.didactiaweb.com\/zona-privada-catalegs\/catalegs-mobiliari-interior\/","url":"https:\/\/www.didactiaweb.com\/zona-privada-catalegs\/catalegs-mobiliari-interior\/","name":"Cat\u00e0legs mobiliari interior - Didactia","isPartOf":{"@id":"https:\/\/www.didactiaweb.com\/#website"},"datePublished":"2020-05-19T09:25:37+00:00","dateModified":"2026-02-27T12:03:47+00:00","breadcrumb":{"@id":"https:\/\/www.didactiaweb.com\/zona-privada-catalegs\/catalegs-mobiliari-interior\/#breadcrumb"},"inLanguage":"es","potentialAction":[{"@type":"ReadAction","target":["https:\/\/www.didactiaweb.com\/zona-privada-catalegs\/catalegs-mobiliari-interior\/"]}]},{"@type":"BreadcrumbList","@id":"https:\/\/www.didactiaweb.com\/zona-privada-catalegs\/catalegs-mobiliari-interior\/#breadcrumb","itemListElement":[{"@type":"ListItem","position":1,"name":"Inici","item":"https:\/\/www.didactiaweb.com\/"},{"@type":"ListItem","position":2,"name":"Cat\u00e0legs","item":"https:\/\/www.didactiaweb.com\/zona-privada-catalegs\/"},{"@type":"ListItem","position":3,"name":"Cat\u00e0legs mobiliari interior"}]},{"@type":"WebSite","@id":"https:\/\/www.didactiaweb.com\/#website","url":"https:\/\/www.didactiaweb.com\/","name":"Didactia","description":"Prove\u00efdor Integral","publisher":{"@id":"https:\/\/www.didactiaweb.com\/#organization"},"potentialAction":[{"@type":"SearchAction","target":{"@type":"EntryPoint","urlTemplate":"https:\/\/www.didactiaweb.com\/?s={search_term_string}"},"query-input":{"@type":"PropertyValueSpecification","valueRequired":true,"valueName":"search_term_string"}}],"inLanguage":"es"},{"@type":"Organization","@id":"https:\/\/www.didactiaweb.com\/#organization","name":"Didactia Proveedor Integral S.L.","url":"https:\/\/www.didactiaweb.com\/","logo":{"@type":"ImageObject","inLanguage":"es","@id":"https:\/\/www.didactiaweb.com\/#\/schema\/logo\/image\/","url":"https:\/\/www.didactiaweb.com\/wp-content\/uploads\/2020\/03\/logo.png","contentUrl":"https:\/\/www.didactiaweb.com\/wp-content\/uploads\/2020\/03\/logo.png","width":230,"height":63,"caption":"Didactia Proveedor Integral S.L."},"image":{"@id":"https:\/\/www.didactiaweb.com\/#\/schema\/logo\/image\/"}}]}},"_links":{"self":[{"href":"https:\/\/www.didactiaweb.com\/es\/wp-json\/wp\/v2\/pages\/4607","targetHints":{"allow":["GET"]}}],"collection":[{"href":"https:\/\/www.didactiaweb.com\/es\/wp-json\/wp\/v2\/pages"}],"about":[{"href":"https:\/\/www.didactiaweb.com\/es\/wp-json\/wp\/v2\/types\/page"}],"author":[{"embeddable":true,"href":"https:\/\/www.didactiaweb.com\/es\/wp-json\/wp\/v2\/users\/355"}],"replies":[{"embeddable":true,"href":"https:\/\/www.didactiaweb.com\/es\/wp-json\/wp\/v2\/comments?post=4607"}],"version-history":[{"count":30,"href":"https:\/\/www.didactiaweb.com\/es\/wp-json\/wp\/v2\/pages\/4607\/revisions"}],"predecessor-version":[{"id":6662,"href":"https:\/\/www.didactiaweb.com\/es\/wp-json\/wp\/v2\/pages\/4607\/revisions\/6662"}],"up":[{"embeddable":true,"href":"https:\/\/www.didactiaweb.com\/es\/wp-json\/wp\/v2\/pages\/4487"}],"wp:attachment":[{"href":"https:\/\/www.didactiaweb.com\/es\/wp-json\/wp\/v2\/media?parent=4607"}],"curies":[{"name":"wp","href":"https:\/\/api.w.org\/{rel}","templated":true}]}}