{"id":4609,"date":"2020-05-19T11:26:52","date_gmt":"2020-05-19T09:26:52","guid":{"rendered":"https:\/\/www.didactiaweb.com\/?page_id=4609"},"modified":"2025-07-31T12:35:06","modified_gmt":"2025-07-31T10:35:06","slug":"catalegs-maquines-oficina","status":"publish","type":"page","link":"https:\/\/www.didactiaweb.com\/es\/zona-privada-catalegs\/catalegs-maquines-oficina\/","title":{"rendered":"Cat\u00e1logos m\u00e1quinas de oficina"},"content":{"rendered":"<div class=\"vc_row wpb_row vc_row-fluid\"><div class=\"wpb_column vc_column_container vc_col-sm-12\"><div class=\"vc_column-inner\"><div class=\"wpb_wrapper\"><div class=\"vc_empty_space\"   style=\"height: 32px\"><span class=\"vc_empty_space_inner\"><\/span><\/div><\/div><\/div><\/div><\/div><div class=\"vc_row wpb_row vc_row-fluid\"><div class=\"wpb_column vc_column_container vc_col-sm-12\"><div class=\"vc_column-inner\"><div class=\"wpb_wrapper\"><div class=\"vc_row wpb_row vc_inner vc_row-fluid\"><div class=\"wpb_column vc_column_container vc_col-sm-2\"><div class=\"vc_column-inner\"><div class=\"wpb_wrapper\">\n\t<div  class=\"wpb_single_image wpb_content_element vc_align_left  vc_custom_1662130223363\">\n\t\t\n\t\t<figure class=\"wpb_wrapper vc_figure\">\n\t\t\t<a href=\"https:\/\/www.didactiaweb.com\/wp-content\/uploads\/2022\/09\/Neodal-2022-Plastificadores-de-carteres.pdf\" target=\"_blank\" class=\"vc_single_image-wrapper   vc_box_border_grey\"><img loading=\"lazy\" decoding=\"async\" width=\"394\" height=\"557\" src=\"https:\/\/www.didactiaweb.com\/wp-content\/uploads\/2020\/05\/Neodal-plastificadores.png\" class=\"vc_single_image-img attachment-full\" alt=\"Cat\u00e0leg Neodal Plastificadores\" srcset=\"https:\/\/www.didactiaweb.com\/wp-content\/uploads\/2020\/05\/Neodal-plastificadores.png 394w, https:\/\/www.didactiaweb.com\/wp-content\/uploads\/2020\/05\/Neodal-plastificadores-212x300.png 212w, https:\/\/www.didactiaweb.com\/wp-content\/uploads\/2020\/05\/Neodal-plastificadores-64x90.png 64w\" sizes=\"auto, (max-width: 394px) 100vw, 394px\" \/><\/a>\n\t\t<\/figure>\n\t<\/div>\n<div class=\"vc_btn3-container vc_btn3-center vc_custom_1662130230297\" ><a class=\"vc_general vc_btn3 vc_btn3-size-sm vc_btn3-shape-rounded vc_btn3-style-modern vc_btn3-block vc_btn3-color-grey\" href=\"https:\/\/www.didactiaweb.com\/wp-content\/uploads\/2022\/09\/Neodal-2022-Plastificadores-de-carteres.pdf\" title=\"\" target=\"_blank\">Descargar<\/a><\/div><\/div><\/div><\/div><div class=\"wpb_column vc_column_container vc_col-sm-4\"><div class=\"vc_column-inner\"><div class=\"wpb_wrapper\">\n\t<div class=\"wpb_text_column wpb_content_element  vc_custom_1662129690402\" >\n\t\t<div class=\"wpb_wrapper\">\n\t\t\t<h5>NEODAL - PLASTIFICADORAS<\/h5>\n\n\t\t<\/div>\n\t<\/div>\n\n\t<div class=\"wpb_text_column wpb_content_element\" >\n\t\t<div class=\"wpb_wrapper\">\n\t\t\t<p>Plastificadoras de carteras para diferentes usos, oficina, uso medio o alta velocidad<\/p>\n\n\t\t<\/div>\n\t<\/div>\n<\/div><\/div><\/div><div class=\"wpb_column vc_column_container vc_col-sm-2\"><div class=\"vc_column-inner\"><div class=\"wpb_wrapper\">\n\t<div  class=\"wpb_single_image wpb_content_element vc_align_left  vc_custom_1662130269922\">\n\t\t\n\t\t<figure class=\"wpb_wrapper vc_figure\">\n\t\t\t<a href=\"https:\/\/www.didactiaweb.com\/wp-content\/uploads\/2022\/09\/Neodal-2022-Cisalles-i-guillotines.pdf\" target=\"_blank\" class=\"vc_single_image-wrapper   vc_box_border_grey\"><img loading=\"lazy\" decoding=\"async\" width=\"394\" height=\"557\" src=\"https:\/\/www.didactiaweb.com\/wp-content\/uploads\/2020\/05\/Neodal-cisalles.png\" class=\"vc_single_image-img attachment-full\" alt=\"Cat\u00e0leg Neodal Cisalles i guillotines\" srcset=\"https:\/\/www.didactiaweb.com\/wp-content\/uploads\/2020\/05\/Neodal-cisalles.png 394w, https:\/\/www.didactiaweb.com\/wp-content\/uploads\/2020\/05\/Neodal-cisalles-212x300.png 212w, https:\/\/www.didactiaweb.com\/wp-content\/uploads\/2020\/05\/Neodal-cisalles-64x90.png 64w\" sizes=\"auto, (max-width: 394px) 100vw, 394px\" \/><\/a>\n\t\t<\/figure>\n\t<\/div>\n<div class=\"vc_btn3-container vc_btn3-center vc_custom_1662130280296\" ><a class=\"vc_general vc_btn3 vc_btn3-size-sm vc_btn3-shape-rounded vc_btn3-style-modern vc_btn3-block vc_btn3-color-grey\" href=\"https:\/\/www.didactiaweb.com\/wp-content\/uploads\/2022\/09\/Neodal-2022-Cisalles-i-guillotines.pdf\" title=\"\" target=\"_blank\">Descargar<\/a><\/div><\/div><\/div><\/div><div class=\"wpb_column vc_column_container vc_col-sm-4\"><div class=\"vc_column-inner\"><div class=\"wpb_wrapper\">\n\t<div class=\"wpb_text_column wpb_content_element  vc_custom_1589887275909\" >\n\t\t<div class=\"wpb_wrapper\">\n\t\t\t<h5>NEODAL - CIZALLAS Y GUILLOTINAS<\/h5>\n\n\t\t<\/div>\n\t<\/div>\n\n\t<div class=\"wpb_text_column wpb_content_element\" >\n\t\t<div class=\"wpb_wrapper\">\n\t\t\t<p>Cizallas y guillotinas para documentos de tama\u00f1os variados. Selecci\u00f3n b\u00e1sica de modelos para diferentes necesidades.<\/p>\n\n\t\t<\/div>\n\t<\/div>\n<\/div><\/div><\/div><\/div><div class=\"vc_row wpb_row vc_inner vc_row-fluid\"><div class=\"wpb_column vc_column_container vc_col-sm-2\"><div class=\"vc_column-inner\"><div class=\"wpb_wrapper\">\n\t<div  class=\"wpb_single_image wpb_content_element vc_align_left  vc_custom_1662130249183\">\n\t\t\n\t\t<figure class=\"wpb_wrapper vc_figure\">\n\t\t\t<a href=\"https:\/\/www.didactiaweb.com\/wp-content\/uploads\/2022\/09\/Neodal-2022-Destructores.pdf\" target=\"_blank\" class=\"vc_single_image-wrapper   vc_box_border_grey\"><img loading=\"lazy\" decoding=\"async\" width=\"394\" height=\"557\" src=\"https:\/\/www.didactiaweb.com\/wp-content\/uploads\/2020\/05\/Neodal-destructores.png\" class=\"vc_single_image-img attachment-full\" alt=\"Cat\u00e0leg Neodal Destructores\" srcset=\"https:\/\/www.didactiaweb.com\/wp-content\/uploads\/2020\/05\/Neodal-destructores.png 394w, https:\/\/www.didactiaweb.com\/wp-content\/uploads\/2020\/05\/Neodal-destructores-212x300.png 212w, https:\/\/www.didactiaweb.com\/wp-content\/uploads\/2020\/05\/Neodal-destructores-64x90.png 64w\" sizes=\"auto, (max-width: 394px) 100vw, 394px\" \/><\/a>\n\t\t<\/figure>\n\t<\/div>\n<div class=\"vc_btn3-container vc_btn3-center vc_custom_1662130255607\" ><a class=\"vc_general vc_btn3 vc_btn3-size-sm vc_btn3-shape-rounded vc_btn3-style-modern vc_btn3-block vc_btn3-color-grey\" href=\"https:\/\/www.didactiaweb.com\/wp-content\/uploads\/2022\/09\/Neodal-2022-Destructores.pdf\" title=\"\" target=\"_blank\">Descargar<\/a><\/div><\/div><\/div><\/div><div class=\"wpb_column vc_column_container vc_col-sm-4\"><div class=\"vc_column-inner\"><div class=\"wpb_wrapper\">\n\t<div class=\"wpb_text_column wpb_content_element  vc_custom_1589887303007\" >\n\t\t<div class=\"wpb_wrapper\">\n\t\t\t<h5>NEODAL - DESTRUCTORAS<\/h5>\n\n\t\t<\/div>\n\t<\/div>\n\n\t<div class=\"wpb_text_column wpb_content_element\" >\n\t\t<div class=\"wpb_wrapper\">\n\t\t\t<p>Destructoras de documentos para todas las necesidades. Con niveles b\u00e1sicos de corte para particulares hasta niveles alto de seguridad para archivos confidenciales.<\/p>\n\n\t\t<\/div>\n\t<\/div>\n<\/div><\/div><\/div><div class=\"wpb_column vc_column_container vc_col-sm-2\"><div class=\"vc_column-inner\"><div class=\"wpb_wrapper\">\n\t<div  class=\"wpb_single_image wpb_content_element vc_align_left  vc_custom_1662130300313\">\n\t\t\n\t\t<figure class=\"wpb_wrapper vc_figure\">\n\t\t\t<a href=\"https:\/\/www.didactiaweb.com\/wp-content\/uploads\/2022\/09\/Neodal-2022-Encuadernadores.pdf\" target=\"_blank\" class=\"vc_single_image-wrapper   vc_box_border_grey\"><img loading=\"lazy\" decoding=\"async\" width=\"394\" height=\"557\" src=\"https:\/\/www.didactiaweb.com\/wp-content\/uploads\/2020\/05\/Neodal-enquadernadores-.png\" class=\"vc_single_image-img attachment-full\" alt=\"Cat\u00e0leg Neodal Enquadernadores\" srcset=\"https:\/\/www.didactiaweb.com\/wp-content\/uploads\/2020\/05\/Neodal-enquadernadores-.png 394w, https:\/\/www.didactiaweb.com\/wp-content\/uploads\/2020\/05\/Neodal-enquadernadores--212x300.png 212w, https:\/\/www.didactiaweb.com\/wp-content\/uploads\/2020\/05\/Neodal-enquadernadores--64x90.png 64w\" sizes=\"auto, (max-width: 394px) 100vw, 394px\" \/><\/a>\n\t\t<\/figure>\n\t<\/div>\n<div class=\"vc_btn3-container vc_btn3-center vc_custom_1662130293820\" ><a class=\"vc_general vc_btn3 vc_btn3-size-sm vc_btn3-shape-rounded vc_btn3-style-modern vc_btn3-block vc_btn3-color-grey\" href=\"https:\/\/www.didactiaweb.com\/wp-content\/uploads\/2022\/09\/Neodal-2022-Encuadernadores.pdf\" title=\"\" target=\"_blank\">Descargar<\/a><\/div><\/div><\/div><\/div><div class=\"wpb_column vc_column_container vc_col-sm-4\"><div class=\"vc_column-inner\"><div class=\"wpb_wrapper\">\n\t<div class=\"wpb_text_column wpb_content_element  vc_custom_1589887329415\" >\n\t\t<div class=\"wpb_wrapper\">\n\t\t\t<h5>NEODAL - ENCUADERNADORAS<\/h5>\n\n\t\t<\/div>\n\t<\/div>\n\n\t<div class=\"wpb_text_column wpb_content_element\" >\n\t\t<div class=\"wpb_wrapper\">\n\t\t\t<p>Encuadernadoras para todas las necesidades: de espiral, canutillo, wire-o y t\u00e9rmicas<\/p>\n\n\t\t<\/div>\n\t<\/div>\n<\/div><\/div><\/div><\/div><\/div><\/div><\/div><div class=\"wpb_column vc_column_container vc_col-sm-12\"><div class=\"vc_column-inner\"><div class=\"wpb_wrapper\"><div class=\"vc_row wpb_row vc_inner vc_row-fluid\"><div class=\"wpb_column vc_column_container vc_col-sm-2\"><div class=\"vc_column-inner\"><div class=\"wpb_wrapper\">\n\t<div  class=\"wpb_single_image wpb_content_element vc_align_left  vc_custom_1753957855863\">\n\t\t\n\t\t<figure class=\"wpb_wrapper vc_figure\">\n\t\t\t<a href=\"https:\/\/www.didactiaweb.com\/es\/2025_maquines-oficina\/\" target=\"_blank\" class=\"vc_single_image-wrapper   vc_box_border_grey\"><img loading=\"lazy\" decoding=\"async\" width=\"1240\" height=\"1754\" src=\"https:\/\/www.didactiaweb.com\/wp-content\/uploads\/2025\/07\/PORTADA-Maquines-oficina-2025.png\" class=\"vc_single_image-img attachment-full\" alt=\"PORTADA- Maquines oficina 2025\" srcset=\"https:\/\/www.didactiaweb.com\/wp-content\/uploads\/2025\/07\/PORTADA-Maquines-oficina-2025.png 1240w, https:\/\/www.didactiaweb.com\/wp-content\/uploads\/2025\/07\/PORTADA-Maquines-oficina-2025-212x300.png 212w, https:\/\/www.didactiaweb.com\/wp-content\/uploads\/2025\/07\/PORTADA-Maquines-oficina-2025-724x1024.png 724w, https:\/\/www.didactiaweb.com\/wp-content\/uploads\/2025\/07\/PORTADA-Maquines-oficina-2025-768x1086.png 768w, https:\/\/www.didactiaweb.com\/wp-content\/uploads\/2025\/07\/PORTADA-Maquines-oficina-2025-1086x1536.png 1086w, https:\/\/www.didactiaweb.com\/wp-content\/uploads\/2025\/07\/PORTADA-Maquines-oficina-2025-8x12.png 8w, https:\/\/www.didactiaweb.com\/wp-content\/uploads\/2025\/07\/PORTADA-Maquines-oficina-2025-810x1146.png 810w, https:\/\/www.didactiaweb.com\/wp-content\/uploads\/2025\/07\/PORTADA-Maquines-oficina-2025-560x792.png 560w, https:\/\/www.didactiaweb.com\/wp-content\/uploads\/2025\/07\/PORTADA-Maquines-oficina-2025-460x650.png 460w, https:\/\/www.didactiaweb.com\/wp-content\/uploads\/2025\/07\/PORTADA-Maquines-oficina-2025-64x90.png 64w\" sizes=\"auto, (max-width: 1240px) 100vw, 1240px\" \/><\/a>\n\t\t<\/figure>\n\t<\/div>\n<div class=\"vc_btn3-container vc_btn3-center vc_custom_1753958142791\" ><a class=\"vc_general vc_btn3 vc_btn3-size-sm vc_btn3-shape-rounded vc_btn3-style-modern vc_btn3-block vc_btn3-color-grey\" href=\"https:\/\/www.didactiaweb.com\/es\/2025_maquines-oficina\/\" title=\"\">Descargar<\/a><\/div><\/div><\/div><\/div><div class=\"wpb_column vc_column_container vc_col-sm-4\"><div class=\"vc_column-inner\"><div class=\"wpb_wrapper\">\n\t<div class=\"wpb_text_column wpb_content_element  vc_custom_1753958017603\" >\n\t\t<div class=\"wpb_wrapper\">\n\t\t\t<h5>DIDACTIA &#8211; M\u00c0QUINES D&#8217;OFICINA<\/h5>\n\n\t\t<\/div>\n\t<\/div>\n\n\t<div class=\"wpb_text_column wpb_content_element\" >\n\t\t<div class=\"wpb_wrapper\">\n\t\t\t<p>Selecci\u00f3 de m\u00e0quines d&#8217;oficina per a centres escolars: Destructores, enquadernadores, cisalles i guillotines, plastificadores i altres materials per a l&#8217;equadernaci\u00f3 i l&#8217;arxiu de documents.<\/p>\n\n\t\t<\/div>\n\t<\/div>\n<\/div><\/div><\/div><\/div><\/div><\/div><\/div><\/div>","protected":false},"excerpt":{"rendered":"Descarregar NEODAL - PLASTIFICADORES Plastificadores de carteres per a diferents usos, d'oficina, \u00fas mitj\u00e0 o alta velocitat. Descarregar NEODAL - CISALLES I GUILLOTINES Cisalles i guillotines per a documents de mides variades. Selecci\u00f3 b\u00e0sica de models per a diferents necessitats. Descarregar NEODAL - DESTRUCTORES Destructores de documents per a totes les necessitats. Amb nivells b\u00e0sics [...]","protected":false},"author":355,"featured_media":0,"parent":4487,"menu_order":0,"comment_status":"closed","ping_status":"closed","template":"page-privada.php","meta":{"footnotes":""},"class_list":["post-4609","page","type-page","status-publish","hentry"],"yoast_head":"<!-- This site is optimized with the Yoast SEO plugin v26.8 - https:\/\/yoast.com\/product\/yoast-seo-wordpress\/ -->\n<title>Cat\u00e0legs m\u00e0quines d&#039;oficina - Didactia<\/title>\n<meta name=\"robots\" content=\"index, follow, max-snippet:-1, max-image-preview:large, max-video-preview:-1\" \/>\n<link rel=\"canonical\" href=\"https:\/\/www.didactiaweb.com\/es\/zona-privada-catalegs\/catalegs-maquines-oficina\/\" \/>\n<meta property=\"og:locale\" content=\"es_ES\" \/>\n<meta property=\"og:type\" content=\"article\" \/>\n<meta property=\"og:title\" content=\"Cat\u00e0legs m\u00e0quines d&#039;oficina - Didactia\" \/>\n<meta property=\"og:url\" content=\"https:\/\/www.didactiaweb.com\/es\/zona-privada-catalegs\/catalegs-maquines-oficina\/\" \/>\n<meta property=\"og:site_name\" content=\"Didactia\" \/>\n<meta property=\"article:modified_time\" content=\"2025-07-31T10:35:06+00:00\" \/>\n<meta name=\"twitter:card\" content=\"summary_large_image\" \/>\n<meta name=\"twitter:label1\" content=\"Tiempo de lectura\" \/>\n\t<meta name=\"twitter:data1\" content=\"2 minutos\" \/>\n<script type=\"application\/ld+json\" class=\"yoast-schema-graph\">{\"@context\":\"https:\/\/schema.org\",\"@graph\":[{\"@type\":\"WebPage\",\"@id\":\"https:\/\/www.didactiaweb.com\/zona-privada-catalegs\/catalegs-maquines-oficina\/\",\"url\":\"https:\/\/www.didactiaweb.com\/zona-privada-catalegs\/catalegs-maquines-oficina\/\",\"name\":\"Cat\u00e0legs m\u00e0quines d'oficina - Didactia\",\"isPartOf\":{\"@id\":\"https:\/\/www.didactiaweb.com\/#website\"},\"datePublished\":\"2020-05-19T09:26:52+00:00\",\"dateModified\":\"2025-07-31T10:35:06+00:00\",\"breadcrumb\":{\"@id\":\"https:\/\/www.didactiaweb.com\/zona-privada-catalegs\/catalegs-maquines-oficina\/#breadcrumb\"},\"inLanguage\":\"es\",\"potentialAction\":[{\"@type\":\"ReadAction\",\"target\":[\"https:\/\/www.didactiaweb.com\/zona-privada-catalegs\/catalegs-maquines-oficina\/\"]}]},{\"@type\":\"BreadcrumbList\",\"@id\":\"https:\/\/www.didactiaweb.com\/zona-privada-catalegs\/catalegs-maquines-oficina\/#breadcrumb\",\"itemListElement\":[{\"@type\":\"ListItem\",\"position\":1,\"name\":\"Inici\",\"item\":\"https:\/\/www.didactiaweb.com\/\"},{\"@type\":\"ListItem\",\"position\":2,\"name\":\"Cat\u00e0legs\",\"item\":\"https:\/\/www.didactiaweb.com\/zona-privada-catalegs\/\"},{\"@type\":\"ListItem\",\"position\":3,\"name\":\"Cat\u00e0legs m\u00e0quines d&#8217;oficina\"}]},{\"@type\":\"WebSite\",\"@id\":\"https:\/\/www.didactiaweb.com\/#website\",\"url\":\"https:\/\/www.didactiaweb.com\/\",\"name\":\"Didactia\",\"description\":\"Prove\u00efdor Integral\",\"publisher\":{\"@id\":\"https:\/\/www.didactiaweb.com\/#organization\"},\"potentialAction\":[{\"@type\":\"SearchAction\",\"target\":{\"@type\":\"EntryPoint\",\"urlTemplate\":\"https:\/\/www.didactiaweb.com\/?s={search_term_string}\"},\"query-input\":{\"@type\":\"PropertyValueSpecification\",\"valueRequired\":true,\"valueName\":\"search_term_string\"}}],\"inLanguage\":\"es\"},{\"@type\":\"Organization\",\"@id\":\"https:\/\/www.didactiaweb.com\/#organization\",\"name\":\"Didactia Proveedor Integral S.L.\",\"url\":\"https:\/\/www.didactiaweb.com\/\",\"logo\":{\"@type\":\"ImageObject\",\"inLanguage\":\"es\",\"@id\":\"https:\/\/www.didactiaweb.com\/#\/schema\/logo\/image\/\",\"url\":\"https:\/\/www.didactiaweb.com\/wp-content\/uploads\/2020\/03\/logo.png\",\"contentUrl\":\"https:\/\/www.didactiaweb.com\/wp-content\/uploads\/2020\/03\/logo.png\",\"width\":230,\"height\":63,\"caption\":\"Didactia Proveedor Integral S.L.\"},\"image\":{\"@id\":\"https:\/\/www.didactiaweb.com\/#\/schema\/logo\/image\/\"}}]}<\/script>\n<!-- \/ Yoast SEO plugin. -->","yoast_head_json":{"title":"Cat\u00e0legs m\u00e0quines d'oficina - Didactia","robots":{"index":"index","follow":"follow","max-snippet":"max-snippet:-1","max-image-preview":"max-image-preview:large","max-video-preview":"max-video-preview:-1"},"canonical":"https:\/\/www.didactiaweb.com\/es\/zona-privada-catalegs\/catalegs-maquines-oficina\/","og_locale":"es_ES","og_type":"article","og_title":"Cat\u00e0legs m\u00e0quines d'oficina - Didactia","og_url":"https:\/\/www.didactiaweb.com\/es\/zona-privada-catalegs\/catalegs-maquines-oficina\/","og_site_name":"Didactia","article_modified_time":"2025-07-31T10:35:06+00:00","twitter_card":"summary_large_image","twitter_misc":{"Tiempo de lectura":"2 minutos"},"schema":{"@context":"https:\/\/schema.org","@graph":[{"@type":"WebPage","@id":"https:\/\/www.didactiaweb.com\/zona-privada-catalegs\/catalegs-maquines-oficina\/","url":"https:\/\/www.didactiaweb.com\/zona-privada-catalegs\/catalegs-maquines-oficina\/","name":"Cat\u00e0legs m\u00e0quines d'oficina - Didactia","isPartOf":{"@id":"https:\/\/www.didactiaweb.com\/#website"},"datePublished":"2020-05-19T09:26:52+00:00","dateModified":"2025-07-31T10:35:06+00:00","breadcrumb":{"@id":"https:\/\/www.didactiaweb.com\/zona-privada-catalegs\/catalegs-maquines-oficina\/#breadcrumb"},"inLanguage":"es","potentialAction":[{"@type":"ReadAction","target":["https:\/\/www.didactiaweb.com\/zona-privada-catalegs\/catalegs-maquines-oficina\/"]}]},{"@type":"BreadcrumbList","@id":"https:\/\/www.didactiaweb.com\/zona-privada-catalegs\/catalegs-maquines-oficina\/#breadcrumb","itemListElement":[{"@type":"ListItem","position":1,"name":"Inici","item":"https:\/\/www.didactiaweb.com\/"},{"@type":"ListItem","position":2,"name":"Cat\u00e0legs","item":"https:\/\/www.didactiaweb.com\/zona-privada-catalegs\/"},{"@type":"ListItem","position":3,"name":"Cat\u00e0legs m\u00e0quines d&#8217;oficina"}]},{"@type":"WebSite","@id":"https:\/\/www.didactiaweb.com\/#website","url":"https:\/\/www.didactiaweb.com\/","name":"Didactia","description":"Prove\u00efdor Integral","publisher":{"@id":"https:\/\/www.didactiaweb.com\/#organization"},"potentialAction":[{"@type":"SearchAction","target":{"@type":"EntryPoint","urlTemplate":"https:\/\/www.didactiaweb.com\/?s={search_term_string}"},"query-input":{"@type":"PropertyValueSpecification","valueRequired":true,"valueName":"search_term_string"}}],"inLanguage":"es"},{"@type":"Organization","@id":"https:\/\/www.didactiaweb.com\/#organization","name":"Didactia Proveedor Integral S.L.","url":"https:\/\/www.didactiaweb.com\/","logo":{"@type":"ImageObject","inLanguage":"es","@id":"https:\/\/www.didactiaweb.com\/#\/schema\/logo\/image\/","url":"https:\/\/www.didactiaweb.com\/wp-content\/uploads\/2020\/03\/logo.png","contentUrl":"https:\/\/www.didactiaweb.com\/wp-content\/uploads\/2020\/03\/logo.png","width":230,"height":63,"caption":"Didactia Proveedor Integral S.L."},"image":{"@id":"https:\/\/www.didactiaweb.com\/#\/schema\/logo\/image\/"}}]}},"_links":{"self":[{"href":"https:\/\/www.didactiaweb.com\/es\/wp-json\/wp\/v2\/pages\/4609","targetHints":{"allow":["GET"]}}],"collection":[{"href":"https:\/\/www.didactiaweb.com\/es\/wp-json\/wp\/v2\/pages"}],"about":[{"href":"https:\/\/www.didactiaweb.com\/es\/wp-json\/wp\/v2\/types\/page"}],"author":[{"embeddable":true,"href":"https:\/\/www.didactiaweb.com\/es\/wp-json\/wp\/v2\/users\/355"}],"replies":[{"embeddable":true,"href":"https:\/\/www.didactiaweb.com\/es\/wp-json\/wp\/v2\/comments?post=4609"}],"version-history":[{"count":9,"href":"https:\/\/www.didactiaweb.com\/es\/wp-json\/wp\/v2\/pages\/4609\/revisions"}],"predecessor-version":[{"id":6618,"href":"https:\/\/www.didactiaweb.com\/es\/wp-json\/wp\/v2\/pages\/4609\/revisions\/6618"}],"up":[{"embeddable":true,"href":"https:\/\/www.didactiaweb.com\/es\/wp-json\/wp\/v2\/pages\/4487"}],"wp:attachment":[{"href":"https:\/\/www.didactiaweb.com\/es\/wp-json\/wp\/v2\/media?parent=4609"}],"curies":[{"name":"wp","href":"https:\/\/api.w.org\/{rel}","templated":true}]}}