{"id":501,"date":"2014-02-28T15:22:35","date_gmt":"2014-02-28T15:22:35","guid":{"rendered":"http:\/\/localhost\/wordpress\/converio\/?page_id=501"},"modified":"2024-03-12T17:46:08","modified_gmt":"2024-03-12T15:46:08","slug":"com-treballem","status":"publish","type":"page","link":"https:\/\/www.didactiaweb.com\/es\/com-treballem\/","title":{"rendered":"Como trabajamos"},"content":{"rendered":"<h2>Sobre nosotros<\/h2>\n<p>Didacta no dispone de almac\u00e9n propio ni de tienda abierta al p\u00fablico, aunque puntualmente recibimos peque\u00f1os pedidos de material a nuestro domicilio fiscal. Gracias a una infraestructura interna muy simple y a unos gastos de gesti\u00f3n reducidos, los beneficios obtenidos los reciben directamente nuestros clientes.<\/p>\n<ul class=\"accordion\">\n<li><a  href=\"#\">PRESUPUESTOS Y ELABORACI\u00d3N DE PROYECTOS<\/a><div>\n<p>En nuestra web podr\u00e1s encontrar los cat\u00e1logos de nuestras empresas colaboradoras. All\u00ed podr\u00e1s ver algunos de los productos que ofrecemos. Si tienes alguna petici\u00f3n particular, buscaremos el producto que necesitas. No cobramos por la realizaci\u00f3n de presupuestos.<\/p>\n<p>Tambi\u00e9n podemos acercarnos al centro y comentar la idea del proyecto. Tomar medidas, fotograf\u00edas de espacios, etc. As\u00ed podremos presentar una propuesta del proyecto y ajustar el presupuesto exactamente a tus necesidades.<\/p>\n<\/div><\/li>\n<li><a  href=\"#\">PEDIDOS DE MATERIAL<\/a><div>\n<p>Nuestra web no tiene cesta de la compra. Los pedidos se pueden hacer presencialmente en el momento de la visita de nuestros comerciales, a trav\u00e9s de correo electr\u00f3nico o por tel\u00e9fono.<\/p>\n<p>Para evitar confusiones a la hora de hacer un pedido, ser\u00e1 necesario que indiques el cat\u00e1logo del fabricante, la referencia y el nombre del producto. Si es la primera vez que gestionas un pedido con nosotros, ser\u00e1 necesario que nos facilites los datos del centro para poder hacer la entrega del material y posteriormente la facturaci\u00f3n.<\/p>\n<\/div><\/li>\n<li><a  href=\"#\">PRECIOS Y DESCUENTOS ESPECIALES<\/a><div>\n<p>El precio de los art\u00edculos es el que marca cada proveedor o fabricante con el que trabajamos. Los descuentos que aplicamos var\u00edan dependiendo de la l\u00ednea de productos y del volumen del pedido. En algunos productos conseguimos importantes rebajas y \/ o beneficios que aplicamos directamente a los clientes.<\/p>\n<\/div><\/li>\n<li><a  href=\"#\">PLAZO DE ENTREGA<\/a><div>\n<p>El material de uso habitual se sirve en un plazo de 48 a 72 horas. Para otros pedidos m\u00e1s espec\u00edficos como  materiales de audiovisuales, de laboratorio, de mobiliario o material confeccionado a medida, el plazo puede llegar a los 30 d\u00edas.<br \/>\nEl material puede ser entregado desde didacta o con tu conformidad y cesi\u00f3n de datos, desde el propio fabricante.<\/p>\n<\/div><\/li>\n<li><a  href=\"#\">FORMA DE PAGO <\/a><div>\n<p>La forma de pago habitual es mediante transferencia bancaria a 30 d\u00edas.<br \/>\nEn los productos de fabricaci\u00f3n especial, instalaciones y obras, es posible que sea necesario, como compromiso del cliente, un anticipo a cuenta. En la l\u00ednea de audiovisuales o m\u00e1quinas de oficina, disponemos de la opci\u00f3n de renting.<\/p>\n<p>En todo caso, para pedidos especiales, buscamos soluciones adecuadas a tus posibilidades.<\/p>\n<\/div><\/li>\n<\/ul>","protected":false},"excerpt":{"rendered":"<p>Sobre nosaltres Didactia no disposa de magatzem propi ni de botiga oberta al p\u00fablic, tot i que puntualment rebem petites comandes de material al nostre domicili fiscal. Gr\u00e0cies a una infraestructura interna molt simple i a unes despeses de gesti\u00f3 redu\u00efdes, els beneficis obtinguts els reben directament els nostres clients.<\/p>","protected":false},"author":1,"featured_media":0,"parent":0,"menu_order":0,"comment_status":"closed","ping_status":"open","template":"","meta":{"footnotes":""},"class_list":["post-501","page","type-page","status-publish","hentry"],"yoast_head":"<!-- This site is optimized with the Yoast SEO plugin v26.8 - https:\/\/yoast.com\/product\/yoast-seo-wordpress\/ -->\n<title>Com treballem - Didactia<\/title>\n<meta name=\"description\" content=\"No tenim botiga f\u00edsica ni online. Les comandes es poden fer presencialment en la visita dels comercials, a trav\u00e9s d&#039;email o tel\u00e8fon.\" \/>\n<meta name=\"robots\" content=\"index, follow, max-snippet:-1, max-image-preview:large, max-video-preview:-1\" \/>\n<link rel=\"canonical\" href=\"https:\/\/www.didactiaweb.com\/es\/com-treballem\/\" \/>\n<meta property=\"og:locale\" content=\"es_ES\" \/>\n<meta property=\"og:type\" content=\"article\" \/>\n<meta property=\"og:title\" content=\"Com treballem - Didactia\" \/>\n<meta property=\"og:description\" content=\"No tenim botiga f\u00edsica ni online. Les comandes es poden fer presencialment en la visita dels comercials, a trav\u00e9s d&#039;email o tel\u00e8fon.\" \/>\n<meta property=\"og:url\" content=\"https:\/\/www.didactiaweb.com\/es\/com-treballem\/\" \/>\n<meta property=\"og:site_name\" content=\"Didactia\" \/>\n<meta property=\"article:modified_time\" content=\"2024-03-12T15:46:08+00:00\" \/>\n<meta name=\"twitter:card\" content=\"summary_large_image\" \/>\n<meta name=\"twitter:label1\" content=\"Tiempo de lectura\" \/>\n\t<meta name=\"twitter:data1\" content=\"3 minutos\" \/>\n<script type=\"application\/ld+json\" class=\"yoast-schema-graph\">{\"@context\":\"https:\/\/schema.org\",\"@graph\":[{\"@type\":\"WebPage\",\"@id\":\"https:\/\/www.didactiaweb.com\/com-treballem\/\",\"url\":\"https:\/\/www.didactiaweb.com\/com-treballem\/\",\"name\":\"Com treballem - Didactia\",\"isPartOf\":{\"@id\":\"https:\/\/www.didactiaweb.com\/#website\"},\"datePublished\":\"2014-02-28T15:22:35+00:00\",\"dateModified\":\"2024-03-12T15:46:08+00:00\",\"description\":\"No tenim botiga f\u00edsica ni online. Les comandes es poden fer presencialment en la visita dels comercials, a trav\u00e9s d'email o tel\u00e8fon.\",\"breadcrumb\":{\"@id\":\"https:\/\/www.didactiaweb.com\/com-treballem\/#breadcrumb\"},\"inLanguage\":\"es\",\"potentialAction\":[{\"@type\":\"ReadAction\",\"target\":[\"https:\/\/www.didactiaweb.com\/com-treballem\/\"]}]},{\"@type\":\"BreadcrumbList\",\"@id\":\"https:\/\/www.didactiaweb.com\/com-treballem\/#breadcrumb\",\"itemListElement\":[{\"@type\":\"ListItem\",\"position\":1,\"name\":\"Inici\",\"item\":\"https:\/\/www.didactiaweb.com\/\"},{\"@type\":\"ListItem\",\"position\":2,\"name\":\"Com treballem\"}]},{\"@type\":\"WebSite\",\"@id\":\"https:\/\/www.didactiaweb.com\/#website\",\"url\":\"https:\/\/www.didactiaweb.com\/\",\"name\":\"Didactia\",\"description\":\"Prove\u00efdor Integral\",\"publisher\":{\"@id\":\"https:\/\/www.didactiaweb.com\/#organization\"},\"potentialAction\":[{\"@type\":\"SearchAction\",\"target\":{\"@type\":\"EntryPoint\",\"urlTemplate\":\"https:\/\/www.didactiaweb.com\/?s={search_term_string}\"},\"query-input\":{\"@type\":\"PropertyValueSpecification\",\"valueRequired\":true,\"valueName\":\"search_term_string\"}}],\"inLanguage\":\"es\"},{\"@type\":\"Organization\",\"@id\":\"https:\/\/www.didactiaweb.com\/#organization\",\"name\":\"Didactia Proveedor Integral S.L.\",\"url\":\"https:\/\/www.didactiaweb.com\/\",\"logo\":{\"@type\":\"ImageObject\",\"inLanguage\":\"es\",\"@id\":\"https:\/\/www.didactiaweb.com\/#\/schema\/logo\/image\/\",\"url\":\"https:\/\/www.didactiaweb.com\/wp-content\/uploads\/2020\/03\/logo.png\",\"contentUrl\":\"https:\/\/www.didactiaweb.com\/wp-content\/uploads\/2020\/03\/logo.png\",\"width\":230,\"height\":63,\"caption\":\"Didactia Proveedor Integral S.L.\"},\"image\":{\"@id\":\"https:\/\/www.didactiaweb.com\/#\/schema\/logo\/image\/\"}}]}<\/script>\n<!-- \/ Yoast SEO plugin. -->","yoast_head_json":{"title":"Com treballem - Didactia","description":"No tenim botiga f\u00edsica ni online. Les comandes es poden fer presencialment en la visita dels comercials, a trav\u00e9s d'email o tel\u00e8fon.","robots":{"index":"index","follow":"follow","max-snippet":"max-snippet:-1","max-image-preview":"max-image-preview:large","max-video-preview":"max-video-preview:-1"},"canonical":"https:\/\/www.didactiaweb.com\/es\/com-treballem\/","og_locale":"es_ES","og_type":"article","og_title":"Com treballem - Didactia","og_description":"No tenim botiga f\u00edsica ni online. Les comandes es poden fer presencialment en la visita dels comercials, a trav\u00e9s d'email o tel\u00e8fon.","og_url":"https:\/\/www.didactiaweb.com\/es\/com-treballem\/","og_site_name":"Didactia","article_modified_time":"2024-03-12T15:46:08+00:00","twitter_card":"summary_large_image","twitter_misc":{"Tiempo de lectura":"3 minutos"},"schema":{"@context":"https:\/\/schema.org","@graph":[{"@type":"WebPage","@id":"https:\/\/www.didactiaweb.com\/com-treballem\/","url":"https:\/\/www.didactiaweb.com\/com-treballem\/","name":"Com treballem - Didactia","isPartOf":{"@id":"https:\/\/www.didactiaweb.com\/#website"},"datePublished":"2014-02-28T15:22:35+00:00","dateModified":"2024-03-12T15:46:08+00:00","description":"No tenim botiga f\u00edsica ni online. Les comandes es poden fer presencialment en la visita dels comercials, a trav\u00e9s d'email o tel\u00e8fon.","breadcrumb":{"@id":"https:\/\/www.didactiaweb.com\/com-treballem\/#breadcrumb"},"inLanguage":"es","potentialAction":[{"@type":"ReadAction","target":["https:\/\/www.didactiaweb.com\/com-treballem\/"]}]},{"@type":"BreadcrumbList","@id":"https:\/\/www.didactiaweb.com\/com-treballem\/#breadcrumb","itemListElement":[{"@type":"ListItem","position":1,"name":"Inici","item":"https:\/\/www.didactiaweb.com\/"},{"@type":"ListItem","position":2,"name":"Com treballem"}]},{"@type":"WebSite","@id":"https:\/\/www.didactiaweb.com\/#website","url":"https:\/\/www.didactiaweb.com\/","name":"Didactia","description":"Prove\u00efdor Integral","publisher":{"@id":"https:\/\/www.didactiaweb.com\/#organization"},"potentialAction":[{"@type":"SearchAction","target":{"@type":"EntryPoint","urlTemplate":"https:\/\/www.didactiaweb.com\/?s={search_term_string}"},"query-input":{"@type":"PropertyValueSpecification","valueRequired":true,"valueName":"search_term_string"}}],"inLanguage":"es"},{"@type":"Organization","@id":"https:\/\/www.didactiaweb.com\/#organization","name":"Didactia Proveedor Integral S.L.","url":"https:\/\/www.didactiaweb.com\/","logo":{"@type":"ImageObject","inLanguage":"es","@id":"https:\/\/www.didactiaweb.com\/#\/schema\/logo\/image\/","url":"https:\/\/www.didactiaweb.com\/wp-content\/uploads\/2020\/03\/logo.png","contentUrl":"https:\/\/www.didactiaweb.com\/wp-content\/uploads\/2020\/03\/logo.png","width":230,"height":63,"caption":"Didactia Proveedor Integral S.L."},"image":{"@id":"https:\/\/www.didactiaweb.com\/#\/schema\/logo\/image\/"}}]}},"_links":{"self":[{"href":"https:\/\/www.didactiaweb.com\/es\/wp-json\/wp\/v2\/pages\/501","targetHints":{"allow":["GET"]}}],"collection":[{"href":"https:\/\/www.didactiaweb.com\/es\/wp-json\/wp\/v2\/pages"}],"about":[{"href":"https:\/\/www.didactiaweb.com\/es\/wp-json\/wp\/v2\/types\/page"}],"author":[{"embeddable":true,"href":"https:\/\/www.didactiaweb.com\/es\/wp-json\/wp\/v2\/users\/1"}],"replies":[{"embeddable":true,"href":"https:\/\/www.didactiaweb.com\/es\/wp-json\/wp\/v2\/comments?post=501"}],"version-history":[{"count":6,"href":"https:\/\/www.didactiaweb.com\/es\/wp-json\/wp\/v2\/pages\/501\/revisions"}],"predecessor-version":[{"id":3546,"href":"https:\/\/www.didactiaweb.com\/es\/wp-json\/wp\/v2\/pages\/501\/revisions\/3546"}],"wp:attachment":[{"href":"https:\/\/www.didactiaweb.com\/es\/wp-json\/wp\/v2\/media?parent=501"}],"curies":[{"name":"wp","href":"https:\/\/api.w.org\/{rel}","templated":true}]}}